{"id":885,"date":"2021-09-28T13:35:53","date_gmt":"2021-09-28T13:35:53","guid":{"rendered":"https:\/\/sani-world.com\/?post_type=product&#038;p=885"},"modified":"2021-11-05T13:39:28","modified_gmt":"2021-11-05T13:39:28","slug":"885","status":"publish","type":"product","link":"https:\/\/sani-world.com\/index.php\/termek\/885\/","title":{"rendered":"Giacol\u00fa"},"content":{"rendered":"","protected":false},"excerpt":{"rendered":"<p>A Giacol\u00f9 egy l\u00e1mpa \u00e9s m\u00e9g sokminden m\u00e1s. Ez is egy j\u00e1t\u00e9k, amely lehet\u0151v\u00e9 teszi k\u00fcl\u00f6nb\u00f6z\u0151 t\u00e1rgyak l\u00e9trehoz\u00e1s\u00e1t az alkatr\u00e9szek k\u00fcl\u00f6nb\u00f6z\u0151 m\u00f3don t\u00f6rt\u00e9n\u0151 kompon\u00e1l\u00e1s\u00e1val.<\/p>\n<p>M\u00e9g a feln\u0151ttek is \u00fajra gyerekek lesznek, mint amikor \u00e9p\u00edt\u0151kock\u00e1val j\u00e1tszottak, hogy n\u00e9h\u00e1ny alapelemb\u0151l kiindulva \u00e9p\u00edtm\u00e9nyeket \u00e9s form\u00e1kat alkossanak.<\/p>\n<p>Falikar, asztali l\u00e1mpa, \u00e9jjeli l\u00e1mpa, k\u00f6nyvtart\u00f3 &#8230; J\u00e1tssz vele, \u00e9s pr\u00f3b\u00e1lj \u00fajabb funkci\u00f3t tal\u00e1lni neki!<\/p>\n<ul>\n<li><strong>Kateg\u00f3ria:<\/strong> Asztali l\u00e1mpa<\/li>\n<li><strong>F\u00e9nyforr\u00e1s:<\/strong> LED 1x3W 230V 4000K \/ 3000K 300Lm \/ 255Lm A energiaoszt\u00e1ly<\/li>\n<li><strong>Anyaga:<\/strong>\n<ul>\n<li style=\"list-style-type: none;\">\n<ul>\n<li>Vas<\/li>\n<li>Faipari<\/li>\n<\/ul>\n<\/li>\n<\/ul>\n<\/li>\n<li><strong>Sz\u00edn:<\/strong>\n<ul>\n<li style=\"list-style-type: none;\">\n<ul>\n<li>RAL 9005 Intenz\u00edv fekete &#8211; matt &#8211;<\/li>\n<li>RAL 1003 jelz\u0151 s\u00e1rga -\u00e1tl\u00e1tszatlan<\/li>\n<li>RAL 3002 Karminv\u00f6r\u00f6s -\u00e1tl\u00e1tszatlan<\/li>\n<li>RAL 6034 pasztell t\u00fcrkiz &#8211; \u00e1tl\u00e1tszatlan &#8211;<\/li>\n<li>RAL 5010 Gentian k\u00e9k &#8211; matt &#8211;<\/li>\n<li>RAL 6018 s\u00e1rg\u00e1s z\u00f6ld &#8211; \u00e1tl\u00e1tszatlan &#8211;<\/li>\n<\/ul>\n<\/li>\n<\/ul>\n<\/li>\n<\/ul>\n","protected":false},"featured_media":888,"template":"","meta":[],"product_brand":[],"product_cat":[27,26,31],"product_tag":[],"class_list":{"0":"post-885","1":"product","2":"type-product","3":"status-publish","4":"has-post-thumbnail","6":"product_cat-asztali-lampa","7":"product_cat-lampa","8":"product_cat-zava","10":"first","11":"instock","12":"shipping-taxable","13":"product-type-simple"},"yoast_head":"<!-- This site is optimized with the Yoast SEO plugin v27.3 - https:\/\/yoast.com\/product\/yoast-seo-wordpress\/ -->\n<title>Giacol\u00fa<\/title>\n<meta name=\"robots\" content=\"index, follow, max-snippet:-1, max-image-preview:large, max-video-preview:-1\" \/>\n<link rel=\"canonical\" href=\"https:\/\/sani-world.com\/index.php\/termek\/885\/\" \/>\n<meta property=\"og:locale\" content=\"hu_HU\" \/>\n<meta property=\"og:type\" content=\"article\" \/>\n<meta property=\"og:title\" content=\"Giacol\u00fa\" \/>\n<meta property=\"og:description\" content=\"A Giacol\u00f9 egy l\u00e1mpa \u00e9s m\u00e9g sokminden m\u00e1s. Ez is egy j\u00e1t\u00e9k, amely lehet\u0151v\u00e9 teszi k\u00fcl\u00f6nb\u00f6z\u0151 t\u00e1rgyak l\u00e9trehoz\u00e1s\u00e1t az alkatr\u00e9szek k\u00fcl\u00f6nb\u00f6z\u0151 m\u00f3don t\u00f6rt\u00e9n\u0151 kompon\u00e1l\u00e1s\u00e1val.  M\u00e9g a feln\u0151ttek is \u00fajra gyerekek lesznek, mint amikor \u00e9p\u00edt\u0151kock\u00e1val j\u00e1tszottak, hogy n\u00e9h\u00e1ny alapelemb\u0151l kiindulva \u00e9p\u00edtm\u00e9nyeket \u00e9s form\u00e1kat alkossanak.  Falikar, asztali l\u00e1mpa, \u00e9jjeli l\u00e1mpa, k\u00f6nyvtart\u00f3 ... J\u00e1tssz vele, \u00e9s pr\u00f3b\u00e1lj \u00fajabb funkci\u00f3t tal\u00e1lni neki!   Kateg\u00f3ria: Asztali l\u00e1mpa  F\u00e9nyforr\u00e1s: LED 1x3W 230V 4000K \/ 3000K 300Lm \/ 255Lm A energiaoszt\u00e1ly  Anyaga:      Vas  Faipari      Sz\u00edn:      RAL 9005 Intenz\u00edv fekete - matt -  RAL 1003 jelz\u0151 s\u00e1rga -\u00e1tl\u00e1tszatlan  RAL 3002 Karminv\u00f6r\u00f6s -\u00e1tl\u00e1tszatlan  RAL 6034 pasztell t\u00fcrkiz - \u00e1tl\u00e1tszatlan -  RAL 5010 Gentian k\u00e9k - matt -  RAL 6018 s\u00e1rg\u00e1s z\u00f6ld - \u00e1tl\u00e1tszatlan -\" \/>\n<meta property=\"og:url\" content=\"https:\/\/sani-world.com\/index.php\/termek\/885\/\" \/>\n<meta property=\"article:modified_time\" content=\"2021-11-05T13:39:28+00:00\" \/>\n<meta property=\"og:image\" content=\"https:\/\/sani-world.com\/wp-content\/uploads\/2021\/09\/giacolu3.jpg\" \/>\n\t<meta property=\"og:image:width\" content=\"750\" \/>\n\t<meta property=\"og:image:height\" content=\"800\" \/>\n\t<meta property=\"og:image:type\" content=\"image\/jpeg\" \/>\n<meta name=\"twitter:card\" content=\"summary_large_image\" \/>\n<script type=\"application\/ld+json\" class=\"yoast-schema-graph\">{\"@context\":\"https:\\\/\\\/schema.org\",\"@graph\":[{\"@type\":\"WebPage\",\"@id\":\"https:\\\/\\\/sani-world.com\\\/index.php\\\/termek\\\/885\\\/\",\"url\":\"https:\\\/\\\/sani-world.com\\\/index.php\\\/termek\\\/885\\\/\",\"name\":\"Giacol\u00fa\",\"isPartOf\":{\"@id\":\"https:\\\/\\\/sani-world.com\\\/#website\"},\"primaryImageOfPage\":{\"@id\":\"https:\\\/\\\/sani-world.com\\\/index.php\\\/termek\\\/885\\\/#primaryimage\"},\"image\":{\"@id\":\"https:\\\/\\\/sani-world.com\\\/index.php\\\/termek\\\/885\\\/#primaryimage\"},\"thumbnailUrl\":\"https:\\\/\\\/sani-world.com\\\/wp-content\\\/uploads\\\/2021\\\/09\\\/giacolu3.jpg\",\"datePublished\":\"2021-09-28T13:35:53+00:00\",\"dateModified\":\"2021-11-05T13:39:28+00:00\",\"breadcrumb\":{\"@id\":\"https:\\\/\\\/sani-world.com\\\/index.php\\\/termek\\\/885\\\/#breadcrumb\"},\"inLanguage\":\"hu\",\"potentialAction\":[{\"@type\":\"ReadAction\",\"target\":[\"https:\\\/\\\/sani-world.com\\\/index.php\\\/termek\\\/885\\\/\"]}]},{\"@type\":\"ImageObject\",\"inLanguage\":\"hu\",\"@id\":\"https:\\\/\\\/sani-world.com\\\/index.php\\\/termek\\\/885\\\/#primaryimage\",\"url\":\"https:\\\/\\\/sani-world.com\\\/wp-content\\\/uploads\\\/2021\\\/09\\\/giacolu3.jpg\",\"contentUrl\":\"https:\\\/\\\/sani-world.com\\\/wp-content\\\/uploads\\\/2021\\\/09\\\/giacolu3.jpg\",\"width\":750,\"height\":800},{\"@type\":\"BreadcrumbList\",\"@id\":\"https:\\\/\\\/sani-world.com\\\/index.php\\\/termek\\\/885\\\/#breadcrumb\",\"itemListElement\":[{\"@type\":\"ListItem\",\"position\":1,\"name\":\"Kezd\u0151lap\",\"item\":\"https:\\\/\\\/sani-world.com\\\/\"},{\"@type\":\"ListItem\",\"position\":2,\"name\":\"term\u00e9kek\",\"item\":\"https:\\\/\\\/sani-world.com\\\/index.php\\\/termekek\\\/\"},{\"@type\":\"ListItem\",\"position\":3,\"name\":\"Giacol\u00fa\"}]},{\"@type\":\"WebSite\",\"@id\":\"https:\\\/\\\/sani-world.com\\\/#website\",\"url\":\"https:\\\/\\\/sani-world.com\\\/\",\"name\":\"\",\"description\":\"\",\"publisher\":{\"@id\":\"https:\\\/\\\/sani-world.com\\\/#organization\"},\"potentialAction\":[{\"@type\":\"SearchAction\",\"target\":{\"@type\":\"EntryPoint\",\"urlTemplate\":\"https:\\\/\\\/sani-world.com\\\/?s={search_term_string}\"},\"query-input\":{\"@type\":\"PropertyValueSpecification\",\"valueRequired\":true,\"valueName\":\"search_term_string\"}}],\"inLanguage\":\"hu\"},{\"@type\":\"Organization\",\"@id\":\"https:\\\/\\\/sani-world.com\\\/#organization\",\"name\":\"sani-world\",\"url\":\"https:\\\/\\\/sani-world.com\\\/\",\"logo\":{\"@type\":\"ImageObject\",\"inLanguage\":\"hu\",\"@id\":\"https:\\\/\\\/sani-world.com\\\/#\\\/schema\\\/logo\\\/image\\\/\",\"url\":\"https:\\\/\\\/sani-world.com\\\/wp-content\\\/uploads\\\/2021\\\/09\\\/cropped-SANIWORLD_logo_black.png\",\"contentUrl\":\"https:\\\/\\\/sani-world.com\\\/wp-content\\\/uploads\\\/2021\\\/09\\\/cropped-SANIWORLD_logo_black.png\",\"width\":250,\"height\":75,\"caption\":\"sani-world\"},\"image\":{\"@id\":\"https:\\\/\\\/sani-world.com\\\/#\\\/schema\\\/logo\\\/image\\\/\"}}]}<\/script>\n<!-- \/ Yoast SEO plugin. -->","yoast_head_json":{"title":"Giacol\u00fa","robots":{"index":"index","follow":"follow","max-snippet":"max-snippet:-1","max-image-preview":"max-image-preview:large","max-video-preview":"max-video-preview:-1"},"canonical":"https:\/\/sani-world.com\/index.php\/termek\/885\/","og_locale":"hu_HU","og_type":"article","og_title":"Giacol\u00fa","og_description":"A Giacol\u00f9 egy l\u00e1mpa \u00e9s m\u00e9g sokminden m\u00e1s. Ez is egy j\u00e1t\u00e9k, amely lehet\u0151v\u00e9 teszi k\u00fcl\u00f6nb\u00f6z\u0151 t\u00e1rgyak l\u00e9trehoz\u00e1s\u00e1t az alkatr\u00e9szek k\u00fcl\u00f6nb\u00f6z\u0151 m\u00f3don t\u00f6rt\u00e9n\u0151 kompon\u00e1l\u00e1s\u00e1val.  M\u00e9g a feln\u0151ttek is \u00fajra gyerekek lesznek, mint amikor \u00e9p\u00edt\u0151kock\u00e1val j\u00e1tszottak, hogy n\u00e9h\u00e1ny alapelemb\u0151l kiindulva \u00e9p\u00edtm\u00e9nyeket \u00e9s form\u00e1kat alkossanak.  Falikar, asztali l\u00e1mpa, \u00e9jjeli l\u00e1mpa, k\u00f6nyvtart\u00f3 ... J\u00e1tssz vele, \u00e9s pr\u00f3b\u00e1lj \u00fajabb funkci\u00f3t tal\u00e1lni neki!   Kateg\u00f3ria: Asztali l\u00e1mpa  F\u00e9nyforr\u00e1s: LED 1x3W 230V 4000K \/ 3000K 300Lm \/ 255Lm A energiaoszt\u00e1ly  Anyaga:      Vas  Faipari      Sz\u00edn:      RAL 9005 Intenz\u00edv fekete - matt -  RAL 1003 jelz\u0151 s\u00e1rga -\u00e1tl\u00e1tszatlan  RAL 3002 Karminv\u00f6r\u00f6s -\u00e1tl\u00e1tszatlan  RAL 6034 pasztell t\u00fcrkiz - \u00e1tl\u00e1tszatlan -  RAL 5010 Gentian k\u00e9k - matt -  RAL 6018 s\u00e1rg\u00e1s z\u00f6ld - \u00e1tl\u00e1tszatlan -","og_url":"https:\/\/sani-world.com\/index.php\/termek\/885\/","article_modified_time":"2021-11-05T13:39:28+00:00","og_image":[{"width":750,"height":800,"url":"https:\/\/sani-world.com\/wp-content\/uploads\/2021\/09\/giacolu3.jpg","type":"image\/jpeg"}],"twitter_card":"summary_large_image","schema":{"@context":"https:\/\/schema.org","@graph":[{"@type":"WebPage","@id":"https:\/\/sani-world.com\/index.php\/termek\/885\/","url":"https:\/\/sani-world.com\/index.php\/termek\/885\/","name":"Giacol\u00fa","isPartOf":{"@id":"https:\/\/sani-world.com\/#website"},"primaryImageOfPage":{"@id":"https:\/\/sani-world.com\/index.php\/termek\/885\/#primaryimage"},"image":{"@id":"https:\/\/sani-world.com\/index.php\/termek\/885\/#primaryimage"},"thumbnailUrl":"https:\/\/sani-world.com\/wp-content\/uploads\/2021\/09\/giacolu3.jpg","datePublished":"2021-09-28T13:35:53+00:00","dateModified":"2021-11-05T13:39:28+00:00","breadcrumb":{"@id":"https:\/\/sani-world.com\/index.php\/termek\/885\/#breadcrumb"},"inLanguage":"hu","potentialAction":[{"@type":"ReadAction","target":["https:\/\/sani-world.com\/index.php\/termek\/885\/"]}]},{"@type":"ImageObject","inLanguage":"hu","@id":"https:\/\/sani-world.com\/index.php\/termek\/885\/#primaryimage","url":"https:\/\/sani-world.com\/wp-content\/uploads\/2021\/09\/giacolu3.jpg","contentUrl":"https:\/\/sani-world.com\/wp-content\/uploads\/2021\/09\/giacolu3.jpg","width":750,"height":800},{"@type":"BreadcrumbList","@id":"https:\/\/sani-world.com\/index.php\/termek\/885\/#breadcrumb","itemListElement":[{"@type":"ListItem","position":1,"name":"Kezd\u0151lap","item":"https:\/\/sani-world.com\/"},{"@type":"ListItem","position":2,"name":"term\u00e9kek","item":"https:\/\/sani-world.com\/index.php\/termekek\/"},{"@type":"ListItem","position":3,"name":"Giacol\u00fa"}]},{"@type":"WebSite","@id":"https:\/\/sani-world.com\/#website","url":"https:\/\/sani-world.com\/","name":"","description":"","publisher":{"@id":"https:\/\/sani-world.com\/#organization"},"potentialAction":[{"@type":"SearchAction","target":{"@type":"EntryPoint","urlTemplate":"https:\/\/sani-world.com\/?s={search_term_string}"},"query-input":{"@type":"PropertyValueSpecification","valueRequired":true,"valueName":"search_term_string"}}],"inLanguage":"hu"},{"@type":"Organization","@id":"https:\/\/sani-world.com\/#organization","name":"sani-world","url":"https:\/\/sani-world.com\/","logo":{"@type":"ImageObject","inLanguage":"hu","@id":"https:\/\/sani-world.com\/#\/schema\/logo\/image\/","url":"https:\/\/sani-world.com\/wp-content\/uploads\/2021\/09\/cropped-SANIWORLD_logo_black.png","contentUrl":"https:\/\/sani-world.com\/wp-content\/uploads\/2021\/09\/cropped-SANIWORLD_logo_black.png","width":250,"height":75,"caption":"sani-world"},"image":{"@id":"https:\/\/sani-world.com\/#\/schema\/logo\/image\/"}}]}},"jetpack_sharing_enabled":true,"_links":{"self":[{"href":"https:\/\/sani-world.com\/index.php\/wp-json\/wp\/v2\/product\/885","targetHints":{"allow":["GET"]}}],"collection":[{"href":"https:\/\/sani-world.com\/index.php\/wp-json\/wp\/v2\/product"}],"about":[{"href":"https:\/\/sani-world.com\/index.php\/wp-json\/wp\/v2\/types\/product"}],"version-history":[{"count":2,"href":"https:\/\/sani-world.com\/index.php\/wp-json\/wp\/v2\/product\/885\/revisions"}],"predecessor-version":[{"id":891,"href":"https:\/\/sani-world.com\/index.php\/wp-json\/wp\/v2\/product\/885\/revisions\/891"}],"wp:featuredmedia":[{"embeddable":true,"href":"https:\/\/sani-world.com\/index.php\/wp-json\/wp\/v2\/media\/888"}],"wp:attachment":[{"href":"https:\/\/sani-world.com\/index.php\/wp-json\/wp\/v2\/media?parent=885"}],"wp:term":[{"taxonomy":"product_brand","embeddable":true,"href":"https:\/\/sani-world.com\/index.php\/wp-json\/wp\/v2\/product_brand?post=885"},{"taxonomy":"product_cat","embeddable":true,"href":"https:\/\/sani-world.com\/index.php\/wp-json\/wp\/v2\/product_cat?post=885"},{"taxonomy":"product_tag","embeddable":true,"href":"https:\/\/sani-world.com\/index.php\/wp-json\/wp\/v2\/product_tag?post=885"}],"curies":[{"name":"wp","href":"https:\/\/api.w.org\/{rel}","templated":true}]}}