{"id":880,"date":"2021-09-28T13:32:42","date_gmt":"2021-09-28T13:32:42","guid":{"rendered":"https:\/\/sani-world.com\/?post_type=product&#038;p=880"},"modified":"2021-11-05T13:39:47","modified_gmt":"2021-11-05T13:39:47","slug":"net-allolampa","status":"publish","type":"product","link":"https:\/\/sani-world.com\/index.php\/termek\/net-allolampa\/","title":{"rendered":"Net \u00e1ll\u00f3l\u00e1mpa"},"content":{"rendered":"","protected":false},"excerpt":{"rendered":"<p>A Net egy ac\u00e9llemez l\u00e1mpa, er\u0151s szobr\u00e1szati \u200b\u200bhivat\u00e1ssal. A diff\u00fazor lapos ac\u00e9llemezb\u0151l k\u00e9sz\u00fcl, l\u00e9zerv\u00e1g\u00e1ssal, v\u00e1ltakoz\u00f3 koncentrikus vonalak szerint: ezek alak\u00edtj\u00e1k \u00e1t egy \u00f3ri\u00e1si, k\u00e9zzel form\u00e1zhat\u00f3 r\u00e1ccs\u00e1, amely lehet\u0151v\u00e9 teszi a diff\u00fazor v\u00e9gtelen form\u00e1lis megold\u00e1sait. Egyszer\u0171 \u00e9s tiszta form\u00e1kat \u00f6lthet, hogy alkalmazkodjon a diszkr\u00e9t \u00e9s minimalista k\u00f6rnyezethez, vagy \u00f6sszetett \u00e9s szobr\u00e1szati \u200b\u200bgeometriai form\u00e1t, hogy kiemelje \u00e9s gazdag\u00edtsa az otthonokat vagy k\u00f6ztereket. Bekapcsol\u00e1skor kellemes dekorat\u00edv \u00e1rny\u00e9kot vet a falakra. F\u00fcggesztett, \u00e1ll\u00f3 \u00e9s asztali v\u00e1ltozatban is kaphat\u00f3.<\/p>\n<ul>\n<li><strong>Kateg\u00f3ria: <\/strong>\u00c1ll\u00f3l\u00e1mpa<\/li>\n<li><strong>M\u00e9retek: <\/strong>Magass\u00e1g 170 cm \u00d850 cm (az alakt\u00f3l f\u00fcgg\u0151en v\u00e1ltoz\u00f3 m\u00e9retek)<\/li>\n<li><strong>F\u00e9nyforr\u00e1s: <\/strong>E27 foglalat (izz\u00f3 n\u00e9lk\u00fcl) {A ++ &#8211; \u203aE} Max. 70W<\/li>\n<li><strong>Anyaga: <\/strong>Vas<\/li>\n<li><strong>Sz\u00edn:<\/strong>\n<ul>\n<li style=\"list-style-type: none;\">\n<ul>\n<li>RAL 9005 Intenz\u00edv fekete<\/li>\n<li>RAL 9010 Tiszta feh\u00e9r<\/li>\n<li>Arany &#8211; \u00e1tl\u00e1tszatlan &#8211;<\/li>\n<li>Kr\u00f3m kivitel<\/li>\n<li>Sarkvid\u00e9ki z\u00f6ld<\/li>\n<\/ul>\n<\/li>\n<\/ul>\n<\/li>\n<\/ul>\n<p><a href=\"https:\/\/sani-world.com\/wp-content\/uploads\/2021\/10\/test.pdf\"><strong>DWG<\/strong><\/a>\u00a0f\u00e1jl\u00a0 \/\u00a0 <a href=\"https:\/\/sani-world.com\/wp-content\/uploads\/2021\/10\/test.pdf\"><strong>3DS<\/strong><\/a> f\u00e1jl\u00a0 \/\u00a0 <a href=\"https:\/\/sani-world.com\/wp-content\/uploads\/2021\/10\/test.pdf\"><strong>PDF\u00a0<\/strong><\/a><\/p>\n","protected":false},"featured_media":882,"template":"","meta":[],"product_brand":[],"product_cat":[23,26,31],"product_tag":[],"class_list":{"0":"post-880","1":"product","2":"type-product","3":"status-publish","4":"has-post-thumbnail","6":"product_cat-allolampa","7":"product_cat-lampa","8":"product_cat-zava","10":"first","11":"instock","12":"shipping-taxable","13":"product-type-simple"},"yoast_head":"<!-- This site is optimized with the Yoast SEO plugin v27.3 - https:\/\/yoast.com\/product\/yoast-seo-wordpress\/ -->\n<title>Net \u00e1ll\u00f3l\u00e1mpa<\/title>\n<meta name=\"robots\" content=\"index, follow, max-snippet:-1, max-image-preview:large, max-video-preview:-1\" \/>\n<link rel=\"canonical\" href=\"https:\/\/sani-world.com\/index.php\/termek\/net-allolampa\/\" \/>\n<meta property=\"og:locale\" content=\"hu_HU\" \/>\n<meta property=\"og:type\" content=\"article\" \/>\n<meta property=\"og:title\" content=\"Net \u00e1ll\u00f3l\u00e1mpa\" \/>\n<meta property=\"og:description\" content=\"A Net egy ac\u00e9llemez l\u00e1mpa, er\u0151s szobr\u00e1szati \u200b\u200bhivat\u00e1ssal. A diff\u00fazor lapos ac\u00e9llemezb\u0151l k\u00e9sz\u00fcl, l\u00e9zerv\u00e1g\u00e1ssal, v\u00e1ltakoz\u00f3 koncentrikus vonalak szerint: ezek alak\u00edtj\u00e1k \u00e1t egy \u00f3ri\u00e1si, k\u00e9zzel form\u00e1zhat\u00f3 r\u00e1ccs\u00e1, amely lehet\u0151v\u00e9 teszi a diff\u00fazor v\u00e9gtelen form\u00e1lis megold\u00e1sait. Egyszer\u0171 \u00e9s tiszta form\u00e1kat \u00f6lthet, hogy alkalmazkodjon a diszkr\u00e9t \u00e9s minimalista k\u00f6rnyezethez, vagy \u00f6sszetett \u00e9s szobr\u00e1szati \u200b\u200bgeometriai form\u00e1t, hogy kiemelje \u00e9s gazdag\u00edtsa az otthonokat vagy k\u00f6ztereket. Bekapcsol\u00e1skor kellemes dekorat\u00edv \u00e1rny\u00e9kot vet a falakra. F\u00fcggesztett, \u00e1ll\u00f3 \u00e9s asztali v\u00e1ltozatban is kaphat\u00f3.   Kateg\u00f3ria: \u00c1ll\u00f3l\u00e1mpa  M\u00e9retek: Magass\u00e1g 170 cm \u00d850 cm (az alakt\u00f3l f\u00fcgg\u0151en v\u00e1ltoz\u00f3 m\u00e9retek)  F\u00e9nyforr\u00e1s: E27 foglalat (izz\u00f3 n\u00e9lk\u00fcl) {A ++ - \u203aE} Max. 70W  Anyaga: Vas  Sz\u00edn:      RAL 9005 Intenz\u00edv fekete  RAL 9010 Tiszta feh\u00e9r  Arany - \u00e1tl\u00e1tszatlan -  Kr\u00f3m kivitel  Sarkvid\u00e9ki z\u00f6ld      DWG\u00a0f\u00e1jl\u00a0 \/\u00a0 3DS f\u00e1jl\u00a0 \/\u00a0 PDF\u00a0\" \/>\n<meta property=\"og:url\" content=\"https:\/\/sani-world.com\/index.php\/termek\/net-allolampa\/\" \/>\n<meta property=\"article:modified_time\" content=\"2021-11-05T13:39:47+00:00\" \/>\n<meta property=\"og:image\" content=\"https:\/\/sani-world.com\/wp-content\/uploads\/2021\/09\/net2.jpg\" \/>\n\t<meta property=\"og:image:width\" content=\"750\" \/>\n\t<meta property=\"og:image:height\" content=\"800\" \/>\n\t<meta property=\"og:image:type\" content=\"image\/jpeg\" \/>\n<meta name=\"twitter:card\" content=\"summary_large_image\" \/>\n<script type=\"application\/ld+json\" class=\"yoast-schema-graph\">{\"@context\":\"https:\\\/\\\/schema.org\",\"@graph\":[{\"@type\":\"WebPage\",\"@id\":\"https:\\\/\\\/sani-world.com\\\/index.php\\\/termek\\\/net-allolampa\\\/\",\"url\":\"https:\\\/\\\/sani-world.com\\\/index.php\\\/termek\\\/net-allolampa\\\/\",\"name\":\"Net \u00e1ll\u00f3l\u00e1mpa\",\"isPartOf\":{\"@id\":\"https:\\\/\\\/sani-world.com\\\/#website\"},\"primaryImageOfPage\":{\"@id\":\"https:\\\/\\\/sani-world.com\\\/index.php\\\/termek\\\/net-allolampa\\\/#primaryimage\"},\"image\":{\"@id\":\"https:\\\/\\\/sani-world.com\\\/index.php\\\/termek\\\/net-allolampa\\\/#primaryimage\"},\"thumbnailUrl\":\"https:\\\/\\\/sani-world.com\\\/wp-content\\\/uploads\\\/2021\\\/09\\\/net2.jpg\",\"datePublished\":\"2021-09-28T13:32:42+00:00\",\"dateModified\":\"2021-11-05T13:39:47+00:00\",\"breadcrumb\":{\"@id\":\"https:\\\/\\\/sani-world.com\\\/index.php\\\/termek\\\/net-allolampa\\\/#breadcrumb\"},\"inLanguage\":\"hu\",\"potentialAction\":[{\"@type\":\"ReadAction\",\"target\":[\"https:\\\/\\\/sani-world.com\\\/index.php\\\/termek\\\/net-allolampa\\\/\"]}]},{\"@type\":\"ImageObject\",\"inLanguage\":\"hu\",\"@id\":\"https:\\\/\\\/sani-world.com\\\/index.php\\\/termek\\\/net-allolampa\\\/#primaryimage\",\"url\":\"https:\\\/\\\/sani-world.com\\\/wp-content\\\/uploads\\\/2021\\\/09\\\/net2.jpg\",\"contentUrl\":\"https:\\\/\\\/sani-world.com\\\/wp-content\\\/uploads\\\/2021\\\/09\\\/net2.jpg\",\"width\":750,\"height\":800},{\"@type\":\"BreadcrumbList\",\"@id\":\"https:\\\/\\\/sani-world.com\\\/index.php\\\/termek\\\/net-allolampa\\\/#breadcrumb\",\"itemListElement\":[{\"@type\":\"ListItem\",\"position\":1,\"name\":\"Kezd\u0151lap\",\"item\":\"https:\\\/\\\/sani-world.com\\\/\"},{\"@type\":\"ListItem\",\"position\":2,\"name\":\"term\u00e9kek\",\"item\":\"https:\\\/\\\/sani-world.com\\\/index.php\\\/termekek\\\/\"},{\"@type\":\"ListItem\",\"position\":3,\"name\":\"Net \u00e1ll\u00f3l\u00e1mpa\"}]},{\"@type\":\"WebSite\",\"@id\":\"https:\\\/\\\/sani-world.com\\\/#website\",\"url\":\"https:\\\/\\\/sani-world.com\\\/\",\"name\":\"\",\"description\":\"\",\"publisher\":{\"@id\":\"https:\\\/\\\/sani-world.com\\\/#organization\"},\"potentialAction\":[{\"@type\":\"SearchAction\",\"target\":{\"@type\":\"EntryPoint\",\"urlTemplate\":\"https:\\\/\\\/sani-world.com\\\/?s={search_term_string}\"},\"query-input\":{\"@type\":\"PropertyValueSpecification\",\"valueRequired\":true,\"valueName\":\"search_term_string\"}}],\"inLanguage\":\"hu\"},{\"@type\":\"Organization\",\"@id\":\"https:\\\/\\\/sani-world.com\\\/#organization\",\"name\":\"sani-world\",\"url\":\"https:\\\/\\\/sani-world.com\\\/\",\"logo\":{\"@type\":\"ImageObject\",\"inLanguage\":\"hu\",\"@id\":\"https:\\\/\\\/sani-world.com\\\/#\\\/schema\\\/logo\\\/image\\\/\",\"url\":\"https:\\\/\\\/sani-world.com\\\/wp-content\\\/uploads\\\/2021\\\/09\\\/cropped-SANIWORLD_logo_black.png\",\"contentUrl\":\"https:\\\/\\\/sani-world.com\\\/wp-content\\\/uploads\\\/2021\\\/09\\\/cropped-SANIWORLD_logo_black.png\",\"width\":250,\"height\":75,\"caption\":\"sani-world\"},\"image\":{\"@id\":\"https:\\\/\\\/sani-world.com\\\/#\\\/schema\\\/logo\\\/image\\\/\"}}]}<\/script>\n<!-- \/ Yoast SEO plugin. -->","yoast_head_json":{"title":"Net \u00e1ll\u00f3l\u00e1mpa","robots":{"index":"index","follow":"follow","max-snippet":"max-snippet:-1","max-image-preview":"max-image-preview:large","max-video-preview":"max-video-preview:-1"},"canonical":"https:\/\/sani-world.com\/index.php\/termek\/net-allolampa\/","og_locale":"hu_HU","og_type":"article","og_title":"Net \u00e1ll\u00f3l\u00e1mpa","og_description":"A Net egy ac\u00e9llemez l\u00e1mpa, er\u0151s szobr\u00e1szati \u200b\u200bhivat\u00e1ssal. A diff\u00fazor lapos ac\u00e9llemezb\u0151l k\u00e9sz\u00fcl, l\u00e9zerv\u00e1g\u00e1ssal, v\u00e1ltakoz\u00f3 koncentrikus vonalak szerint: ezek alak\u00edtj\u00e1k \u00e1t egy \u00f3ri\u00e1si, k\u00e9zzel form\u00e1zhat\u00f3 r\u00e1ccs\u00e1, amely lehet\u0151v\u00e9 teszi a diff\u00fazor v\u00e9gtelen form\u00e1lis megold\u00e1sait. Egyszer\u0171 \u00e9s tiszta form\u00e1kat \u00f6lthet, hogy alkalmazkodjon a diszkr\u00e9t \u00e9s minimalista k\u00f6rnyezethez, vagy \u00f6sszetett \u00e9s szobr\u00e1szati \u200b\u200bgeometriai form\u00e1t, hogy kiemelje \u00e9s gazdag\u00edtsa az otthonokat vagy k\u00f6ztereket. Bekapcsol\u00e1skor kellemes dekorat\u00edv \u00e1rny\u00e9kot vet a falakra. F\u00fcggesztett, \u00e1ll\u00f3 \u00e9s asztali v\u00e1ltozatban is kaphat\u00f3.   Kateg\u00f3ria: \u00c1ll\u00f3l\u00e1mpa  M\u00e9retek: Magass\u00e1g 170 cm \u00d850 cm (az alakt\u00f3l f\u00fcgg\u0151en v\u00e1ltoz\u00f3 m\u00e9retek)  F\u00e9nyforr\u00e1s: E27 foglalat (izz\u00f3 n\u00e9lk\u00fcl) {A ++ - \u203aE} Max. 70W  Anyaga: Vas  Sz\u00edn:      RAL 9005 Intenz\u00edv fekete  RAL 9010 Tiszta feh\u00e9r  Arany - \u00e1tl\u00e1tszatlan -  Kr\u00f3m kivitel  Sarkvid\u00e9ki z\u00f6ld      DWG\u00a0f\u00e1jl\u00a0 \/\u00a0 3DS f\u00e1jl\u00a0 \/\u00a0 PDF\u00a0","og_url":"https:\/\/sani-world.com\/index.php\/termek\/net-allolampa\/","article_modified_time":"2021-11-05T13:39:47+00:00","og_image":[{"width":750,"height":800,"url":"https:\/\/sani-world.com\/wp-content\/uploads\/2021\/09\/net2.jpg","type":"image\/jpeg"}],"twitter_card":"summary_large_image","schema":{"@context":"https:\/\/schema.org","@graph":[{"@type":"WebPage","@id":"https:\/\/sani-world.com\/index.php\/termek\/net-allolampa\/","url":"https:\/\/sani-world.com\/index.php\/termek\/net-allolampa\/","name":"Net \u00e1ll\u00f3l\u00e1mpa","isPartOf":{"@id":"https:\/\/sani-world.com\/#website"},"primaryImageOfPage":{"@id":"https:\/\/sani-world.com\/index.php\/termek\/net-allolampa\/#primaryimage"},"image":{"@id":"https:\/\/sani-world.com\/index.php\/termek\/net-allolampa\/#primaryimage"},"thumbnailUrl":"https:\/\/sani-world.com\/wp-content\/uploads\/2021\/09\/net2.jpg","datePublished":"2021-09-28T13:32:42+00:00","dateModified":"2021-11-05T13:39:47+00:00","breadcrumb":{"@id":"https:\/\/sani-world.com\/index.php\/termek\/net-allolampa\/#breadcrumb"},"inLanguage":"hu","potentialAction":[{"@type":"ReadAction","target":["https:\/\/sani-world.com\/index.php\/termek\/net-allolampa\/"]}]},{"@type":"ImageObject","inLanguage":"hu","@id":"https:\/\/sani-world.com\/index.php\/termek\/net-allolampa\/#primaryimage","url":"https:\/\/sani-world.com\/wp-content\/uploads\/2021\/09\/net2.jpg","contentUrl":"https:\/\/sani-world.com\/wp-content\/uploads\/2021\/09\/net2.jpg","width":750,"height":800},{"@type":"BreadcrumbList","@id":"https:\/\/sani-world.com\/index.php\/termek\/net-allolampa\/#breadcrumb","itemListElement":[{"@type":"ListItem","position":1,"name":"Kezd\u0151lap","item":"https:\/\/sani-world.com\/"},{"@type":"ListItem","position":2,"name":"term\u00e9kek","item":"https:\/\/sani-world.com\/index.php\/termekek\/"},{"@type":"ListItem","position":3,"name":"Net \u00e1ll\u00f3l\u00e1mpa"}]},{"@type":"WebSite","@id":"https:\/\/sani-world.com\/#website","url":"https:\/\/sani-world.com\/","name":"","description":"","publisher":{"@id":"https:\/\/sani-world.com\/#organization"},"potentialAction":[{"@type":"SearchAction","target":{"@type":"EntryPoint","urlTemplate":"https:\/\/sani-world.com\/?s={search_term_string}"},"query-input":{"@type":"PropertyValueSpecification","valueRequired":true,"valueName":"search_term_string"}}],"inLanguage":"hu"},{"@type":"Organization","@id":"https:\/\/sani-world.com\/#organization","name":"sani-world","url":"https:\/\/sani-world.com\/","logo":{"@type":"ImageObject","inLanguage":"hu","@id":"https:\/\/sani-world.com\/#\/schema\/logo\/image\/","url":"https:\/\/sani-world.com\/wp-content\/uploads\/2021\/09\/cropped-SANIWORLD_logo_black.png","contentUrl":"https:\/\/sani-world.com\/wp-content\/uploads\/2021\/09\/cropped-SANIWORLD_logo_black.png","width":250,"height":75,"caption":"sani-world"},"image":{"@id":"https:\/\/sani-world.com\/#\/schema\/logo\/image\/"}}]}},"jetpack_sharing_enabled":true,"_links":{"self":[{"href":"https:\/\/sani-world.com\/index.php\/wp-json\/wp\/v2\/product\/880","targetHints":{"allow":["GET"]}}],"collection":[{"href":"https:\/\/sani-world.com\/index.php\/wp-json\/wp\/v2\/product"}],"about":[{"href":"https:\/\/sani-world.com\/index.php\/wp-json\/wp\/v2\/types\/product"}],"version-history":[{"count":6,"href":"https:\/\/sani-world.com\/index.php\/wp-json\/wp\/v2\/product\/880\/revisions"}],"predecessor-version":[{"id":1067,"href":"https:\/\/sani-world.com\/index.php\/wp-json\/wp\/v2\/product\/880\/revisions\/1067"}],"wp:featuredmedia":[{"embeddable":true,"href":"https:\/\/sani-world.com\/index.php\/wp-json\/wp\/v2\/media\/882"}],"wp:attachment":[{"href":"https:\/\/sani-world.com\/index.php\/wp-json\/wp\/v2\/media?parent=880"}],"wp:term":[{"taxonomy":"product_brand","embeddable":true,"href":"https:\/\/sani-world.com\/index.php\/wp-json\/wp\/v2\/product_brand?post=880"},{"taxonomy":"product_cat","embeddable":true,"href":"https:\/\/sani-world.com\/index.php\/wp-json\/wp\/v2\/product_cat?post=880"},{"taxonomy":"product_tag","embeddable":true,"href":"https:\/\/sani-world.com\/index.php\/wp-json\/wp\/v2\/product_tag?post=880"}],"curies":[{"name":"wp","href":"https:\/\/api.w.org\/{rel}","templated":true}]}}