{"id":875,"date":"2021-09-28T13:03:14","date_gmt":"2021-09-28T13:03:14","guid":{"rendered":"https:\/\/sani-world.com\/?post_type=product&#038;p=875"},"modified":"2021-09-28T13:03:48","modified_gmt":"2021-09-28T13:03:48","slug":"dot-to-dot","status":"publish","type":"product","link":"https:\/\/sani-world.com\/index.php\/termek\/dot-to-dot\/","title":{"rendered":"Dot to dot"},"content":{"rendered":"","protected":false},"excerpt":{"rendered":"<p>Ezt a l\u00e1mp\u00e1t a \u201eK\u00f6sd \u00f6ssze a pontokat\u201d nev\u0171 j\u00e1t\u00e9k inspir\u00e1lta, amiben a pontokat \u00f6ssze kell k\u00f6tni hogy megl\u00e1ssuk a figur\u00e1t. A Dot to dot egy modul\u00e1ris, falra szerelhet\u0151 l\u00e1mpa, mely v\u00e9gtelen form\u00e1lis megold\u00e1sokat tesz lehet\u0151v\u00e9.<\/p>\n<p>A LED cs\u00edkot mag\u00e1ban foglal\u00f3 karok hat k\u00fcl\u00f6nb\u00f6z\u0151 hossz\u00fas\u00e1gban kaphat\u00f3k, k\u00fcl\u00f6n -k\u00fcl\u00f6n haszn\u00e1lhat\u00f3k, vagy a k\u00f6r\u00edveknek k\u00f6sz\u00f6nhet\u0151en \u00f6sszekapcsolhat\u00f3k.<\/p>\n<p>A f\u00e9ny \u00e9s \u00e1rny\u00e9k ter\u00fclet\u00e9nek meghat\u00e1roz\u00e1s\u00e1val a legel\u0151 f\u00e9nysug\u00e1r lehet\u0151v\u00e9 teszi egyedi f\u00e9nytervek l\u00e9trehoz\u00e1s\u00e1t.<\/p>\n","protected":false},"featured_media":877,"template":"","meta":[],"product_brand":[],"product_cat":[25,26,31],"product_tag":[],"class_list":{"0":"post-875","1":"product","2":"type-product","3":"status-publish","4":"has-post-thumbnail","6":"product_cat-fali-lampa","7":"product_cat-lampa","8":"product_cat-zava","10":"first","11":"instock","12":"shipping-taxable","13":"product-type-simple"},"yoast_head":"<!-- This site is optimized with the Yoast SEO plugin v27.5 - https:\/\/yoast.com\/product\/yoast-seo-wordpress\/ -->\n<title>Dot to dot -<\/title>\n<meta name=\"robots\" content=\"index, follow, max-snippet:-1, max-image-preview:large, max-video-preview:-1\" \/>\n<link rel=\"canonical\" href=\"https:\/\/sani-world.com\/index.php\/termek\/dot-to-dot\/\" \/>\n<meta property=\"og:locale\" content=\"hu_HU\" \/>\n<meta property=\"og:type\" content=\"article\" \/>\n<meta property=\"og:title\" content=\"Dot to dot -\" \/>\n<meta property=\"og:description\" content=\"Ezt a l\u00e1mp\u00e1t a \u201eK\u00f6sd \u00f6ssze a pontokat\u201d nev\u0171 j\u00e1t\u00e9k inspir\u00e1lta, amiben a pontokat \u00f6ssze kell k\u00f6tni hogy megl\u00e1ssuk a figur\u00e1t. A Dot to dot egy modul\u00e1ris, falra szerelhet\u0151 l\u00e1mpa, mely v\u00e9gtelen form\u00e1lis megold\u00e1sokat tesz lehet\u0151v\u00e9.  A LED cs\u00edkot mag\u00e1ban foglal\u00f3 karok hat k\u00fcl\u00f6nb\u00f6z\u0151 hossz\u00fas\u00e1gban kaphat\u00f3k, k\u00fcl\u00f6n -k\u00fcl\u00f6n haszn\u00e1lhat\u00f3k, vagy a k\u00f6r\u00edveknek k\u00f6sz\u00f6nhet\u0151en \u00f6sszekapcsolhat\u00f3k.  A f\u00e9ny \u00e9s \u00e1rny\u00e9k ter\u00fclet\u00e9nek meghat\u00e1roz\u00e1s\u00e1val a legel\u0151 f\u00e9nysug\u00e1r lehet\u0151v\u00e9 teszi egyedi f\u00e9nytervek l\u00e9trehoz\u00e1s\u00e1t.\" \/>\n<meta property=\"og:url\" content=\"https:\/\/sani-world.com\/index.php\/termek\/dot-to-dot\/\" \/>\n<meta property=\"article:modified_time\" content=\"2021-09-28T13:03:48+00:00\" \/>\n<meta property=\"og:image\" content=\"https:\/\/sani-world.com\/wp-content\/uploads\/2021\/09\/dottodot2.jpg\" \/>\n\t<meta property=\"og:image:width\" content=\"750\" \/>\n\t<meta property=\"og:image:height\" content=\"800\" \/>\n\t<meta property=\"og:image:type\" content=\"image\/jpeg\" \/>\n<meta name=\"twitter:card\" content=\"summary_large_image\" \/>\n<script type=\"application\/ld+json\" class=\"yoast-schema-graph\">{\"@context\":\"https:\\\/\\\/schema.org\",\"@graph\":[{\"@type\":\"WebPage\",\"@id\":\"https:\\\/\\\/sani-world.com\\\/index.php\\\/termek\\\/dot-to-dot\\\/\",\"url\":\"https:\\\/\\\/sani-world.com\\\/index.php\\\/termek\\\/dot-to-dot\\\/\",\"name\":\"Dot to dot -\",\"isPartOf\":{\"@id\":\"https:\\\/\\\/sani-world.com\\\/#website\"},\"primaryImageOfPage\":{\"@id\":\"https:\\\/\\\/sani-world.com\\\/index.php\\\/termek\\\/dot-to-dot\\\/#primaryimage\"},\"image\":{\"@id\":\"https:\\\/\\\/sani-world.com\\\/index.php\\\/termek\\\/dot-to-dot\\\/#primaryimage\"},\"thumbnailUrl\":\"https:\\\/\\\/sani-world.com\\\/wp-content\\\/uploads\\\/2021\\\/09\\\/dottodot2.jpg\",\"datePublished\":\"2021-09-28T13:03:14+00:00\",\"dateModified\":\"2021-09-28T13:03:48+00:00\",\"breadcrumb\":{\"@id\":\"https:\\\/\\\/sani-world.com\\\/index.php\\\/termek\\\/dot-to-dot\\\/#breadcrumb\"},\"inLanguage\":\"hu\",\"potentialAction\":[{\"@type\":\"ReadAction\",\"target\":[\"https:\\\/\\\/sani-world.com\\\/index.php\\\/termek\\\/dot-to-dot\\\/\"]}]},{\"@type\":\"ImageObject\",\"inLanguage\":\"hu\",\"@id\":\"https:\\\/\\\/sani-world.com\\\/index.php\\\/termek\\\/dot-to-dot\\\/#primaryimage\",\"url\":\"https:\\\/\\\/sani-world.com\\\/wp-content\\\/uploads\\\/2021\\\/09\\\/dottodot2.jpg\",\"contentUrl\":\"https:\\\/\\\/sani-world.com\\\/wp-content\\\/uploads\\\/2021\\\/09\\\/dottodot2.jpg\",\"width\":750,\"height\":800},{\"@type\":\"BreadcrumbList\",\"@id\":\"https:\\\/\\\/sani-world.com\\\/index.php\\\/termek\\\/dot-to-dot\\\/#breadcrumb\",\"itemListElement\":[{\"@type\":\"ListItem\",\"position\":1,\"name\":\"Kezd\u0151lap\",\"item\":\"https:\\\/\\\/sani-world.com\\\/\"},{\"@type\":\"ListItem\",\"position\":2,\"name\":\"term\u00e9kek\",\"item\":\"https:\\\/\\\/sani-world.com\\\/index.php\\\/termekek\\\/\"},{\"@type\":\"ListItem\",\"position\":3,\"name\":\"Dot to dot\"}]},{\"@type\":\"WebSite\",\"@id\":\"https:\\\/\\\/sani-world.com\\\/#website\",\"url\":\"https:\\\/\\\/sani-world.com\\\/\",\"name\":\"\",\"description\":\"\",\"publisher\":{\"@id\":\"https:\\\/\\\/sani-world.com\\\/#organization\"},\"potentialAction\":[{\"@type\":\"SearchAction\",\"target\":{\"@type\":\"EntryPoint\",\"urlTemplate\":\"https:\\\/\\\/sani-world.com\\\/?s={search_term_string}\"},\"query-input\":{\"@type\":\"PropertyValueSpecification\",\"valueRequired\":true,\"valueName\":\"search_term_string\"}}],\"inLanguage\":\"hu\"},{\"@type\":\"Organization\",\"@id\":\"https:\\\/\\\/sani-world.com\\\/#organization\",\"name\":\"sani-world\",\"url\":\"https:\\\/\\\/sani-world.com\\\/\",\"logo\":{\"@type\":\"ImageObject\",\"inLanguage\":\"hu\",\"@id\":\"https:\\\/\\\/sani-world.com\\\/#\\\/schema\\\/logo\\\/image\\\/\",\"url\":\"https:\\\/\\\/sani-world.com\\\/wp-content\\\/uploads\\\/2021\\\/09\\\/cropped-SANIWORLD_logo_black.png\",\"contentUrl\":\"https:\\\/\\\/sani-world.com\\\/wp-content\\\/uploads\\\/2021\\\/09\\\/cropped-SANIWORLD_logo_black.png\",\"width\":250,\"height\":75,\"caption\":\"sani-world\"},\"image\":{\"@id\":\"https:\\\/\\\/sani-world.com\\\/#\\\/schema\\\/logo\\\/image\\\/\"}}]}<\/script>\n<!-- \/ Yoast SEO plugin. -->","yoast_head_json":{"title":"Dot to dot -","robots":{"index":"index","follow":"follow","max-snippet":"max-snippet:-1","max-image-preview":"max-image-preview:large","max-video-preview":"max-video-preview:-1"},"canonical":"https:\/\/sani-world.com\/index.php\/termek\/dot-to-dot\/","og_locale":"hu_HU","og_type":"article","og_title":"Dot to dot -","og_description":"Ezt a l\u00e1mp\u00e1t a \u201eK\u00f6sd \u00f6ssze a pontokat\u201d nev\u0171 j\u00e1t\u00e9k inspir\u00e1lta, amiben a pontokat \u00f6ssze kell k\u00f6tni hogy megl\u00e1ssuk a figur\u00e1t. A Dot to dot egy modul\u00e1ris, falra szerelhet\u0151 l\u00e1mpa, mely v\u00e9gtelen form\u00e1lis megold\u00e1sokat tesz lehet\u0151v\u00e9.  A LED cs\u00edkot mag\u00e1ban foglal\u00f3 karok hat k\u00fcl\u00f6nb\u00f6z\u0151 hossz\u00fas\u00e1gban kaphat\u00f3k, k\u00fcl\u00f6n -k\u00fcl\u00f6n haszn\u00e1lhat\u00f3k, vagy a k\u00f6r\u00edveknek k\u00f6sz\u00f6nhet\u0151en \u00f6sszekapcsolhat\u00f3k.  A f\u00e9ny \u00e9s \u00e1rny\u00e9k ter\u00fclet\u00e9nek meghat\u00e1roz\u00e1s\u00e1val a legel\u0151 f\u00e9nysug\u00e1r lehet\u0151v\u00e9 teszi egyedi f\u00e9nytervek l\u00e9trehoz\u00e1s\u00e1t.","og_url":"https:\/\/sani-world.com\/index.php\/termek\/dot-to-dot\/","article_modified_time":"2021-09-28T13:03:48+00:00","og_image":[{"width":750,"height":800,"url":"https:\/\/sani-world.com\/wp-content\/uploads\/2021\/09\/dottodot2.jpg","type":"image\/jpeg"}],"twitter_card":"summary_large_image","schema":{"@context":"https:\/\/schema.org","@graph":[{"@type":"WebPage","@id":"https:\/\/sani-world.com\/index.php\/termek\/dot-to-dot\/","url":"https:\/\/sani-world.com\/index.php\/termek\/dot-to-dot\/","name":"Dot to dot -","isPartOf":{"@id":"https:\/\/sani-world.com\/#website"},"primaryImageOfPage":{"@id":"https:\/\/sani-world.com\/index.php\/termek\/dot-to-dot\/#primaryimage"},"image":{"@id":"https:\/\/sani-world.com\/index.php\/termek\/dot-to-dot\/#primaryimage"},"thumbnailUrl":"https:\/\/sani-world.com\/wp-content\/uploads\/2021\/09\/dottodot2.jpg","datePublished":"2021-09-28T13:03:14+00:00","dateModified":"2021-09-28T13:03:48+00:00","breadcrumb":{"@id":"https:\/\/sani-world.com\/index.php\/termek\/dot-to-dot\/#breadcrumb"},"inLanguage":"hu","potentialAction":[{"@type":"ReadAction","target":["https:\/\/sani-world.com\/index.php\/termek\/dot-to-dot\/"]}]},{"@type":"ImageObject","inLanguage":"hu","@id":"https:\/\/sani-world.com\/index.php\/termek\/dot-to-dot\/#primaryimage","url":"https:\/\/sani-world.com\/wp-content\/uploads\/2021\/09\/dottodot2.jpg","contentUrl":"https:\/\/sani-world.com\/wp-content\/uploads\/2021\/09\/dottodot2.jpg","width":750,"height":800},{"@type":"BreadcrumbList","@id":"https:\/\/sani-world.com\/index.php\/termek\/dot-to-dot\/#breadcrumb","itemListElement":[{"@type":"ListItem","position":1,"name":"Kezd\u0151lap","item":"https:\/\/sani-world.com\/"},{"@type":"ListItem","position":2,"name":"term\u00e9kek","item":"https:\/\/sani-world.com\/index.php\/termekek\/"},{"@type":"ListItem","position":3,"name":"Dot to dot"}]},{"@type":"WebSite","@id":"https:\/\/sani-world.com\/#website","url":"https:\/\/sani-world.com\/","name":"","description":"","publisher":{"@id":"https:\/\/sani-world.com\/#organization"},"potentialAction":[{"@type":"SearchAction","target":{"@type":"EntryPoint","urlTemplate":"https:\/\/sani-world.com\/?s={search_term_string}"},"query-input":{"@type":"PropertyValueSpecification","valueRequired":true,"valueName":"search_term_string"}}],"inLanguage":"hu"},{"@type":"Organization","@id":"https:\/\/sani-world.com\/#organization","name":"sani-world","url":"https:\/\/sani-world.com\/","logo":{"@type":"ImageObject","inLanguage":"hu","@id":"https:\/\/sani-world.com\/#\/schema\/logo\/image\/","url":"https:\/\/sani-world.com\/wp-content\/uploads\/2021\/09\/cropped-SANIWORLD_logo_black.png","contentUrl":"https:\/\/sani-world.com\/wp-content\/uploads\/2021\/09\/cropped-SANIWORLD_logo_black.png","width":250,"height":75,"caption":"sani-world"},"image":{"@id":"https:\/\/sani-world.com\/#\/schema\/logo\/image\/"}}]}},"jetpack_sharing_enabled":true,"_links":{"self":[{"href":"https:\/\/sani-world.com\/index.php\/wp-json\/wp\/v2\/product\/875","targetHints":{"allow":["GET"]}}],"collection":[{"href":"https:\/\/sani-world.com\/index.php\/wp-json\/wp\/v2\/product"}],"about":[{"href":"https:\/\/sani-world.com\/index.php\/wp-json\/wp\/v2\/types\/product"}],"version-history":[{"count":1,"href":"https:\/\/sani-world.com\/index.php\/wp-json\/wp\/v2\/product\/875\/revisions"}],"predecessor-version":[{"id":878,"href":"https:\/\/sani-world.com\/index.php\/wp-json\/wp\/v2\/product\/875\/revisions\/878"}],"wp:featuredmedia":[{"embeddable":true,"href":"https:\/\/sani-world.com\/index.php\/wp-json\/wp\/v2\/media\/877"}],"wp:attachment":[{"href":"https:\/\/sani-world.com\/index.php\/wp-json\/wp\/v2\/media?parent=875"}],"wp:term":[{"taxonomy":"product_brand","embeddable":true,"href":"https:\/\/sani-world.com\/index.php\/wp-json\/wp\/v2\/product_brand?post=875"},{"taxonomy":"product_cat","embeddable":true,"href":"https:\/\/sani-world.com\/index.php\/wp-json\/wp\/v2\/product_cat?post=875"},{"taxonomy":"product_tag","embeddable":true,"href":"https:\/\/sani-world.com\/index.php\/wp-json\/wp\/v2\/product_tag?post=875"}],"curies":[{"name":"wp","href":"https:\/\/api.w.org\/{rel}","templated":true}]}}