{"id":870,"date":"2021-09-28T12:32:53","date_gmt":"2021-09-28T12:32:53","guid":{"rendered":"https:\/\/sani-world.com\/?post_type=product&#038;p=870"},"modified":"2021-11-05T13:40:08","modified_gmt":"2021-11-05T13:40:08","slug":"dadi","status":"publish","type":"product","link":"https:\/\/sani-world.com\/index.php\/termek\/dadi\/","title":{"rendered":"Dad\u00ed"},"content":{"rendered":"","protected":false},"excerpt":{"rendered":"<p>Hat\u00e1rozott, szab\u00e1lytalan \u00e9s v\u00e1ratlan. A Dad\u00ec soha nem egyforma, \u00e9s b\u00e1rmilyen szemsz\u00f6gb\u0151l is n\u00e9zz\u00fck, geometrikus term\u00e9szetess\u00e9ggel v\u00e1ltoztatja a megjelen\u00e9s\u00e9t \u00e9s az ar\u00e1nyait. A Dad\u00ec l\u00e1mpa egy hajtogatott f\u00e9mlemezb\u0151l k\u00e9sz\u00fcl, hogy monolitikus egys\u00e9get hozzon l\u00e9tre, melyet a ritmikusan k\u00f6vetkez\u0151 \u00e1tl\u00f3s v\u00e1g\u00e1sok szak\u00edtanak meg.<\/p>\n<ul>\n<li><strong>Kateg\u00f3ria:<\/strong> F\u00f6ldre r\u00f6gz\u00edtett l\u00e1mpa<\/li>\n<li><strong>M\u00e9retek:<\/strong> 60 cm x 45 cm<\/li>\n<li><strong>F\u00e9nyforr\u00e1s:<\/strong> E27 foglalat (izz\u00f3 n\u00e9lk\u00fcl) {A ++ &#8211; \u203aE} Max. 70W<\/li>\n<li><strong>Anyaga:<\/strong> Vas<\/li>\n<li><strong>Sz\u00edn:<\/strong>\n<ul>\n<li style=\"list-style-type: none;\">\n<ul>\n<li>RAL 9010 Tiszta feh\u00e9r &#8211; \u00e1tl\u00e1tszatlan &#8211;<\/li>\n<li>RAL 9005 Intenz\u00edv fekete &#8211; matt &#8211;<\/li>\n<li>Sarkvid\u00e9ki z\u00f6ld<\/li>\n<\/ul>\n<\/li>\n<\/ul>\n<\/li>\n<\/ul>\n","protected":false},"featured_media":871,"template":"","meta":[],"product_brand":[],"product_cat":[23,26,31],"product_tag":[],"class_list":{"0":"post-870","1":"product","2":"type-product","3":"status-publish","4":"has-post-thumbnail","6":"product_cat-allolampa","7":"product_cat-lampa","8":"product_cat-zava","10":"first","11":"instock","12":"shipping-taxable","13":"product-type-simple"},"yoast_head":"<!-- This site is optimized with the Yoast SEO plugin v27.5 - https:\/\/yoast.com\/product\/yoast-seo-wordpress\/ -->\n<title>Dad\u00ed<\/title>\n<meta name=\"robots\" content=\"index, follow, max-snippet:-1, max-image-preview:large, max-video-preview:-1\" \/>\n<link rel=\"canonical\" href=\"https:\/\/sani-world.com\/index.php\/termek\/dadi\/\" \/>\n<meta property=\"og:locale\" content=\"hu_HU\" \/>\n<meta property=\"og:type\" content=\"article\" \/>\n<meta property=\"og:title\" content=\"Dad\u00ed\" \/>\n<meta property=\"og:description\" content=\"Hat\u00e1rozott, szab\u00e1lytalan \u00e9s v\u00e1ratlan. A Dad\u00ec soha nem egyforma, \u00e9s b\u00e1rmilyen szemsz\u00f6gb\u0151l is n\u00e9zz\u00fck, geometrikus term\u00e9szetess\u00e9ggel v\u00e1ltoztatja a megjelen\u00e9s\u00e9t \u00e9s az ar\u00e1nyait. A Dad\u00ec l\u00e1mpa egy hajtogatott f\u00e9mlemezb\u0151l k\u00e9sz\u00fcl, hogy monolitikus egys\u00e9get hozzon l\u00e9tre, melyet a ritmikusan k\u00f6vetkez\u0151 \u00e1tl\u00f3s v\u00e1g\u00e1sok szak\u00edtanak meg.   Kateg\u00f3ria: F\u00f6ldre r\u00f6gz\u00edtett l\u00e1mpa  M\u00e9retek: 60 cm x 45 cm  F\u00e9nyforr\u00e1s: E27 foglalat (izz\u00f3 n\u00e9lk\u00fcl) {A ++ - \u203aE} Max. 70W  Anyaga: Vas  Sz\u00edn:      RAL 9010 Tiszta feh\u00e9r - \u00e1tl\u00e1tszatlan -  RAL 9005 Intenz\u00edv fekete - matt -  Sarkvid\u00e9ki z\u00f6ld\" \/>\n<meta property=\"og:url\" content=\"https:\/\/sani-world.com\/index.php\/termek\/dadi\/\" \/>\n<meta property=\"article:modified_time\" content=\"2021-11-05T13:40:08+00:00\" \/>\n<meta property=\"og:image\" content=\"https:\/\/sani-world.com\/wp-content\/uploads\/2021\/09\/dadi1.jpg\" \/>\n\t<meta property=\"og:image:width\" content=\"750\" \/>\n\t<meta property=\"og:image:height\" content=\"800\" \/>\n\t<meta property=\"og:image:type\" content=\"image\/jpeg\" \/>\n<meta name=\"twitter:card\" content=\"summary_large_image\" \/>\n<script type=\"application\/ld+json\" class=\"yoast-schema-graph\">{\"@context\":\"https:\\\/\\\/schema.org\",\"@graph\":[{\"@type\":\"WebPage\",\"@id\":\"https:\\\/\\\/sani-world.com\\\/index.php\\\/termek\\\/dadi\\\/\",\"url\":\"https:\\\/\\\/sani-world.com\\\/index.php\\\/termek\\\/dadi\\\/\",\"name\":\"Dad\u00ed\",\"isPartOf\":{\"@id\":\"https:\\\/\\\/sani-world.com\\\/#website\"},\"primaryImageOfPage\":{\"@id\":\"https:\\\/\\\/sani-world.com\\\/index.php\\\/termek\\\/dadi\\\/#primaryimage\"},\"image\":{\"@id\":\"https:\\\/\\\/sani-world.com\\\/index.php\\\/termek\\\/dadi\\\/#primaryimage\"},\"thumbnailUrl\":\"https:\\\/\\\/sani-world.com\\\/wp-content\\\/uploads\\\/2021\\\/09\\\/dadi1.jpg\",\"datePublished\":\"2021-09-28T12:32:53+00:00\",\"dateModified\":\"2021-11-05T13:40:08+00:00\",\"breadcrumb\":{\"@id\":\"https:\\\/\\\/sani-world.com\\\/index.php\\\/termek\\\/dadi\\\/#breadcrumb\"},\"inLanguage\":\"hu\",\"potentialAction\":[{\"@type\":\"ReadAction\",\"target\":[\"https:\\\/\\\/sani-world.com\\\/index.php\\\/termek\\\/dadi\\\/\"]}]},{\"@type\":\"ImageObject\",\"inLanguage\":\"hu\",\"@id\":\"https:\\\/\\\/sani-world.com\\\/index.php\\\/termek\\\/dadi\\\/#primaryimage\",\"url\":\"https:\\\/\\\/sani-world.com\\\/wp-content\\\/uploads\\\/2021\\\/09\\\/dadi1.jpg\",\"contentUrl\":\"https:\\\/\\\/sani-world.com\\\/wp-content\\\/uploads\\\/2021\\\/09\\\/dadi1.jpg\",\"width\":750,\"height\":800},{\"@type\":\"BreadcrumbList\",\"@id\":\"https:\\\/\\\/sani-world.com\\\/index.php\\\/termek\\\/dadi\\\/#breadcrumb\",\"itemListElement\":[{\"@type\":\"ListItem\",\"position\":1,\"name\":\"Kezd\u0151lap\",\"item\":\"https:\\\/\\\/sani-world.com\\\/\"},{\"@type\":\"ListItem\",\"position\":2,\"name\":\"term\u00e9kek\",\"item\":\"https:\\\/\\\/sani-world.com\\\/index.php\\\/termekek\\\/\"},{\"@type\":\"ListItem\",\"position\":3,\"name\":\"Dad\u00ed\"}]},{\"@type\":\"WebSite\",\"@id\":\"https:\\\/\\\/sani-world.com\\\/#website\",\"url\":\"https:\\\/\\\/sani-world.com\\\/\",\"name\":\"\",\"description\":\"\",\"publisher\":{\"@id\":\"https:\\\/\\\/sani-world.com\\\/#organization\"},\"potentialAction\":[{\"@type\":\"SearchAction\",\"target\":{\"@type\":\"EntryPoint\",\"urlTemplate\":\"https:\\\/\\\/sani-world.com\\\/?s={search_term_string}\"},\"query-input\":{\"@type\":\"PropertyValueSpecification\",\"valueRequired\":true,\"valueName\":\"search_term_string\"}}],\"inLanguage\":\"hu\"},{\"@type\":\"Organization\",\"@id\":\"https:\\\/\\\/sani-world.com\\\/#organization\",\"name\":\"sani-world\",\"url\":\"https:\\\/\\\/sani-world.com\\\/\",\"logo\":{\"@type\":\"ImageObject\",\"inLanguage\":\"hu\",\"@id\":\"https:\\\/\\\/sani-world.com\\\/#\\\/schema\\\/logo\\\/image\\\/\",\"url\":\"https:\\\/\\\/sani-world.com\\\/wp-content\\\/uploads\\\/2021\\\/09\\\/cropped-SANIWORLD_logo_black.png\",\"contentUrl\":\"https:\\\/\\\/sani-world.com\\\/wp-content\\\/uploads\\\/2021\\\/09\\\/cropped-SANIWORLD_logo_black.png\",\"width\":250,\"height\":75,\"caption\":\"sani-world\"},\"image\":{\"@id\":\"https:\\\/\\\/sani-world.com\\\/#\\\/schema\\\/logo\\\/image\\\/\"}}]}<\/script>\n<!-- \/ Yoast SEO plugin. -->","yoast_head_json":{"title":"Dad\u00ed","robots":{"index":"index","follow":"follow","max-snippet":"max-snippet:-1","max-image-preview":"max-image-preview:large","max-video-preview":"max-video-preview:-1"},"canonical":"https:\/\/sani-world.com\/index.php\/termek\/dadi\/","og_locale":"hu_HU","og_type":"article","og_title":"Dad\u00ed","og_description":"Hat\u00e1rozott, szab\u00e1lytalan \u00e9s v\u00e1ratlan. A Dad\u00ec soha nem egyforma, \u00e9s b\u00e1rmilyen szemsz\u00f6gb\u0151l is n\u00e9zz\u00fck, geometrikus term\u00e9szetess\u00e9ggel v\u00e1ltoztatja a megjelen\u00e9s\u00e9t \u00e9s az ar\u00e1nyait. A Dad\u00ec l\u00e1mpa egy hajtogatott f\u00e9mlemezb\u0151l k\u00e9sz\u00fcl, hogy monolitikus egys\u00e9get hozzon l\u00e9tre, melyet a ritmikusan k\u00f6vetkez\u0151 \u00e1tl\u00f3s v\u00e1g\u00e1sok szak\u00edtanak meg.   Kateg\u00f3ria: F\u00f6ldre r\u00f6gz\u00edtett l\u00e1mpa  M\u00e9retek: 60 cm x 45 cm  F\u00e9nyforr\u00e1s: E27 foglalat (izz\u00f3 n\u00e9lk\u00fcl) {A ++ - \u203aE} Max. 70W  Anyaga: Vas  Sz\u00edn:      RAL 9010 Tiszta feh\u00e9r - \u00e1tl\u00e1tszatlan -  RAL 9005 Intenz\u00edv fekete - matt -  Sarkvid\u00e9ki z\u00f6ld","og_url":"https:\/\/sani-world.com\/index.php\/termek\/dadi\/","article_modified_time":"2021-11-05T13:40:08+00:00","og_image":[{"width":750,"height":800,"url":"https:\/\/sani-world.com\/wp-content\/uploads\/2021\/09\/dadi1.jpg","type":"image\/jpeg"}],"twitter_card":"summary_large_image","schema":{"@context":"https:\/\/schema.org","@graph":[{"@type":"WebPage","@id":"https:\/\/sani-world.com\/index.php\/termek\/dadi\/","url":"https:\/\/sani-world.com\/index.php\/termek\/dadi\/","name":"Dad\u00ed","isPartOf":{"@id":"https:\/\/sani-world.com\/#website"},"primaryImageOfPage":{"@id":"https:\/\/sani-world.com\/index.php\/termek\/dadi\/#primaryimage"},"image":{"@id":"https:\/\/sani-world.com\/index.php\/termek\/dadi\/#primaryimage"},"thumbnailUrl":"https:\/\/sani-world.com\/wp-content\/uploads\/2021\/09\/dadi1.jpg","datePublished":"2021-09-28T12:32:53+00:00","dateModified":"2021-11-05T13:40:08+00:00","breadcrumb":{"@id":"https:\/\/sani-world.com\/index.php\/termek\/dadi\/#breadcrumb"},"inLanguage":"hu","potentialAction":[{"@type":"ReadAction","target":["https:\/\/sani-world.com\/index.php\/termek\/dadi\/"]}]},{"@type":"ImageObject","inLanguage":"hu","@id":"https:\/\/sani-world.com\/index.php\/termek\/dadi\/#primaryimage","url":"https:\/\/sani-world.com\/wp-content\/uploads\/2021\/09\/dadi1.jpg","contentUrl":"https:\/\/sani-world.com\/wp-content\/uploads\/2021\/09\/dadi1.jpg","width":750,"height":800},{"@type":"BreadcrumbList","@id":"https:\/\/sani-world.com\/index.php\/termek\/dadi\/#breadcrumb","itemListElement":[{"@type":"ListItem","position":1,"name":"Kezd\u0151lap","item":"https:\/\/sani-world.com\/"},{"@type":"ListItem","position":2,"name":"term\u00e9kek","item":"https:\/\/sani-world.com\/index.php\/termekek\/"},{"@type":"ListItem","position":3,"name":"Dad\u00ed"}]},{"@type":"WebSite","@id":"https:\/\/sani-world.com\/#website","url":"https:\/\/sani-world.com\/","name":"","description":"","publisher":{"@id":"https:\/\/sani-world.com\/#organization"},"potentialAction":[{"@type":"SearchAction","target":{"@type":"EntryPoint","urlTemplate":"https:\/\/sani-world.com\/?s={search_term_string}"},"query-input":{"@type":"PropertyValueSpecification","valueRequired":true,"valueName":"search_term_string"}}],"inLanguage":"hu"},{"@type":"Organization","@id":"https:\/\/sani-world.com\/#organization","name":"sani-world","url":"https:\/\/sani-world.com\/","logo":{"@type":"ImageObject","inLanguage":"hu","@id":"https:\/\/sani-world.com\/#\/schema\/logo\/image\/","url":"https:\/\/sani-world.com\/wp-content\/uploads\/2021\/09\/cropped-SANIWORLD_logo_black.png","contentUrl":"https:\/\/sani-world.com\/wp-content\/uploads\/2021\/09\/cropped-SANIWORLD_logo_black.png","width":250,"height":75,"caption":"sani-world"},"image":{"@id":"https:\/\/sani-world.com\/#\/schema\/logo\/image\/"}}]}},"jetpack_sharing_enabled":true,"_links":{"self":[{"href":"https:\/\/sani-world.com\/index.php\/wp-json\/wp\/v2\/product\/870","targetHints":{"allow":["GET"]}}],"collection":[{"href":"https:\/\/sani-world.com\/index.php\/wp-json\/wp\/v2\/product"}],"about":[{"href":"https:\/\/sani-world.com\/index.php\/wp-json\/wp\/v2\/types\/product"}],"version-history":[{"count":2,"href":"https:\/\/sani-world.com\/index.php\/wp-json\/wp\/v2\/product\/870\/revisions"}],"predecessor-version":[{"id":874,"href":"https:\/\/sani-world.com\/index.php\/wp-json\/wp\/v2\/product\/870\/revisions\/874"}],"wp:featuredmedia":[{"embeddable":true,"href":"https:\/\/sani-world.com\/index.php\/wp-json\/wp\/v2\/media\/871"}],"wp:attachment":[{"href":"https:\/\/sani-world.com\/index.php\/wp-json\/wp\/v2\/media?parent=870"}],"wp:term":[{"taxonomy":"product_brand","embeddable":true,"href":"https:\/\/sani-world.com\/index.php\/wp-json\/wp\/v2\/product_brand?post=870"},{"taxonomy":"product_cat","embeddable":true,"href":"https:\/\/sani-world.com\/index.php\/wp-json\/wp\/v2\/product_cat?post=870"},{"taxonomy":"product_tag","embeddable":true,"href":"https:\/\/sani-world.com\/index.php\/wp-json\/wp\/v2\/product_tag?post=870"}],"curies":[{"name":"wp","href":"https:\/\/api.w.org\/{rel}","templated":true}]}}