{"id":865,"date":"2021-09-28T12:09:18","date_gmt":"2021-09-28T12:09:18","guid":{"rendered":"https:\/\/sani-world.com\/?post_type=product&#038;p=865"},"modified":"2021-11-05T13:40:36","modified_gmt":"2021-11-05T13:40:36","slug":"box","status":"publish","type":"product","link":"https:\/\/sani-world.com\/index.php\/termek\/box\/","title":{"rendered":"Box"},"content":{"rendered":"","protected":false},"excerpt":{"rendered":"<p>A Box egy asztali, padl\u00f3-, fali- vagy mennyezeti l\u00e1mpa, ami a hagyom\u00e1nyos izz\u00f3 el\u0151tt tiszteleg, egy f\u00e9m keretbe z\u00e1rja azt, ami kiemeli mag\u00e1t a form\u00e1t.<\/p>\n<p>A Box l\u00e1mpa m\u00e9g ink\u00e1bb testreszabhat\u00f3 a leg\u00fajabb vintage st\u00edlus\u00fa Led izz\u00f3kkal.<\/p>\n<ul>\n<li><strong>Kateg\u00f3ria: <\/strong>Asztali l\u00e1mpa<\/li>\n<li><strong>M\u00e9retek: <\/strong>16 x 17 cm<\/li>\n<li><strong>F\u00e9nyforr\u00e1s: <\/strong>E14 foglalat (izz\u00f3 n\u00e9lk\u00fcl) {A ++ &#8211; \u203aE} Max. 42W<\/li>\n<li><strong>Anyaga: <\/strong>Vas<\/li>\n<li><strong>Sz\u00edn:<\/strong>\n<ul>\n<li>RAL 9010 Tiszta feh\u00e9r &#8211; \u00e1tl\u00e1tszatlan &#8211;<\/li>\n<li>RAL 9005 Intenz\u00edv fekete &#8211; matt &#8211;<\/li>\n<li>Szahara<\/li>\n<li>\u00d3ce\u00e1nk\u00e9k<\/li>\n<li>Dzsungelz\u00f6ld<\/li>\n<li>Sarkvid\u00e9ki z\u00f6ld<\/li>\n<\/ul>\n<\/li>\n<\/ul>\n","protected":false},"featured_media":867,"template":"","meta":[],"product_brand":[],"product_cat":[27,26,31],"product_tag":[],"class_list":{"0":"post-865","1":"product","2":"type-product","3":"status-publish","4":"has-post-thumbnail","6":"product_cat-asztali-lampa","7":"product_cat-lampa","8":"product_cat-zava","10":"first","11":"instock","12":"shipping-taxable","13":"product-type-simple"},"yoast_head":"<!-- This site is optimized with the Yoast SEO plugin v27.5 - https:\/\/yoast.com\/product\/yoast-seo-wordpress\/ -->\n<title>Box<\/title>\n<meta name=\"robots\" content=\"index, follow, max-snippet:-1, max-image-preview:large, max-video-preview:-1\" \/>\n<link rel=\"canonical\" href=\"https:\/\/sani-world.com\/index.php\/termek\/box\/\" \/>\n<meta property=\"og:locale\" content=\"hu_HU\" \/>\n<meta property=\"og:type\" content=\"article\" \/>\n<meta property=\"og:title\" content=\"Box\" \/>\n<meta property=\"og:description\" content=\"A Box egy asztali, padl\u00f3-, fali- vagy mennyezeti l\u00e1mpa, ami a hagyom\u00e1nyos izz\u00f3 el\u0151tt tiszteleg, egy f\u00e9m keretbe z\u00e1rja azt, ami kiemeli mag\u00e1t a form\u00e1t.  A Box l\u00e1mpa m\u00e9g ink\u00e1bb testreszabhat\u00f3 a leg\u00fajabb vintage st\u00edlus\u00fa Led izz\u00f3kkal.   Kateg\u00f3ria: Asztali l\u00e1mpa  M\u00e9retek: 16 x 17 cm  F\u00e9nyforr\u00e1s: E14 foglalat (izz\u00f3 n\u00e9lk\u00fcl) {A ++ - \u203aE} Max. 42W  Anyaga: Vas  Sz\u00edn:   RAL 9010 Tiszta feh\u00e9r - \u00e1tl\u00e1tszatlan -  RAL 9005 Intenz\u00edv fekete - matt -  Szahara  \u00d3ce\u00e1nk\u00e9k  Dzsungelz\u00f6ld  Sarkvid\u00e9ki z\u00f6ld\" \/>\n<meta property=\"og:url\" content=\"https:\/\/sani-world.com\/index.php\/termek\/box\/\" \/>\n<meta property=\"article:modified_time\" content=\"2021-11-05T13:40:36+00:00\" \/>\n<meta property=\"og:image\" content=\"https:\/\/sani-world.com\/wp-content\/uploads\/2021\/09\/box2.jpg\" \/>\n\t<meta property=\"og:image:width\" content=\"750\" \/>\n\t<meta property=\"og:image:height\" content=\"800\" \/>\n\t<meta property=\"og:image:type\" content=\"image\/jpeg\" \/>\n<meta name=\"twitter:card\" content=\"summary_large_image\" \/>\n<script type=\"application\/ld+json\" class=\"yoast-schema-graph\">{\"@context\":\"https:\\\/\\\/schema.org\",\"@graph\":[{\"@type\":\"WebPage\",\"@id\":\"https:\\\/\\\/sani-world.com\\\/index.php\\\/termek\\\/box\\\/\",\"url\":\"https:\\\/\\\/sani-world.com\\\/index.php\\\/termek\\\/box\\\/\",\"name\":\"Box\",\"isPartOf\":{\"@id\":\"https:\\\/\\\/sani-world.com\\\/#website\"},\"primaryImageOfPage\":{\"@id\":\"https:\\\/\\\/sani-world.com\\\/index.php\\\/termek\\\/box\\\/#primaryimage\"},\"image\":{\"@id\":\"https:\\\/\\\/sani-world.com\\\/index.php\\\/termek\\\/box\\\/#primaryimage\"},\"thumbnailUrl\":\"https:\\\/\\\/sani-world.com\\\/wp-content\\\/uploads\\\/2021\\\/09\\\/box2.jpg\",\"datePublished\":\"2021-09-28T12:09:18+00:00\",\"dateModified\":\"2021-11-05T13:40:36+00:00\",\"breadcrumb\":{\"@id\":\"https:\\\/\\\/sani-world.com\\\/index.php\\\/termek\\\/box\\\/#breadcrumb\"},\"inLanguage\":\"hu\",\"potentialAction\":[{\"@type\":\"ReadAction\",\"target\":[\"https:\\\/\\\/sani-world.com\\\/index.php\\\/termek\\\/box\\\/\"]}]},{\"@type\":\"ImageObject\",\"inLanguage\":\"hu\",\"@id\":\"https:\\\/\\\/sani-world.com\\\/index.php\\\/termek\\\/box\\\/#primaryimage\",\"url\":\"https:\\\/\\\/sani-world.com\\\/wp-content\\\/uploads\\\/2021\\\/09\\\/box2.jpg\",\"contentUrl\":\"https:\\\/\\\/sani-world.com\\\/wp-content\\\/uploads\\\/2021\\\/09\\\/box2.jpg\",\"width\":750,\"height\":800},{\"@type\":\"BreadcrumbList\",\"@id\":\"https:\\\/\\\/sani-world.com\\\/index.php\\\/termek\\\/box\\\/#breadcrumb\",\"itemListElement\":[{\"@type\":\"ListItem\",\"position\":1,\"name\":\"Kezd\u0151lap\",\"item\":\"https:\\\/\\\/sani-world.com\\\/\"},{\"@type\":\"ListItem\",\"position\":2,\"name\":\"term\u00e9kek\",\"item\":\"https:\\\/\\\/sani-world.com\\\/index.php\\\/termekek\\\/\"},{\"@type\":\"ListItem\",\"position\":3,\"name\":\"Box\"}]},{\"@type\":\"WebSite\",\"@id\":\"https:\\\/\\\/sani-world.com\\\/#website\",\"url\":\"https:\\\/\\\/sani-world.com\\\/\",\"name\":\"\",\"description\":\"\",\"publisher\":{\"@id\":\"https:\\\/\\\/sani-world.com\\\/#organization\"},\"potentialAction\":[{\"@type\":\"SearchAction\",\"target\":{\"@type\":\"EntryPoint\",\"urlTemplate\":\"https:\\\/\\\/sani-world.com\\\/?s={search_term_string}\"},\"query-input\":{\"@type\":\"PropertyValueSpecification\",\"valueRequired\":true,\"valueName\":\"search_term_string\"}}],\"inLanguage\":\"hu\"},{\"@type\":\"Organization\",\"@id\":\"https:\\\/\\\/sani-world.com\\\/#organization\",\"name\":\"sani-world\",\"url\":\"https:\\\/\\\/sani-world.com\\\/\",\"logo\":{\"@type\":\"ImageObject\",\"inLanguage\":\"hu\",\"@id\":\"https:\\\/\\\/sani-world.com\\\/#\\\/schema\\\/logo\\\/image\\\/\",\"url\":\"https:\\\/\\\/sani-world.com\\\/wp-content\\\/uploads\\\/2021\\\/09\\\/cropped-SANIWORLD_logo_black.png\",\"contentUrl\":\"https:\\\/\\\/sani-world.com\\\/wp-content\\\/uploads\\\/2021\\\/09\\\/cropped-SANIWORLD_logo_black.png\",\"width\":250,\"height\":75,\"caption\":\"sani-world\"},\"image\":{\"@id\":\"https:\\\/\\\/sani-world.com\\\/#\\\/schema\\\/logo\\\/image\\\/\"}}]}<\/script>\n<!-- \/ Yoast SEO plugin. -->","yoast_head_json":{"title":"Box","robots":{"index":"index","follow":"follow","max-snippet":"max-snippet:-1","max-image-preview":"max-image-preview:large","max-video-preview":"max-video-preview:-1"},"canonical":"https:\/\/sani-world.com\/index.php\/termek\/box\/","og_locale":"hu_HU","og_type":"article","og_title":"Box","og_description":"A Box egy asztali, padl\u00f3-, fali- vagy mennyezeti l\u00e1mpa, ami a hagyom\u00e1nyos izz\u00f3 el\u0151tt tiszteleg, egy f\u00e9m keretbe z\u00e1rja azt, ami kiemeli mag\u00e1t a form\u00e1t.  A Box l\u00e1mpa m\u00e9g ink\u00e1bb testreszabhat\u00f3 a leg\u00fajabb vintage st\u00edlus\u00fa Led izz\u00f3kkal.   Kateg\u00f3ria: Asztali l\u00e1mpa  M\u00e9retek: 16 x 17 cm  F\u00e9nyforr\u00e1s: E14 foglalat (izz\u00f3 n\u00e9lk\u00fcl) {A ++ - \u203aE} Max. 42W  Anyaga: Vas  Sz\u00edn:   RAL 9010 Tiszta feh\u00e9r - \u00e1tl\u00e1tszatlan -  RAL 9005 Intenz\u00edv fekete - matt -  Szahara  \u00d3ce\u00e1nk\u00e9k  Dzsungelz\u00f6ld  Sarkvid\u00e9ki z\u00f6ld","og_url":"https:\/\/sani-world.com\/index.php\/termek\/box\/","article_modified_time":"2021-11-05T13:40:36+00:00","og_image":[{"width":750,"height":800,"url":"https:\/\/sani-world.com\/wp-content\/uploads\/2021\/09\/box2.jpg","type":"image\/jpeg"}],"twitter_card":"summary_large_image","schema":{"@context":"https:\/\/schema.org","@graph":[{"@type":"WebPage","@id":"https:\/\/sani-world.com\/index.php\/termek\/box\/","url":"https:\/\/sani-world.com\/index.php\/termek\/box\/","name":"Box","isPartOf":{"@id":"https:\/\/sani-world.com\/#website"},"primaryImageOfPage":{"@id":"https:\/\/sani-world.com\/index.php\/termek\/box\/#primaryimage"},"image":{"@id":"https:\/\/sani-world.com\/index.php\/termek\/box\/#primaryimage"},"thumbnailUrl":"https:\/\/sani-world.com\/wp-content\/uploads\/2021\/09\/box2.jpg","datePublished":"2021-09-28T12:09:18+00:00","dateModified":"2021-11-05T13:40:36+00:00","breadcrumb":{"@id":"https:\/\/sani-world.com\/index.php\/termek\/box\/#breadcrumb"},"inLanguage":"hu","potentialAction":[{"@type":"ReadAction","target":["https:\/\/sani-world.com\/index.php\/termek\/box\/"]}]},{"@type":"ImageObject","inLanguage":"hu","@id":"https:\/\/sani-world.com\/index.php\/termek\/box\/#primaryimage","url":"https:\/\/sani-world.com\/wp-content\/uploads\/2021\/09\/box2.jpg","contentUrl":"https:\/\/sani-world.com\/wp-content\/uploads\/2021\/09\/box2.jpg","width":750,"height":800},{"@type":"BreadcrumbList","@id":"https:\/\/sani-world.com\/index.php\/termek\/box\/#breadcrumb","itemListElement":[{"@type":"ListItem","position":1,"name":"Kezd\u0151lap","item":"https:\/\/sani-world.com\/"},{"@type":"ListItem","position":2,"name":"term\u00e9kek","item":"https:\/\/sani-world.com\/index.php\/termekek\/"},{"@type":"ListItem","position":3,"name":"Box"}]},{"@type":"WebSite","@id":"https:\/\/sani-world.com\/#website","url":"https:\/\/sani-world.com\/","name":"","description":"","publisher":{"@id":"https:\/\/sani-world.com\/#organization"},"potentialAction":[{"@type":"SearchAction","target":{"@type":"EntryPoint","urlTemplate":"https:\/\/sani-world.com\/?s={search_term_string}"},"query-input":{"@type":"PropertyValueSpecification","valueRequired":true,"valueName":"search_term_string"}}],"inLanguage":"hu"},{"@type":"Organization","@id":"https:\/\/sani-world.com\/#organization","name":"sani-world","url":"https:\/\/sani-world.com\/","logo":{"@type":"ImageObject","inLanguage":"hu","@id":"https:\/\/sani-world.com\/#\/schema\/logo\/image\/","url":"https:\/\/sani-world.com\/wp-content\/uploads\/2021\/09\/cropped-SANIWORLD_logo_black.png","contentUrl":"https:\/\/sani-world.com\/wp-content\/uploads\/2021\/09\/cropped-SANIWORLD_logo_black.png","width":250,"height":75,"caption":"sani-world"},"image":{"@id":"https:\/\/sani-world.com\/#\/schema\/logo\/image\/"}}]}},"jetpack_sharing_enabled":true,"_links":{"self":[{"href":"https:\/\/sani-world.com\/index.php\/wp-json\/wp\/v2\/product\/865","targetHints":{"allow":["GET"]}}],"collection":[{"href":"https:\/\/sani-world.com\/index.php\/wp-json\/wp\/v2\/product"}],"about":[{"href":"https:\/\/sani-world.com\/index.php\/wp-json\/wp\/v2\/types\/product"}],"version-history":[{"count":1,"href":"https:\/\/sani-world.com\/index.php\/wp-json\/wp\/v2\/product\/865\/revisions"}],"predecessor-version":[{"id":869,"href":"https:\/\/sani-world.com\/index.php\/wp-json\/wp\/v2\/product\/865\/revisions\/869"}],"wp:featuredmedia":[{"embeddable":true,"href":"https:\/\/sani-world.com\/index.php\/wp-json\/wp\/v2\/media\/867"}],"wp:attachment":[{"href":"https:\/\/sani-world.com\/index.php\/wp-json\/wp\/v2\/media?parent=865"}],"wp:term":[{"taxonomy":"product_brand","embeddable":true,"href":"https:\/\/sani-world.com\/index.php\/wp-json\/wp\/v2\/product_brand?post=865"},{"taxonomy":"product_cat","embeddable":true,"href":"https:\/\/sani-world.com\/index.php\/wp-json\/wp\/v2\/product_cat?post=865"},{"taxonomy":"product_tag","embeddable":true,"href":"https:\/\/sani-world.com\/index.php\/wp-json\/wp\/v2\/product_tag?post=865"}],"curies":[{"name":"wp","href":"https:\/\/api.w.org\/{rel}","templated":true}]}}