{"id":860,"date":"2021-09-28T11:59:07","date_gmt":"2021-09-28T11:59:07","guid":{"rendered":"https:\/\/sani-world.com\/?post_type=product&#038;p=860"},"modified":"2021-11-05T13:41:00","modified_gmt":"2021-11-05T13:41:00","slug":"andromeda","status":"publish","type":"product","link":"https:\/\/sani-world.com\/index.php\/termek\/andromeda\/","title":{"rendered":"Andromeda"},"content":{"rendered":"","protected":false},"excerpt":{"rendered":"<p>Az Andromeda l\u00e1mpa v\u00e9gtelen formai konfigur\u00e1ci\u00f3t vehet fel att\u00f3l f\u00fcgg\u0151en, hogy a k\u00fcl\u00f6nb\u00f6z\u0151 hatsz\u00f6glet\u0171 elemek \/ diff\u00fazorok hogyan vannak hajtogatva.<\/p>\n<ul>\n<li><strong>Kateg\u00f3ria:<\/strong>\n<ul>\n<li style=\"list-style-type: none;\">\n<ul>\n<li>F\u00fcggesztett l\u00e1mpa<\/li>\n<\/ul>\n<\/li>\n<\/ul>\n<\/li>\n<li><strong>M\u00e9retek:<\/strong>\n<ul>\n<li style=\"list-style-type: none;\">\n<ul>\n<li>70 x 45 cm \/ 60 x 90 cm \/ 75 x 120 cm\u00a0 \/ Mennyezeti r\u00f3zsa: \u00d8 22 cm x h. 4 cm<\/li>\n<li>F\u00e9nyforr\u00e1s:<\/li>\n<li>E27 foglalat (izz\u00f3 n\u00e9lk\u00fcl) {A ++ &#8211; \u203aE} Max. 105W.<\/li>\n<\/ul>\n<\/li>\n<\/ul>\n<\/li>\n<li><strong>Anyaga:<\/strong>\n<ul>\n<li style=\"list-style-type: none;\">\n<ul>\n<li>Vas<\/li>\n<li>Alum\u00ednium<\/li>\n<\/ul>\n<\/li>\n<\/ul>\n<\/li>\n<li><strong>Sz\u00edn:<\/strong>\n<ul>\n<li style=\"list-style-type: none;\">\n<ul>\n<li>S\u00e1rgar\u00e9z<\/li>\n<li>RAL 9010 Tiszta feh\u00e9r &#8211; \u00e1tl\u00e1tszatlan &#8211;<\/li>\n<li>RAL 9005 Intenz\u00edv fekete &#8211; matt &#8211;<\/li>\n<\/ul>\n<\/li>\n<\/ul>\n<\/li>\n<\/ul>\n","protected":false},"featured_media":863,"template":"","meta":[],"product_brand":[],"product_cat":[32,26,31],"product_tag":[],"class_list":{"0":"post-860","1":"product","2":"type-product","3":"status-publish","4":"has-post-thumbnail","6":"product_cat-fuggesztett-lampa","7":"product_cat-lampa","8":"product_cat-zava","10":"first","11":"instock","12":"shipping-taxable","13":"product-type-simple"},"yoast_head":"<!-- This site is optimized with the Yoast SEO plugin v27.5 - https:\/\/yoast.com\/product\/yoast-seo-wordpress\/ -->\n<title>Andromeda<\/title>\n<meta name=\"robots\" content=\"index, follow, max-snippet:-1, max-image-preview:large, max-video-preview:-1\" \/>\n<link rel=\"canonical\" href=\"https:\/\/sani-world.com\/index.php\/termek\/andromeda\/\" \/>\n<meta property=\"og:locale\" content=\"hu_HU\" \/>\n<meta property=\"og:type\" content=\"article\" \/>\n<meta property=\"og:title\" content=\"Andromeda\" \/>\n<meta property=\"og:description\" content=\"Az Andromeda l\u00e1mpa v\u00e9gtelen formai konfigur\u00e1ci\u00f3t vehet fel att\u00f3l f\u00fcgg\u0151en, hogy a k\u00fcl\u00f6nb\u00f6z\u0151 hatsz\u00f6glet\u0171 elemek \/ diff\u00fazorok hogyan vannak hajtogatva.   Kateg\u00f3ria:      F\u00fcggesztett l\u00e1mpa      M\u00e9retek:      70 x 45 cm \/ 60 x 90 cm \/ 75 x 120 cm\u00a0 \/ Mennyezeti r\u00f3zsa: \u00d8 22 cm x h. 4 cm  F\u00e9nyforr\u00e1s:  E27 foglalat (izz\u00f3 n\u00e9lk\u00fcl) {A ++ - \u203aE} Max. 105W.      Anyaga:      Vas  Alum\u00ednium      Sz\u00edn:      S\u00e1rgar\u00e9z  RAL 9010 Tiszta feh\u00e9r - \u00e1tl\u00e1tszatlan -  RAL 9005 Intenz\u00edv fekete - matt -\" \/>\n<meta property=\"og:url\" content=\"https:\/\/sani-world.com\/index.php\/termek\/andromeda\/\" \/>\n<meta property=\"article:modified_time\" content=\"2021-11-05T13:41:00+00:00\" \/>\n<meta property=\"og:image\" content=\"https:\/\/sani-world.com\/wp-content\/uploads\/2021\/09\/andromeda2-1.jpg\" \/>\n\t<meta property=\"og:image:width\" content=\"750\" \/>\n\t<meta property=\"og:image:height\" content=\"800\" \/>\n\t<meta property=\"og:image:type\" content=\"image\/jpeg\" \/>\n<meta name=\"twitter:card\" content=\"summary_large_image\" \/>\n<script type=\"application\/ld+json\" class=\"yoast-schema-graph\">{\"@context\":\"https:\\\/\\\/schema.org\",\"@graph\":[{\"@type\":\"WebPage\",\"@id\":\"https:\\\/\\\/sani-world.com\\\/index.php\\\/termek\\\/andromeda\\\/\",\"url\":\"https:\\\/\\\/sani-world.com\\\/index.php\\\/termek\\\/andromeda\\\/\",\"name\":\"Andromeda\",\"isPartOf\":{\"@id\":\"https:\\\/\\\/sani-world.com\\\/#website\"},\"primaryImageOfPage\":{\"@id\":\"https:\\\/\\\/sani-world.com\\\/index.php\\\/termek\\\/andromeda\\\/#primaryimage\"},\"image\":{\"@id\":\"https:\\\/\\\/sani-world.com\\\/index.php\\\/termek\\\/andromeda\\\/#primaryimage\"},\"thumbnailUrl\":\"https:\\\/\\\/sani-world.com\\\/wp-content\\\/uploads\\\/2021\\\/09\\\/andromeda2-1.jpg\",\"datePublished\":\"2021-09-28T11:59:07+00:00\",\"dateModified\":\"2021-11-05T13:41:00+00:00\",\"breadcrumb\":{\"@id\":\"https:\\\/\\\/sani-world.com\\\/index.php\\\/termek\\\/andromeda\\\/#breadcrumb\"},\"inLanguage\":\"hu\",\"potentialAction\":[{\"@type\":\"ReadAction\",\"target\":[\"https:\\\/\\\/sani-world.com\\\/index.php\\\/termek\\\/andromeda\\\/\"]}]},{\"@type\":\"ImageObject\",\"inLanguage\":\"hu\",\"@id\":\"https:\\\/\\\/sani-world.com\\\/index.php\\\/termek\\\/andromeda\\\/#primaryimage\",\"url\":\"https:\\\/\\\/sani-world.com\\\/wp-content\\\/uploads\\\/2021\\\/09\\\/andromeda2-1.jpg\",\"contentUrl\":\"https:\\\/\\\/sani-world.com\\\/wp-content\\\/uploads\\\/2021\\\/09\\\/andromeda2-1.jpg\",\"width\":750,\"height\":800},{\"@type\":\"BreadcrumbList\",\"@id\":\"https:\\\/\\\/sani-world.com\\\/index.php\\\/termek\\\/andromeda\\\/#breadcrumb\",\"itemListElement\":[{\"@type\":\"ListItem\",\"position\":1,\"name\":\"Kezd\u0151lap\",\"item\":\"https:\\\/\\\/sani-world.com\\\/\"},{\"@type\":\"ListItem\",\"position\":2,\"name\":\"term\u00e9kek\",\"item\":\"https:\\\/\\\/sani-world.com\\\/index.php\\\/termekek\\\/\"},{\"@type\":\"ListItem\",\"position\":3,\"name\":\"Andromeda\"}]},{\"@type\":\"WebSite\",\"@id\":\"https:\\\/\\\/sani-world.com\\\/#website\",\"url\":\"https:\\\/\\\/sani-world.com\\\/\",\"name\":\"\",\"description\":\"\",\"publisher\":{\"@id\":\"https:\\\/\\\/sani-world.com\\\/#organization\"},\"potentialAction\":[{\"@type\":\"SearchAction\",\"target\":{\"@type\":\"EntryPoint\",\"urlTemplate\":\"https:\\\/\\\/sani-world.com\\\/?s={search_term_string}\"},\"query-input\":{\"@type\":\"PropertyValueSpecification\",\"valueRequired\":true,\"valueName\":\"search_term_string\"}}],\"inLanguage\":\"hu\"},{\"@type\":\"Organization\",\"@id\":\"https:\\\/\\\/sani-world.com\\\/#organization\",\"name\":\"sani-world\",\"url\":\"https:\\\/\\\/sani-world.com\\\/\",\"logo\":{\"@type\":\"ImageObject\",\"inLanguage\":\"hu\",\"@id\":\"https:\\\/\\\/sani-world.com\\\/#\\\/schema\\\/logo\\\/image\\\/\",\"url\":\"https:\\\/\\\/sani-world.com\\\/wp-content\\\/uploads\\\/2021\\\/09\\\/cropped-SANIWORLD_logo_black.png\",\"contentUrl\":\"https:\\\/\\\/sani-world.com\\\/wp-content\\\/uploads\\\/2021\\\/09\\\/cropped-SANIWORLD_logo_black.png\",\"width\":250,\"height\":75,\"caption\":\"sani-world\"},\"image\":{\"@id\":\"https:\\\/\\\/sani-world.com\\\/#\\\/schema\\\/logo\\\/image\\\/\"}}]}<\/script>\n<!-- \/ Yoast SEO plugin. -->","yoast_head_json":{"title":"Andromeda","robots":{"index":"index","follow":"follow","max-snippet":"max-snippet:-1","max-image-preview":"max-image-preview:large","max-video-preview":"max-video-preview:-1"},"canonical":"https:\/\/sani-world.com\/index.php\/termek\/andromeda\/","og_locale":"hu_HU","og_type":"article","og_title":"Andromeda","og_description":"Az Andromeda l\u00e1mpa v\u00e9gtelen formai konfigur\u00e1ci\u00f3t vehet fel att\u00f3l f\u00fcgg\u0151en, hogy a k\u00fcl\u00f6nb\u00f6z\u0151 hatsz\u00f6glet\u0171 elemek \/ diff\u00fazorok hogyan vannak hajtogatva.   Kateg\u00f3ria:      F\u00fcggesztett l\u00e1mpa      M\u00e9retek:      70 x 45 cm \/ 60 x 90 cm \/ 75 x 120 cm\u00a0 \/ Mennyezeti r\u00f3zsa: \u00d8 22 cm x h. 4 cm  F\u00e9nyforr\u00e1s:  E27 foglalat (izz\u00f3 n\u00e9lk\u00fcl) {A ++ - \u203aE} Max. 105W.      Anyaga:      Vas  Alum\u00ednium      Sz\u00edn:      S\u00e1rgar\u00e9z  RAL 9010 Tiszta feh\u00e9r - \u00e1tl\u00e1tszatlan -  RAL 9005 Intenz\u00edv fekete - matt -","og_url":"https:\/\/sani-world.com\/index.php\/termek\/andromeda\/","article_modified_time":"2021-11-05T13:41:00+00:00","og_image":[{"width":750,"height":800,"url":"https:\/\/sani-world.com\/wp-content\/uploads\/2021\/09\/andromeda2-1.jpg","type":"image\/jpeg"}],"twitter_card":"summary_large_image","schema":{"@context":"https:\/\/schema.org","@graph":[{"@type":"WebPage","@id":"https:\/\/sani-world.com\/index.php\/termek\/andromeda\/","url":"https:\/\/sani-world.com\/index.php\/termek\/andromeda\/","name":"Andromeda","isPartOf":{"@id":"https:\/\/sani-world.com\/#website"},"primaryImageOfPage":{"@id":"https:\/\/sani-world.com\/index.php\/termek\/andromeda\/#primaryimage"},"image":{"@id":"https:\/\/sani-world.com\/index.php\/termek\/andromeda\/#primaryimage"},"thumbnailUrl":"https:\/\/sani-world.com\/wp-content\/uploads\/2021\/09\/andromeda2-1.jpg","datePublished":"2021-09-28T11:59:07+00:00","dateModified":"2021-11-05T13:41:00+00:00","breadcrumb":{"@id":"https:\/\/sani-world.com\/index.php\/termek\/andromeda\/#breadcrumb"},"inLanguage":"hu","potentialAction":[{"@type":"ReadAction","target":["https:\/\/sani-world.com\/index.php\/termek\/andromeda\/"]}]},{"@type":"ImageObject","inLanguage":"hu","@id":"https:\/\/sani-world.com\/index.php\/termek\/andromeda\/#primaryimage","url":"https:\/\/sani-world.com\/wp-content\/uploads\/2021\/09\/andromeda2-1.jpg","contentUrl":"https:\/\/sani-world.com\/wp-content\/uploads\/2021\/09\/andromeda2-1.jpg","width":750,"height":800},{"@type":"BreadcrumbList","@id":"https:\/\/sani-world.com\/index.php\/termek\/andromeda\/#breadcrumb","itemListElement":[{"@type":"ListItem","position":1,"name":"Kezd\u0151lap","item":"https:\/\/sani-world.com\/"},{"@type":"ListItem","position":2,"name":"term\u00e9kek","item":"https:\/\/sani-world.com\/index.php\/termekek\/"},{"@type":"ListItem","position":3,"name":"Andromeda"}]},{"@type":"WebSite","@id":"https:\/\/sani-world.com\/#website","url":"https:\/\/sani-world.com\/","name":"","description":"","publisher":{"@id":"https:\/\/sani-world.com\/#organization"},"potentialAction":[{"@type":"SearchAction","target":{"@type":"EntryPoint","urlTemplate":"https:\/\/sani-world.com\/?s={search_term_string}"},"query-input":{"@type":"PropertyValueSpecification","valueRequired":true,"valueName":"search_term_string"}}],"inLanguage":"hu"},{"@type":"Organization","@id":"https:\/\/sani-world.com\/#organization","name":"sani-world","url":"https:\/\/sani-world.com\/","logo":{"@type":"ImageObject","inLanguage":"hu","@id":"https:\/\/sani-world.com\/#\/schema\/logo\/image\/","url":"https:\/\/sani-world.com\/wp-content\/uploads\/2021\/09\/cropped-SANIWORLD_logo_black.png","contentUrl":"https:\/\/sani-world.com\/wp-content\/uploads\/2021\/09\/cropped-SANIWORLD_logo_black.png","width":250,"height":75,"caption":"sani-world"},"image":{"@id":"https:\/\/sani-world.com\/#\/schema\/logo\/image\/"}}]}},"jetpack_sharing_enabled":true,"_links":{"self":[{"href":"https:\/\/sani-world.com\/index.php\/wp-json\/wp\/v2\/product\/860","targetHints":{"allow":["GET"]}}],"collection":[{"href":"https:\/\/sani-world.com\/index.php\/wp-json\/wp\/v2\/product"}],"about":[{"href":"https:\/\/sani-world.com\/index.php\/wp-json\/wp\/v2\/types\/product"}],"version-history":[{"count":1,"href":"https:\/\/sani-world.com\/index.php\/wp-json\/wp\/v2\/product\/860\/revisions"}],"predecessor-version":[{"id":861,"href":"https:\/\/sani-world.com\/index.php\/wp-json\/wp\/v2\/product\/860\/revisions\/861"}],"wp:featuredmedia":[{"embeddable":true,"href":"https:\/\/sani-world.com\/index.php\/wp-json\/wp\/v2\/media\/863"}],"wp:attachment":[{"href":"https:\/\/sani-world.com\/index.php\/wp-json\/wp\/v2\/media?parent=860"}],"wp:term":[{"taxonomy":"product_brand","embeddable":true,"href":"https:\/\/sani-world.com\/index.php\/wp-json\/wp\/v2\/product_brand?post=860"},{"taxonomy":"product_cat","embeddable":true,"href":"https:\/\/sani-world.com\/index.php\/wp-json\/wp\/v2\/product_cat?post=860"},{"taxonomy":"product_tag","embeddable":true,"href":"https:\/\/sani-world.com\/index.php\/wp-json\/wp\/v2\/product_tag?post=860"}],"curies":[{"name":"wp","href":"https:\/\/api.w.org\/{rel}","templated":true}]}}