{"id":831,"date":"2021-09-28T11:06:13","date_gmt":"2021-09-28T11:06:13","guid":{"rendered":"https:\/\/sani-world.com\/?post_type=product&#038;p=831"},"modified":"2021-09-29T09:05:40","modified_gmt":"2021-09-29T09:05:40","slug":"cosima","status":"publish","type":"product","link":"https:\/\/sani-world.com\/index.php\/termek\/cosima\/","title":{"rendered":"Cosima"},"content":{"rendered":"","protected":false},"excerpt":{"rendered":"<p>A Cosima egy f\u00e9nypenge, mely minimalista vonalakkal rajzolja meg a teret. Egy op\u00e1los plexib\u0151l k\u00e9sz\u00fclt f\u00e9nycs\u0151, k\u00e9t p\u00f3lus\u00e1n s\u00e1rgar\u00e9z vagy festett f\u00e9m foglalattal.<\/p>\n<p>Rendk\u00edv\u00fcl v\u00e1ltozatos m\u00f3don tervezhet\u0151 l\u00e1mpa, mely serkenti a tervez\u0151 kreativit\u00e1s\u00e1t. Egy\u00e9nileg is haszn\u00e1lhat\u00f3, de lehet\u0151v\u00e9 teszi egyedi kompoz\u00edci\u00f3k l\u00e9trehoz\u00e1s\u00e1t a falakon, vagy l\u00e1tv\u00e1nyos f\u00fcggesztett megold\u00e1sokban is elk\u00e9pzelhet\u0151, m\u00e9g nagy helyis\u00e9gekben is.<\/p>\n<ul>\n<li><strong>Kateg\u00f3ria:<\/strong> F\u00fcggesztett l\u00e1mpa<\/li>\n<li><strong>Anyag:<\/strong>\n<ul>\n<li style=\"list-style-type: none;\">\n<ul>\n<li>S\u00e1rgar\u00e9z<\/li>\n<li>Metakril\u00e1t<\/li>\n<li>Alum\u00ednium<\/li>\n<\/ul>\n<\/li>\n<\/ul>\n<\/li>\n<li><strong>Sz\u00edn:<\/strong>\n<ul>\n<li style=\"list-style-type: none;\">\n<ul>\n<li>RAL 9010 Tiszta feh\u00e9r &#8211; \u00e1tl\u00e1tszatlan &#8211;<\/li>\n<li>RAL 9005 intenz\u00edv fekete &#8211; matt &#8211;<\/li>\n<\/ul>\n<\/li>\n<\/ul>\n<\/li>\n<li><strong>El\u00e9rhet\u0151 m\u00e9retek<\/strong>: 114cm, 139cm, 164cm, 189cm, 214cm<\/li>\n<\/ul>\n<p>LET\u00d6LTHET\u0150 3D: <a href=\"https:\/\/sani-world.com\/wp-content\/uploads\/2021\/09\/cosima-susp.7z\">cosima-susp<\/a><\/p>\n","protected":false},"featured_media":832,"template":"","meta":[],"product_brand":[],"product_cat":[32,26,31],"product_tag":[],"class_list":{"0":"post-831","1":"product","2":"type-product","3":"status-publish","4":"has-post-thumbnail","6":"product_cat-fuggesztett-lampa","7":"product_cat-lampa","8":"product_cat-zava","10":"first","11":"instock","12":"shipping-taxable","13":"product-type-simple"},"yoast_head":"<!-- This site is optimized with the Yoast SEO plugin v27.5 - https:\/\/yoast.com\/product\/yoast-seo-wordpress\/ -->\n<title>Cosima<\/title>\n<meta name=\"robots\" content=\"index, follow, max-snippet:-1, max-image-preview:large, max-video-preview:-1\" \/>\n<link rel=\"canonical\" href=\"https:\/\/sani-world.com\/index.php\/termek\/cosima\/\" \/>\n<meta property=\"og:locale\" content=\"hu_HU\" \/>\n<meta property=\"og:type\" content=\"article\" \/>\n<meta property=\"og:title\" content=\"Cosima\" \/>\n<meta property=\"og:description\" content=\"A Cosima egy f\u00e9nypenge, mely minimalista vonalakkal rajzolja meg a teret. Egy op\u00e1los plexib\u0151l k\u00e9sz\u00fclt f\u00e9nycs\u0151, k\u00e9t p\u00f3lus\u00e1n s\u00e1rgar\u00e9z vagy festett f\u00e9m foglalattal.  Rendk\u00edv\u00fcl v\u00e1ltozatos m\u00f3don tervezhet\u0151 l\u00e1mpa, mely serkenti a tervez\u0151 kreativit\u00e1s\u00e1t. Egy\u00e9nileg is haszn\u00e1lhat\u00f3, de lehet\u0151v\u00e9 teszi egyedi kompoz\u00edci\u00f3k l\u00e9trehoz\u00e1s\u00e1t a falakon, vagy l\u00e1tv\u00e1nyos f\u00fcggesztett megold\u00e1sokban is elk\u00e9pzelhet\u0151, m\u00e9g nagy helyis\u00e9gekben is.   Kateg\u00f3ria: F\u00fcggesztett l\u00e1mpa  Anyag:      S\u00e1rgar\u00e9z  Metakril\u00e1t  Alum\u00ednium      Sz\u00edn:      RAL 9010 Tiszta feh\u00e9r - \u00e1tl\u00e1tszatlan -  RAL 9005 intenz\u00edv fekete - matt -      El\u00e9rhet\u0151 m\u00e9retek: 114cm, 139cm, 164cm, 189cm, 214cm  LET\u00d6LTHET\u0150 3D: cosima-susp\" \/>\n<meta property=\"og:url\" content=\"https:\/\/sani-world.com\/index.php\/termek\/cosima\/\" \/>\n<meta property=\"article:modified_time\" content=\"2021-09-29T09:05:40+00:00\" \/>\n<meta property=\"og:image\" content=\"https:\/\/sani-world.com\/wp-content\/uploads\/2021\/09\/cosima1.jpg\" \/>\n\t<meta property=\"og:image:width\" content=\"750\" \/>\n\t<meta property=\"og:image:height\" content=\"800\" \/>\n\t<meta property=\"og:image:type\" content=\"image\/jpeg\" \/>\n<meta name=\"twitter:card\" content=\"summary_large_image\" \/>\n<script type=\"application\/ld+json\" class=\"yoast-schema-graph\">{\"@context\":\"https:\\\/\\\/schema.org\",\"@graph\":[{\"@type\":\"WebPage\",\"@id\":\"https:\\\/\\\/sani-world.com\\\/index.php\\\/termek\\\/cosima\\\/\",\"url\":\"https:\\\/\\\/sani-world.com\\\/index.php\\\/termek\\\/cosima\\\/\",\"name\":\"Cosima\",\"isPartOf\":{\"@id\":\"https:\\\/\\\/sani-world.com\\\/#website\"},\"primaryImageOfPage\":{\"@id\":\"https:\\\/\\\/sani-world.com\\\/index.php\\\/termek\\\/cosima\\\/#primaryimage\"},\"image\":{\"@id\":\"https:\\\/\\\/sani-world.com\\\/index.php\\\/termek\\\/cosima\\\/#primaryimage\"},\"thumbnailUrl\":\"https:\\\/\\\/sani-world.com\\\/wp-content\\\/uploads\\\/2021\\\/09\\\/cosima1.jpg\",\"datePublished\":\"2021-09-28T11:06:13+00:00\",\"dateModified\":\"2021-09-29T09:05:40+00:00\",\"breadcrumb\":{\"@id\":\"https:\\\/\\\/sani-world.com\\\/index.php\\\/termek\\\/cosima\\\/#breadcrumb\"},\"inLanguage\":\"hu\",\"potentialAction\":[{\"@type\":\"ReadAction\",\"target\":[\"https:\\\/\\\/sani-world.com\\\/index.php\\\/termek\\\/cosima\\\/\"]}]},{\"@type\":\"ImageObject\",\"inLanguage\":\"hu\",\"@id\":\"https:\\\/\\\/sani-world.com\\\/index.php\\\/termek\\\/cosima\\\/#primaryimage\",\"url\":\"https:\\\/\\\/sani-world.com\\\/wp-content\\\/uploads\\\/2021\\\/09\\\/cosima1.jpg\",\"contentUrl\":\"https:\\\/\\\/sani-world.com\\\/wp-content\\\/uploads\\\/2021\\\/09\\\/cosima1.jpg\",\"width\":750,\"height\":800},{\"@type\":\"BreadcrumbList\",\"@id\":\"https:\\\/\\\/sani-world.com\\\/index.php\\\/termek\\\/cosima\\\/#breadcrumb\",\"itemListElement\":[{\"@type\":\"ListItem\",\"position\":1,\"name\":\"Kezd\u0151lap\",\"item\":\"https:\\\/\\\/sani-world.com\\\/\"},{\"@type\":\"ListItem\",\"position\":2,\"name\":\"term\u00e9kek\",\"item\":\"https:\\\/\\\/sani-world.com\\\/index.php\\\/termekek\\\/\"},{\"@type\":\"ListItem\",\"position\":3,\"name\":\"Cosima\"}]},{\"@type\":\"WebSite\",\"@id\":\"https:\\\/\\\/sani-world.com\\\/#website\",\"url\":\"https:\\\/\\\/sani-world.com\\\/\",\"name\":\"\",\"description\":\"\",\"publisher\":{\"@id\":\"https:\\\/\\\/sani-world.com\\\/#organization\"},\"potentialAction\":[{\"@type\":\"SearchAction\",\"target\":{\"@type\":\"EntryPoint\",\"urlTemplate\":\"https:\\\/\\\/sani-world.com\\\/?s={search_term_string}\"},\"query-input\":{\"@type\":\"PropertyValueSpecification\",\"valueRequired\":true,\"valueName\":\"search_term_string\"}}],\"inLanguage\":\"hu\"},{\"@type\":\"Organization\",\"@id\":\"https:\\\/\\\/sani-world.com\\\/#organization\",\"name\":\"sani-world\",\"url\":\"https:\\\/\\\/sani-world.com\\\/\",\"logo\":{\"@type\":\"ImageObject\",\"inLanguage\":\"hu\",\"@id\":\"https:\\\/\\\/sani-world.com\\\/#\\\/schema\\\/logo\\\/image\\\/\",\"url\":\"https:\\\/\\\/sani-world.com\\\/wp-content\\\/uploads\\\/2021\\\/09\\\/cropped-SANIWORLD_logo_black.png\",\"contentUrl\":\"https:\\\/\\\/sani-world.com\\\/wp-content\\\/uploads\\\/2021\\\/09\\\/cropped-SANIWORLD_logo_black.png\",\"width\":250,\"height\":75,\"caption\":\"sani-world\"},\"image\":{\"@id\":\"https:\\\/\\\/sani-world.com\\\/#\\\/schema\\\/logo\\\/image\\\/\"}}]}<\/script>\n<!-- \/ Yoast SEO plugin. -->","yoast_head_json":{"title":"Cosima","robots":{"index":"index","follow":"follow","max-snippet":"max-snippet:-1","max-image-preview":"max-image-preview:large","max-video-preview":"max-video-preview:-1"},"canonical":"https:\/\/sani-world.com\/index.php\/termek\/cosima\/","og_locale":"hu_HU","og_type":"article","og_title":"Cosima","og_description":"A Cosima egy f\u00e9nypenge, mely minimalista vonalakkal rajzolja meg a teret. Egy op\u00e1los plexib\u0151l k\u00e9sz\u00fclt f\u00e9nycs\u0151, k\u00e9t p\u00f3lus\u00e1n s\u00e1rgar\u00e9z vagy festett f\u00e9m foglalattal.  Rendk\u00edv\u00fcl v\u00e1ltozatos m\u00f3don tervezhet\u0151 l\u00e1mpa, mely serkenti a tervez\u0151 kreativit\u00e1s\u00e1t. Egy\u00e9nileg is haszn\u00e1lhat\u00f3, de lehet\u0151v\u00e9 teszi egyedi kompoz\u00edci\u00f3k l\u00e9trehoz\u00e1s\u00e1t a falakon, vagy l\u00e1tv\u00e1nyos f\u00fcggesztett megold\u00e1sokban is elk\u00e9pzelhet\u0151, m\u00e9g nagy helyis\u00e9gekben is.   Kateg\u00f3ria: F\u00fcggesztett l\u00e1mpa  Anyag:      S\u00e1rgar\u00e9z  Metakril\u00e1t  Alum\u00ednium      Sz\u00edn:      RAL 9010 Tiszta feh\u00e9r - \u00e1tl\u00e1tszatlan -  RAL 9005 intenz\u00edv fekete - matt -      El\u00e9rhet\u0151 m\u00e9retek: 114cm, 139cm, 164cm, 189cm, 214cm  LET\u00d6LTHET\u0150 3D: cosima-susp","og_url":"https:\/\/sani-world.com\/index.php\/termek\/cosima\/","article_modified_time":"2021-09-29T09:05:40+00:00","og_image":[{"width":750,"height":800,"url":"https:\/\/sani-world.com\/wp-content\/uploads\/2021\/09\/cosima1.jpg","type":"image\/jpeg"}],"twitter_card":"summary_large_image","schema":{"@context":"https:\/\/schema.org","@graph":[{"@type":"WebPage","@id":"https:\/\/sani-world.com\/index.php\/termek\/cosima\/","url":"https:\/\/sani-world.com\/index.php\/termek\/cosima\/","name":"Cosima","isPartOf":{"@id":"https:\/\/sani-world.com\/#website"},"primaryImageOfPage":{"@id":"https:\/\/sani-world.com\/index.php\/termek\/cosima\/#primaryimage"},"image":{"@id":"https:\/\/sani-world.com\/index.php\/termek\/cosima\/#primaryimage"},"thumbnailUrl":"https:\/\/sani-world.com\/wp-content\/uploads\/2021\/09\/cosima1.jpg","datePublished":"2021-09-28T11:06:13+00:00","dateModified":"2021-09-29T09:05:40+00:00","breadcrumb":{"@id":"https:\/\/sani-world.com\/index.php\/termek\/cosima\/#breadcrumb"},"inLanguage":"hu","potentialAction":[{"@type":"ReadAction","target":["https:\/\/sani-world.com\/index.php\/termek\/cosima\/"]}]},{"@type":"ImageObject","inLanguage":"hu","@id":"https:\/\/sani-world.com\/index.php\/termek\/cosima\/#primaryimage","url":"https:\/\/sani-world.com\/wp-content\/uploads\/2021\/09\/cosima1.jpg","contentUrl":"https:\/\/sani-world.com\/wp-content\/uploads\/2021\/09\/cosima1.jpg","width":750,"height":800},{"@type":"BreadcrumbList","@id":"https:\/\/sani-world.com\/index.php\/termek\/cosima\/#breadcrumb","itemListElement":[{"@type":"ListItem","position":1,"name":"Kezd\u0151lap","item":"https:\/\/sani-world.com\/"},{"@type":"ListItem","position":2,"name":"term\u00e9kek","item":"https:\/\/sani-world.com\/index.php\/termekek\/"},{"@type":"ListItem","position":3,"name":"Cosima"}]},{"@type":"WebSite","@id":"https:\/\/sani-world.com\/#website","url":"https:\/\/sani-world.com\/","name":"","description":"","publisher":{"@id":"https:\/\/sani-world.com\/#organization"},"potentialAction":[{"@type":"SearchAction","target":{"@type":"EntryPoint","urlTemplate":"https:\/\/sani-world.com\/?s={search_term_string}"},"query-input":{"@type":"PropertyValueSpecification","valueRequired":true,"valueName":"search_term_string"}}],"inLanguage":"hu"},{"@type":"Organization","@id":"https:\/\/sani-world.com\/#organization","name":"sani-world","url":"https:\/\/sani-world.com\/","logo":{"@type":"ImageObject","inLanguage":"hu","@id":"https:\/\/sani-world.com\/#\/schema\/logo\/image\/","url":"https:\/\/sani-world.com\/wp-content\/uploads\/2021\/09\/cropped-SANIWORLD_logo_black.png","contentUrl":"https:\/\/sani-world.com\/wp-content\/uploads\/2021\/09\/cropped-SANIWORLD_logo_black.png","width":250,"height":75,"caption":"sani-world"},"image":{"@id":"https:\/\/sani-world.com\/#\/schema\/logo\/image\/"}}]}},"jetpack_sharing_enabled":true,"_links":{"self":[{"href":"https:\/\/sani-world.com\/index.php\/wp-json\/wp\/v2\/product\/831","targetHints":{"allow":["GET"]}}],"collection":[{"href":"https:\/\/sani-world.com\/index.php\/wp-json\/wp\/v2\/product"}],"about":[{"href":"https:\/\/sani-world.com\/index.php\/wp-json\/wp\/v2\/types\/product"}],"version-history":[{"count":4,"href":"https:\/\/sani-world.com\/index.php\/wp-json\/wp\/v2\/product\/831\/revisions"}],"predecessor-version":[{"id":945,"href":"https:\/\/sani-world.com\/index.php\/wp-json\/wp\/v2\/product\/831\/revisions\/945"}],"wp:featuredmedia":[{"embeddable":true,"href":"https:\/\/sani-world.com\/index.php\/wp-json\/wp\/v2\/media\/832"}],"wp:attachment":[{"href":"https:\/\/sani-world.com\/index.php\/wp-json\/wp\/v2\/media?parent=831"}],"wp:term":[{"taxonomy":"product_brand","embeddable":true,"href":"https:\/\/sani-world.com\/index.php\/wp-json\/wp\/v2\/product_brand?post=831"},{"taxonomy":"product_cat","embeddable":true,"href":"https:\/\/sani-world.com\/index.php\/wp-json\/wp\/v2\/product_cat?post=831"},{"taxonomy":"product_tag","embeddable":true,"href":"https:\/\/sani-world.com\/index.php\/wp-json\/wp\/v2\/product_tag?post=831"}],"curies":[{"name":"wp","href":"https:\/\/api.w.org\/{rel}","templated":true}]}}