{"id":802,"date":"2021-09-28T09:52:25","date_gmt":"2021-09-28T09:52:25","guid":{"rendered":"https:\/\/sani-world.com\/?post_type=product&#038;p=802"},"modified":"2021-09-28T11:26:58","modified_gmt":"2021-09-28T11:26:58","slug":"arianna","status":"publish","type":"product","link":"https:\/\/sani-world.com\/index.php\/termek\/arianna\/","title":{"rendered":"Arianna"},"content":{"rendered":"","protected":false},"excerpt":{"rendered":"<p>Egy l\u00e1mpa, ami olyan mint egy k\u00e1beltekercs, melyre fel kell tekerni vagy le kell tekerni r\u00f3la az elektromos k\u00e1belt, hogy el\u00e9rje a helyis\u00e9g minden r\u00e9sz\u00e9t, s\u0151t azon is t\u00fal &#8230;<\/p>\n<p>&nbsp;<\/p>\n<ul>\n<li><strong>Kateg\u00f3ria:<\/strong> Asztali l\u00e1mpa<\/li>\n<li><strong>M\u00e9retek<\/strong>: \u00c1tm\u00e9r\u0151je 30 cm.<\/li>\n<li><strong>F\u00e9nyforr\u00e1s<\/strong>: E27 foglalat (izz\u00f3 n\u00e9lk\u00fcl) {A ++ &#8211; \u203aE} Max. 28W<\/li>\n<li><strong>Anyaga:<\/strong> Vas<\/li>\n<li><strong>Sz\u00edn:<\/strong> Kr\u00f3m kivitel\n<ul>\n<li style=\"list-style-type: none;\">\n<ul>\n<li style=\"list-style-type: none;\">\n<ul>\n<li>RAL 9010 Tiszta feh\u00e9r &#8211; \u00e1tl\u00e1tszatlan &#8211;<\/li>\n<li>RAL 9005 Intenz\u00edv fekete &#8211; matt &#8211;<\/li>\n<\/ul>\n<\/li>\n<\/ul>\n<\/li>\n<\/ul>\n<\/li>\n<li><strong>Adatlap:<\/strong> A k\u00e1bel hossza 15 m. Sz\u00ednv\u00e1laszt\u00e1s (l\u00e1sd a sz\u00ednt\u00e1bl\u00e1zatot).<\/li>\n<\/ul>\n","protected":false},"featured_media":805,"template":"","meta":[],"product_brand":[],"product_cat":[27,26,31],"product_tag":[],"class_list":{"0":"post-802","1":"product","2":"type-product","3":"status-publish","4":"has-post-thumbnail","6":"product_cat-asztali-lampa","7":"product_cat-lampa","8":"product_cat-zava","10":"first","11":"instock","12":"shipping-taxable","13":"product-type-simple"},"yoast_head":"<!-- This site is optimized with the Yoast SEO plugin v27.5 - https:\/\/yoast.com\/product\/yoast-seo-wordpress\/ -->\n<title>Arianna -<\/title>\n<meta name=\"robots\" content=\"index, follow, max-snippet:-1, max-image-preview:large, max-video-preview:-1\" \/>\n<link rel=\"canonical\" href=\"https:\/\/sani-world.com\/index.php\/termek\/arianna\/\" \/>\n<meta property=\"og:locale\" content=\"hu_HU\" \/>\n<meta property=\"og:type\" content=\"article\" \/>\n<meta property=\"og:title\" content=\"Arianna -\" \/>\n<meta property=\"og:description\" content=\"Egy l\u00e1mpa, ami olyan mint egy k\u00e1beltekercs, melyre fel kell tekerni vagy le kell tekerni r\u00f3la az elektromos k\u00e1belt, hogy el\u00e9rje a helyis\u00e9g minden r\u00e9sz\u00e9t, s\u0151t azon is t\u00fal ...  &nbsp;   Kateg\u00f3ria: Asztali l\u00e1mpa  M\u00e9retek: \u00c1tm\u00e9r\u0151je 30 cm.  F\u00e9nyforr\u00e1s: E27 foglalat (izz\u00f3 n\u00e9lk\u00fcl) {A ++ - \u203aE} Max. 28W  Anyaga: Vas  Sz\u00edn: Kr\u00f3m kivitel         RAL 9010 Tiszta feh\u00e9r - \u00e1tl\u00e1tszatlan -  RAL 9005 Intenz\u00edv fekete - matt -        Adatlap: A k\u00e1bel hossza 15 m. Sz\u00ednv\u00e1laszt\u00e1s (l\u00e1sd a sz\u00ednt\u00e1bl\u00e1zatot).\" \/>\n<meta property=\"og:url\" content=\"https:\/\/sani-world.com\/index.php\/termek\/arianna\/\" \/>\n<meta property=\"article:modified_time\" content=\"2021-09-28T11:26:58+00:00\" \/>\n<meta property=\"og:image\" content=\"https:\/\/sani-world.com\/wp-content\/uploads\/2021\/09\/3.jpg\" \/>\n\t<meta property=\"og:image:width\" content=\"750\" \/>\n\t<meta property=\"og:image:height\" content=\"800\" \/>\n\t<meta property=\"og:image:type\" content=\"image\/jpeg\" \/>\n<meta name=\"twitter:card\" content=\"summary_large_image\" \/>\n<script type=\"application\/ld+json\" class=\"yoast-schema-graph\">{\"@context\":\"https:\\\/\\\/schema.org\",\"@graph\":[{\"@type\":\"WebPage\",\"@id\":\"https:\\\/\\\/sani-world.com\\\/index.php\\\/termek\\\/arianna\\\/\",\"url\":\"https:\\\/\\\/sani-world.com\\\/index.php\\\/termek\\\/arianna\\\/\",\"name\":\"Arianna -\",\"isPartOf\":{\"@id\":\"https:\\\/\\\/sani-world.com\\\/#website\"},\"primaryImageOfPage\":{\"@id\":\"https:\\\/\\\/sani-world.com\\\/index.php\\\/termek\\\/arianna\\\/#primaryimage\"},\"image\":{\"@id\":\"https:\\\/\\\/sani-world.com\\\/index.php\\\/termek\\\/arianna\\\/#primaryimage\"},\"thumbnailUrl\":\"https:\\\/\\\/sani-world.com\\\/wp-content\\\/uploads\\\/2021\\\/09\\\/3.jpg\",\"datePublished\":\"2021-09-28T09:52:25+00:00\",\"dateModified\":\"2021-09-28T11:26:58+00:00\",\"breadcrumb\":{\"@id\":\"https:\\\/\\\/sani-world.com\\\/index.php\\\/termek\\\/arianna\\\/#breadcrumb\"},\"inLanguage\":\"hu\",\"potentialAction\":[{\"@type\":\"ReadAction\",\"target\":[\"https:\\\/\\\/sani-world.com\\\/index.php\\\/termek\\\/arianna\\\/\"]}]},{\"@type\":\"ImageObject\",\"inLanguage\":\"hu\",\"@id\":\"https:\\\/\\\/sani-world.com\\\/index.php\\\/termek\\\/arianna\\\/#primaryimage\",\"url\":\"https:\\\/\\\/sani-world.com\\\/wp-content\\\/uploads\\\/2021\\\/09\\\/3.jpg\",\"contentUrl\":\"https:\\\/\\\/sani-world.com\\\/wp-content\\\/uploads\\\/2021\\\/09\\\/3.jpg\",\"width\":750,\"height\":800},{\"@type\":\"BreadcrumbList\",\"@id\":\"https:\\\/\\\/sani-world.com\\\/index.php\\\/termek\\\/arianna\\\/#breadcrumb\",\"itemListElement\":[{\"@type\":\"ListItem\",\"position\":1,\"name\":\"Kezd\u0151lap\",\"item\":\"https:\\\/\\\/sani-world.com\\\/\"},{\"@type\":\"ListItem\",\"position\":2,\"name\":\"term\u00e9kek\",\"item\":\"https:\\\/\\\/sani-world.com\\\/index.php\\\/termekek\\\/\"},{\"@type\":\"ListItem\",\"position\":3,\"name\":\"Arianna\"}]},{\"@type\":\"WebSite\",\"@id\":\"https:\\\/\\\/sani-world.com\\\/#website\",\"url\":\"https:\\\/\\\/sani-world.com\\\/\",\"name\":\"\",\"description\":\"\",\"publisher\":{\"@id\":\"https:\\\/\\\/sani-world.com\\\/#organization\"},\"potentialAction\":[{\"@type\":\"SearchAction\",\"target\":{\"@type\":\"EntryPoint\",\"urlTemplate\":\"https:\\\/\\\/sani-world.com\\\/?s={search_term_string}\"},\"query-input\":{\"@type\":\"PropertyValueSpecification\",\"valueRequired\":true,\"valueName\":\"search_term_string\"}}],\"inLanguage\":\"hu\"},{\"@type\":\"Organization\",\"@id\":\"https:\\\/\\\/sani-world.com\\\/#organization\",\"name\":\"sani-world\",\"url\":\"https:\\\/\\\/sani-world.com\\\/\",\"logo\":{\"@type\":\"ImageObject\",\"inLanguage\":\"hu\",\"@id\":\"https:\\\/\\\/sani-world.com\\\/#\\\/schema\\\/logo\\\/image\\\/\",\"url\":\"https:\\\/\\\/sani-world.com\\\/wp-content\\\/uploads\\\/2021\\\/09\\\/cropped-SANIWORLD_logo_black.png\",\"contentUrl\":\"https:\\\/\\\/sani-world.com\\\/wp-content\\\/uploads\\\/2021\\\/09\\\/cropped-SANIWORLD_logo_black.png\",\"width\":250,\"height\":75,\"caption\":\"sani-world\"},\"image\":{\"@id\":\"https:\\\/\\\/sani-world.com\\\/#\\\/schema\\\/logo\\\/image\\\/\"}}]}<\/script>\n<!-- \/ Yoast SEO plugin. -->","yoast_head_json":{"title":"Arianna -","robots":{"index":"index","follow":"follow","max-snippet":"max-snippet:-1","max-image-preview":"max-image-preview:large","max-video-preview":"max-video-preview:-1"},"canonical":"https:\/\/sani-world.com\/index.php\/termek\/arianna\/","og_locale":"hu_HU","og_type":"article","og_title":"Arianna -","og_description":"Egy l\u00e1mpa, ami olyan mint egy k\u00e1beltekercs, melyre fel kell tekerni vagy le kell tekerni r\u00f3la az elektromos k\u00e1belt, hogy el\u00e9rje a helyis\u00e9g minden r\u00e9sz\u00e9t, s\u0151t azon is t\u00fal ...  &nbsp;   Kateg\u00f3ria: Asztali l\u00e1mpa  M\u00e9retek: \u00c1tm\u00e9r\u0151je 30 cm.  F\u00e9nyforr\u00e1s: E27 foglalat (izz\u00f3 n\u00e9lk\u00fcl) {A ++ - \u203aE} Max. 28W  Anyaga: Vas  Sz\u00edn: Kr\u00f3m kivitel         RAL 9010 Tiszta feh\u00e9r - \u00e1tl\u00e1tszatlan -  RAL 9005 Intenz\u00edv fekete - matt -        Adatlap: A k\u00e1bel hossza 15 m. Sz\u00ednv\u00e1laszt\u00e1s (l\u00e1sd a sz\u00ednt\u00e1bl\u00e1zatot).","og_url":"https:\/\/sani-world.com\/index.php\/termek\/arianna\/","article_modified_time":"2021-09-28T11:26:58+00:00","og_image":[{"width":750,"height":800,"url":"https:\/\/sani-world.com\/wp-content\/uploads\/2021\/09\/3.jpg","type":"image\/jpeg"}],"twitter_card":"summary_large_image","schema":{"@context":"https:\/\/schema.org","@graph":[{"@type":"WebPage","@id":"https:\/\/sani-world.com\/index.php\/termek\/arianna\/","url":"https:\/\/sani-world.com\/index.php\/termek\/arianna\/","name":"Arianna -","isPartOf":{"@id":"https:\/\/sani-world.com\/#website"},"primaryImageOfPage":{"@id":"https:\/\/sani-world.com\/index.php\/termek\/arianna\/#primaryimage"},"image":{"@id":"https:\/\/sani-world.com\/index.php\/termek\/arianna\/#primaryimage"},"thumbnailUrl":"https:\/\/sani-world.com\/wp-content\/uploads\/2021\/09\/3.jpg","datePublished":"2021-09-28T09:52:25+00:00","dateModified":"2021-09-28T11:26:58+00:00","breadcrumb":{"@id":"https:\/\/sani-world.com\/index.php\/termek\/arianna\/#breadcrumb"},"inLanguage":"hu","potentialAction":[{"@type":"ReadAction","target":["https:\/\/sani-world.com\/index.php\/termek\/arianna\/"]}]},{"@type":"ImageObject","inLanguage":"hu","@id":"https:\/\/sani-world.com\/index.php\/termek\/arianna\/#primaryimage","url":"https:\/\/sani-world.com\/wp-content\/uploads\/2021\/09\/3.jpg","contentUrl":"https:\/\/sani-world.com\/wp-content\/uploads\/2021\/09\/3.jpg","width":750,"height":800},{"@type":"BreadcrumbList","@id":"https:\/\/sani-world.com\/index.php\/termek\/arianna\/#breadcrumb","itemListElement":[{"@type":"ListItem","position":1,"name":"Kezd\u0151lap","item":"https:\/\/sani-world.com\/"},{"@type":"ListItem","position":2,"name":"term\u00e9kek","item":"https:\/\/sani-world.com\/index.php\/termekek\/"},{"@type":"ListItem","position":3,"name":"Arianna"}]},{"@type":"WebSite","@id":"https:\/\/sani-world.com\/#website","url":"https:\/\/sani-world.com\/","name":"","description":"","publisher":{"@id":"https:\/\/sani-world.com\/#organization"},"potentialAction":[{"@type":"SearchAction","target":{"@type":"EntryPoint","urlTemplate":"https:\/\/sani-world.com\/?s={search_term_string}"},"query-input":{"@type":"PropertyValueSpecification","valueRequired":true,"valueName":"search_term_string"}}],"inLanguage":"hu"},{"@type":"Organization","@id":"https:\/\/sani-world.com\/#organization","name":"sani-world","url":"https:\/\/sani-world.com\/","logo":{"@type":"ImageObject","inLanguage":"hu","@id":"https:\/\/sani-world.com\/#\/schema\/logo\/image\/","url":"https:\/\/sani-world.com\/wp-content\/uploads\/2021\/09\/cropped-SANIWORLD_logo_black.png","contentUrl":"https:\/\/sani-world.com\/wp-content\/uploads\/2021\/09\/cropped-SANIWORLD_logo_black.png","width":250,"height":75,"caption":"sani-world"},"image":{"@id":"https:\/\/sani-world.com\/#\/schema\/logo\/image\/"}}]}},"jetpack_sharing_enabled":true,"_links":{"self":[{"href":"https:\/\/sani-world.com\/index.php\/wp-json\/wp\/v2\/product\/802","targetHints":{"allow":["GET"]}}],"collection":[{"href":"https:\/\/sani-world.com\/index.php\/wp-json\/wp\/v2\/product"}],"about":[{"href":"https:\/\/sani-world.com\/index.php\/wp-json\/wp\/v2\/types\/product"}],"version-history":[{"count":4,"href":"https:\/\/sani-world.com\/index.php\/wp-json\/wp\/v2\/product\/802\/revisions"}],"predecessor-version":[{"id":830,"href":"https:\/\/sani-world.com\/index.php\/wp-json\/wp\/v2\/product\/802\/revisions\/830"}],"wp:featuredmedia":[{"embeddable":true,"href":"https:\/\/sani-world.com\/index.php\/wp-json\/wp\/v2\/media\/805"}],"wp:attachment":[{"href":"https:\/\/sani-world.com\/index.php\/wp-json\/wp\/v2\/media?parent=802"}],"wp:term":[{"taxonomy":"product_brand","embeddable":true,"href":"https:\/\/sani-world.com\/index.php\/wp-json\/wp\/v2\/product_brand?post=802"},{"taxonomy":"product_cat","embeddable":true,"href":"https:\/\/sani-world.com\/index.php\/wp-json\/wp\/v2\/product_cat?post=802"},{"taxonomy":"product_tag","embeddable":true,"href":"https:\/\/sani-world.com\/index.php\/wp-json\/wp\/v2\/product_tag?post=802"}],"curies":[{"name":"wp","href":"https:\/\/api.w.org\/{rel}","templated":true}]}}