{"id":785,"date":"2021-09-28T09:29:36","date_gmt":"2021-09-28T09:29:36","guid":{"rendered":"https:\/\/sani-world.com\/?post_type=product&#038;p=785"},"modified":"2021-09-28T11:27:08","modified_gmt":"2021-09-28T11:27:08","slug":"queen-cage","status":"publish","type":"product","link":"https:\/\/sani-world.com\/index.php\/termek\/queen-cage\/","title":{"rendered":"Queen cage"},"content":{"rendered":"","protected":false},"excerpt":{"rendered":"<p>Az inspir\u00e1ci\u00f3 a r\u00e9gi m\u0171helyl\u00e1mpa. A durva ipari l\u00e1mpa a l\u00e1mpaerny\u0151k legklasszikusabb ruh\u00e1j\u00e1t \u00f6lti fel, \u00e9s arr\u00f3l \u00e1lmodozik, hogy igazi h\u00f6lgy legyen. Ebb\u0151l az alkalomb\u00f3l a fekete ruha k\u00f6telez\u0151 viselet.<\/p>\n<p>&nbsp;<\/p>\n<ul>\n<li><strong>Kateg\u00f3ria:<\/strong> F\u00fcggesztett l\u00e1mpa<\/li>\n<li><strong>M\u00e9retek:<\/strong> Mennyezeti r\u00f3zsa: \u00d820 cm, magass\u00e1g 11 cm. Magass\u00e1ga 125 cm, Sz\u00e9less\u00e9ge 98 cm 6 izz\u00f3val, 118 cm 8 izz\u00f3val, 168 cm 12 izz\u00f3val.<\/li>\n<li><strong>F\u00e9nyforr\u00e1s: <\/strong>E27 foglalat (izz\u00f3 n\u00e9lk\u00fcl) {A ++ &#8211; \u203aE} Max. 6\/8 \/ 12x70W El\u00e9rhet\u0151 v\u00e1ltozatok 6-8-12 izz\u00f3s<\/li>\n<li><strong>Anyaga:<\/strong> Vas<\/li>\n<li><strong>Sz\u00edn:<\/strong> RAL 9005 Intenz\u00edv fekete RAL 9010 Tiszta feh\u00e9r<\/li>\n<li><strong>Adatlap<\/strong>: A k\u00e1bel sz\u00edn\u00e9nek megv\u00e1laszt\u00e1s\u00e1hoz l\u00e1sd a sz\u00ednt\u00e1bl\u00e1zatot.<\/li>\n<\/ul>\n","protected":false},"featured_media":787,"template":"","meta":[],"product_brand":[],"product_cat":[32,26,31],"product_tag":[],"class_list":{"0":"post-785","1":"product","2":"type-product","3":"status-publish","4":"has-post-thumbnail","6":"product_cat-fuggesztett-lampa","7":"product_cat-lampa","8":"product_cat-zava","10":"first","11":"instock","12":"shipping-taxable","13":"product-type-simple"},"yoast_head":"<!-- This site is optimized with the Yoast SEO plugin v27.3 - https:\/\/yoast.com\/product\/yoast-seo-wordpress\/ -->\n<title>Queen cage -<\/title>\n<meta name=\"robots\" content=\"index, follow, max-snippet:-1, max-image-preview:large, max-video-preview:-1\" \/>\n<link rel=\"canonical\" href=\"https:\/\/sani-world.com\/index.php\/termek\/queen-cage\/\" \/>\n<meta property=\"og:locale\" content=\"hu_HU\" \/>\n<meta property=\"og:type\" content=\"article\" \/>\n<meta property=\"og:title\" content=\"Queen cage -\" \/>\n<meta property=\"og:description\" content=\"Az inspir\u00e1ci\u00f3 a r\u00e9gi m\u0171helyl\u00e1mpa. A durva ipari l\u00e1mpa a l\u00e1mpaerny\u0151k legklasszikusabb ruh\u00e1j\u00e1t \u00f6lti fel, \u00e9s arr\u00f3l \u00e1lmodozik, hogy igazi h\u00f6lgy legyen. Ebb\u0151l az alkalomb\u00f3l a fekete ruha k\u00f6telez\u0151 viselet.  &nbsp;   Kateg\u00f3ria: F\u00fcggesztett l\u00e1mpa  M\u00e9retek: Mennyezeti r\u00f3zsa: \u00d820 cm, magass\u00e1g 11 cm. Magass\u00e1ga 125 cm, Sz\u00e9less\u00e9ge 98 cm 6 izz\u00f3val, 118 cm 8 izz\u00f3val, 168 cm 12 izz\u00f3val.  F\u00e9nyforr\u00e1s: E27 foglalat (izz\u00f3 n\u00e9lk\u00fcl) {A ++ - \u203aE} Max. 6\/8 \/ 12x70W El\u00e9rhet\u0151 v\u00e1ltozatok 6-8-12 izz\u00f3s  Anyaga: Vas  Sz\u00edn: RAL 9005 Intenz\u00edv fekete RAL 9010 Tiszta feh\u00e9r  Adatlap: A k\u00e1bel sz\u00edn\u00e9nek megv\u00e1laszt\u00e1s\u00e1hoz l\u00e1sd a sz\u00ednt\u00e1bl\u00e1zatot.\" \/>\n<meta property=\"og:url\" content=\"https:\/\/sani-world.com\/index.php\/termek\/queen-cage\/\" \/>\n<meta property=\"article:modified_time\" content=\"2021-09-28T11:27:08+00:00\" \/>\n<meta property=\"og:image\" content=\"https:\/\/sani-world.com\/wp-content\/uploads\/2021\/09\/2.jpg\" \/>\n\t<meta property=\"og:image:width\" content=\"750\" \/>\n\t<meta property=\"og:image:height\" content=\"800\" \/>\n\t<meta property=\"og:image:type\" content=\"image\/jpeg\" \/>\n<meta name=\"twitter:card\" content=\"summary_large_image\" \/>\n<script type=\"application\/ld+json\" class=\"yoast-schema-graph\">{\"@context\":\"https:\\\/\\\/schema.org\",\"@graph\":[{\"@type\":\"WebPage\",\"@id\":\"https:\\\/\\\/sani-world.com\\\/index.php\\\/termek\\\/queen-cage\\\/\",\"url\":\"https:\\\/\\\/sani-world.com\\\/index.php\\\/termek\\\/queen-cage\\\/\",\"name\":\"Queen cage -\",\"isPartOf\":{\"@id\":\"https:\\\/\\\/sani-world.com\\\/#website\"},\"primaryImageOfPage\":{\"@id\":\"https:\\\/\\\/sani-world.com\\\/index.php\\\/termek\\\/queen-cage\\\/#primaryimage\"},\"image\":{\"@id\":\"https:\\\/\\\/sani-world.com\\\/index.php\\\/termek\\\/queen-cage\\\/#primaryimage\"},\"thumbnailUrl\":\"https:\\\/\\\/sani-world.com\\\/wp-content\\\/uploads\\\/2021\\\/09\\\/2.jpg\",\"datePublished\":\"2021-09-28T09:29:36+00:00\",\"dateModified\":\"2021-09-28T11:27:08+00:00\",\"breadcrumb\":{\"@id\":\"https:\\\/\\\/sani-world.com\\\/index.php\\\/termek\\\/queen-cage\\\/#breadcrumb\"},\"inLanguage\":\"hu\",\"potentialAction\":[{\"@type\":\"ReadAction\",\"target\":[\"https:\\\/\\\/sani-world.com\\\/index.php\\\/termek\\\/queen-cage\\\/\"]}]},{\"@type\":\"ImageObject\",\"inLanguage\":\"hu\",\"@id\":\"https:\\\/\\\/sani-world.com\\\/index.php\\\/termek\\\/queen-cage\\\/#primaryimage\",\"url\":\"https:\\\/\\\/sani-world.com\\\/wp-content\\\/uploads\\\/2021\\\/09\\\/2.jpg\",\"contentUrl\":\"https:\\\/\\\/sani-world.com\\\/wp-content\\\/uploads\\\/2021\\\/09\\\/2.jpg\",\"width\":750,\"height\":800},{\"@type\":\"BreadcrumbList\",\"@id\":\"https:\\\/\\\/sani-world.com\\\/index.php\\\/termek\\\/queen-cage\\\/#breadcrumb\",\"itemListElement\":[{\"@type\":\"ListItem\",\"position\":1,\"name\":\"Kezd\u0151lap\",\"item\":\"https:\\\/\\\/sani-world.com\\\/\"},{\"@type\":\"ListItem\",\"position\":2,\"name\":\"term\u00e9kek\",\"item\":\"https:\\\/\\\/sani-world.com\\\/index.php\\\/termekek\\\/\"},{\"@type\":\"ListItem\",\"position\":3,\"name\":\"Queen cage\"}]},{\"@type\":\"WebSite\",\"@id\":\"https:\\\/\\\/sani-world.com\\\/#website\",\"url\":\"https:\\\/\\\/sani-world.com\\\/\",\"name\":\"\",\"description\":\"\",\"publisher\":{\"@id\":\"https:\\\/\\\/sani-world.com\\\/#organization\"},\"potentialAction\":[{\"@type\":\"SearchAction\",\"target\":{\"@type\":\"EntryPoint\",\"urlTemplate\":\"https:\\\/\\\/sani-world.com\\\/?s={search_term_string}\"},\"query-input\":{\"@type\":\"PropertyValueSpecification\",\"valueRequired\":true,\"valueName\":\"search_term_string\"}}],\"inLanguage\":\"hu\"},{\"@type\":\"Organization\",\"@id\":\"https:\\\/\\\/sani-world.com\\\/#organization\",\"name\":\"sani-world\",\"url\":\"https:\\\/\\\/sani-world.com\\\/\",\"logo\":{\"@type\":\"ImageObject\",\"inLanguage\":\"hu\",\"@id\":\"https:\\\/\\\/sani-world.com\\\/#\\\/schema\\\/logo\\\/image\\\/\",\"url\":\"https:\\\/\\\/sani-world.com\\\/wp-content\\\/uploads\\\/2021\\\/09\\\/cropped-SANIWORLD_logo_black.png\",\"contentUrl\":\"https:\\\/\\\/sani-world.com\\\/wp-content\\\/uploads\\\/2021\\\/09\\\/cropped-SANIWORLD_logo_black.png\",\"width\":250,\"height\":75,\"caption\":\"sani-world\"},\"image\":{\"@id\":\"https:\\\/\\\/sani-world.com\\\/#\\\/schema\\\/logo\\\/image\\\/\"}}]}<\/script>\n<!-- \/ Yoast SEO plugin. -->","yoast_head_json":{"title":"Queen cage -","robots":{"index":"index","follow":"follow","max-snippet":"max-snippet:-1","max-image-preview":"max-image-preview:large","max-video-preview":"max-video-preview:-1"},"canonical":"https:\/\/sani-world.com\/index.php\/termek\/queen-cage\/","og_locale":"hu_HU","og_type":"article","og_title":"Queen cage -","og_description":"Az inspir\u00e1ci\u00f3 a r\u00e9gi m\u0171helyl\u00e1mpa. A durva ipari l\u00e1mpa a l\u00e1mpaerny\u0151k legklasszikusabb ruh\u00e1j\u00e1t \u00f6lti fel, \u00e9s arr\u00f3l \u00e1lmodozik, hogy igazi h\u00f6lgy legyen. Ebb\u0151l az alkalomb\u00f3l a fekete ruha k\u00f6telez\u0151 viselet.  &nbsp;   Kateg\u00f3ria: F\u00fcggesztett l\u00e1mpa  M\u00e9retek: Mennyezeti r\u00f3zsa: \u00d820 cm, magass\u00e1g 11 cm. Magass\u00e1ga 125 cm, Sz\u00e9less\u00e9ge 98 cm 6 izz\u00f3val, 118 cm 8 izz\u00f3val, 168 cm 12 izz\u00f3val.  F\u00e9nyforr\u00e1s: E27 foglalat (izz\u00f3 n\u00e9lk\u00fcl) {A ++ - \u203aE} Max. 6\/8 \/ 12x70W El\u00e9rhet\u0151 v\u00e1ltozatok 6-8-12 izz\u00f3s  Anyaga: Vas  Sz\u00edn: RAL 9005 Intenz\u00edv fekete RAL 9010 Tiszta feh\u00e9r  Adatlap: A k\u00e1bel sz\u00edn\u00e9nek megv\u00e1laszt\u00e1s\u00e1hoz l\u00e1sd a sz\u00ednt\u00e1bl\u00e1zatot.","og_url":"https:\/\/sani-world.com\/index.php\/termek\/queen-cage\/","article_modified_time":"2021-09-28T11:27:08+00:00","og_image":[{"width":750,"height":800,"url":"https:\/\/sani-world.com\/wp-content\/uploads\/2021\/09\/2.jpg","type":"image\/jpeg"}],"twitter_card":"summary_large_image","schema":{"@context":"https:\/\/schema.org","@graph":[{"@type":"WebPage","@id":"https:\/\/sani-world.com\/index.php\/termek\/queen-cage\/","url":"https:\/\/sani-world.com\/index.php\/termek\/queen-cage\/","name":"Queen cage -","isPartOf":{"@id":"https:\/\/sani-world.com\/#website"},"primaryImageOfPage":{"@id":"https:\/\/sani-world.com\/index.php\/termek\/queen-cage\/#primaryimage"},"image":{"@id":"https:\/\/sani-world.com\/index.php\/termek\/queen-cage\/#primaryimage"},"thumbnailUrl":"https:\/\/sani-world.com\/wp-content\/uploads\/2021\/09\/2.jpg","datePublished":"2021-09-28T09:29:36+00:00","dateModified":"2021-09-28T11:27:08+00:00","breadcrumb":{"@id":"https:\/\/sani-world.com\/index.php\/termek\/queen-cage\/#breadcrumb"},"inLanguage":"hu","potentialAction":[{"@type":"ReadAction","target":["https:\/\/sani-world.com\/index.php\/termek\/queen-cage\/"]}]},{"@type":"ImageObject","inLanguage":"hu","@id":"https:\/\/sani-world.com\/index.php\/termek\/queen-cage\/#primaryimage","url":"https:\/\/sani-world.com\/wp-content\/uploads\/2021\/09\/2.jpg","contentUrl":"https:\/\/sani-world.com\/wp-content\/uploads\/2021\/09\/2.jpg","width":750,"height":800},{"@type":"BreadcrumbList","@id":"https:\/\/sani-world.com\/index.php\/termek\/queen-cage\/#breadcrumb","itemListElement":[{"@type":"ListItem","position":1,"name":"Kezd\u0151lap","item":"https:\/\/sani-world.com\/"},{"@type":"ListItem","position":2,"name":"term\u00e9kek","item":"https:\/\/sani-world.com\/index.php\/termekek\/"},{"@type":"ListItem","position":3,"name":"Queen cage"}]},{"@type":"WebSite","@id":"https:\/\/sani-world.com\/#website","url":"https:\/\/sani-world.com\/","name":"","description":"","publisher":{"@id":"https:\/\/sani-world.com\/#organization"},"potentialAction":[{"@type":"SearchAction","target":{"@type":"EntryPoint","urlTemplate":"https:\/\/sani-world.com\/?s={search_term_string}"},"query-input":{"@type":"PropertyValueSpecification","valueRequired":true,"valueName":"search_term_string"}}],"inLanguage":"hu"},{"@type":"Organization","@id":"https:\/\/sani-world.com\/#organization","name":"sani-world","url":"https:\/\/sani-world.com\/","logo":{"@type":"ImageObject","inLanguage":"hu","@id":"https:\/\/sani-world.com\/#\/schema\/logo\/image\/","url":"https:\/\/sani-world.com\/wp-content\/uploads\/2021\/09\/cropped-SANIWORLD_logo_black.png","contentUrl":"https:\/\/sani-world.com\/wp-content\/uploads\/2021\/09\/cropped-SANIWORLD_logo_black.png","width":250,"height":75,"caption":"sani-world"},"image":{"@id":"https:\/\/sani-world.com\/#\/schema\/logo\/image\/"}}]}},"jetpack_sharing_enabled":true,"_links":{"self":[{"href":"https:\/\/sani-world.com\/index.php\/wp-json\/wp\/v2\/product\/785","targetHints":{"allow":["GET"]}}],"collection":[{"href":"https:\/\/sani-world.com\/index.php\/wp-json\/wp\/v2\/product"}],"about":[{"href":"https:\/\/sani-world.com\/index.php\/wp-json\/wp\/v2\/types\/product"}],"version-history":[{"count":1,"href":"https:\/\/sani-world.com\/index.php\/wp-json\/wp\/v2\/product\/785\/revisions"}],"predecessor-version":[{"id":788,"href":"https:\/\/sani-world.com\/index.php\/wp-json\/wp\/v2\/product\/785\/revisions\/788"}],"wp:featuredmedia":[{"embeddable":true,"href":"https:\/\/sani-world.com\/index.php\/wp-json\/wp\/v2\/media\/787"}],"wp:attachment":[{"href":"https:\/\/sani-world.com\/index.php\/wp-json\/wp\/v2\/media?parent=785"}],"wp:term":[{"taxonomy":"product_brand","embeddable":true,"href":"https:\/\/sani-world.com\/index.php\/wp-json\/wp\/v2\/product_brand?post=785"},{"taxonomy":"product_cat","embeddable":true,"href":"https:\/\/sani-world.com\/index.php\/wp-json\/wp\/v2\/product_cat?post=785"},{"taxonomy":"product_tag","embeddable":true,"href":"https:\/\/sani-world.com\/index.php\/wp-json\/wp\/v2\/product_tag?post=785"}],"curies":[{"name":"wp","href":"https:\/\/api.w.org\/{rel}","templated":true}]}}