{"id":395,"date":"2021-09-16T09:02:03","date_gmt":"2021-09-16T09:02:03","guid":{"rendered":"https:\/\/sani-world.com\/?post_type=product&#038;p=395"},"modified":"2021-09-22T09:08:42","modified_gmt":"2021-09-22T09:08:42","slug":"stoccolma","status":"publish","type":"product","link":"https:\/\/sani-world.com\/index.php\/termek\/stoccolma\/","title":{"rendered":"Stoccolma"},"content":{"rendered":"","protected":false},"excerpt":{"rendered":"<p>Lehet a f\u00e9ny rugalmas?<\/p>\n<p>A Stoccolma erre a k\u00e9rd\u00e9sre k\u00edv\u00e1n v\u00e1laszt adni.<\/p>\n<p>A penget\u0151s hangszerekb\u0151l inspir\u00e1l\u00f3dva, a l\u00e1mpatest k\u00e9t rugalmas f\u00e9m k\u00e1bel k\u00f6z\u00e9 van kifesz\u00edtve, melyek megt\u00e1masztj\u00e1k \u00e9s \u00e1rammal l\u00e1tj\u00e1k el a k\u00f6zponti f\u00e9nyforr\u00e1st, ami egy speci\u00e1lis horogrendszerrel kapcsol\u00f3dik a s\u00ednekhez. ami lehet\u0151v\u00e9 teszi a f\u00e9nyforr\u00e1s mozgat\u00e1s\u00e1t, forgat\u00e1s\u00e1t, lehet\u0151v\u00e9 t\u00e9ve ezzel a felhaszn\u00e1l\u00f3 sz\u00e1m\u00e1ra, hogy a f\u00e9nyt b\u00e1rhov\u00e1 ir\u00e1ny\u00edtsa.<\/p>\n<p>A l\u00e1mpa k\u00e9t k\u00fcl\u00f6nb\u00f6z\u0151 m\u00f3don (V \u00e9s O) is csatlakoztathat\u00f3. Az els\u0151nek van egy k\u00fcls\u0151 t\u00e1pegys\u00e9ge, amit be kell dugni a stadard csatlakoz\u00f3ba, az O v\u00e1ltozat pedig k\u00f6zvetlen\u00fcl csatlakoztathat\u00f3 az elektromos h\u00e1l\u00f3zatba. A k\u00fcl\u00f6nb\u00f6z\u0151 r\u00f6gz\u00edt\u00e9si pontok miatt a Stoccolma k\u00f6nnyen testreszabhat\u00f3 \u00e9s rendk\u00edv\u00fcl funkcion\u00e1lis l\u00e1mpa: rugalmas, interakt\u00edv, amely minden helyis\u00e9get j\u00f3l meg tud vil\u00e1g\u00edtani.<\/p>\n<p><a href=\"https:\/\/sani-world.com\/wp-content\/uploads\/2021\/09\/Technical-info-STOCCOLMA.pdf\">download pdf<\/a><\/p>\n","protected":false},"featured_media":396,"template":"","meta":[],"product_brand":[],"product_cat":[25,26],"product_tag":[],"class_list":{"0":"post-395","1":"product","2":"type-product","3":"status-publish","4":"has-post-thumbnail","6":"product_cat-fali-lampa","7":"product_cat-lampa","9":"first","10":"instock","11":"shipping-taxable","12":"product-type-simple"},"yoast_head":"<!-- This site is optimized with the Yoast SEO plugin v27.5 - https:\/\/yoast.com\/product\/yoast-seo-wordpress\/ -->\n<title>Stoccolma -<\/title>\n<meta name=\"robots\" content=\"index, follow, max-snippet:-1, max-image-preview:large, max-video-preview:-1\" \/>\n<link rel=\"canonical\" href=\"https:\/\/sani-world.com\/index.php\/termek\/stoccolma\/\" \/>\n<meta property=\"og:locale\" content=\"hu_HU\" \/>\n<meta property=\"og:type\" content=\"article\" \/>\n<meta property=\"og:title\" content=\"Stoccolma -\" \/>\n<meta property=\"og:description\" content=\"Lehet a f\u00e9ny rugalmas?  A Stoccolma erre a k\u00e9rd\u00e9sre k\u00edv\u00e1n v\u00e1laszt adni.  A penget\u0151s hangszerekb\u0151l inspir\u00e1l\u00f3dva, a l\u00e1mpatest k\u00e9t rugalmas f\u00e9m k\u00e1bel k\u00f6z\u00e9 van kifesz\u00edtve, melyek megt\u00e1masztj\u00e1k \u00e9s \u00e1rammal l\u00e1tj\u00e1k el a k\u00f6zponti f\u00e9nyforr\u00e1st, ami egy speci\u00e1lis horogrendszerrel kapcsol\u00f3dik a s\u00ednekhez. ami lehet\u0151v\u00e9 teszi a f\u00e9nyforr\u00e1s mozgat\u00e1s\u00e1t, forgat\u00e1s\u00e1t, lehet\u0151v\u00e9 t\u00e9ve ezzel a felhaszn\u00e1l\u00f3 sz\u00e1m\u00e1ra, hogy a f\u00e9nyt b\u00e1rhov\u00e1 ir\u00e1ny\u00edtsa.  A l\u00e1mpa k\u00e9t k\u00fcl\u00f6nb\u00f6z\u0151 m\u00f3don (V \u00e9s O) is csatlakoztathat\u00f3. Az els\u0151nek van egy k\u00fcls\u0151 t\u00e1pegys\u00e9ge, amit be kell dugni a stadard csatlakoz\u00f3ba, az O v\u00e1ltozat pedig k\u00f6zvetlen\u00fcl csatlakoztathat\u00f3 az elektromos h\u00e1l\u00f3zatba. A k\u00fcl\u00f6nb\u00f6z\u0151 r\u00f6gz\u00edt\u00e9si pontok miatt a Stoccolma k\u00f6nnyen testreszabhat\u00f3 \u00e9s rendk\u00edv\u00fcl funkcion\u00e1lis l\u00e1mpa: rugalmas, interakt\u00edv, amely minden helyis\u00e9get j\u00f3l meg tud vil\u00e1g\u00edtani.  download pdf\" \/>\n<meta property=\"og:url\" content=\"https:\/\/sani-world.com\/index.php\/termek\/stoccolma\/\" \/>\n<meta property=\"article:modified_time\" content=\"2021-09-22T09:08:42+00:00\" \/>\n<meta property=\"og:image\" content=\"https:\/\/sani-world.com\/wp-content\/uploads\/2021\/09\/Stoccolma-living-room-e1623244915496.jpg\" \/>\n\t<meta property=\"og:image:width\" content=\"1079\" \/>\n\t<meta property=\"og:image:height\" content=\"1213\" \/>\n\t<meta property=\"og:image:type\" content=\"image\/jpeg\" \/>\n<meta name=\"twitter:card\" content=\"summary_large_image\" \/>\n<script type=\"application\/ld+json\" class=\"yoast-schema-graph\">{\"@context\":\"https:\\\/\\\/schema.org\",\"@graph\":[{\"@type\":\"WebPage\",\"@id\":\"https:\\\/\\\/sani-world.com\\\/index.php\\\/termek\\\/stoccolma\\\/\",\"url\":\"https:\\\/\\\/sani-world.com\\\/index.php\\\/termek\\\/stoccolma\\\/\",\"name\":\"Stoccolma -\",\"isPartOf\":{\"@id\":\"https:\\\/\\\/sani-world.com\\\/#website\"},\"primaryImageOfPage\":{\"@id\":\"https:\\\/\\\/sani-world.com\\\/index.php\\\/termek\\\/stoccolma\\\/#primaryimage\"},\"image\":{\"@id\":\"https:\\\/\\\/sani-world.com\\\/index.php\\\/termek\\\/stoccolma\\\/#primaryimage\"},\"thumbnailUrl\":\"https:\\\/\\\/sani-world.com\\\/wp-content\\\/uploads\\\/2021\\\/09\\\/Stoccolma-living-room-e1623244915496.jpg\",\"datePublished\":\"2021-09-16T09:02:03+00:00\",\"dateModified\":\"2021-09-22T09:08:42+00:00\",\"breadcrumb\":{\"@id\":\"https:\\\/\\\/sani-world.com\\\/index.php\\\/termek\\\/stoccolma\\\/#breadcrumb\"},\"inLanguage\":\"hu\",\"potentialAction\":[{\"@type\":\"ReadAction\",\"target\":[\"https:\\\/\\\/sani-world.com\\\/index.php\\\/termek\\\/stoccolma\\\/\"]}]},{\"@type\":\"ImageObject\",\"inLanguage\":\"hu\",\"@id\":\"https:\\\/\\\/sani-world.com\\\/index.php\\\/termek\\\/stoccolma\\\/#primaryimage\",\"url\":\"https:\\\/\\\/sani-world.com\\\/wp-content\\\/uploads\\\/2021\\\/09\\\/Stoccolma-living-room-e1623244915496.jpg\",\"contentUrl\":\"https:\\\/\\\/sani-world.com\\\/wp-content\\\/uploads\\\/2021\\\/09\\\/Stoccolma-living-room-e1623244915496.jpg\",\"width\":1079,\"height\":1213},{\"@type\":\"BreadcrumbList\",\"@id\":\"https:\\\/\\\/sani-world.com\\\/index.php\\\/termek\\\/stoccolma\\\/#breadcrumb\",\"itemListElement\":[{\"@type\":\"ListItem\",\"position\":1,\"name\":\"Kezd\u0151lap\",\"item\":\"https:\\\/\\\/sani-world.com\\\/\"},{\"@type\":\"ListItem\",\"position\":2,\"name\":\"term\u00e9kek\",\"item\":\"https:\\\/\\\/sani-world.com\\\/index.php\\\/termekek\\\/\"},{\"@type\":\"ListItem\",\"position\":3,\"name\":\"Stoccolma\"}]},{\"@type\":\"WebSite\",\"@id\":\"https:\\\/\\\/sani-world.com\\\/#website\",\"url\":\"https:\\\/\\\/sani-world.com\\\/\",\"name\":\"\",\"description\":\"\",\"publisher\":{\"@id\":\"https:\\\/\\\/sani-world.com\\\/#organization\"},\"potentialAction\":[{\"@type\":\"SearchAction\",\"target\":{\"@type\":\"EntryPoint\",\"urlTemplate\":\"https:\\\/\\\/sani-world.com\\\/?s={search_term_string}\"},\"query-input\":{\"@type\":\"PropertyValueSpecification\",\"valueRequired\":true,\"valueName\":\"search_term_string\"}}],\"inLanguage\":\"hu\"},{\"@type\":\"Organization\",\"@id\":\"https:\\\/\\\/sani-world.com\\\/#organization\",\"name\":\"sani-world\",\"url\":\"https:\\\/\\\/sani-world.com\\\/\",\"logo\":{\"@type\":\"ImageObject\",\"inLanguage\":\"hu\",\"@id\":\"https:\\\/\\\/sani-world.com\\\/#\\\/schema\\\/logo\\\/image\\\/\",\"url\":\"https:\\\/\\\/sani-world.com\\\/wp-content\\\/uploads\\\/2021\\\/09\\\/cropped-SANIWORLD_logo_black.png\",\"contentUrl\":\"https:\\\/\\\/sani-world.com\\\/wp-content\\\/uploads\\\/2021\\\/09\\\/cropped-SANIWORLD_logo_black.png\",\"width\":250,\"height\":75,\"caption\":\"sani-world\"},\"image\":{\"@id\":\"https:\\\/\\\/sani-world.com\\\/#\\\/schema\\\/logo\\\/image\\\/\"}}]}<\/script>\n<!-- \/ Yoast SEO plugin. -->","yoast_head_json":{"title":"Stoccolma -","robots":{"index":"index","follow":"follow","max-snippet":"max-snippet:-1","max-image-preview":"max-image-preview:large","max-video-preview":"max-video-preview:-1"},"canonical":"https:\/\/sani-world.com\/index.php\/termek\/stoccolma\/","og_locale":"hu_HU","og_type":"article","og_title":"Stoccolma -","og_description":"Lehet a f\u00e9ny rugalmas?  A Stoccolma erre a k\u00e9rd\u00e9sre k\u00edv\u00e1n v\u00e1laszt adni.  A penget\u0151s hangszerekb\u0151l inspir\u00e1l\u00f3dva, a l\u00e1mpatest k\u00e9t rugalmas f\u00e9m k\u00e1bel k\u00f6z\u00e9 van kifesz\u00edtve, melyek megt\u00e1masztj\u00e1k \u00e9s \u00e1rammal l\u00e1tj\u00e1k el a k\u00f6zponti f\u00e9nyforr\u00e1st, ami egy speci\u00e1lis horogrendszerrel kapcsol\u00f3dik a s\u00ednekhez. ami lehet\u0151v\u00e9 teszi a f\u00e9nyforr\u00e1s mozgat\u00e1s\u00e1t, forgat\u00e1s\u00e1t, lehet\u0151v\u00e9 t\u00e9ve ezzel a felhaszn\u00e1l\u00f3 sz\u00e1m\u00e1ra, hogy a f\u00e9nyt b\u00e1rhov\u00e1 ir\u00e1ny\u00edtsa.  A l\u00e1mpa k\u00e9t k\u00fcl\u00f6nb\u00f6z\u0151 m\u00f3don (V \u00e9s O) is csatlakoztathat\u00f3. Az els\u0151nek van egy k\u00fcls\u0151 t\u00e1pegys\u00e9ge, amit be kell dugni a stadard csatlakoz\u00f3ba, az O v\u00e1ltozat pedig k\u00f6zvetlen\u00fcl csatlakoztathat\u00f3 az elektromos h\u00e1l\u00f3zatba. A k\u00fcl\u00f6nb\u00f6z\u0151 r\u00f6gz\u00edt\u00e9si pontok miatt a Stoccolma k\u00f6nnyen testreszabhat\u00f3 \u00e9s rendk\u00edv\u00fcl funkcion\u00e1lis l\u00e1mpa: rugalmas, interakt\u00edv, amely minden helyis\u00e9get j\u00f3l meg tud vil\u00e1g\u00edtani.  download pdf","og_url":"https:\/\/sani-world.com\/index.php\/termek\/stoccolma\/","article_modified_time":"2021-09-22T09:08:42+00:00","og_image":[{"width":1079,"height":1213,"url":"https:\/\/sani-world.com\/wp-content\/uploads\/2021\/09\/Stoccolma-living-room-e1623244915496.jpg","type":"image\/jpeg"}],"twitter_card":"summary_large_image","schema":{"@context":"https:\/\/schema.org","@graph":[{"@type":"WebPage","@id":"https:\/\/sani-world.com\/index.php\/termek\/stoccolma\/","url":"https:\/\/sani-world.com\/index.php\/termek\/stoccolma\/","name":"Stoccolma -","isPartOf":{"@id":"https:\/\/sani-world.com\/#website"},"primaryImageOfPage":{"@id":"https:\/\/sani-world.com\/index.php\/termek\/stoccolma\/#primaryimage"},"image":{"@id":"https:\/\/sani-world.com\/index.php\/termek\/stoccolma\/#primaryimage"},"thumbnailUrl":"https:\/\/sani-world.com\/wp-content\/uploads\/2021\/09\/Stoccolma-living-room-e1623244915496.jpg","datePublished":"2021-09-16T09:02:03+00:00","dateModified":"2021-09-22T09:08:42+00:00","breadcrumb":{"@id":"https:\/\/sani-world.com\/index.php\/termek\/stoccolma\/#breadcrumb"},"inLanguage":"hu","potentialAction":[{"@type":"ReadAction","target":["https:\/\/sani-world.com\/index.php\/termek\/stoccolma\/"]}]},{"@type":"ImageObject","inLanguage":"hu","@id":"https:\/\/sani-world.com\/index.php\/termek\/stoccolma\/#primaryimage","url":"https:\/\/sani-world.com\/wp-content\/uploads\/2021\/09\/Stoccolma-living-room-e1623244915496.jpg","contentUrl":"https:\/\/sani-world.com\/wp-content\/uploads\/2021\/09\/Stoccolma-living-room-e1623244915496.jpg","width":1079,"height":1213},{"@type":"BreadcrumbList","@id":"https:\/\/sani-world.com\/index.php\/termek\/stoccolma\/#breadcrumb","itemListElement":[{"@type":"ListItem","position":1,"name":"Kezd\u0151lap","item":"https:\/\/sani-world.com\/"},{"@type":"ListItem","position":2,"name":"term\u00e9kek","item":"https:\/\/sani-world.com\/index.php\/termekek\/"},{"@type":"ListItem","position":3,"name":"Stoccolma"}]},{"@type":"WebSite","@id":"https:\/\/sani-world.com\/#website","url":"https:\/\/sani-world.com\/","name":"","description":"","publisher":{"@id":"https:\/\/sani-world.com\/#organization"},"potentialAction":[{"@type":"SearchAction","target":{"@type":"EntryPoint","urlTemplate":"https:\/\/sani-world.com\/?s={search_term_string}"},"query-input":{"@type":"PropertyValueSpecification","valueRequired":true,"valueName":"search_term_string"}}],"inLanguage":"hu"},{"@type":"Organization","@id":"https:\/\/sani-world.com\/#organization","name":"sani-world","url":"https:\/\/sani-world.com\/","logo":{"@type":"ImageObject","inLanguage":"hu","@id":"https:\/\/sani-world.com\/#\/schema\/logo\/image\/","url":"https:\/\/sani-world.com\/wp-content\/uploads\/2021\/09\/cropped-SANIWORLD_logo_black.png","contentUrl":"https:\/\/sani-world.com\/wp-content\/uploads\/2021\/09\/cropped-SANIWORLD_logo_black.png","width":250,"height":75,"caption":"sani-world"},"image":{"@id":"https:\/\/sani-world.com\/#\/schema\/logo\/image\/"}}]}},"jetpack_sharing_enabled":true,"_links":{"self":[{"href":"https:\/\/sani-world.com\/index.php\/wp-json\/wp\/v2\/product\/395","targetHints":{"allow":["GET"]}}],"collection":[{"href":"https:\/\/sani-world.com\/index.php\/wp-json\/wp\/v2\/product"}],"about":[{"href":"https:\/\/sani-world.com\/index.php\/wp-json\/wp\/v2\/types\/product"}],"version-history":[{"count":4,"href":"https:\/\/sani-world.com\/index.php\/wp-json\/wp\/v2\/product\/395\/revisions"}],"predecessor-version":[{"id":679,"href":"https:\/\/sani-world.com\/index.php\/wp-json\/wp\/v2\/product\/395\/revisions\/679"}],"wp:featuredmedia":[{"embeddable":true,"href":"https:\/\/sani-world.com\/index.php\/wp-json\/wp\/v2\/media\/396"}],"wp:attachment":[{"href":"https:\/\/sani-world.com\/index.php\/wp-json\/wp\/v2\/media?parent=395"}],"wp:term":[{"taxonomy":"product_brand","embeddable":true,"href":"https:\/\/sani-world.com\/index.php\/wp-json\/wp\/v2\/product_brand?post=395"},{"taxonomy":"product_cat","embeddable":true,"href":"https:\/\/sani-world.com\/index.php\/wp-json\/wp\/v2\/product_cat?post=395"},{"taxonomy":"product_tag","embeddable":true,"href":"https:\/\/sani-world.com\/index.php\/wp-json\/wp\/v2\/product_tag?post=395"}],"curies":[{"name":"wp","href":"https:\/\/api.w.org\/{rel}","templated":true}]}}