{"id":391,"date":"2021-09-16T09:00:38","date_gmt":"2021-09-16T09:00:38","guid":{"rendered":"https:\/\/sani-world.com\/?post_type=product&#038;p=391"},"modified":"2021-09-17T11:08:39","modified_gmt":"2021-09-17T11:08:39","slug":"equilibrio-fali-lampa","status":"publish","type":"product","link":"https:\/\/sani-world.com\/index.php\/termek\/equilibrio-fali-lampa\/","title":{"rendered":"Equilibrio fali l\u00e1mpa"},"content":{"rendered":"","protected":false},"excerpt":{"rendered":"<p>Az Equilibrio fali v\u00e1ltozata azzal a c\u00e9llal sz\u00fcletett meg, hogy egy kisebb \u00e9s praktikusabb t\u00e1rgyban reproduk\u00e1lj\u00e1k azt a koncepci\u00f3t, amelyen a teljes kollekci\u00f3 alapul, vagyis a gravit\u00e1ci\u00f3s \u00e9s a m\u00e1gneses er\u0151 k\u00f6z\u00f6tti egyens\u00falyt.<\/p>\n<p>A kih\u00edv\u00e1st az jelentette, hogy olyan fali l\u00e1mp\u00e1t tervezzenek, amely \u00f6tv\u00f6zi az Equilibrio var\u00e1zslat\u00e1t \u00e9s a hangulatvil\u00e1g\u00edt\u00e1st egy funkcion\u00e1lis l\u00e1mp\u00e1val, amely k\u00e9pes a terek \u00e9rz\u00e9keltet\u00e9s\u00e9re \u00e9s karakteress\u00e9 t\u00e9tel\u00e9re.<\/p>\n<p>A design kiemeli a sorozat k\u00e9t jellegzetes henger form\u00e1j\u00e1t, amelyek k\u00f6t\u00e9s\u00fcknek \u00e9s m\u00e1gneses erej\u00fcknek k\u00f6sz\u00f6nhet\u0151en vonzz\u00e1k egym\u00e1st, de soha nem \u00e9rintkeznek. Ezeket egy keret emeli ki, ami m\u00f6g\u00f6tt k\u00e9t m\u00e1sik izz\u00f3 foglal helyet, melyek f\u00e9nysugara feler\u0151s\u00edti az eg\u00e9sz kollekci\u00f3 vonalainak f\u00fcgg\u0151legess\u00e9g\u00e9t \u00e9s letisztults\u00e1g\u00e1t.<\/p>\n","protected":false},"featured_media":392,"template":"","meta":[],"product_brand":[],"product_cat":[25,26,17],"product_tag":[],"class_list":{"0":"post-391","1":"product","2":"type-product","3":"status-publish","4":"has-post-thumbnail","6":"product_cat-fali-lampa","7":"product_cat-lampa","8":"product_cat-olivelab","10":"first","11":"instock","12":"shipping-taxable","13":"product-type-simple"},"yoast_head":"<!-- This site is optimized with the Yoast SEO plugin v27.3 - https:\/\/yoast.com\/product\/yoast-seo-wordpress\/ -->\n<title>Equilibrio fali l\u00e1mpa -<\/title>\n<meta name=\"robots\" content=\"index, follow, max-snippet:-1, max-image-preview:large, max-video-preview:-1\" \/>\n<link rel=\"canonical\" href=\"https:\/\/sani-world.com\/index.php\/termek\/equilibrio-fali-lampa\/\" \/>\n<meta property=\"og:locale\" content=\"hu_HU\" \/>\n<meta property=\"og:type\" content=\"article\" \/>\n<meta property=\"og:title\" content=\"Equilibrio fali l\u00e1mpa -\" \/>\n<meta property=\"og:description\" content=\"Az Equilibrio fali v\u00e1ltozata azzal a c\u00e9llal sz\u00fcletett meg, hogy egy kisebb \u00e9s praktikusabb t\u00e1rgyban reproduk\u00e1lj\u00e1k azt a koncepci\u00f3t, amelyen a teljes kollekci\u00f3 alapul, vagyis a gravit\u00e1ci\u00f3s \u00e9s a m\u00e1gneses er\u0151 k\u00f6z\u00f6tti egyens\u00falyt.  A kih\u00edv\u00e1st az jelentette, hogy olyan fali l\u00e1mp\u00e1t tervezzenek, amely \u00f6tv\u00f6zi az Equilibrio var\u00e1zslat\u00e1t \u00e9s a hangulatvil\u00e1g\u00edt\u00e1st egy funkcion\u00e1lis l\u00e1mp\u00e1val, amely k\u00e9pes a terek \u00e9rz\u00e9keltet\u00e9s\u00e9re \u00e9s karakteress\u00e9 t\u00e9tel\u00e9re.  A design kiemeli a sorozat k\u00e9t jellegzetes henger form\u00e1j\u00e1t, amelyek k\u00f6t\u00e9s\u00fcknek \u00e9s m\u00e1gneses erej\u00fcknek k\u00f6sz\u00f6nhet\u0151en vonzz\u00e1k egym\u00e1st, de soha nem \u00e9rintkeznek. Ezeket egy keret emeli ki, ami m\u00f6g\u00f6tt k\u00e9t m\u00e1sik izz\u00f3 foglal helyet, melyek f\u00e9nysugara feler\u0151s\u00edti az eg\u00e9sz kollekci\u00f3 vonalainak f\u00fcgg\u0151legess\u00e9g\u00e9t \u00e9s letisztults\u00e1g\u00e1t.\" \/>\n<meta property=\"og:url\" content=\"https:\/\/sani-world.com\/index.php\/termek\/equilibrio-fali-lampa\/\" \/>\n<meta property=\"article:modified_time\" content=\"2021-09-17T11:08:39+00:00\" \/>\n<meta property=\"og:image\" content=\"https:\/\/sani-world.com\/wp-content\/uploads\/2021\/09\/EQW-1-scaled-omqss6co7j1mqrck968l51b1ky1lawwiqe2rmlvx6o.jpg\" \/>\n\t<meta property=\"og:image:width\" content=\"750\" \/>\n\t<meta property=\"og:image:height\" content=\"800\" \/>\n\t<meta property=\"og:image:type\" content=\"image\/jpeg\" \/>\n<meta name=\"twitter:card\" content=\"summary_large_image\" \/>\n<script type=\"application\/ld+json\" class=\"yoast-schema-graph\">{\"@context\":\"https:\\\/\\\/schema.org\",\"@graph\":[{\"@type\":\"WebPage\",\"@id\":\"https:\\\/\\\/sani-world.com\\\/index.php\\\/termek\\\/equilibrio-fali-lampa\\\/\",\"url\":\"https:\\\/\\\/sani-world.com\\\/index.php\\\/termek\\\/equilibrio-fali-lampa\\\/\",\"name\":\"Equilibrio fali l\u00e1mpa -\",\"isPartOf\":{\"@id\":\"https:\\\/\\\/sani-world.com\\\/#website\"},\"primaryImageOfPage\":{\"@id\":\"https:\\\/\\\/sani-world.com\\\/index.php\\\/termek\\\/equilibrio-fali-lampa\\\/#primaryimage\"},\"image\":{\"@id\":\"https:\\\/\\\/sani-world.com\\\/index.php\\\/termek\\\/equilibrio-fali-lampa\\\/#primaryimage\"},\"thumbnailUrl\":\"https:\\\/\\\/sani-world.com\\\/wp-content\\\/uploads\\\/2021\\\/09\\\/EQW-1-scaled-omqss6co7j1mqrck968l51b1ky1lawwiqe2rmlvx6o.jpg\",\"datePublished\":\"2021-09-16T09:00:38+00:00\",\"dateModified\":\"2021-09-17T11:08:39+00:00\",\"breadcrumb\":{\"@id\":\"https:\\\/\\\/sani-world.com\\\/index.php\\\/termek\\\/equilibrio-fali-lampa\\\/#breadcrumb\"},\"inLanguage\":\"hu\",\"potentialAction\":[{\"@type\":\"ReadAction\",\"target\":[\"https:\\\/\\\/sani-world.com\\\/index.php\\\/termek\\\/equilibrio-fali-lampa\\\/\"]}]},{\"@type\":\"ImageObject\",\"inLanguage\":\"hu\",\"@id\":\"https:\\\/\\\/sani-world.com\\\/index.php\\\/termek\\\/equilibrio-fali-lampa\\\/#primaryimage\",\"url\":\"https:\\\/\\\/sani-world.com\\\/wp-content\\\/uploads\\\/2021\\\/09\\\/EQW-1-scaled-omqss6co7j1mqrck968l51b1ky1lawwiqe2rmlvx6o.jpg\",\"contentUrl\":\"https:\\\/\\\/sani-world.com\\\/wp-content\\\/uploads\\\/2021\\\/09\\\/EQW-1-scaled-omqss6co7j1mqrck968l51b1ky1lawwiqe2rmlvx6o.jpg\",\"width\":750,\"height\":800},{\"@type\":\"BreadcrumbList\",\"@id\":\"https:\\\/\\\/sani-world.com\\\/index.php\\\/termek\\\/equilibrio-fali-lampa\\\/#breadcrumb\",\"itemListElement\":[{\"@type\":\"ListItem\",\"position\":1,\"name\":\"Kezd\u0151lap\",\"item\":\"https:\\\/\\\/sani-world.com\\\/\"},{\"@type\":\"ListItem\",\"position\":2,\"name\":\"term\u00e9kek\",\"item\":\"https:\\\/\\\/sani-world.com\\\/index.php\\\/termekek\\\/\"},{\"@type\":\"ListItem\",\"position\":3,\"name\":\"Equilibrio fali l\u00e1mpa\"}]},{\"@type\":\"WebSite\",\"@id\":\"https:\\\/\\\/sani-world.com\\\/#website\",\"url\":\"https:\\\/\\\/sani-world.com\\\/\",\"name\":\"\",\"description\":\"\",\"publisher\":{\"@id\":\"https:\\\/\\\/sani-world.com\\\/#organization\"},\"potentialAction\":[{\"@type\":\"SearchAction\",\"target\":{\"@type\":\"EntryPoint\",\"urlTemplate\":\"https:\\\/\\\/sani-world.com\\\/?s={search_term_string}\"},\"query-input\":{\"@type\":\"PropertyValueSpecification\",\"valueRequired\":true,\"valueName\":\"search_term_string\"}}],\"inLanguage\":\"hu\"},{\"@type\":\"Organization\",\"@id\":\"https:\\\/\\\/sani-world.com\\\/#organization\",\"name\":\"sani-world\",\"url\":\"https:\\\/\\\/sani-world.com\\\/\",\"logo\":{\"@type\":\"ImageObject\",\"inLanguage\":\"hu\",\"@id\":\"https:\\\/\\\/sani-world.com\\\/#\\\/schema\\\/logo\\\/image\\\/\",\"url\":\"https:\\\/\\\/sani-world.com\\\/wp-content\\\/uploads\\\/2021\\\/09\\\/cropped-SANIWORLD_logo_black.png\",\"contentUrl\":\"https:\\\/\\\/sani-world.com\\\/wp-content\\\/uploads\\\/2021\\\/09\\\/cropped-SANIWORLD_logo_black.png\",\"width\":250,\"height\":75,\"caption\":\"sani-world\"},\"image\":{\"@id\":\"https:\\\/\\\/sani-world.com\\\/#\\\/schema\\\/logo\\\/image\\\/\"}}]}<\/script>\n<!-- \/ Yoast SEO plugin. -->","yoast_head_json":{"title":"Equilibrio fali l\u00e1mpa -","robots":{"index":"index","follow":"follow","max-snippet":"max-snippet:-1","max-image-preview":"max-image-preview:large","max-video-preview":"max-video-preview:-1"},"canonical":"https:\/\/sani-world.com\/index.php\/termek\/equilibrio-fali-lampa\/","og_locale":"hu_HU","og_type":"article","og_title":"Equilibrio fali l\u00e1mpa -","og_description":"Az Equilibrio fali v\u00e1ltozata azzal a c\u00e9llal sz\u00fcletett meg, hogy egy kisebb \u00e9s praktikusabb t\u00e1rgyban reproduk\u00e1lj\u00e1k azt a koncepci\u00f3t, amelyen a teljes kollekci\u00f3 alapul, vagyis a gravit\u00e1ci\u00f3s \u00e9s a m\u00e1gneses er\u0151 k\u00f6z\u00f6tti egyens\u00falyt.  A kih\u00edv\u00e1st az jelentette, hogy olyan fali l\u00e1mp\u00e1t tervezzenek, amely \u00f6tv\u00f6zi az Equilibrio var\u00e1zslat\u00e1t \u00e9s a hangulatvil\u00e1g\u00edt\u00e1st egy funkcion\u00e1lis l\u00e1mp\u00e1val, amely k\u00e9pes a terek \u00e9rz\u00e9keltet\u00e9s\u00e9re \u00e9s karakteress\u00e9 t\u00e9tel\u00e9re.  A design kiemeli a sorozat k\u00e9t jellegzetes henger form\u00e1j\u00e1t, amelyek k\u00f6t\u00e9s\u00fcknek \u00e9s m\u00e1gneses erej\u00fcknek k\u00f6sz\u00f6nhet\u0151en vonzz\u00e1k egym\u00e1st, de soha nem \u00e9rintkeznek. Ezeket egy keret emeli ki, ami m\u00f6g\u00f6tt k\u00e9t m\u00e1sik izz\u00f3 foglal helyet, melyek f\u00e9nysugara feler\u0151s\u00edti az eg\u00e9sz kollekci\u00f3 vonalainak f\u00fcgg\u0151legess\u00e9g\u00e9t \u00e9s letisztults\u00e1g\u00e1t.","og_url":"https:\/\/sani-world.com\/index.php\/termek\/equilibrio-fali-lampa\/","article_modified_time":"2021-09-17T11:08:39+00:00","og_image":[{"width":750,"height":800,"url":"https:\/\/sani-world.com\/wp-content\/uploads\/2021\/09\/EQW-1-scaled-omqss6co7j1mqrck968l51b1ky1lawwiqe2rmlvx6o.jpg","type":"image\/jpeg"}],"twitter_card":"summary_large_image","schema":{"@context":"https:\/\/schema.org","@graph":[{"@type":"WebPage","@id":"https:\/\/sani-world.com\/index.php\/termek\/equilibrio-fali-lampa\/","url":"https:\/\/sani-world.com\/index.php\/termek\/equilibrio-fali-lampa\/","name":"Equilibrio fali l\u00e1mpa -","isPartOf":{"@id":"https:\/\/sani-world.com\/#website"},"primaryImageOfPage":{"@id":"https:\/\/sani-world.com\/index.php\/termek\/equilibrio-fali-lampa\/#primaryimage"},"image":{"@id":"https:\/\/sani-world.com\/index.php\/termek\/equilibrio-fali-lampa\/#primaryimage"},"thumbnailUrl":"https:\/\/sani-world.com\/wp-content\/uploads\/2021\/09\/EQW-1-scaled-omqss6co7j1mqrck968l51b1ky1lawwiqe2rmlvx6o.jpg","datePublished":"2021-09-16T09:00:38+00:00","dateModified":"2021-09-17T11:08:39+00:00","breadcrumb":{"@id":"https:\/\/sani-world.com\/index.php\/termek\/equilibrio-fali-lampa\/#breadcrumb"},"inLanguage":"hu","potentialAction":[{"@type":"ReadAction","target":["https:\/\/sani-world.com\/index.php\/termek\/equilibrio-fali-lampa\/"]}]},{"@type":"ImageObject","inLanguage":"hu","@id":"https:\/\/sani-world.com\/index.php\/termek\/equilibrio-fali-lampa\/#primaryimage","url":"https:\/\/sani-world.com\/wp-content\/uploads\/2021\/09\/EQW-1-scaled-omqss6co7j1mqrck968l51b1ky1lawwiqe2rmlvx6o.jpg","contentUrl":"https:\/\/sani-world.com\/wp-content\/uploads\/2021\/09\/EQW-1-scaled-omqss6co7j1mqrck968l51b1ky1lawwiqe2rmlvx6o.jpg","width":750,"height":800},{"@type":"BreadcrumbList","@id":"https:\/\/sani-world.com\/index.php\/termek\/equilibrio-fali-lampa\/#breadcrumb","itemListElement":[{"@type":"ListItem","position":1,"name":"Kezd\u0151lap","item":"https:\/\/sani-world.com\/"},{"@type":"ListItem","position":2,"name":"term\u00e9kek","item":"https:\/\/sani-world.com\/index.php\/termekek\/"},{"@type":"ListItem","position":3,"name":"Equilibrio fali l\u00e1mpa"}]},{"@type":"WebSite","@id":"https:\/\/sani-world.com\/#website","url":"https:\/\/sani-world.com\/","name":"","description":"","publisher":{"@id":"https:\/\/sani-world.com\/#organization"},"potentialAction":[{"@type":"SearchAction","target":{"@type":"EntryPoint","urlTemplate":"https:\/\/sani-world.com\/?s={search_term_string}"},"query-input":{"@type":"PropertyValueSpecification","valueRequired":true,"valueName":"search_term_string"}}],"inLanguage":"hu"},{"@type":"Organization","@id":"https:\/\/sani-world.com\/#organization","name":"sani-world","url":"https:\/\/sani-world.com\/","logo":{"@type":"ImageObject","inLanguage":"hu","@id":"https:\/\/sani-world.com\/#\/schema\/logo\/image\/","url":"https:\/\/sani-world.com\/wp-content\/uploads\/2021\/09\/cropped-SANIWORLD_logo_black.png","contentUrl":"https:\/\/sani-world.com\/wp-content\/uploads\/2021\/09\/cropped-SANIWORLD_logo_black.png","width":250,"height":75,"caption":"sani-world"},"image":{"@id":"https:\/\/sani-world.com\/#\/schema\/logo\/image\/"}}]}},"jetpack_sharing_enabled":true,"_links":{"self":[{"href":"https:\/\/sani-world.com\/index.php\/wp-json\/wp\/v2\/product\/391","targetHints":{"allow":["GET"]}}],"collection":[{"href":"https:\/\/sani-world.com\/index.php\/wp-json\/wp\/v2\/product"}],"about":[{"href":"https:\/\/sani-world.com\/index.php\/wp-json\/wp\/v2\/types\/product"}],"version-history":[{"count":1,"href":"https:\/\/sani-world.com\/index.php\/wp-json\/wp\/v2\/product\/391\/revisions"}],"predecessor-version":[{"id":394,"href":"https:\/\/sani-world.com\/index.php\/wp-json\/wp\/v2\/product\/391\/revisions\/394"}],"wp:featuredmedia":[{"embeddable":true,"href":"https:\/\/sani-world.com\/index.php\/wp-json\/wp\/v2\/media\/392"}],"wp:attachment":[{"href":"https:\/\/sani-world.com\/index.php\/wp-json\/wp\/v2\/media?parent=391"}],"wp:term":[{"taxonomy":"product_brand","embeddable":true,"href":"https:\/\/sani-world.com\/index.php\/wp-json\/wp\/v2\/product_brand?post=391"},{"taxonomy":"product_cat","embeddable":true,"href":"https:\/\/sani-world.com\/index.php\/wp-json\/wp\/v2\/product_cat?post=391"},{"taxonomy":"product_tag","embeddable":true,"href":"https:\/\/sani-world.com\/index.php\/wp-json\/wp\/v2\/product_tag?post=391"}],"curies":[{"name":"wp","href":"https:\/\/api.w.org\/{rel}","templated":true}]}}