{"id":387,"date":"2021-09-16T08:59:24","date_gmt":"2021-09-16T08:59:24","guid":{"rendered":"https:\/\/sani-world.com\/?post_type=product&#038;p=387"},"modified":"2021-11-05T13:47:04","modified_gmt":"2021-11-05T13:47:04","slug":"equilibrio-allolampa","status":"publish","type":"product","link":"https:\/\/sani-world.com\/index.php\/termek\/equilibrio-allolampa\/","title":{"rendered":"Equilibrio \u00e1ll\u00f3l\u00e1mpa"},"content":{"rendered":"","protected":false},"excerpt":{"rendered":"<p>Az Equilibrio egy tart\u00f3szerkezet n\u00e9lk\u00fcli l\u00e1mpa.<\/p>\n<p>Amikor a l\u00e1mpa k\u00e9t v\u00e9ge k\u00f6zel van egym\u00e1shoz, a k\u00f6z\u00f6tt\u00fck l\u00e9v\u0151 m\u00e1gneses er\u0151 el\u00e9g er\u0151s ahhoz, hogy ellen\u00e1lljon a gravit\u00e1ci\u00f3nak, \u00edgy a l\u00e1mpa var\u00e1zslatos m\u00f3don lebeg a leveg\u0151ben. Az als\u00f3 r\u00e9sznek nincs merev tart\u00f3szerkeze, de a k\u00e9t m\u00e1gnesnek k\u00f6sz\u00f6nhet\u0151en a fels\u0151 r\u00e9sz fenntartja . Az als\u00f3 elem s\u00faly\u00e1nak k\u00f6sz\u00f6nhet\u0151en a k\u00e9t r\u00e9sz soha nem \u00e9rintkezik, \u00e9s megh\u00f6kkent\u0151 l\u00e1tv\u00e1nyt ny\u00fajt.<\/p>\n<p>A design egyszer\u0171 \u00e9s tiszta, eszt\u00e9tikai szempontb\u00f3l is kiegyens\u00falyozott.<\/p>\n<p>Az Equilibrio t\u00f6k\u00e9letes t\u00e1rgy b\u00e1rmely t\u00e9r megvil\u00e1g\u00edt\u00e1s\u00e1ra.<\/p>\n","protected":false},"featured_media":388,"template":"","meta":[],"product_brand":[],"product_cat":[23,26,17],"product_tag":[],"class_list":{"0":"post-387","1":"product","2":"type-product","3":"status-publish","4":"has-post-thumbnail","6":"product_cat-allolampa","7":"product_cat-lampa","8":"product_cat-olivelab","10":"first","11":"instock","12":"shipping-taxable","13":"product-type-simple"},"yoast_head":"<!-- This site is optimized with the Yoast SEO plugin v27.5 - https:\/\/yoast.com\/product\/yoast-seo-wordpress\/ -->\n<title>Equilibrio \u00e1ll\u00f3l\u00e1mpa<\/title>\n<meta name=\"robots\" content=\"index, follow, max-snippet:-1, max-image-preview:large, max-video-preview:-1\" \/>\n<link rel=\"canonical\" href=\"https:\/\/sani-world.com\/index.php\/termek\/equilibrio-allolampa\/\" \/>\n<meta property=\"og:locale\" content=\"hu_HU\" \/>\n<meta property=\"og:type\" content=\"article\" \/>\n<meta property=\"og:title\" content=\"Equilibrio \u00e1ll\u00f3l\u00e1mpa\" \/>\n<meta property=\"og:description\" content=\"Az Equilibrio egy tart\u00f3szerkezet n\u00e9lk\u00fcli l\u00e1mpa.  Amikor a l\u00e1mpa k\u00e9t v\u00e9ge k\u00f6zel van egym\u00e1shoz, a k\u00f6z\u00f6tt\u00fck l\u00e9v\u0151 m\u00e1gneses er\u0151 el\u00e9g er\u0151s ahhoz, hogy ellen\u00e1lljon a gravit\u00e1ci\u00f3nak, \u00edgy a l\u00e1mpa var\u00e1zslatos m\u00f3don lebeg a leveg\u0151ben. Az als\u00f3 r\u00e9sznek nincs merev tart\u00f3szerkeze, de a k\u00e9t m\u00e1gnesnek k\u00f6sz\u00f6nhet\u0151en a fels\u0151 r\u00e9sz fenntartja . Az als\u00f3 elem s\u00faly\u00e1nak k\u00f6sz\u00f6nhet\u0151en a k\u00e9t r\u00e9sz soha nem \u00e9rintkezik, \u00e9s megh\u00f6kkent\u0151 l\u00e1tv\u00e1nyt ny\u00fajt.  A design egyszer\u0171 \u00e9s tiszta, eszt\u00e9tikai szempontb\u00f3l is kiegyens\u00falyozott.  Az Equilibrio t\u00f6k\u00e9letes t\u00e1rgy b\u00e1rmely t\u00e9r megvil\u00e1g\u00edt\u00e1s\u00e1ra.\" \/>\n<meta property=\"og:url\" content=\"https:\/\/sani-world.com\/index.php\/termek\/equilibrio-allolampa\/\" \/>\n<meta property=\"article:modified_time\" content=\"2021-11-05T13:47:04+00:00\" \/>\n<meta property=\"og:image\" content=\"https:\/\/sani-world.com\/wp-content\/uploads\/2021\/09\/EQFN_2-1-p8pgu19s5o4644wzqx2732ye49amiq4sphu0boamyo.jpg\" \/>\n\t<meta property=\"og:image:width\" content=\"750\" \/>\n\t<meta property=\"og:image:height\" content=\"800\" \/>\n\t<meta property=\"og:image:type\" content=\"image\/jpeg\" \/>\n<meta name=\"twitter:card\" content=\"summary_large_image\" \/>\n<script type=\"application\/ld+json\" class=\"yoast-schema-graph\">{\"@context\":\"https:\\\/\\\/schema.org\",\"@graph\":[{\"@type\":\"WebPage\",\"@id\":\"https:\\\/\\\/sani-world.com\\\/index.php\\\/termek\\\/equilibrio-allolampa\\\/\",\"url\":\"https:\\\/\\\/sani-world.com\\\/index.php\\\/termek\\\/equilibrio-allolampa\\\/\",\"name\":\"Equilibrio \u00e1ll\u00f3l\u00e1mpa\",\"isPartOf\":{\"@id\":\"https:\\\/\\\/sani-world.com\\\/#website\"},\"primaryImageOfPage\":{\"@id\":\"https:\\\/\\\/sani-world.com\\\/index.php\\\/termek\\\/equilibrio-allolampa\\\/#primaryimage\"},\"image\":{\"@id\":\"https:\\\/\\\/sani-world.com\\\/index.php\\\/termek\\\/equilibrio-allolampa\\\/#primaryimage\"},\"thumbnailUrl\":\"https:\\\/\\\/sani-world.com\\\/wp-content\\\/uploads\\\/2021\\\/09\\\/EQFN_2-1-p8pgu19s5o4644wzqx2732ye49amiq4sphu0boamyo.jpg\",\"datePublished\":\"2021-09-16T08:59:24+00:00\",\"dateModified\":\"2021-11-05T13:47:04+00:00\",\"breadcrumb\":{\"@id\":\"https:\\\/\\\/sani-world.com\\\/index.php\\\/termek\\\/equilibrio-allolampa\\\/#breadcrumb\"},\"inLanguage\":\"hu\",\"potentialAction\":[{\"@type\":\"ReadAction\",\"target\":[\"https:\\\/\\\/sani-world.com\\\/index.php\\\/termek\\\/equilibrio-allolampa\\\/\"]}]},{\"@type\":\"ImageObject\",\"inLanguage\":\"hu\",\"@id\":\"https:\\\/\\\/sani-world.com\\\/index.php\\\/termek\\\/equilibrio-allolampa\\\/#primaryimage\",\"url\":\"https:\\\/\\\/sani-world.com\\\/wp-content\\\/uploads\\\/2021\\\/09\\\/EQFN_2-1-p8pgu19s5o4644wzqx2732ye49amiq4sphu0boamyo.jpg\",\"contentUrl\":\"https:\\\/\\\/sani-world.com\\\/wp-content\\\/uploads\\\/2021\\\/09\\\/EQFN_2-1-p8pgu19s5o4644wzqx2732ye49amiq4sphu0boamyo.jpg\",\"width\":750,\"height\":800},{\"@type\":\"BreadcrumbList\",\"@id\":\"https:\\\/\\\/sani-world.com\\\/index.php\\\/termek\\\/equilibrio-allolampa\\\/#breadcrumb\",\"itemListElement\":[{\"@type\":\"ListItem\",\"position\":1,\"name\":\"Kezd\u0151lap\",\"item\":\"https:\\\/\\\/sani-world.com\\\/\"},{\"@type\":\"ListItem\",\"position\":2,\"name\":\"term\u00e9kek\",\"item\":\"https:\\\/\\\/sani-world.com\\\/index.php\\\/termekek\\\/\"},{\"@type\":\"ListItem\",\"position\":3,\"name\":\"Equilibrio \u00e1ll\u00f3l\u00e1mpa\"}]},{\"@type\":\"WebSite\",\"@id\":\"https:\\\/\\\/sani-world.com\\\/#website\",\"url\":\"https:\\\/\\\/sani-world.com\\\/\",\"name\":\"\",\"description\":\"\",\"publisher\":{\"@id\":\"https:\\\/\\\/sani-world.com\\\/#organization\"},\"potentialAction\":[{\"@type\":\"SearchAction\",\"target\":{\"@type\":\"EntryPoint\",\"urlTemplate\":\"https:\\\/\\\/sani-world.com\\\/?s={search_term_string}\"},\"query-input\":{\"@type\":\"PropertyValueSpecification\",\"valueRequired\":true,\"valueName\":\"search_term_string\"}}],\"inLanguage\":\"hu\"},{\"@type\":\"Organization\",\"@id\":\"https:\\\/\\\/sani-world.com\\\/#organization\",\"name\":\"sani-world\",\"url\":\"https:\\\/\\\/sani-world.com\\\/\",\"logo\":{\"@type\":\"ImageObject\",\"inLanguage\":\"hu\",\"@id\":\"https:\\\/\\\/sani-world.com\\\/#\\\/schema\\\/logo\\\/image\\\/\",\"url\":\"https:\\\/\\\/sani-world.com\\\/wp-content\\\/uploads\\\/2021\\\/09\\\/cropped-SANIWORLD_logo_black.png\",\"contentUrl\":\"https:\\\/\\\/sani-world.com\\\/wp-content\\\/uploads\\\/2021\\\/09\\\/cropped-SANIWORLD_logo_black.png\",\"width\":250,\"height\":75,\"caption\":\"sani-world\"},\"image\":{\"@id\":\"https:\\\/\\\/sani-world.com\\\/#\\\/schema\\\/logo\\\/image\\\/\"}}]}<\/script>\n<!-- \/ Yoast SEO plugin. -->","yoast_head_json":{"title":"Equilibrio \u00e1ll\u00f3l\u00e1mpa","robots":{"index":"index","follow":"follow","max-snippet":"max-snippet:-1","max-image-preview":"max-image-preview:large","max-video-preview":"max-video-preview:-1"},"canonical":"https:\/\/sani-world.com\/index.php\/termek\/equilibrio-allolampa\/","og_locale":"hu_HU","og_type":"article","og_title":"Equilibrio \u00e1ll\u00f3l\u00e1mpa","og_description":"Az Equilibrio egy tart\u00f3szerkezet n\u00e9lk\u00fcli l\u00e1mpa.  Amikor a l\u00e1mpa k\u00e9t v\u00e9ge k\u00f6zel van egym\u00e1shoz, a k\u00f6z\u00f6tt\u00fck l\u00e9v\u0151 m\u00e1gneses er\u0151 el\u00e9g er\u0151s ahhoz, hogy ellen\u00e1lljon a gravit\u00e1ci\u00f3nak, \u00edgy a l\u00e1mpa var\u00e1zslatos m\u00f3don lebeg a leveg\u0151ben. Az als\u00f3 r\u00e9sznek nincs merev tart\u00f3szerkeze, de a k\u00e9t m\u00e1gnesnek k\u00f6sz\u00f6nhet\u0151en a fels\u0151 r\u00e9sz fenntartja . Az als\u00f3 elem s\u00faly\u00e1nak k\u00f6sz\u00f6nhet\u0151en a k\u00e9t r\u00e9sz soha nem \u00e9rintkezik, \u00e9s megh\u00f6kkent\u0151 l\u00e1tv\u00e1nyt ny\u00fajt.  A design egyszer\u0171 \u00e9s tiszta, eszt\u00e9tikai szempontb\u00f3l is kiegyens\u00falyozott.  Az Equilibrio t\u00f6k\u00e9letes t\u00e1rgy b\u00e1rmely t\u00e9r megvil\u00e1g\u00edt\u00e1s\u00e1ra.","og_url":"https:\/\/sani-world.com\/index.php\/termek\/equilibrio-allolampa\/","article_modified_time":"2021-11-05T13:47:04+00:00","og_image":[{"width":750,"height":800,"url":"https:\/\/sani-world.com\/wp-content\/uploads\/2021\/09\/EQFN_2-1-p8pgu19s5o4644wzqx2732ye49amiq4sphu0boamyo.jpg","type":"image\/jpeg"}],"twitter_card":"summary_large_image","schema":{"@context":"https:\/\/schema.org","@graph":[{"@type":"WebPage","@id":"https:\/\/sani-world.com\/index.php\/termek\/equilibrio-allolampa\/","url":"https:\/\/sani-world.com\/index.php\/termek\/equilibrio-allolampa\/","name":"Equilibrio \u00e1ll\u00f3l\u00e1mpa","isPartOf":{"@id":"https:\/\/sani-world.com\/#website"},"primaryImageOfPage":{"@id":"https:\/\/sani-world.com\/index.php\/termek\/equilibrio-allolampa\/#primaryimage"},"image":{"@id":"https:\/\/sani-world.com\/index.php\/termek\/equilibrio-allolampa\/#primaryimage"},"thumbnailUrl":"https:\/\/sani-world.com\/wp-content\/uploads\/2021\/09\/EQFN_2-1-p8pgu19s5o4644wzqx2732ye49amiq4sphu0boamyo.jpg","datePublished":"2021-09-16T08:59:24+00:00","dateModified":"2021-11-05T13:47:04+00:00","breadcrumb":{"@id":"https:\/\/sani-world.com\/index.php\/termek\/equilibrio-allolampa\/#breadcrumb"},"inLanguage":"hu","potentialAction":[{"@type":"ReadAction","target":["https:\/\/sani-world.com\/index.php\/termek\/equilibrio-allolampa\/"]}]},{"@type":"ImageObject","inLanguage":"hu","@id":"https:\/\/sani-world.com\/index.php\/termek\/equilibrio-allolampa\/#primaryimage","url":"https:\/\/sani-world.com\/wp-content\/uploads\/2021\/09\/EQFN_2-1-p8pgu19s5o4644wzqx2732ye49amiq4sphu0boamyo.jpg","contentUrl":"https:\/\/sani-world.com\/wp-content\/uploads\/2021\/09\/EQFN_2-1-p8pgu19s5o4644wzqx2732ye49amiq4sphu0boamyo.jpg","width":750,"height":800},{"@type":"BreadcrumbList","@id":"https:\/\/sani-world.com\/index.php\/termek\/equilibrio-allolampa\/#breadcrumb","itemListElement":[{"@type":"ListItem","position":1,"name":"Kezd\u0151lap","item":"https:\/\/sani-world.com\/"},{"@type":"ListItem","position":2,"name":"term\u00e9kek","item":"https:\/\/sani-world.com\/index.php\/termekek\/"},{"@type":"ListItem","position":3,"name":"Equilibrio \u00e1ll\u00f3l\u00e1mpa"}]},{"@type":"WebSite","@id":"https:\/\/sani-world.com\/#website","url":"https:\/\/sani-world.com\/","name":"","description":"","publisher":{"@id":"https:\/\/sani-world.com\/#organization"},"potentialAction":[{"@type":"SearchAction","target":{"@type":"EntryPoint","urlTemplate":"https:\/\/sani-world.com\/?s={search_term_string}"},"query-input":{"@type":"PropertyValueSpecification","valueRequired":true,"valueName":"search_term_string"}}],"inLanguage":"hu"},{"@type":"Organization","@id":"https:\/\/sani-world.com\/#organization","name":"sani-world","url":"https:\/\/sani-world.com\/","logo":{"@type":"ImageObject","inLanguage":"hu","@id":"https:\/\/sani-world.com\/#\/schema\/logo\/image\/","url":"https:\/\/sani-world.com\/wp-content\/uploads\/2021\/09\/cropped-SANIWORLD_logo_black.png","contentUrl":"https:\/\/sani-world.com\/wp-content\/uploads\/2021\/09\/cropped-SANIWORLD_logo_black.png","width":250,"height":75,"caption":"sani-world"},"image":{"@id":"https:\/\/sani-world.com\/#\/schema\/logo\/image\/"}}]}},"jetpack_sharing_enabled":true,"_links":{"self":[{"href":"https:\/\/sani-world.com\/index.php\/wp-json\/wp\/v2\/product\/387","targetHints":{"allow":["GET"]}}],"collection":[{"href":"https:\/\/sani-world.com\/index.php\/wp-json\/wp\/v2\/product"}],"about":[{"href":"https:\/\/sani-world.com\/index.php\/wp-json\/wp\/v2\/types\/product"}],"version-history":[{"count":2,"href":"https:\/\/sani-world.com\/index.php\/wp-json\/wp\/v2\/product\/387\/revisions"}],"predecessor-version":[{"id":1284,"href":"https:\/\/sani-world.com\/index.php\/wp-json\/wp\/v2\/product\/387\/revisions\/1284"}],"wp:featuredmedia":[{"embeddable":true,"href":"https:\/\/sani-world.com\/index.php\/wp-json\/wp\/v2\/media\/388"}],"wp:attachment":[{"href":"https:\/\/sani-world.com\/index.php\/wp-json\/wp\/v2\/media?parent=387"}],"wp:term":[{"taxonomy":"product_brand","embeddable":true,"href":"https:\/\/sani-world.com\/index.php\/wp-json\/wp\/v2\/product_brand?post=387"},{"taxonomy":"product_cat","embeddable":true,"href":"https:\/\/sani-world.com\/index.php\/wp-json\/wp\/v2\/product_cat?post=387"},{"taxonomy":"product_tag","embeddable":true,"href":"https:\/\/sani-world.com\/index.php\/wp-json\/wp\/v2\/product_tag?post=387"}],"curies":[{"name":"wp","href":"https:\/\/api.w.org\/{rel}","templated":true}]}}