{"id":383,"date":"2021-09-16T08:57:41","date_gmt":"2021-09-16T08:57:41","guid":{"rendered":"https:\/\/sani-world.com\/?post_type=product&#038;p=383"},"modified":"2021-09-17T11:09:53","modified_gmt":"2021-09-17T11:09:53","slug":"d-02-wall-spot","status":"publish","type":"product","link":"https:\/\/sani-world.com\/index.php\/termek\/d-02-wall-spot\/","title":{"rendered":"D.02 Wall Spot"},"content":{"rendered":"","protected":false},"excerpt":{"rendered":"<p>A D.02 Wall Spot egy eleg\u00e1ns fali l\u00e1mpa, melyben kiv\u00e1l\u00f3 min\u0151s\u00e9g\u0171 f\u00e9nyforr\u00e1s tal\u00e1lhat\u00f3. A rugalmas kar lehet\u0151v\u00e9 teszi a f\u00e9ny ir\u00e1ny\u00e1nak teljes testreszab\u00e1s\u00e1t.<\/p>\n<p>T\u00f6k\u00e9letesen alkalmas olvas\u00f3sarokhoz \u00e9s dekor\u00e1ci\u00f3hoz, \u00e1gy mell\u00e9 vagy a h\u00e1z sarkainak d\u00edsz\u00edt\u00e9s\u00e9re.<\/p>\n","protected":false},"featured_media":384,"template":"","meta":[],"product_brand":[],"product_cat":[25,26,17],"product_tag":[],"class_list":{"0":"post-383","1":"product","2":"type-product","3":"status-publish","4":"has-post-thumbnail","6":"product_cat-fali-lampa","7":"product_cat-lampa","8":"product_cat-olivelab","10":"first","11":"instock","12":"shipping-taxable","13":"product-type-simple"},"yoast_head":"<!-- This site is optimized with the Yoast SEO plugin v27.5 - https:\/\/yoast.com\/product\/yoast-seo-wordpress\/ -->\n<title>D.02 Wall Spot -<\/title>\n<meta name=\"robots\" content=\"index, follow, max-snippet:-1, max-image-preview:large, max-video-preview:-1\" \/>\n<link rel=\"canonical\" href=\"https:\/\/sani-world.com\/index.php\/termek\/d-02-wall-spot\/\" \/>\n<meta property=\"og:locale\" content=\"hu_HU\" \/>\n<meta property=\"og:type\" content=\"article\" \/>\n<meta property=\"og:title\" content=\"D.02 Wall Spot -\" \/>\n<meta property=\"og:description\" content=\"A D.02 Wall Spot egy eleg\u00e1ns fali l\u00e1mpa, melyben kiv\u00e1l\u00f3 min\u0151s\u00e9g\u0171 f\u00e9nyforr\u00e1s tal\u00e1lhat\u00f3. A rugalmas kar lehet\u0151v\u00e9 teszi a f\u00e9ny ir\u00e1ny\u00e1nak teljes testreszab\u00e1s\u00e1t.  T\u00f6k\u00e9letesen alkalmas olvas\u00f3sarokhoz \u00e9s dekor\u00e1ci\u00f3hoz, \u00e1gy mell\u00e9 vagy a h\u00e1z sarkainak d\u00edsz\u00edt\u00e9s\u00e9re.\" \/>\n<meta property=\"og:url\" content=\"https:\/\/sani-world.com\/index.php\/termek\/d-02-wall-spot\/\" \/>\n<meta property=\"article:modified_time\" content=\"2021-09-17T11:09:53+00:00\" \/>\n<meta property=\"og:image\" content=\"https:\/\/sani-world.com\/wp-content\/uploads\/2021\/09\/D02W_5-1-p8pbt57wxghntno40q6v8q8ymsvp7o0ei663ioi4e8.jpg\" \/>\n\t<meta property=\"og:image:width\" content=\"750\" \/>\n\t<meta property=\"og:image:height\" content=\"800\" \/>\n\t<meta property=\"og:image:type\" content=\"image\/jpeg\" \/>\n<meta name=\"twitter:card\" content=\"summary_large_image\" \/>\n<script type=\"application\/ld+json\" class=\"yoast-schema-graph\">{\"@context\":\"https:\\\/\\\/schema.org\",\"@graph\":[{\"@type\":\"WebPage\",\"@id\":\"https:\\\/\\\/sani-world.com\\\/index.php\\\/termek\\\/d-02-wall-spot\\\/\",\"url\":\"https:\\\/\\\/sani-world.com\\\/index.php\\\/termek\\\/d-02-wall-spot\\\/\",\"name\":\"D.02 Wall Spot -\",\"isPartOf\":{\"@id\":\"https:\\\/\\\/sani-world.com\\\/#website\"},\"primaryImageOfPage\":{\"@id\":\"https:\\\/\\\/sani-world.com\\\/index.php\\\/termek\\\/d-02-wall-spot\\\/#primaryimage\"},\"image\":{\"@id\":\"https:\\\/\\\/sani-world.com\\\/index.php\\\/termek\\\/d-02-wall-spot\\\/#primaryimage\"},\"thumbnailUrl\":\"https:\\\/\\\/sani-world.com\\\/wp-content\\\/uploads\\\/2021\\\/09\\\/D02W_5-1-p8pbt57wxghntno40q6v8q8ymsvp7o0ei663ioi4e8.jpg\",\"datePublished\":\"2021-09-16T08:57:41+00:00\",\"dateModified\":\"2021-09-17T11:09:53+00:00\",\"breadcrumb\":{\"@id\":\"https:\\\/\\\/sani-world.com\\\/index.php\\\/termek\\\/d-02-wall-spot\\\/#breadcrumb\"},\"inLanguage\":\"hu\",\"potentialAction\":[{\"@type\":\"ReadAction\",\"target\":[\"https:\\\/\\\/sani-world.com\\\/index.php\\\/termek\\\/d-02-wall-spot\\\/\"]}]},{\"@type\":\"ImageObject\",\"inLanguage\":\"hu\",\"@id\":\"https:\\\/\\\/sani-world.com\\\/index.php\\\/termek\\\/d-02-wall-spot\\\/#primaryimage\",\"url\":\"https:\\\/\\\/sani-world.com\\\/wp-content\\\/uploads\\\/2021\\\/09\\\/D02W_5-1-p8pbt57wxghntno40q6v8q8ymsvp7o0ei663ioi4e8.jpg\",\"contentUrl\":\"https:\\\/\\\/sani-world.com\\\/wp-content\\\/uploads\\\/2021\\\/09\\\/D02W_5-1-p8pbt57wxghntno40q6v8q8ymsvp7o0ei663ioi4e8.jpg\",\"width\":750,\"height\":800},{\"@type\":\"BreadcrumbList\",\"@id\":\"https:\\\/\\\/sani-world.com\\\/index.php\\\/termek\\\/d-02-wall-spot\\\/#breadcrumb\",\"itemListElement\":[{\"@type\":\"ListItem\",\"position\":1,\"name\":\"Kezd\u0151lap\",\"item\":\"https:\\\/\\\/sani-world.com\\\/\"},{\"@type\":\"ListItem\",\"position\":2,\"name\":\"term\u00e9kek\",\"item\":\"https:\\\/\\\/sani-world.com\\\/index.php\\\/termekek\\\/\"},{\"@type\":\"ListItem\",\"position\":3,\"name\":\"D.02 Wall Spot\"}]},{\"@type\":\"WebSite\",\"@id\":\"https:\\\/\\\/sani-world.com\\\/#website\",\"url\":\"https:\\\/\\\/sani-world.com\\\/\",\"name\":\"\",\"description\":\"\",\"publisher\":{\"@id\":\"https:\\\/\\\/sani-world.com\\\/#organization\"},\"potentialAction\":[{\"@type\":\"SearchAction\",\"target\":{\"@type\":\"EntryPoint\",\"urlTemplate\":\"https:\\\/\\\/sani-world.com\\\/?s={search_term_string}\"},\"query-input\":{\"@type\":\"PropertyValueSpecification\",\"valueRequired\":true,\"valueName\":\"search_term_string\"}}],\"inLanguage\":\"hu\"},{\"@type\":\"Organization\",\"@id\":\"https:\\\/\\\/sani-world.com\\\/#organization\",\"name\":\"sani-world\",\"url\":\"https:\\\/\\\/sani-world.com\\\/\",\"logo\":{\"@type\":\"ImageObject\",\"inLanguage\":\"hu\",\"@id\":\"https:\\\/\\\/sani-world.com\\\/#\\\/schema\\\/logo\\\/image\\\/\",\"url\":\"https:\\\/\\\/sani-world.com\\\/wp-content\\\/uploads\\\/2021\\\/09\\\/cropped-SANIWORLD_logo_black.png\",\"contentUrl\":\"https:\\\/\\\/sani-world.com\\\/wp-content\\\/uploads\\\/2021\\\/09\\\/cropped-SANIWORLD_logo_black.png\",\"width\":250,\"height\":75,\"caption\":\"sani-world\"},\"image\":{\"@id\":\"https:\\\/\\\/sani-world.com\\\/#\\\/schema\\\/logo\\\/image\\\/\"}}]}<\/script>\n<!-- \/ Yoast SEO plugin. -->","yoast_head_json":{"title":"D.02 Wall Spot -","robots":{"index":"index","follow":"follow","max-snippet":"max-snippet:-1","max-image-preview":"max-image-preview:large","max-video-preview":"max-video-preview:-1"},"canonical":"https:\/\/sani-world.com\/index.php\/termek\/d-02-wall-spot\/","og_locale":"hu_HU","og_type":"article","og_title":"D.02 Wall Spot -","og_description":"A D.02 Wall Spot egy eleg\u00e1ns fali l\u00e1mpa, melyben kiv\u00e1l\u00f3 min\u0151s\u00e9g\u0171 f\u00e9nyforr\u00e1s tal\u00e1lhat\u00f3. A rugalmas kar lehet\u0151v\u00e9 teszi a f\u00e9ny ir\u00e1ny\u00e1nak teljes testreszab\u00e1s\u00e1t.  T\u00f6k\u00e9letesen alkalmas olvas\u00f3sarokhoz \u00e9s dekor\u00e1ci\u00f3hoz, \u00e1gy mell\u00e9 vagy a h\u00e1z sarkainak d\u00edsz\u00edt\u00e9s\u00e9re.","og_url":"https:\/\/sani-world.com\/index.php\/termek\/d-02-wall-spot\/","article_modified_time":"2021-09-17T11:09:53+00:00","og_image":[{"width":750,"height":800,"url":"https:\/\/sani-world.com\/wp-content\/uploads\/2021\/09\/D02W_5-1-p8pbt57wxghntno40q6v8q8ymsvp7o0ei663ioi4e8.jpg","type":"image\/jpeg"}],"twitter_card":"summary_large_image","schema":{"@context":"https:\/\/schema.org","@graph":[{"@type":"WebPage","@id":"https:\/\/sani-world.com\/index.php\/termek\/d-02-wall-spot\/","url":"https:\/\/sani-world.com\/index.php\/termek\/d-02-wall-spot\/","name":"D.02 Wall Spot -","isPartOf":{"@id":"https:\/\/sani-world.com\/#website"},"primaryImageOfPage":{"@id":"https:\/\/sani-world.com\/index.php\/termek\/d-02-wall-spot\/#primaryimage"},"image":{"@id":"https:\/\/sani-world.com\/index.php\/termek\/d-02-wall-spot\/#primaryimage"},"thumbnailUrl":"https:\/\/sani-world.com\/wp-content\/uploads\/2021\/09\/D02W_5-1-p8pbt57wxghntno40q6v8q8ymsvp7o0ei663ioi4e8.jpg","datePublished":"2021-09-16T08:57:41+00:00","dateModified":"2021-09-17T11:09:53+00:00","breadcrumb":{"@id":"https:\/\/sani-world.com\/index.php\/termek\/d-02-wall-spot\/#breadcrumb"},"inLanguage":"hu","potentialAction":[{"@type":"ReadAction","target":["https:\/\/sani-world.com\/index.php\/termek\/d-02-wall-spot\/"]}]},{"@type":"ImageObject","inLanguage":"hu","@id":"https:\/\/sani-world.com\/index.php\/termek\/d-02-wall-spot\/#primaryimage","url":"https:\/\/sani-world.com\/wp-content\/uploads\/2021\/09\/D02W_5-1-p8pbt57wxghntno40q6v8q8ymsvp7o0ei663ioi4e8.jpg","contentUrl":"https:\/\/sani-world.com\/wp-content\/uploads\/2021\/09\/D02W_5-1-p8pbt57wxghntno40q6v8q8ymsvp7o0ei663ioi4e8.jpg","width":750,"height":800},{"@type":"BreadcrumbList","@id":"https:\/\/sani-world.com\/index.php\/termek\/d-02-wall-spot\/#breadcrumb","itemListElement":[{"@type":"ListItem","position":1,"name":"Kezd\u0151lap","item":"https:\/\/sani-world.com\/"},{"@type":"ListItem","position":2,"name":"term\u00e9kek","item":"https:\/\/sani-world.com\/index.php\/termekek\/"},{"@type":"ListItem","position":3,"name":"D.02 Wall Spot"}]},{"@type":"WebSite","@id":"https:\/\/sani-world.com\/#website","url":"https:\/\/sani-world.com\/","name":"","description":"","publisher":{"@id":"https:\/\/sani-world.com\/#organization"},"potentialAction":[{"@type":"SearchAction","target":{"@type":"EntryPoint","urlTemplate":"https:\/\/sani-world.com\/?s={search_term_string}"},"query-input":{"@type":"PropertyValueSpecification","valueRequired":true,"valueName":"search_term_string"}}],"inLanguage":"hu"},{"@type":"Organization","@id":"https:\/\/sani-world.com\/#organization","name":"sani-world","url":"https:\/\/sani-world.com\/","logo":{"@type":"ImageObject","inLanguage":"hu","@id":"https:\/\/sani-world.com\/#\/schema\/logo\/image\/","url":"https:\/\/sani-world.com\/wp-content\/uploads\/2021\/09\/cropped-SANIWORLD_logo_black.png","contentUrl":"https:\/\/sani-world.com\/wp-content\/uploads\/2021\/09\/cropped-SANIWORLD_logo_black.png","width":250,"height":75,"caption":"sani-world"},"image":{"@id":"https:\/\/sani-world.com\/#\/schema\/logo\/image\/"}}]}},"jetpack_sharing_enabled":true,"_links":{"self":[{"href":"https:\/\/sani-world.com\/index.php\/wp-json\/wp\/v2\/product\/383","targetHints":{"allow":["GET"]}}],"collection":[{"href":"https:\/\/sani-world.com\/index.php\/wp-json\/wp\/v2\/product"}],"about":[{"href":"https:\/\/sani-world.com\/index.php\/wp-json\/wp\/v2\/types\/product"}],"version-history":[{"count":1,"href":"https:\/\/sani-world.com\/index.php\/wp-json\/wp\/v2\/product\/383\/revisions"}],"predecessor-version":[{"id":386,"href":"https:\/\/sani-world.com\/index.php\/wp-json\/wp\/v2\/product\/383\/revisions\/386"}],"wp:featuredmedia":[{"embeddable":true,"href":"https:\/\/sani-world.com\/index.php\/wp-json\/wp\/v2\/media\/384"}],"wp:attachment":[{"href":"https:\/\/sani-world.com\/index.php\/wp-json\/wp\/v2\/media?parent=383"}],"wp:term":[{"taxonomy":"product_brand","embeddable":true,"href":"https:\/\/sani-world.com\/index.php\/wp-json\/wp\/v2\/product_brand?post=383"},{"taxonomy":"product_cat","embeddable":true,"href":"https:\/\/sani-world.com\/index.php\/wp-json\/wp\/v2\/product_cat?post=383"},{"taxonomy":"product_tag","embeddable":true,"href":"https:\/\/sani-world.com\/index.php\/wp-json\/wp\/v2\/product_tag?post=383"}],"curies":[{"name":"wp","href":"https:\/\/api.w.org\/{rel}","templated":true}]}}