{"id":375,"date":"2021-09-16T08:43:02","date_gmt":"2021-09-16T08:43:02","guid":{"rendered":"https:\/\/sani-world.com\/?post_type=product&#038;p=375"},"modified":"2021-09-17T11:10:59","modified_gmt":"2021-09-17T11:10:59","slug":"d-02-pendant","status":"publish","type":"product","link":"https:\/\/sani-world.com\/index.php\/termek\/d-02-pendant\/","title":{"rendered":"D.02 Pendant"},"content":{"rendered":"","protected":false},"excerpt":{"rendered":"<p>Tervez\u0151: Giulia Liverani<\/p>\n<p>A Daily egy minimalista \u00e9s funkcion\u00e1lis l\u00e1mp\u00e1kat tartalmaz\u00f3 kollekci\u00f3 a mindennapi \u00e9lethez.<\/p>\n<p>A D.02 Pendant egy eleg\u00e1ns, minimalista alum\u00ednium csill\u00e1r, amely kiv\u00e1l\u00f3 min\u0151s\u00e9g\u0171 LED l\u00e1mp\u00e1k sorozat\u00e1b\u00f3l \u00e1ll. A 4 vagy 6 f\u00e9nyforr\u00e1ssal kaphat\u00f3 l\u00e1mpa alakja \u00e9s a k\u00fcl\u00f6nb\u00f6z\u0151 izz\u00f3k helyzete teljesen testreszabhat\u00f3. T\u00f6k\u00e9letesen illeszkedik az \u00e9tkez\u0151asztal f\u00f6l\u00e9, a nappaliba vagy a h\u00e1l\u00f3szob\u00e1ba.<\/p>\n<p>A teljes kollekci\u00f3 az OliveLab szellemis\u00e9g\u00e9t t\u00fckr\u00f6zi: t\u00f6k\u00e9letes egyens\u00faly az eleg\u00e1ns d\u00edszt\u00e1rgy \u00e9s az izgalmas vil\u00e1g\u00edt\u00e1s k\u00f6z\u00f6tt.<\/p>\n","protected":false},"featured_media":376,"template":"","meta":[],"product_brand":[],"product_cat":[25,26,17],"product_tag":[],"class_list":{"0":"post-375","1":"product","2":"type-product","3":"status-publish","4":"has-post-thumbnail","6":"product_cat-fali-lampa","7":"product_cat-lampa","8":"product_cat-olivelab","10":"first","11":"instock","12":"shipping-taxable","13":"product-type-simple"},"yoast_head":"<!-- This site is optimized with the Yoast SEO plugin v27.5 - https:\/\/yoast.com\/product\/yoast-seo-wordpress\/ -->\n<title>D.02 Pendant -<\/title>\n<meta name=\"robots\" content=\"index, follow, max-snippet:-1, max-image-preview:large, max-video-preview:-1\" \/>\n<link rel=\"canonical\" href=\"https:\/\/sani-world.com\/index.php\/termek\/d-02-pendant\/\" \/>\n<meta property=\"og:locale\" content=\"hu_HU\" \/>\n<meta property=\"og:type\" content=\"article\" \/>\n<meta property=\"og:title\" content=\"D.02 Pendant -\" \/>\n<meta property=\"og:description\" content=\"Tervez\u0151: Giulia Liverani  A Daily egy minimalista \u00e9s funkcion\u00e1lis l\u00e1mp\u00e1kat tartalmaz\u00f3 kollekci\u00f3 a mindennapi \u00e9lethez.  A D.02 Pendant egy eleg\u00e1ns, minimalista alum\u00ednium csill\u00e1r, amely kiv\u00e1l\u00f3 min\u0151s\u00e9g\u0171 LED l\u00e1mp\u00e1k sorozat\u00e1b\u00f3l \u00e1ll. A 4 vagy 6 f\u00e9nyforr\u00e1ssal kaphat\u00f3 l\u00e1mpa alakja \u00e9s a k\u00fcl\u00f6nb\u00f6z\u0151 izz\u00f3k helyzete teljesen testreszabhat\u00f3. T\u00f6k\u00e9letesen illeszkedik az \u00e9tkez\u0151asztal f\u00f6l\u00e9, a nappaliba vagy a h\u00e1l\u00f3szob\u00e1ba.  A teljes kollekci\u00f3 az OliveLab szellemis\u00e9g\u00e9t t\u00fckr\u00f6zi: t\u00f6k\u00e9letes egyens\u00faly az eleg\u00e1ns d\u00edszt\u00e1rgy \u00e9s az izgalmas vil\u00e1g\u00edt\u00e1s k\u00f6z\u00f6tt.\" \/>\n<meta property=\"og:url\" content=\"https:\/\/sani-world.com\/index.php\/termek\/d-02-pendant\/\" \/>\n<meta property=\"article:modified_time\" content=\"2021-09-17T11:10:59+00:00\" \/>\n<meta property=\"og:image\" content=\"https:\/\/sani-world.com\/wp-content\/uploads\/2021\/09\/D02P6_0-p8novd57rlxmdjo8q2r5cni5g0v301ox4c3lq0hjuo.jpg\" \/>\n\t<meta property=\"og:image:width\" content=\"750\" \/>\n\t<meta property=\"og:image:height\" content=\"800\" \/>\n\t<meta property=\"og:image:type\" content=\"image\/jpeg\" \/>\n<meta name=\"twitter:card\" content=\"summary_large_image\" \/>\n<script type=\"application\/ld+json\" class=\"yoast-schema-graph\">{\"@context\":\"https:\\\/\\\/schema.org\",\"@graph\":[{\"@type\":\"WebPage\",\"@id\":\"https:\\\/\\\/sani-world.com\\\/index.php\\\/termek\\\/d-02-pendant\\\/\",\"url\":\"https:\\\/\\\/sani-world.com\\\/index.php\\\/termek\\\/d-02-pendant\\\/\",\"name\":\"D.02 Pendant -\",\"isPartOf\":{\"@id\":\"https:\\\/\\\/sani-world.com\\\/#website\"},\"primaryImageOfPage\":{\"@id\":\"https:\\\/\\\/sani-world.com\\\/index.php\\\/termek\\\/d-02-pendant\\\/#primaryimage\"},\"image\":{\"@id\":\"https:\\\/\\\/sani-world.com\\\/index.php\\\/termek\\\/d-02-pendant\\\/#primaryimage\"},\"thumbnailUrl\":\"https:\\\/\\\/sani-world.com\\\/wp-content\\\/uploads\\\/2021\\\/09\\\/D02P6_0-p8novd57rlxmdjo8q2r5cni5g0v301ox4c3lq0hjuo.jpg\",\"datePublished\":\"2021-09-16T08:43:02+00:00\",\"dateModified\":\"2021-09-17T11:10:59+00:00\",\"breadcrumb\":{\"@id\":\"https:\\\/\\\/sani-world.com\\\/index.php\\\/termek\\\/d-02-pendant\\\/#breadcrumb\"},\"inLanguage\":\"hu\",\"potentialAction\":[{\"@type\":\"ReadAction\",\"target\":[\"https:\\\/\\\/sani-world.com\\\/index.php\\\/termek\\\/d-02-pendant\\\/\"]}]},{\"@type\":\"ImageObject\",\"inLanguage\":\"hu\",\"@id\":\"https:\\\/\\\/sani-world.com\\\/index.php\\\/termek\\\/d-02-pendant\\\/#primaryimage\",\"url\":\"https:\\\/\\\/sani-world.com\\\/wp-content\\\/uploads\\\/2021\\\/09\\\/D02P6_0-p8novd57rlxmdjo8q2r5cni5g0v301ox4c3lq0hjuo.jpg\",\"contentUrl\":\"https:\\\/\\\/sani-world.com\\\/wp-content\\\/uploads\\\/2021\\\/09\\\/D02P6_0-p8novd57rlxmdjo8q2r5cni5g0v301ox4c3lq0hjuo.jpg\",\"width\":750,\"height\":800},{\"@type\":\"BreadcrumbList\",\"@id\":\"https:\\\/\\\/sani-world.com\\\/index.php\\\/termek\\\/d-02-pendant\\\/#breadcrumb\",\"itemListElement\":[{\"@type\":\"ListItem\",\"position\":1,\"name\":\"Kezd\u0151lap\",\"item\":\"https:\\\/\\\/sani-world.com\\\/\"},{\"@type\":\"ListItem\",\"position\":2,\"name\":\"term\u00e9kek\",\"item\":\"https:\\\/\\\/sani-world.com\\\/index.php\\\/termekek\\\/\"},{\"@type\":\"ListItem\",\"position\":3,\"name\":\"D.02 Pendant\"}]},{\"@type\":\"WebSite\",\"@id\":\"https:\\\/\\\/sani-world.com\\\/#website\",\"url\":\"https:\\\/\\\/sani-world.com\\\/\",\"name\":\"\",\"description\":\"\",\"publisher\":{\"@id\":\"https:\\\/\\\/sani-world.com\\\/#organization\"},\"potentialAction\":[{\"@type\":\"SearchAction\",\"target\":{\"@type\":\"EntryPoint\",\"urlTemplate\":\"https:\\\/\\\/sani-world.com\\\/?s={search_term_string}\"},\"query-input\":{\"@type\":\"PropertyValueSpecification\",\"valueRequired\":true,\"valueName\":\"search_term_string\"}}],\"inLanguage\":\"hu\"},{\"@type\":\"Organization\",\"@id\":\"https:\\\/\\\/sani-world.com\\\/#organization\",\"name\":\"sani-world\",\"url\":\"https:\\\/\\\/sani-world.com\\\/\",\"logo\":{\"@type\":\"ImageObject\",\"inLanguage\":\"hu\",\"@id\":\"https:\\\/\\\/sani-world.com\\\/#\\\/schema\\\/logo\\\/image\\\/\",\"url\":\"https:\\\/\\\/sani-world.com\\\/wp-content\\\/uploads\\\/2021\\\/09\\\/cropped-SANIWORLD_logo_black.png\",\"contentUrl\":\"https:\\\/\\\/sani-world.com\\\/wp-content\\\/uploads\\\/2021\\\/09\\\/cropped-SANIWORLD_logo_black.png\",\"width\":250,\"height\":75,\"caption\":\"sani-world\"},\"image\":{\"@id\":\"https:\\\/\\\/sani-world.com\\\/#\\\/schema\\\/logo\\\/image\\\/\"}}]}<\/script>\n<!-- \/ Yoast SEO plugin. -->","yoast_head_json":{"title":"D.02 Pendant -","robots":{"index":"index","follow":"follow","max-snippet":"max-snippet:-1","max-image-preview":"max-image-preview:large","max-video-preview":"max-video-preview:-1"},"canonical":"https:\/\/sani-world.com\/index.php\/termek\/d-02-pendant\/","og_locale":"hu_HU","og_type":"article","og_title":"D.02 Pendant -","og_description":"Tervez\u0151: Giulia Liverani  A Daily egy minimalista \u00e9s funkcion\u00e1lis l\u00e1mp\u00e1kat tartalmaz\u00f3 kollekci\u00f3 a mindennapi \u00e9lethez.  A D.02 Pendant egy eleg\u00e1ns, minimalista alum\u00ednium csill\u00e1r, amely kiv\u00e1l\u00f3 min\u0151s\u00e9g\u0171 LED l\u00e1mp\u00e1k sorozat\u00e1b\u00f3l \u00e1ll. A 4 vagy 6 f\u00e9nyforr\u00e1ssal kaphat\u00f3 l\u00e1mpa alakja \u00e9s a k\u00fcl\u00f6nb\u00f6z\u0151 izz\u00f3k helyzete teljesen testreszabhat\u00f3. T\u00f6k\u00e9letesen illeszkedik az \u00e9tkez\u0151asztal f\u00f6l\u00e9, a nappaliba vagy a h\u00e1l\u00f3szob\u00e1ba.  A teljes kollekci\u00f3 az OliveLab szellemis\u00e9g\u00e9t t\u00fckr\u00f6zi: t\u00f6k\u00e9letes egyens\u00faly az eleg\u00e1ns d\u00edszt\u00e1rgy \u00e9s az izgalmas vil\u00e1g\u00edt\u00e1s k\u00f6z\u00f6tt.","og_url":"https:\/\/sani-world.com\/index.php\/termek\/d-02-pendant\/","article_modified_time":"2021-09-17T11:10:59+00:00","og_image":[{"width":750,"height":800,"url":"https:\/\/sani-world.com\/wp-content\/uploads\/2021\/09\/D02P6_0-p8novd57rlxmdjo8q2r5cni5g0v301ox4c3lq0hjuo.jpg","type":"image\/jpeg"}],"twitter_card":"summary_large_image","schema":{"@context":"https:\/\/schema.org","@graph":[{"@type":"WebPage","@id":"https:\/\/sani-world.com\/index.php\/termek\/d-02-pendant\/","url":"https:\/\/sani-world.com\/index.php\/termek\/d-02-pendant\/","name":"D.02 Pendant -","isPartOf":{"@id":"https:\/\/sani-world.com\/#website"},"primaryImageOfPage":{"@id":"https:\/\/sani-world.com\/index.php\/termek\/d-02-pendant\/#primaryimage"},"image":{"@id":"https:\/\/sani-world.com\/index.php\/termek\/d-02-pendant\/#primaryimage"},"thumbnailUrl":"https:\/\/sani-world.com\/wp-content\/uploads\/2021\/09\/D02P6_0-p8novd57rlxmdjo8q2r5cni5g0v301ox4c3lq0hjuo.jpg","datePublished":"2021-09-16T08:43:02+00:00","dateModified":"2021-09-17T11:10:59+00:00","breadcrumb":{"@id":"https:\/\/sani-world.com\/index.php\/termek\/d-02-pendant\/#breadcrumb"},"inLanguage":"hu","potentialAction":[{"@type":"ReadAction","target":["https:\/\/sani-world.com\/index.php\/termek\/d-02-pendant\/"]}]},{"@type":"ImageObject","inLanguage":"hu","@id":"https:\/\/sani-world.com\/index.php\/termek\/d-02-pendant\/#primaryimage","url":"https:\/\/sani-world.com\/wp-content\/uploads\/2021\/09\/D02P6_0-p8novd57rlxmdjo8q2r5cni5g0v301ox4c3lq0hjuo.jpg","contentUrl":"https:\/\/sani-world.com\/wp-content\/uploads\/2021\/09\/D02P6_0-p8novd57rlxmdjo8q2r5cni5g0v301ox4c3lq0hjuo.jpg","width":750,"height":800},{"@type":"BreadcrumbList","@id":"https:\/\/sani-world.com\/index.php\/termek\/d-02-pendant\/#breadcrumb","itemListElement":[{"@type":"ListItem","position":1,"name":"Kezd\u0151lap","item":"https:\/\/sani-world.com\/"},{"@type":"ListItem","position":2,"name":"term\u00e9kek","item":"https:\/\/sani-world.com\/index.php\/termekek\/"},{"@type":"ListItem","position":3,"name":"D.02 Pendant"}]},{"@type":"WebSite","@id":"https:\/\/sani-world.com\/#website","url":"https:\/\/sani-world.com\/","name":"","description":"","publisher":{"@id":"https:\/\/sani-world.com\/#organization"},"potentialAction":[{"@type":"SearchAction","target":{"@type":"EntryPoint","urlTemplate":"https:\/\/sani-world.com\/?s={search_term_string}"},"query-input":{"@type":"PropertyValueSpecification","valueRequired":true,"valueName":"search_term_string"}}],"inLanguage":"hu"},{"@type":"Organization","@id":"https:\/\/sani-world.com\/#organization","name":"sani-world","url":"https:\/\/sani-world.com\/","logo":{"@type":"ImageObject","inLanguage":"hu","@id":"https:\/\/sani-world.com\/#\/schema\/logo\/image\/","url":"https:\/\/sani-world.com\/wp-content\/uploads\/2021\/09\/cropped-SANIWORLD_logo_black.png","contentUrl":"https:\/\/sani-world.com\/wp-content\/uploads\/2021\/09\/cropped-SANIWORLD_logo_black.png","width":250,"height":75,"caption":"sani-world"},"image":{"@id":"https:\/\/sani-world.com\/#\/schema\/logo\/image\/"}}]}},"jetpack_sharing_enabled":true,"_links":{"self":[{"href":"https:\/\/sani-world.com\/index.php\/wp-json\/wp\/v2\/product\/375","targetHints":{"allow":["GET"]}}],"collection":[{"href":"https:\/\/sani-world.com\/index.php\/wp-json\/wp\/v2\/product"}],"about":[{"href":"https:\/\/sani-world.com\/index.php\/wp-json\/wp\/v2\/types\/product"}],"version-history":[{"count":1,"href":"https:\/\/sani-world.com\/index.php\/wp-json\/wp\/v2\/product\/375\/revisions"}],"predecessor-version":[{"id":378,"href":"https:\/\/sani-world.com\/index.php\/wp-json\/wp\/v2\/product\/375\/revisions\/378"}],"wp:featuredmedia":[{"embeddable":true,"href":"https:\/\/sani-world.com\/index.php\/wp-json\/wp\/v2\/media\/376"}],"wp:attachment":[{"href":"https:\/\/sani-world.com\/index.php\/wp-json\/wp\/v2\/media?parent=375"}],"wp:term":[{"taxonomy":"product_brand","embeddable":true,"href":"https:\/\/sani-world.com\/index.php\/wp-json\/wp\/v2\/product_brand?post=375"},{"taxonomy":"product_cat","embeddable":true,"href":"https:\/\/sani-world.com\/index.php\/wp-json\/wp\/v2\/product_cat?post=375"},{"taxonomy":"product_tag","embeddable":true,"href":"https:\/\/sani-world.com\/index.php\/wp-json\/wp\/v2\/product_tag?post=375"}],"curies":[{"name":"wp","href":"https:\/\/api.w.org\/{rel}","templated":true}]}}