{"id":292,"date":"2021-09-15T08:56:08","date_gmt":"2021-09-15T08:56:08","guid":{"rendered":"https:\/\/sani-world.com\/?post_type=product&#038;p=292"},"modified":"2021-11-05T13:44:31","modified_gmt":"2021-11-05T13:44:31","slug":"d-01-pendant-15","status":"publish","type":"product","link":"https:\/\/sani-world.com\/index.php\/termek\/d-01-pendant-15\/","title":{"rendered":"D.01 Pendant 15"},"content":{"rendered":"<h2><\/h2>\n<p>&nbsp;<\/p>\n","protected":false},"excerpt":{"rendered":"<p>A Daily egy minimalista \u00e9s alapvet\u0151 l\u00e1mp\u00e1kat tartalmaz\u00f3 kollekci\u00f3 a mindennapi \u00e9lethez.<\/p>\n<p>A D.01 Pendant 15 egy eleg\u00e1ns alum\u00ednium henger, melyben kiv\u00e1l\u00f3 min\u0151s\u00e9g\u0171 f\u00e9nyforr\u00e1s helyezkedik el. A l\u00e1mp\u00e1n tal\u00e1lhat\u00f3 \u00e9rint\u0151kapcsol\u00f3 lehet\u0151v\u00e9 teszi a felhaszn\u00e1l\u00f3 sz\u00e1m\u00e1ra a f\u00e9nyforr\u00e1s egyszer\u0171 vez\u00e9rl\u00e9s\u00e9t.<\/p>\n<p>A teljes kollekci\u00f3 az OliveLab szellemis\u00e9g\u00e9t t\u00fckr\u00f6zi: t\u00f6k\u00e9letes egyens\u00faly egy eleg\u00e1ns t\u00e1rgy \u00e9s az izgalmas vil\u00e1g\u00edt\u00e1s k\u00f6z\u00f6tt.<\/p>\n<p>&nbsp;<\/p>\n<h2><strong><a href=\"https:\/\/sani-world.com\/wp-content\/uploads\/2021\/09\/Technical-info-D01P15.pdf\">Technical-info-D01P15<\/a><\/strong><\/h2>\n<p><!--more--><\/p>\n<p>&nbsp;<\/p>\n","protected":false},"featured_media":305,"template":"elementor_header_footer","meta":[],"product_brand":[],"product_cat":[25,26,17],"product_tag":[],"class_list":{"0":"post-292","1":"product","2":"type-product","3":"status-publish","4":"has-post-thumbnail","6":"product_cat-fali-lampa","7":"product_cat-lampa","8":"product_cat-olivelab","10":"first","11":"instock","12":"shipping-taxable","13":"product-type-simple"},"yoast_head":"<!-- This site is optimized with the Yoast SEO plugin v27.3 - https:\/\/yoast.com\/product\/yoast-seo-wordpress\/ -->\n<title>D.01 Pendant 15<\/title>\n<meta name=\"robots\" content=\"index, follow, max-snippet:-1, max-image-preview:large, max-video-preview:-1\" \/>\n<link rel=\"canonical\" href=\"https:\/\/sani-world.com\/index.php\/termek\/d-01-pendant-15\/\" \/>\n<meta property=\"og:locale\" content=\"hu_HU\" \/>\n<meta property=\"og:type\" content=\"article\" \/>\n<meta property=\"og:title\" content=\"D.01 Pendant 15\" \/>\n<meta property=\"og:description\" content=\"A Daily egy minimalista \u00e9s alapvet\u0151 l\u00e1mp\u00e1kat tartalmaz\u00f3 kollekci\u00f3 a mindennapi \u00e9lethez.  A D.01 Pendant 15 egy eleg\u00e1ns alum\u00ednium henger, melyben kiv\u00e1l\u00f3 min\u0151s\u00e9g\u0171 f\u00e9nyforr\u00e1s helyezkedik el. A l\u00e1mp\u00e1n tal\u00e1lhat\u00f3 \u00e9rint\u0151kapcsol\u00f3 lehet\u0151v\u00e9 teszi a felhaszn\u00e1l\u00f3 sz\u00e1m\u00e1ra a f\u00e9nyforr\u00e1s egyszer\u0171 vez\u00e9rl\u00e9s\u00e9t.  A teljes kollekci\u00f3 az OliveLab szellemis\u00e9g\u00e9t t\u00fckr\u00f6zi: t\u00f6k\u00e9letes egyens\u00faly egy eleg\u00e1ns t\u00e1rgy \u00e9s az izgalmas vil\u00e1g\u00edt\u00e1s k\u00f6z\u00f6tt.  &nbsp; Technical-info-D01P15   &nbsp;\" \/>\n<meta property=\"og:url\" content=\"https:\/\/sani-world.com\/index.php\/termek\/d-01-pendant-15\/\" \/>\n<meta property=\"article:modified_time\" content=\"2021-11-05T13:44:31+00:00\" \/>\n<meta property=\"og:image\" content=\"https:\/\/sani-world.com\/wp-content\/uploads\/2021\/09\/D01P15_2-p863e1t3j96dhbnyquqcrzt3jrcvqv680i9juk5l8g.jpg\" \/>\n\t<meta property=\"og:image:width\" content=\"750\" \/>\n\t<meta property=\"og:image:height\" content=\"800\" \/>\n\t<meta property=\"og:image:type\" content=\"image\/jpeg\" \/>\n<meta name=\"twitter:card\" content=\"summary_large_image\" \/>\n<script type=\"application\/ld+json\" class=\"yoast-schema-graph\">{\"@context\":\"https:\\\/\\\/schema.org\",\"@graph\":[{\"@type\":\"WebPage\",\"@id\":\"https:\\\/\\\/sani-world.com\\\/index.php\\\/termek\\\/d-01-pendant-15\\\/\",\"url\":\"https:\\\/\\\/sani-world.com\\\/index.php\\\/termek\\\/d-01-pendant-15\\\/\",\"name\":\"D.01 Pendant 15\",\"isPartOf\":{\"@id\":\"https:\\\/\\\/sani-world.com\\\/#website\"},\"primaryImageOfPage\":{\"@id\":\"https:\\\/\\\/sani-world.com\\\/index.php\\\/termek\\\/d-01-pendant-15\\\/#primaryimage\"},\"image\":{\"@id\":\"https:\\\/\\\/sani-world.com\\\/index.php\\\/termek\\\/d-01-pendant-15\\\/#primaryimage\"},\"thumbnailUrl\":\"https:\\\/\\\/sani-world.com\\\/wp-content\\\/uploads\\\/2021\\\/09\\\/D01P15_2-p863e1t3j96dhbnyquqcrzt3jrcvqv680i9juk5l8g.jpg\",\"datePublished\":\"2021-09-15T08:56:08+00:00\",\"dateModified\":\"2021-11-05T13:44:31+00:00\",\"breadcrumb\":{\"@id\":\"https:\\\/\\\/sani-world.com\\\/index.php\\\/termek\\\/d-01-pendant-15\\\/#breadcrumb\"},\"inLanguage\":\"hu\",\"potentialAction\":[{\"@type\":\"ReadAction\",\"target\":[\"https:\\\/\\\/sani-world.com\\\/index.php\\\/termek\\\/d-01-pendant-15\\\/\"]}]},{\"@type\":\"ImageObject\",\"inLanguage\":\"hu\",\"@id\":\"https:\\\/\\\/sani-world.com\\\/index.php\\\/termek\\\/d-01-pendant-15\\\/#primaryimage\",\"url\":\"https:\\\/\\\/sani-world.com\\\/wp-content\\\/uploads\\\/2021\\\/09\\\/D01P15_2-p863e1t3j96dhbnyquqcrzt3jrcvqv680i9juk5l8g.jpg\",\"contentUrl\":\"https:\\\/\\\/sani-world.com\\\/wp-content\\\/uploads\\\/2021\\\/09\\\/D01P15_2-p863e1t3j96dhbnyquqcrzt3jrcvqv680i9juk5l8g.jpg\",\"width\":750,\"height\":800},{\"@type\":\"BreadcrumbList\",\"@id\":\"https:\\\/\\\/sani-world.com\\\/index.php\\\/termek\\\/d-01-pendant-15\\\/#breadcrumb\",\"itemListElement\":[{\"@type\":\"ListItem\",\"position\":1,\"name\":\"Kezd\u0151lap\",\"item\":\"https:\\\/\\\/sani-world.com\\\/\"},{\"@type\":\"ListItem\",\"position\":2,\"name\":\"term\u00e9kek\",\"item\":\"https:\\\/\\\/sani-world.com\\\/index.php\\\/termekek\\\/\"},{\"@type\":\"ListItem\",\"position\":3,\"name\":\"D.01 Pendant 15\"}]},{\"@type\":\"WebSite\",\"@id\":\"https:\\\/\\\/sani-world.com\\\/#website\",\"url\":\"https:\\\/\\\/sani-world.com\\\/\",\"name\":\"\",\"description\":\"\",\"publisher\":{\"@id\":\"https:\\\/\\\/sani-world.com\\\/#organization\"},\"potentialAction\":[{\"@type\":\"SearchAction\",\"target\":{\"@type\":\"EntryPoint\",\"urlTemplate\":\"https:\\\/\\\/sani-world.com\\\/?s={search_term_string}\"},\"query-input\":{\"@type\":\"PropertyValueSpecification\",\"valueRequired\":true,\"valueName\":\"search_term_string\"}}],\"inLanguage\":\"hu\"},{\"@type\":\"Organization\",\"@id\":\"https:\\\/\\\/sani-world.com\\\/#organization\",\"name\":\"sani-world\",\"url\":\"https:\\\/\\\/sani-world.com\\\/\",\"logo\":{\"@type\":\"ImageObject\",\"inLanguage\":\"hu\",\"@id\":\"https:\\\/\\\/sani-world.com\\\/#\\\/schema\\\/logo\\\/image\\\/\",\"url\":\"https:\\\/\\\/sani-world.com\\\/wp-content\\\/uploads\\\/2021\\\/09\\\/cropped-SANIWORLD_logo_black.png\",\"contentUrl\":\"https:\\\/\\\/sani-world.com\\\/wp-content\\\/uploads\\\/2021\\\/09\\\/cropped-SANIWORLD_logo_black.png\",\"width\":250,\"height\":75,\"caption\":\"sani-world\"},\"image\":{\"@id\":\"https:\\\/\\\/sani-world.com\\\/#\\\/schema\\\/logo\\\/image\\\/\"}}]}<\/script>\n<!-- \/ Yoast SEO plugin. -->","yoast_head_json":{"title":"D.01 Pendant 15","robots":{"index":"index","follow":"follow","max-snippet":"max-snippet:-1","max-image-preview":"max-image-preview:large","max-video-preview":"max-video-preview:-1"},"canonical":"https:\/\/sani-world.com\/index.php\/termek\/d-01-pendant-15\/","og_locale":"hu_HU","og_type":"article","og_title":"D.01 Pendant 15","og_description":"A Daily egy minimalista \u00e9s alapvet\u0151 l\u00e1mp\u00e1kat tartalmaz\u00f3 kollekci\u00f3 a mindennapi \u00e9lethez.  A D.01 Pendant 15 egy eleg\u00e1ns alum\u00ednium henger, melyben kiv\u00e1l\u00f3 min\u0151s\u00e9g\u0171 f\u00e9nyforr\u00e1s helyezkedik el. A l\u00e1mp\u00e1n tal\u00e1lhat\u00f3 \u00e9rint\u0151kapcsol\u00f3 lehet\u0151v\u00e9 teszi a felhaszn\u00e1l\u00f3 sz\u00e1m\u00e1ra a f\u00e9nyforr\u00e1s egyszer\u0171 vez\u00e9rl\u00e9s\u00e9t.  A teljes kollekci\u00f3 az OliveLab szellemis\u00e9g\u00e9t t\u00fckr\u00f6zi: t\u00f6k\u00e9letes egyens\u00faly egy eleg\u00e1ns t\u00e1rgy \u00e9s az izgalmas vil\u00e1g\u00edt\u00e1s k\u00f6z\u00f6tt.  &nbsp; Technical-info-D01P15   &nbsp;","og_url":"https:\/\/sani-world.com\/index.php\/termek\/d-01-pendant-15\/","article_modified_time":"2021-11-05T13:44:31+00:00","og_image":[{"width":750,"height":800,"url":"https:\/\/sani-world.com\/wp-content\/uploads\/2021\/09\/D01P15_2-p863e1t3j96dhbnyquqcrzt3jrcvqv680i9juk5l8g.jpg","type":"image\/jpeg"}],"twitter_card":"summary_large_image","schema":{"@context":"https:\/\/schema.org","@graph":[{"@type":"WebPage","@id":"https:\/\/sani-world.com\/index.php\/termek\/d-01-pendant-15\/","url":"https:\/\/sani-world.com\/index.php\/termek\/d-01-pendant-15\/","name":"D.01 Pendant 15","isPartOf":{"@id":"https:\/\/sani-world.com\/#website"},"primaryImageOfPage":{"@id":"https:\/\/sani-world.com\/index.php\/termek\/d-01-pendant-15\/#primaryimage"},"image":{"@id":"https:\/\/sani-world.com\/index.php\/termek\/d-01-pendant-15\/#primaryimage"},"thumbnailUrl":"https:\/\/sani-world.com\/wp-content\/uploads\/2021\/09\/D01P15_2-p863e1t3j96dhbnyquqcrzt3jrcvqv680i9juk5l8g.jpg","datePublished":"2021-09-15T08:56:08+00:00","dateModified":"2021-11-05T13:44:31+00:00","breadcrumb":{"@id":"https:\/\/sani-world.com\/index.php\/termek\/d-01-pendant-15\/#breadcrumb"},"inLanguage":"hu","potentialAction":[{"@type":"ReadAction","target":["https:\/\/sani-world.com\/index.php\/termek\/d-01-pendant-15\/"]}]},{"@type":"ImageObject","inLanguage":"hu","@id":"https:\/\/sani-world.com\/index.php\/termek\/d-01-pendant-15\/#primaryimage","url":"https:\/\/sani-world.com\/wp-content\/uploads\/2021\/09\/D01P15_2-p863e1t3j96dhbnyquqcrzt3jrcvqv680i9juk5l8g.jpg","contentUrl":"https:\/\/sani-world.com\/wp-content\/uploads\/2021\/09\/D01P15_2-p863e1t3j96dhbnyquqcrzt3jrcvqv680i9juk5l8g.jpg","width":750,"height":800},{"@type":"BreadcrumbList","@id":"https:\/\/sani-world.com\/index.php\/termek\/d-01-pendant-15\/#breadcrumb","itemListElement":[{"@type":"ListItem","position":1,"name":"Kezd\u0151lap","item":"https:\/\/sani-world.com\/"},{"@type":"ListItem","position":2,"name":"term\u00e9kek","item":"https:\/\/sani-world.com\/index.php\/termekek\/"},{"@type":"ListItem","position":3,"name":"D.01 Pendant 15"}]},{"@type":"WebSite","@id":"https:\/\/sani-world.com\/#website","url":"https:\/\/sani-world.com\/","name":"","description":"","publisher":{"@id":"https:\/\/sani-world.com\/#organization"},"potentialAction":[{"@type":"SearchAction","target":{"@type":"EntryPoint","urlTemplate":"https:\/\/sani-world.com\/?s={search_term_string}"},"query-input":{"@type":"PropertyValueSpecification","valueRequired":true,"valueName":"search_term_string"}}],"inLanguage":"hu"},{"@type":"Organization","@id":"https:\/\/sani-world.com\/#organization","name":"sani-world","url":"https:\/\/sani-world.com\/","logo":{"@type":"ImageObject","inLanguage":"hu","@id":"https:\/\/sani-world.com\/#\/schema\/logo\/image\/","url":"https:\/\/sani-world.com\/wp-content\/uploads\/2021\/09\/cropped-SANIWORLD_logo_black.png","contentUrl":"https:\/\/sani-world.com\/wp-content\/uploads\/2021\/09\/cropped-SANIWORLD_logo_black.png","width":250,"height":75,"caption":"sani-world"},"image":{"@id":"https:\/\/sani-world.com\/#\/schema\/logo\/image\/"}}]}},"jetpack_sharing_enabled":true,"_links":{"self":[{"href":"https:\/\/sani-world.com\/index.php\/wp-json\/wp\/v2\/product\/292","targetHints":{"allow":["GET"]}}],"collection":[{"href":"https:\/\/sani-world.com\/index.php\/wp-json\/wp\/v2\/product"}],"about":[{"href":"https:\/\/sani-world.com\/index.php\/wp-json\/wp\/v2\/types\/product"}],"version-history":[{"count":5,"href":"https:\/\/sani-world.com\/index.php\/wp-json\/wp\/v2\/product\/292\/revisions"}],"predecessor-version":[{"id":675,"href":"https:\/\/sani-world.com\/index.php\/wp-json\/wp\/v2\/product\/292\/revisions\/675"}],"wp:featuredmedia":[{"embeddable":true,"href":"https:\/\/sani-world.com\/index.php\/wp-json\/wp\/v2\/media\/305"}],"wp:attachment":[{"href":"https:\/\/sani-world.com\/index.php\/wp-json\/wp\/v2\/media?parent=292"}],"wp:term":[{"taxonomy":"product_brand","embeddable":true,"href":"https:\/\/sani-world.com\/index.php\/wp-json\/wp\/v2\/product_brand?post=292"},{"taxonomy":"product_cat","embeddable":true,"href":"https:\/\/sani-world.com\/index.php\/wp-json\/wp\/v2\/product_cat?post=292"},{"taxonomy":"product_tag","embeddable":true,"href":"https:\/\/sani-world.com\/index.php\/wp-json\/wp\/v2\/product_tag?post=292"}],"curies":[{"name":"wp","href":"https:\/\/api.w.org\/{rel}","templated":true}]}}