{"id":1156,"date":"2021-11-03T12:10:51","date_gmt":"2021-11-03T12:10:51","guid":{"rendered":"https:\/\/sani-world.com\/?post_type=product&#038;p=1156"},"modified":"2021-11-03T12:12:00","modified_gmt":"2021-11-03T12:12:00","slug":"1156","status":"publish","type":"product","link":"https:\/\/sani-world.com\/index.php\/termek\/1156\/","title":{"rendered":"Kora"},"content":{"rendered":"","protected":false},"excerpt":{"rendered":"<p>A Kora egy elliptikus form\u00e1j\u00fa hagyom\u00e1nyos nyugat -afrikai hangszer. A hivatkoz\u00e1s a zen\u00e9re, \u00e9s k\u00fcl\u00f6n\u00f6sen a v\u00edz hangj\u00e1ra, annak nyugalm\u00e1val, de lend\u00fcletess\u00e9g\u00e9vel is a kort\u00e1rs ember f\u00fcrd\u0151szobai \u00e9lm\u00e9ny\u00e9nek megzen\u00e9s\u00edtett filmje, melyben a Kora j\u00e1tssza a f\u0151szerepet.<\/p>\n<p>A k\u00e1d egy vas\u00e1llv\u00e1nyon fekszik, mely tartja a s\u00faly\u00e1t, stabilit\u00e1st \u00e9s eleganci\u00e1t k\u00f6lcs\u00f6n\u00f6z neki. A talajr\u00f3l felemelve, az anyag robusztuss\u00e1ga ellen\u00e9re is k\u00f6nny\u0171 a szemnek, a v\u00edz \u00faj k\u00f6nnyeds\u00e9get tal\u00e1l a Kora k\u00e1dban.<\/p>\n<p>A m\u00e1rv\u00e1ny elvesz\u00edti s\u00faly\u00e1t, \u00e9s lebeg a leveg\u0151ben.<\/p>\n","protected":false},"featured_media":1157,"template":"","meta":[],"product_brand":[],"product_cat":[39,37],"product_tag":[],"class_list":{"0":"post-1156","1":"product","2":"type-product","3":"status-publish","4":"has-post-thumbnail","6":"product_cat-kad","7":"product_cat-kreoo","9":"first","10":"instock","11":"shipping-taxable","12":"product-type-simple"},"yoast_head":"<!-- This site is optimized with the Yoast SEO plugin v27.5 - https:\/\/yoast.com\/product\/yoast-seo-wordpress\/ -->\n<title>Kora -<\/title>\n<meta name=\"robots\" content=\"index, follow, max-snippet:-1, max-image-preview:large, max-video-preview:-1\" \/>\n<link rel=\"canonical\" href=\"https:\/\/sani-world.com\/index.php\/termek\/1156\/\" \/>\n<meta property=\"og:locale\" content=\"hu_HU\" \/>\n<meta property=\"og:type\" content=\"article\" \/>\n<meta property=\"og:title\" content=\"Kora -\" \/>\n<meta property=\"og:description\" content=\"A Kora egy elliptikus form\u00e1j\u00fa hagyom\u00e1nyos nyugat -afrikai hangszer. A hivatkoz\u00e1s a zen\u00e9re, \u00e9s k\u00fcl\u00f6n\u00f6sen a v\u00edz hangj\u00e1ra, annak nyugalm\u00e1val, de lend\u00fcletess\u00e9g\u00e9vel is a kort\u00e1rs ember f\u00fcrd\u0151szobai \u00e9lm\u00e9ny\u00e9nek megzen\u00e9s\u00edtett filmje, melyben a Kora j\u00e1tssza a f\u0151szerepet.  A k\u00e1d egy vas\u00e1llv\u00e1nyon fekszik, mely tartja a s\u00faly\u00e1t, stabilit\u00e1st \u00e9s eleganci\u00e1t k\u00f6lcs\u00f6n\u00f6z neki. A talajr\u00f3l felemelve, az anyag robusztuss\u00e1ga ellen\u00e9re is k\u00f6nny\u0171 a szemnek, a v\u00edz \u00faj k\u00f6nnyeds\u00e9get tal\u00e1l a Kora k\u00e1dban.  A m\u00e1rv\u00e1ny elvesz\u00edti s\u00faly\u00e1t, \u00e9s lebeg a leveg\u0151ben.\" \/>\n<meta property=\"og:url\" content=\"https:\/\/sani-world.com\/index.php\/termek\/1156\/\" \/>\n<meta property=\"article:modified_time\" content=\"2021-11-03T12:12:00+00:00\" \/>\n<meta property=\"og:image\" content=\"https:\/\/sani-world.com\/wp-content\/uploads\/2021\/11\/kora1.jpg\" \/>\n\t<meta property=\"og:image:width\" content=\"750\" \/>\n\t<meta property=\"og:image:height\" content=\"800\" \/>\n\t<meta property=\"og:image:type\" content=\"image\/jpeg\" \/>\n<meta name=\"twitter:card\" content=\"summary_large_image\" \/>\n<script type=\"application\/ld+json\" class=\"yoast-schema-graph\">{\"@context\":\"https:\\\/\\\/schema.org\",\"@graph\":[{\"@type\":\"WebPage\",\"@id\":\"https:\\\/\\\/sani-world.com\\\/index.php\\\/termek\\\/1156\\\/\",\"url\":\"https:\\\/\\\/sani-world.com\\\/index.php\\\/termek\\\/1156\\\/\",\"name\":\"Kora -\",\"isPartOf\":{\"@id\":\"https:\\\/\\\/sani-world.com\\\/#website\"},\"primaryImageOfPage\":{\"@id\":\"https:\\\/\\\/sani-world.com\\\/index.php\\\/termek\\\/1156\\\/#primaryimage\"},\"image\":{\"@id\":\"https:\\\/\\\/sani-world.com\\\/index.php\\\/termek\\\/1156\\\/#primaryimage\"},\"thumbnailUrl\":\"https:\\\/\\\/sani-world.com\\\/wp-content\\\/uploads\\\/2021\\\/11\\\/kora1.jpg\",\"datePublished\":\"2021-11-03T12:10:51+00:00\",\"dateModified\":\"2021-11-03T12:12:00+00:00\",\"breadcrumb\":{\"@id\":\"https:\\\/\\\/sani-world.com\\\/index.php\\\/termek\\\/1156\\\/#breadcrumb\"},\"inLanguage\":\"hu\",\"potentialAction\":[{\"@type\":\"ReadAction\",\"target\":[\"https:\\\/\\\/sani-world.com\\\/index.php\\\/termek\\\/1156\\\/\"]}]},{\"@type\":\"ImageObject\",\"inLanguage\":\"hu\",\"@id\":\"https:\\\/\\\/sani-world.com\\\/index.php\\\/termek\\\/1156\\\/#primaryimage\",\"url\":\"https:\\\/\\\/sani-world.com\\\/wp-content\\\/uploads\\\/2021\\\/11\\\/kora1.jpg\",\"contentUrl\":\"https:\\\/\\\/sani-world.com\\\/wp-content\\\/uploads\\\/2021\\\/11\\\/kora1.jpg\",\"width\":750,\"height\":800},{\"@type\":\"BreadcrumbList\",\"@id\":\"https:\\\/\\\/sani-world.com\\\/index.php\\\/termek\\\/1156\\\/#breadcrumb\",\"itemListElement\":[{\"@type\":\"ListItem\",\"position\":1,\"name\":\"Kezd\u0151lap\",\"item\":\"https:\\\/\\\/sani-world.com\\\/\"},{\"@type\":\"ListItem\",\"position\":2,\"name\":\"term\u00e9kek\",\"item\":\"https:\\\/\\\/sani-world.com\\\/index.php\\\/termekek\\\/\"},{\"@type\":\"ListItem\",\"position\":3,\"name\":\"Kora\"}]},{\"@type\":\"WebSite\",\"@id\":\"https:\\\/\\\/sani-world.com\\\/#website\",\"url\":\"https:\\\/\\\/sani-world.com\\\/\",\"name\":\"\",\"description\":\"\",\"publisher\":{\"@id\":\"https:\\\/\\\/sani-world.com\\\/#organization\"},\"potentialAction\":[{\"@type\":\"SearchAction\",\"target\":{\"@type\":\"EntryPoint\",\"urlTemplate\":\"https:\\\/\\\/sani-world.com\\\/?s={search_term_string}\"},\"query-input\":{\"@type\":\"PropertyValueSpecification\",\"valueRequired\":true,\"valueName\":\"search_term_string\"}}],\"inLanguage\":\"hu\"},{\"@type\":\"Organization\",\"@id\":\"https:\\\/\\\/sani-world.com\\\/#organization\",\"name\":\"sani-world\",\"url\":\"https:\\\/\\\/sani-world.com\\\/\",\"logo\":{\"@type\":\"ImageObject\",\"inLanguage\":\"hu\",\"@id\":\"https:\\\/\\\/sani-world.com\\\/#\\\/schema\\\/logo\\\/image\\\/\",\"url\":\"https:\\\/\\\/sani-world.com\\\/wp-content\\\/uploads\\\/2021\\\/09\\\/cropped-SANIWORLD_logo_black.png\",\"contentUrl\":\"https:\\\/\\\/sani-world.com\\\/wp-content\\\/uploads\\\/2021\\\/09\\\/cropped-SANIWORLD_logo_black.png\",\"width\":250,\"height\":75,\"caption\":\"sani-world\"},\"image\":{\"@id\":\"https:\\\/\\\/sani-world.com\\\/#\\\/schema\\\/logo\\\/image\\\/\"}}]}<\/script>\n<!-- \/ Yoast SEO plugin. -->","yoast_head_json":{"title":"Kora -","robots":{"index":"index","follow":"follow","max-snippet":"max-snippet:-1","max-image-preview":"max-image-preview:large","max-video-preview":"max-video-preview:-1"},"canonical":"https:\/\/sani-world.com\/index.php\/termek\/1156\/","og_locale":"hu_HU","og_type":"article","og_title":"Kora -","og_description":"A Kora egy elliptikus form\u00e1j\u00fa hagyom\u00e1nyos nyugat -afrikai hangszer. A hivatkoz\u00e1s a zen\u00e9re, \u00e9s k\u00fcl\u00f6n\u00f6sen a v\u00edz hangj\u00e1ra, annak nyugalm\u00e1val, de lend\u00fcletess\u00e9g\u00e9vel is a kort\u00e1rs ember f\u00fcrd\u0151szobai \u00e9lm\u00e9ny\u00e9nek megzen\u00e9s\u00edtett filmje, melyben a Kora j\u00e1tssza a f\u0151szerepet.  A k\u00e1d egy vas\u00e1llv\u00e1nyon fekszik, mely tartja a s\u00faly\u00e1t, stabilit\u00e1st \u00e9s eleganci\u00e1t k\u00f6lcs\u00f6n\u00f6z neki. A talajr\u00f3l felemelve, az anyag robusztuss\u00e1ga ellen\u00e9re is k\u00f6nny\u0171 a szemnek, a v\u00edz \u00faj k\u00f6nnyeds\u00e9get tal\u00e1l a Kora k\u00e1dban.  A m\u00e1rv\u00e1ny elvesz\u00edti s\u00faly\u00e1t, \u00e9s lebeg a leveg\u0151ben.","og_url":"https:\/\/sani-world.com\/index.php\/termek\/1156\/","article_modified_time":"2021-11-03T12:12:00+00:00","og_image":[{"width":750,"height":800,"url":"https:\/\/sani-world.com\/wp-content\/uploads\/2021\/11\/kora1.jpg","type":"image\/jpeg"}],"twitter_card":"summary_large_image","schema":{"@context":"https:\/\/schema.org","@graph":[{"@type":"WebPage","@id":"https:\/\/sani-world.com\/index.php\/termek\/1156\/","url":"https:\/\/sani-world.com\/index.php\/termek\/1156\/","name":"Kora -","isPartOf":{"@id":"https:\/\/sani-world.com\/#website"},"primaryImageOfPage":{"@id":"https:\/\/sani-world.com\/index.php\/termek\/1156\/#primaryimage"},"image":{"@id":"https:\/\/sani-world.com\/index.php\/termek\/1156\/#primaryimage"},"thumbnailUrl":"https:\/\/sani-world.com\/wp-content\/uploads\/2021\/11\/kora1.jpg","datePublished":"2021-11-03T12:10:51+00:00","dateModified":"2021-11-03T12:12:00+00:00","breadcrumb":{"@id":"https:\/\/sani-world.com\/index.php\/termek\/1156\/#breadcrumb"},"inLanguage":"hu","potentialAction":[{"@type":"ReadAction","target":["https:\/\/sani-world.com\/index.php\/termek\/1156\/"]}]},{"@type":"ImageObject","inLanguage":"hu","@id":"https:\/\/sani-world.com\/index.php\/termek\/1156\/#primaryimage","url":"https:\/\/sani-world.com\/wp-content\/uploads\/2021\/11\/kora1.jpg","contentUrl":"https:\/\/sani-world.com\/wp-content\/uploads\/2021\/11\/kora1.jpg","width":750,"height":800},{"@type":"BreadcrumbList","@id":"https:\/\/sani-world.com\/index.php\/termek\/1156\/#breadcrumb","itemListElement":[{"@type":"ListItem","position":1,"name":"Kezd\u0151lap","item":"https:\/\/sani-world.com\/"},{"@type":"ListItem","position":2,"name":"term\u00e9kek","item":"https:\/\/sani-world.com\/index.php\/termekek\/"},{"@type":"ListItem","position":3,"name":"Kora"}]},{"@type":"WebSite","@id":"https:\/\/sani-world.com\/#website","url":"https:\/\/sani-world.com\/","name":"","description":"","publisher":{"@id":"https:\/\/sani-world.com\/#organization"},"potentialAction":[{"@type":"SearchAction","target":{"@type":"EntryPoint","urlTemplate":"https:\/\/sani-world.com\/?s={search_term_string}"},"query-input":{"@type":"PropertyValueSpecification","valueRequired":true,"valueName":"search_term_string"}}],"inLanguage":"hu"},{"@type":"Organization","@id":"https:\/\/sani-world.com\/#organization","name":"sani-world","url":"https:\/\/sani-world.com\/","logo":{"@type":"ImageObject","inLanguage":"hu","@id":"https:\/\/sani-world.com\/#\/schema\/logo\/image\/","url":"https:\/\/sani-world.com\/wp-content\/uploads\/2021\/09\/cropped-SANIWORLD_logo_black.png","contentUrl":"https:\/\/sani-world.com\/wp-content\/uploads\/2021\/09\/cropped-SANIWORLD_logo_black.png","width":250,"height":75,"caption":"sani-world"},"image":{"@id":"https:\/\/sani-world.com\/#\/schema\/logo\/image\/"}}]}},"jetpack_sharing_enabled":true,"_links":{"self":[{"href":"https:\/\/sani-world.com\/index.php\/wp-json\/wp\/v2\/product\/1156","targetHints":{"allow":["GET"]}}],"collection":[{"href":"https:\/\/sani-world.com\/index.php\/wp-json\/wp\/v2\/product"}],"about":[{"href":"https:\/\/sani-world.com\/index.php\/wp-json\/wp\/v2\/types\/product"}],"version-history":[{"count":2,"href":"https:\/\/sani-world.com\/index.php\/wp-json\/wp\/v2\/product\/1156\/revisions"}],"predecessor-version":[{"id":1162,"href":"https:\/\/sani-world.com\/index.php\/wp-json\/wp\/v2\/product\/1156\/revisions\/1162"}],"wp:featuredmedia":[{"embeddable":true,"href":"https:\/\/sani-world.com\/index.php\/wp-json\/wp\/v2\/media\/1157"}],"wp:attachment":[{"href":"https:\/\/sani-world.com\/index.php\/wp-json\/wp\/v2\/media?parent=1156"}],"wp:term":[{"taxonomy":"product_brand","embeddable":true,"href":"https:\/\/sani-world.com\/index.php\/wp-json\/wp\/v2\/product_brand?post=1156"},{"taxonomy":"product_cat","embeddable":true,"href":"https:\/\/sani-world.com\/index.php\/wp-json\/wp\/v2\/product_cat?post=1156"},{"taxonomy":"product_tag","embeddable":true,"href":"https:\/\/sani-world.com\/index.php\/wp-json\/wp\/v2\/product_tag?post=1156"}],"curies":[{"name":"wp","href":"https:\/\/api.w.org\/{rel}","templated":true}]}}