{"id":1140,"date":"2021-11-03T10:43:34","date_gmt":"2021-11-03T10:43:34","guid":{"rendered":"https:\/\/sani-world.com\/?post_type=product&#038;p=1140"},"modified":"2021-11-05T13:38:06","modified_gmt":"2021-11-05T13:38:06","slug":"bowl-n1","status":"publish","type":"product","link":"https:\/\/sani-world.com\/index.php\/termek\/bowl-n1\/","title":{"rendered":"Bowl n\u00b01"},"content":{"rendered":"","protected":false},"excerpt":{"rendered":"<p>Kifinomult, \u00e9teri tavir\u00f3zsa vir\u00e1gzik a f\u00fcrd\u0151szob\u00e1ban. A Bowl N1. a Nabhi m\u00e1rv\u00e1ny mosd\u00f3pultra \u00fcltethet\u0151 mosd\u00f3t\u00e1lj\u00e1t l\u00e1gyan kanyarg\u00f3 hull\u00e1mos form\u00e1k jellemzik, melyek \u00fagy ny\u00edlnak ki, mint egy vir\u00e1g szirmai.<\/p>\n<p><strong>M\u00c9RETEI:<\/strong><\/p>\n<ul>\n<li>hossz\u00fas\u00e1g: 71 cm<\/li>\n<li>magass\u00e1g: 16 cm<\/li>\n<\/ul>\n","protected":false},"featured_media":1151,"template":"","meta":[],"product_brand":[],"product_cat":[37,38],"product_tag":[],"class_list":{"0":"post-1140","1":"product","2":"type-product","3":"status-publish","4":"has-post-thumbnail","6":"product_cat-kreoo","7":"product_cat-mosdotal","9":"first","10":"instock","11":"shipping-taxable","12":"product-type-simple"},"yoast_head":"<!-- This site is optimized with the Yoast SEO plugin v27.3 - https:\/\/yoast.com\/product\/yoast-seo-wordpress\/ -->\n<title>Bowl n\u00b01<\/title>\n<meta name=\"robots\" content=\"index, follow, max-snippet:-1, max-image-preview:large, max-video-preview:-1\" \/>\n<link rel=\"canonical\" href=\"https:\/\/sani-world.com\/index.php\/termek\/bowl-n1\/\" \/>\n<meta property=\"og:locale\" content=\"hu_HU\" \/>\n<meta property=\"og:type\" content=\"article\" \/>\n<meta property=\"og:title\" content=\"Bowl n\u00b01\" \/>\n<meta property=\"og:description\" content=\"Kifinomult, \u00e9teri tavir\u00f3zsa vir\u00e1gzik a f\u00fcrd\u0151szob\u00e1ban. A Bowl N1. a Nabhi m\u00e1rv\u00e1ny mosd\u00f3pultra \u00fcltethet\u0151 mosd\u00f3t\u00e1lj\u00e1t l\u00e1gyan kanyarg\u00f3 hull\u00e1mos form\u00e1k jellemzik, melyek \u00fagy ny\u00edlnak ki, mint egy vir\u00e1g szirmai.  M\u00c9RETEI:   hossz\u00fas\u00e1g: 71 cm  magass\u00e1g: 16 cm\" \/>\n<meta property=\"og:url\" content=\"https:\/\/sani-world.com\/index.php\/termek\/bowl-n1\/\" \/>\n<meta property=\"article:modified_time\" content=\"2021-11-05T13:38:06+00:00\" \/>\n<meta property=\"og:image\" content=\"https:\/\/sani-world.com\/wp-content\/uploads\/2021\/11\/bowl1.jpg\" \/>\n\t<meta property=\"og:image:width\" content=\"750\" \/>\n\t<meta property=\"og:image:height\" content=\"800\" \/>\n\t<meta property=\"og:image:type\" content=\"image\/jpeg\" \/>\n<meta name=\"twitter:card\" content=\"summary_large_image\" \/>\n<script type=\"application\/ld+json\" class=\"yoast-schema-graph\">{\"@context\":\"https:\\\/\\\/schema.org\",\"@graph\":[{\"@type\":\"WebPage\",\"@id\":\"https:\\\/\\\/sani-world.com\\\/index.php\\\/termek\\\/bowl-n1\\\/\",\"url\":\"https:\\\/\\\/sani-world.com\\\/index.php\\\/termek\\\/bowl-n1\\\/\",\"name\":\"Bowl n\u00b01\",\"isPartOf\":{\"@id\":\"https:\\\/\\\/sani-world.com\\\/#website\"},\"primaryImageOfPage\":{\"@id\":\"https:\\\/\\\/sani-world.com\\\/index.php\\\/termek\\\/bowl-n1\\\/#primaryimage\"},\"image\":{\"@id\":\"https:\\\/\\\/sani-world.com\\\/index.php\\\/termek\\\/bowl-n1\\\/#primaryimage\"},\"thumbnailUrl\":\"https:\\\/\\\/sani-world.com\\\/wp-content\\\/uploads\\\/2021\\\/11\\\/bowl1.jpg\",\"datePublished\":\"2021-11-03T10:43:34+00:00\",\"dateModified\":\"2021-11-05T13:38:06+00:00\",\"breadcrumb\":{\"@id\":\"https:\\\/\\\/sani-world.com\\\/index.php\\\/termek\\\/bowl-n1\\\/#breadcrumb\"},\"inLanguage\":\"hu\",\"potentialAction\":[{\"@type\":\"ReadAction\",\"target\":[\"https:\\\/\\\/sani-world.com\\\/index.php\\\/termek\\\/bowl-n1\\\/\"]}]},{\"@type\":\"ImageObject\",\"inLanguage\":\"hu\",\"@id\":\"https:\\\/\\\/sani-world.com\\\/index.php\\\/termek\\\/bowl-n1\\\/#primaryimage\",\"url\":\"https:\\\/\\\/sani-world.com\\\/wp-content\\\/uploads\\\/2021\\\/11\\\/bowl1.jpg\",\"contentUrl\":\"https:\\\/\\\/sani-world.com\\\/wp-content\\\/uploads\\\/2021\\\/11\\\/bowl1.jpg\",\"width\":750,\"height\":800},{\"@type\":\"BreadcrumbList\",\"@id\":\"https:\\\/\\\/sani-world.com\\\/index.php\\\/termek\\\/bowl-n1\\\/#breadcrumb\",\"itemListElement\":[{\"@type\":\"ListItem\",\"position\":1,\"name\":\"Kezd\u0151lap\",\"item\":\"https:\\\/\\\/sani-world.com\\\/\"},{\"@type\":\"ListItem\",\"position\":2,\"name\":\"term\u00e9kek\",\"item\":\"https:\\\/\\\/sani-world.com\\\/index.php\\\/termekek\\\/\"},{\"@type\":\"ListItem\",\"position\":3,\"name\":\"Bowl n\u00b01\"}]},{\"@type\":\"WebSite\",\"@id\":\"https:\\\/\\\/sani-world.com\\\/#website\",\"url\":\"https:\\\/\\\/sani-world.com\\\/\",\"name\":\"\",\"description\":\"\",\"publisher\":{\"@id\":\"https:\\\/\\\/sani-world.com\\\/#organization\"},\"potentialAction\":[{\"@type\":\"SearchAction\",\"target\":{\"@type\":\"EntryPoint\",\"urlTemplate\":\"https:\\\/\\\/sani-world.com\\\/?s={search_term_string}\"},\"query-input\":{\"@type\":\"PropertyValueSpecification\",\"valueRequired\":true,\"valueName\":\"search_term_string\"}}],\"inLanguage\":\"hu\"},{\"@type\":\"Organization\",\"@id\":\"https:\\\/\\\/sani-world.com\\\/#organization\",\"name\":\"sani-world\",\"url\":\"https:\\\/\\\/sani-world.com\\\/\",\"logo\":{\"@type\":\"ImageObject\",\"inLanguage\":\"hu\",\"@id\":\"https:\\\/\\\/sani-world.com\\\/#\\\/schema\\\/logo\\\/image\\\/\",\"url\":\"https:\\\/\\\/sani-world.com\\\/wp-content\\\/uploads\\\/2021\\\/09\\\/cropped-SANIWORLD_logo_black.png\",\"contentUrl\":\"https:\\\/\\\/sani-world.com\\\/wp-content\\\/uploads\\\/2021\\\/09\\\/cropped-SANIWORLD_logo_black.png\",\"width\":250,\"height\":75,\"caption\":\"sani-world\"},\"image\":{\"@id\":\"https:\\\/\\\/sani-world.com\\\/#\\\/schema\\\/logo\\\/image\\\/\"}}]}<\/script>\n<!-- \/ Yoast SEO plugin. -->","yoast_head_json":{"title":"Bowl n\u00b01","robots":{"index":"index","follow":"follow","max-snippet":"max-snippet:-1","max-image-preview":"max-image-preview:large","max-video-preview":"max-video-preview:-1"},"canonical":"https:\/\/sani-world.com\/index.php\/termek\/bowl-n1\/","og_locale":"hu_HU","og_type":"article","og_title":"Bowl n\u00b01","og_description":"Kifinomult, \u00e9teri tavir\u00f3zsa vir\u00e1gzik a f\u00fcrd\u0151szob\u00e1ban. A Bowl N1. a Nabhi m\u00e1rv\u00e1ny mosd\u00f3pultra \u00fcltethet\u0151 mosd\u00f3t\u00e1lj\u00e1t l\u00e1gyan kanyarg\u00f3 hull\u00e1mos form\u00e1k jellemzik, melyek \u00fagy ny\u00edlnak ki, mint egy vir\u00e1g szirmai.  M\u00c9RETEI:   hossz\u00fas\u00e1g: 71 cm  magass\u00e1g: 16 cm","og_url":"https:\/\/sani-world.com\/index.php\/termek\/bowl-n1\/","article_modified_time":"2021-11-05T13:38:06+00:00","og_image":[{"width":750,"height":800,"url":"https:\/\/sani-world.com\/wp-content\/uploads\/2021\/11\/bowl1.jpg","type":"image\/jpeg"}],"twitter_card":"summary_large_image","schema":{"@context":"https:\/\/schema.org","@graph":[{"@type":"WebPage","@id":"https:\/\/sani-world.com\/index.php\/termek\/bowl-n1\/","url":"https:\/\/sani-world.com\/index.php\/termek\/bowl-n1\/","name":"Bowl n\u00b01","isPartOf":{"@id":"https:\/\/sani-world.com\/#website"},"primaryImageOfPage":{"@id":"https:\/\/sani-world.com\/index.php\/termek\/bowl-n1\/#primaryimage"},"image":{"@id":"https:\/\/sani-world.com\/index.php\/termek\/bowl-n1\/#primaryimage"},"thumbnailUrl":"https:\/\/sani-world.com\/wp-content\/uploads\/2021\/11\/bowl1.jpg","datePublished":"2021-11-03T10:43:34+00:00","dateModified":"2021-11-05T13:38:06+00:00","breadcrumb":{"@id":"https:\/\/sani-world.com\/index.php\/termek\/bowl-n1\/#breadcrumb"},"inLanguage":"hu","potentialAction":[{"@type":"ReadAction","target":["https:\/\/sani-world.com\/index.php\/termek\/bowl-n1\/"]}]},{"@type":"ImageObject","inLanguage":"hu","@id":"https:\/\/sani-world.com\/index.php\/termek\/bowl-n1\/#primaryimage","url":"https:\/\/sani-world.com\/wp-content\/uploads\/2021\/11\/bowl1.jpg","contentUrl":"https:\/\/sani-world.com\/wp-content\/uploads\/2021\/11\/bowl1.jpg","width":750,"height":800},{"@type":"BreadcrumbList","@id":"https:\/\/sani-world.com\/index.php\/termek\/bowl-n1\/#breadcrumb","itemListElement":[{"@type":"ListItem","position":1,"name":"Kezd\u0151lap","item":"https:\/\/sani-world.com\/"},{"@type":"ListItem","position":2,"name":"term\u00e9kek","item":"https:\/\/sani-world.com\/index.php\/termekek\/"},{"@type":"ListItem","position":3,"name":"Bowl n\u00b01"}]},{"@type":"WebSite","@id":"https:\/\/sani-world.com\/#website","url":"https:\/\/sani-world.com\/","name":"","description":"","publisher":{"@id":"https:\/\/sani-world.com\/#organization"},"potentialAction":[{"@type":"SearchAction","target":{"@type":"EntryPoint","urlTemplate":"https:\/\/sani-world.com\/?s={search_term_string}"},"query-input":{"@type":"PropertyValueSpecification","valueRequired":true,"valueName":"search_term_string"}}],"inLanguage":"hu"},{"@type":"Organization","@id":"https:\/\/sani-world.com\/#organization","name":"sani-world","url":"https:\/\/sani-world.com\/","logo":{"@type":"ImageObject","inLanguage":"hu","@id":"https:\/\/sani-world.com\/#\/schema\/logo\/image\/","url":"https:\/\/sani-world.com\/wp-content\/uploads\/2021\/09\/cropped-SANIWORLD_logo_black.png","contentUrl":"https:\/\/sani-world.com\/wp-content\/uploads\/2021\/09\/cropped-SANIWORLD_logo_black.png","width":250,"height":75,"caption":"sani-world"},"image":{"@id":"https:\/\/sani-world.com\/#\/schema\/logo\/image\/"}}]}},"jetpack_sharing_enabled":true,"_links":{"self":[{"href":"https:\/\/sani-world.com\/index.php\/wp-json\/wp\/v2\/product\/1140","targetHints":{"allow":["GET"]}}],"collection":[{"href":"https:\/\/sani-world.com\/index.php\/wp-json\/wp\/v2\/product"}],"about":[{"href":"https:\/\/sani-world.com\/index.php\/wp-json\/wp\/v2\/types\/product"}],"version-history":[{"count":1,"href":"https:\/\/sani-world.com\/index.php\/wp-json\/wp\/v2\/product\/1140\/revisions"}],"predecessor-version":[{"id":1141,"href":"https:\/\/sani-world.com\/index.php\/wp-json\/wp\/v2\/product\/1140\/revisions\/1141"}],"wp:featuredmedia":[{"embeddable":true,"href":"https:\/\/sani-world.com\/index.php\/wp-json\/wp\/v2\/media\/1151"}],"wp:attachment":[{"href":"https:\/\/sani-world.com\/index.php\/wp-json\/wp\/v2\/media?parent=1140"}],"wp:term":[{"taxonomy":"product_brand","embeddable":true,"href":"https:\/\/sani-world.com\/index.php\/wp-json\/wp\/v2\/product_brand?post=1140"},{"taxonomy":"product_cat","embeddable":true,"href":"https:\/\/sani-world.com\/index.php\/wp-json\/wp\/v2\/product_cat?post=1140"},{"taxonomy":"product_tag","embeddable":true,"href":"https:\/\/sani-world.com\/index.php\/wp-json\/wp\/v2\/product_tag?post=1140"}],"curies":[{"name":"wp","href":"https:\/\/api.w.org\/{rel}","templated":true}]}}