{"id":1120,"date":"2021-11-03T09:58:10","date_gmt":"2021-11-03T09:58:10","guid":{"rendered":"https:\/\/sani-world.com\/?post_type=product&#038;p=1120"},"modified":"2021-11-05T13:45:48","modified_gmt":"2021-11-05T13:45:48","slug":"genius-loci","status":"publish","type":"product","link":"https:\/\/sani-world.com\/index.php\/termek\/genius-loci\/","title":{"rendered":"Genius Loci"},"content":{"rendered":"","protected":false},"excerpt":{"rendered":"<p>A r\u00e9gi szekreterekhez hasonl\u00f3an a Genius Loci konyha fi\u00f3kj\u00e1ban is van egy titkos, meghitt, cinkos hely. Egy fi\u00f3k, amely nem csak funkcion\u00e1lis t\u00e9r &#8211; zseni\u00e1lis eredm\u00e9ny, amelyet a konyhapult anyagcs\u00f6kkent\u00e9se tesz lehet\u0151v\u00e9 -, hanem egy karakteres vonal is, amely v\u00e9gighalad a konyha teljes fel\u00fclet\u00e9n, mint egy d\u00edsz\u00edt\u0151sor a v\u00e1sznon.<\/p>\n<p>Folytonoss\u00e1got vagy megk\u00fcl\u00f6nb\u00f6ztet\u00e9st is k\u00f6lcs\u00f6n\u00f6zhet a konyh\u00e1nak, ez a testreszab\u00e1s lelke, egy \u00e9kk\u0151, mely &#8211; k\u00fcl\u00f6nb\u00f6z\u0151 k\u00e9zm\u0171ves munk\u00e1val \u00e9s technol\u00f3gi\u00e1kkal- abszol\u00fat egyediv\u00e9 teszi a konyh\u00e1t, mint egy \u00f6r\u00f6k eszt\u00e9tikum, ami a konyha tulajdonos\u00e1nak \u00edzl\u00e9s\u00e9t dics\u00e9ri. Egy meghat\u00e1roz\u00f3 r\u00e9szlet, mely t\u00f6k\u00e9letesen illeszkedik a konyha letisztult form\u00e1ihoz \u00e9s anyagv\u00e1laszt\u00e1s\u00e1hoz a kifinomult eredm\u00e9ny \u00e9rdek\u00e9ben.<\/p>\n<p><strong>K\u00c9NYELEM \u00c9S J\u00d3L\u00c9T<\/strong><\/p>\n<ul>\n<li>A r\u00e9gi szekreterek \u00e1ltal inspir\u00e1lt fi\u00f3k, egy titkos, meghitt, eldugott t\u00e9r<\/li>\n<li>K\u00fcl\u00f6nleges anyagfel\u00fcletek a tapint\u00e1s \u00e9lm\u00e9ny\u00e9nek fokoz\u00e1sa \u00e9rdek\u00e9ben<\/li>\n<li>Az ajt\u00f3k \u00e9s munkalapok lekerek\u00edtett \u00e9lei a nagyobb biztons\u00e1g \u00e9s a k\u00f6nny\u0171 tiszt\u00edt\u00e1s \u00e9rdek\u00e9ben<\/li>\n<\/ul>\n<p><strong>HOSSZ\u00da \u00c9LETTARTAM<\/strong><\/p>\n<ul>\n<li>Szem\u00e9lyre szabhat\u00f3 fi\u00f3k az \u00e9rt\u00e9kes kivitelez\u00e9snek k\u00f6sz\u00f6nhet\u0151en<\/li>\n<li>Minden felhaszn\u00e1lt anyag alapos min\u0151s\u00e9gi ellen\u0151rz\u00e9sen megy kereszt\u00fcl<\/li>\n<\/ul>\n<p><strong>INNOV\u00c1CI\u00d3<\/strong><\/p>\n<ul>\n<li>A pult anyagvastags\u00e1g\u00e1nak tov\u00e1bbi cs\u00f6kkent\u00e9se<\/li>\n<li>A konyhapult vastags\u00e1g\u00e1nak cs\u00f6kkent\u00e9s\u00e9vel nyert hely fi\u00f3kkal hasznos\u00edtva a\u00a0 t\u00e1rol\u00f3hely kapacit\u00e1s\u00e1nak n\u00f6vel\u00e9se \u00e9rdek\u00e9ben<\/li>\n<li>A hagyom\u00e1nyos k\u00e9zm\u0171ves munka iparosod\u00e1sa: partners\u00e9g \u00e9s az olasz k\u00e9zm\u0171ves kiv\u00e1l\u00f3s\u00e1g n\u00e9pszer\u0171s\u00edt\u00e9se<\/li>\n<\/ul>\n","protected":false},"featured_media":1130,"template":"","meta":[],"product_brand":[],"product_cat":[36,35],"product_tag":[],"class_list":{"0":"post-1120","1":"product","2":"type-product","3":"status-publish","4":"has-post-thumbnail","6":"product_cat-konyha","7":"product_cat-valcucine","9":"first","10":"instock","11":"shipping-taxable","12":"product-type-simple"},"yoast_head":"<!-- This site is optimized with the Yoast SEO plugin v27.3 - https:\/\/yoast.com\/product\/yoast-seo-wordpress\/ -->\n<title>Genius Loci<\/title>\n<meta name=\"robots\" content=\"index, follow, max-snippet:-1, max-image-preview:large, max-video-preview:-1\" \/>\n<link rel=\"canonical\" href=\"https:\/\/sani-world.com\/index.php\/termek\/genius-loci\/\" \/>\n<meta property=\"og:locale\" content=\"hu_HU\" \/>\n<meta property=\"og:type\" content=\"article\" \/>\n<meta property=\"og:title\" content=\"Genius Loci\" \/>\n<meta property=\"og:description\" content=\"A r\u00e9gi szekreterekhez hasonl\u00f3an a Genius Loci konyha fi\u00f3kj\u00e1ban is van egy titkos, meghitt, cinkos hely. Egy fi\u00f3k, amely nem csak funkcion\u00e1lis t\u00e9r - zseni\u00e1lis eredm\u00e9ny, amelyet a konyhapult anyagcs\u00f6kkent\u00e9se tesz lehet\u0151v\u00e9 -, hanem egy karakteres vonal is, amely v\u00e9gighalad a konyha teljes fel\u00fclet\u00e9n, mint egy d\u00edsz\u00edt\u0151sor a v\u00e1sznon.  Folytonoss\u00e1got vagy megk\u00fcl\u00f6nb\u00f6ztet\u00e9st is k\u00f6lcs\u00f6n\u00f6zhet a konyh\u00e1nak, ez a testreszab\u00e1s lelke, egy \u00e9kk\u0151, mely - k\u00fcl\u00f6nb\u00f6z\u0151 k\u00e9zm\u0171ves munk\u00e1val \u00e9s technol\u00f3gi\u00e1kkal- abszol\u00fat egyediv\u00e9 teszi a konyh\u00e1t, mint egy \u00f6r\u00f6k eszt\u00e9tikum, ami a konyha tulajdonos\u00e1nak \u00edzl\u00e9s\u00e9t dics\u00e9ri. Egy meghat\u00e1roz\u00f3 r\u00e9szlet, mely t\u00f6k\u00e9letesen illeszkedik a konyha letisztult form\u00e1ihoz \u00e9s anyagv\u00e1laszt\u00e1s\u00e1hoz a kifinomult eredm\u00e9ny \u00e9rdek\u00e9ben.  K\u00c9NYELEM \u00c9S J\u00d3L\u00c9T   A r\u00e9gi szekreterek \u00e1ltal inspir\u00e1lt fi\u00f3k, egy titkos, meghitt, eldugott t\u00e9r  K\u00fcl\u00f6nleges anyagfel\u00fcletek a tapint\u00e1s \u00e9lm\u00e9ny\u00e9nek fokoz\u00e1sa \u00e9rdek\u00e9ben  Az ajt\u00f3k \u00e9s munkalapok lekerek\u00edtett \u00e9lei a nagyobb biztons\u00e1g \u00e9s a k\u00f6nny\u0171 tiszt\u00edt\u00e1s \u00e9rdek\u00e9ben  HOSSZ\u00da \u00c9LETTARTAM   Szem\u00e9lyre szabhat\u00f3 fi\u00f3k az \u00e9rt\u00e9kes kivitelez\u00e9snek k\u00f6sz\u00f6nhet\u0151en  Minden felhaszn\u00e1lt anyag alapos min\u0151s\u00e9gi ellen\u0151rz\u00e9sen megy kereszt\u00fcl  INNOV\u00c1CI\u00d3   A pult anyagvastags\u00e1g\u00e1nak tov\u00e1bbi cs\u00f6kkent\u00e9se  A konyhapult vastags\u00e1g\u00e1nak cs\u00f6kkent\u00e9s\u00e9vel nyert hely fi\u00f3kkal hasznos\u00edtva a\u00a0 t\u00e1rol\u00f3hely kapacit\u00e1s\u00e1nak n\u00f6vel\u00e9se \u00e9rdek\u00e9ben  A hagyom\u00e1nyos k\u00e9zm\u0171ves munka iparosod\u00e1sa: partners\u00e9g \u00e9s az olasz k\u00e9zm\u0171ves kiv\u00e1l\u00f3s\u00e1g n\u00e9pszer\u0171s\u00edt\u00e9se\" \/>\n<meta property=\"og:url\" content=\"https:\/\/sani-world.com\/index.php\/termek\/genius-loci\/\" \/>\n<meta property=\"article:modified_time\" content=\"2021-11-05T13:45:48+00:00\" \/>\n<meta property=\"og:image\" content=\"https:\/\/sani-world.com\/wp-content\/uploads\/2021\/11\/kezdokep-1.jpg\" \/>\n\t<meta property=\"og:image:width\" content=\"750\" \/>\n\t<meta property=\"og:image:height\" content=\"800\" \/>\n\t<meta property=\"og:image:type\" content=\"image\/jpeg\" \/>\n<meta name=\"twitter:card\" content=\"summary_large_image\" \/>\n<script type=\"application\/ld+json\" class=\"yoast-schema-graph\">{\"@context\":\"https:\\\/\\\/schema.org\",\"@graph\":[{\"@type\":\"WebPage\",\"@id\":\"https:\\\/\\\/sani-world.com\\\/index.php\\\/termek\\\/genius-loci\\\/\",\"url\":\"https:\\\/\\\/sani-world.com\\\/index.php\\\/termek\\\/genius-loci\\\/\",\"name\":\"Genius Loci\",\"isPartOf\":{\"@id\":\"https:\\\/\\\/sani-world.com\\\/#website\"},\"primaryImageOfPage\":{\"@id\":\"https:\\\/\\\/sani-world.com\\\/index.php\\\/termek\\\/genius-loci\\\/#primaryimage\"},\"image\":{\"@id\":\"https:\\\/\\\/sani-world.com\\\/index.php\\\/termek\\\/genius-loci\\\/#primaryimage\"},\"thumbnailUrl\":\"https:\\\/\\\/sani-world.com\\\/wp-content\\\/uploads\\\/2021\\\/11\\\/kezdokep-1.jpg\",\"datePublished\":\"2021-11-03T09:58:10+00:00\",\"dateModified\":\"2021-11-05T13:45:48+00:00\",\"breadcrumb\":{\"@id\":\"https:\\\/\\\/sani-world.com\\\/index.php\\\/termek\\\/genius-loci\\\/#breadcrumb\"},\"inLanguage\":\"hu\",\"potentialAction\":[{\"@type\":\"ReadAction\",\"target\":[\"https:\\\/\\\/sani-world.com\\\/index.php\\\/termek\\\/genius-loci\\\/\"]}]},{\"@type\":\"ImageObject\",\"inLanguage\":\"hu\",\"@id\":\"https:\\\/\\\/sani-world.com\\\/index.php\\\/termek\\\/genius-loci\\\/#primaryimage\",\"url\":\"https:\\\/\\\/sani-world.com\\\/wp-content\\\/uploads\\\/2021\\\/11\\\/kezdokep-1.jpg\",\"contentUrl\":\"https:\\\/\\\/sani-world.com\\\/wp-content\\\/uploads\\\/2021\\\/11\\\/kezdokep-1.jpg\",\"width\":750,\"height\":800},{\"@type\":\"BreadcrumbList\",\"@id\":\"https:\\\/\\\/sani-world.com\\\/index.php\\\/termek\\\/genius-loci\\\/#breadcrumb\",\"itemListElement\":[{\"@type\":\"ListItem\",\"position\":1,\"name\":\"Kezd\u0151lap\",\"item\":\"https:\\\/\\\/sani-world.com\\\/\"},{\"@type\":\"ListItem\",\"position\":2,\"name\":\"term\u00e9kek\",\"item\":\"https:\\\/\\\/sani-world.com\\\/index.php\\\/termekek\\\/\"},{\"@type\":\"ListItem\",\"position\":3,\"name\":\"Genius Loci\"}]},{\"@type\":\"WebSite\",\"@id\":\"https:\\\/\\\/sani-world.com\\\/#website\",\"url\":\"https:\\\/\\\/sani-world.com\\\/\",\"name\":\"\",\"description\":\"\",\"publisher\":{\"@id\":\"https:\\\/\\\/sani-world.com\\\/#organization\"},\"potentialAction\":[{\"@type\":\"SearchAction\",\"target\":{\"@type\":\"EntryPoint\",\"urlTemplate\":\"https:\\\/\\\/sani-world.com\\\/?s={search_term_string}\"},\"query-input\":{\"@type\":\"PropertyValueSpecification\",\"valueRequired\":true,\"valueName\":\"search_term_string\"}}],\"inLanguage\":\"hu\"},{\"@type\":\"Organization\",\"@id\":\"https:\\\/\\\/sani-world.com\\\/#organization\",\"name\":\"sani-world\",\"url\":\"https:\\\/\\\/sani-world.com\\\/\",\"logo\":{\"@type\":\"ImageObject\",\"inLanguage\":\"hu\",\"@id\":\"https:\\\/\\\/sani-world.com\\\/#\\\/schema\\\/logo\\\/image\\\/\",\"url\":\"https:\\\/\\\/sani-world.com\\\/wp-content\\\/uploads\\\/2021\\\/09\\\/cropped-SANIWORLD_logo_black.png\",\"contentUrl\":\"https:\\\/\\\/sani-world.com\\\/wp-content\\\/uploads\\\/2021\\\/09\\\/cropped-SANIWORLD_logo_black.png\",\"width\":250,\"height\":75,\"caption\":\"sani-world\"},\"image\":{\"@id\":\"https:\\\/\\\/sani-world.com\\\/#\\\/schema\\\/logo\\\/image\\\/\"}}]}<\/script>\n<!-- \/ Yoast SEO plugin. -->","yoast_head_json":{"title":"Genius Loci","robots":{"index":"index","follow":"follow","max-snippet":"max-snippet:-1","max-image-preview":"max-image-preview:large","max-video-preview":"max-video-preview:-1"},"canonical":"https:\/\/sani-world.com\/index.php\/termek\/genius-loci\/","og_locale":"hu_HU","og_type":"article","og_title":"Genius Loci","og_description":"A r\u00e9gi szekreterekhez hasonl\u00f3an a Genius Loci konyha fi\u00f3kj\u00e1ban is van egy titkos, meghitt, cinkos hely. Egy fi\u00f3k, amely nem csak funkcion\u00e1lis t\u00e9r - zseni\u00e1lis eredm\u00e9ny, amelyet a konyhapult anyagcs\u00f6kkent\u00e9se tesz lehet\u0151v\u00e9 -, hanem egy karakteres vonal is, amely v\u00e9gighalad a konyha teljes fel\u00fclet\u00e9n, mint egy d\u00edsz\u00edt\u0151sor a v\u00e1sznon.  Folytonoss\u00e1got vagy megk\u00fcl\u00f6nb\u00f6ztet\u00e9st is k\u00f6lcs\u00f6n\u00f6zhet a konyh\u00e1nak, ez a testreszab\u00e1s lelke, egy \u00e9kk\u0151, mely - k\u00fcl\u00f6nb\u00f6z\u0151 k\u00e9zm\u0171ves munk\u00e1val \u00e9s technol\u00f3gi\u00e1kkal- abszol\u00fat egyediv\u00e9 teszi a konyh\u00e1t, mint egy \u00f6r\u00f6k eszt\u00e9tikum, ami a konyha tulajdonos\u00e1nak \u00edzl\u00e9s\u00e9t dics\u00e9ri. Egy meghat\u00e1roz\u00f3 r\u00e9szlet, mely t\u00f6k\u00e9letesen illeszkedik a konyha letisztult form\u00e1ihoz \u00e9s anyagv\u00e1laszt\u00e1s\u00e1hoz a kifinomult eredm\u00e9ny \u00e9rdek\u00e9ben.  K\u00c9NYELEM \u00c9S J\u00d3L\u00c9T   A r\u00e9gi szekreterek \u00e1ltal inspir\u00e1lt fi\u00f3k, egy titkos, meghitt, eldugott t\u00e9r  K\u00fcl\u00f6nleges anyagfel\u00fcletek a tapint\u00e1s \u00e9lm\u00e9ny\u00e9nek fokoz\u00e1sa \u00e9rdek\u00e9ben  Az ajt\u00f3k \u00e9s munkalapok lekerek\u00edtett \u00e9lei a nagyobb biztons\u00e1g \u00e9s a k\u00f6nny\u0171 tiszt\u00edt\u00e1s \u00e9rdek\u00e9ben  HOSSZ\u00da \u00c9LETTARTAM   Szem\u00e9lyre szabhat\u00f3 fi\u00f3k az \u00e9rt\u00e9kes kivitelez\u00e9snek k\u00f6sz\u00f6nhet\u0151en  Minden felhaszn\u00e1lt anyag alapos min\u0151s\u00e9gi ellen\u0151rz\u00e9sen megy kereszt\u00fcl  INNOV\u00c1CI\u00d3   A pult anyagvastags\u00e1g\u00e1nak tov\u00e1bbi cs\u00f6kkent\u00e9se  A konyhapult vastags\u00e1g\u00e1nak cs\u00f6kkent\u00e9s\u00e9vel nyert hely fi\u00f3kkal hasznos\u00edtva a\u00a0 t\u00e1rol\u00f3hely kapacit\u00e1s\u00e1nak n\u00f6vel\u00e9se \u00e9rdek\u00e9ben  A hagyom\u00e1nyos k\u00e9zm\u0171ves munka iparosod\u00e1sa: partners\u00e9g \u00e9s az olasz k\u00e9zm\u0171ves kiv\u00e1l\u00f3s\u00e1g n\u00e9pszer\u0171s\u00edt\u00e9se","og_url":"https:\/\/sani-world.com\/index.php\/termek\/genius-loci\/","article_modified_time":"2021-11-05T13:45:48+00:00","og_image":[{"width":750,"height":800,"url":"https:\/\/sani-world.com\/wp-content\/uploads\/2021\/11\/kezdokep-1.jpg","type":"image\/jpeg"}],"twitter_card":"summary_large_image","schema":{"@context":"https:\/\/schema.org","@graph":[{"@type":"WebPage","@id":"https:\/\/sani-world.com\/index.php\/termek\/genius-loci\/","url":"https:\/\/sani-world.com\/index.php\/termek\/genius-loci\/","name":"Genius Loci","isPartOf":{"@id":"https:\/\/sani-world.com\/#website"},"primaryImageOfPage":{"@id":"https:\/\/sani-world.com\/index.php\/termek\/genius-loci\/#primaryimage"},"image":{"@id":"https:\/\/sani-world.com\/index.php\/termek\/genius-loci\/#primaryimage"},"thumbnailUrl":"https:\/\/sani-world.com\/wp-content\/uploads\/2021\/11\/kezdokep-1.jpg","datePublished":"2021-11-03T09:58:10+00:00","dateModified":"2021-11-05T13:45:48+00:00","breadcrumb":{"@id":"https:\/\/sani-world.com\/index.php\/termek\/genius-loci\/#breadcrumb"},"inLanguage":"hu","potentialAction":[{"@type":"ReadAction","target":["https:\/\/sani-world.com\/index.php\/termek\/genius-loci\/"]}]},{"@type":"ImageObject","inLanguage":"hu","@id":"https:\/\/sani-world.com\/index.php\/termek\/genius-loci\/#primaryimage","url":"https:\/\/sani-world.com\/wp-content\/uploads\/2021\/11\/kezdokep-1.jpg","contentUrl":"https:\/\/sani-world.com\/wp-content\/uploads\/2021\/11\/kezdokep-1.jpg","width":750,"height":800},{"@type":"BreadcrumbList","@id":"https:\/\/sani-world.com\/index.php\/termek\/genius-loci\/#breadcrumb","itemListElement":[{"@type":"ListItem","position":1,"name":"Kezd\u0151lap","item":"https:\/\/sani-world.com\/"},{"@type":"ListItem","position":2,"name":"term\u00e9kek","item":"https:\/\/sani-world.com\/index.php\/termekek\/"},{"@type":"ListItem","position":3,"name":"Genius Loci"}]},{"@type":"WebSite","@id":"https:\/\/sani-world.com\/#website","url":"https:\/\/sani-world.com\/","name":"","description":"","publisher":{"@id":"https:\/\/sani-world.com\/#organization"},"potentialAction":[{"@type":"SearchAction","target":{"@type":"EntryPoint","urlTemplate":"https:\/\/sani-world.com\/?s={search_term_string}"},"query-input":{"@type":"PropertyValueSpecification","valueRequired":true,"valueName":"search_term_string"}}],"inLanguage":"hu"},{"@type":"Organization","@id":"https:\/\/sani-world.com\/#organization","name":"sani-world","url":"https:\/\/sani-world.com\/","logo":{"@type":"ImageObject","inLanguage":"hu","@id":"https:\/\/sani-world.com\/#\/schema\/logo\/image\/","url":"https:\/\/sani-world.com\/wp-content\/uploads\/2021\/09\/cropped-SANIWORLD_logo_black.png","contentUrl":"https:\/\/sani-world.com\/wp-content\/uploads\/2021\/09\/cropped-SANIWORLD_logo_black.png","width":250,"height":75,"caption":"sani-world"},"image":{"@id":"https:\/\/sani-world.com\/#\/schema\/logo\/image\/"}}]}},"jetpack_sharing_enabled":true,"_links":{"self":[{"href":"https:\/\/sani-world.com\/index.php\/wp-json\/wp\/v2\/product\/1120","targetHints":{"allow":["GET"]}}],"collection":[{"href":"https:\/\/sani-world.com\/index.php\/wp-json\/wp\/v2\/product"}],"about":[{"href":"https:\/\/sani-world.com\/index.php\/wp-json\/wp\/v2\/types\/product"}],"version-history":[{"count":1,"href":"https:\/\/sani-world.com\/index.php\/wp-json\/wp\/v2\/product\/1120\/revisions"}],"predecessor-version":[{"id":1131,"href":"https:\/\/sani-world.com\/index.php\/wp-json\/wp\/v2\/product\/1120\/revisions\/1131"}],"wp:featuredmedia":[{"embeddable":true,"href":"https:\/\/sani-world.com\/index.php\/wp-json\/wp\/v2\/media\/1130"}],"wp:attachment":[{"href":"https:\/\/sani-world.com\/index.php\/wp-json\/wp\/v2\/media?parent=1120"}],"wp:term":[{"taxonomy":"product_brand","embeddable":true,"href":"https:\/\/sani-world.com\/index.php\/wp-json\/wp\/v2\/product_brand?post=1120"},{"taxonomy":"product_cat","embeddable":true,"href":"https:\/\/sani-world.com\/index.php\/wp-json\/wp\/v2\/product_cat?post=1120"},{"taxonomy":"product_tag","embeddable":true,"href":"https:\/\/sani-world.com\/index.php\/wp-json\/wp\/v2\/product_tag?post=1120"}],"curies":[{"name":"wp","href":"https:\/\/api.w.org\/{rel}","templated":true}]}}