{"id":1077,"date":"2021-11-03T08:45:44","date_gmt":"2021-11-03T08:45:44","guid":{"rendered":"https:\/\/sani-world.com\/?post_type=product&#038;p=1077"},"modified":"2021-11-05T13:39:11","modified_gmt":"2021-11-05T13:39:11","slug":"artematica-konyha","status":"publish","type":"product","link":"https:\/\/sani-world.com\/index.php\/termek\/artematica-konyha\/","title":{"rendered":"Artematica"},"content":{"rendered":"","protected":false},"excerpt":{"rendered":"<p>Nincs hat\u00e1r a kreativit\u00e1s \u00e9s az innov\u00e1ci\u00f3, a sz\u00edn- \u00e9s anyagj\u00e1t\u00e9k m\u0171v\u00e9szete \u00e9s a tiszta anyagok matematik\u00e1ja k\u00f6z\u00f6tt.Az intu\u00edci\u00f3nk, a m\u00e1ssal nem kombin\u00e1lt, \u201etiszta\u201d anyagok felhaszn\u00e1l\u00e1s\u00e1nak lehet\u0151s\u00e9ge az alum\u00ednium ajt\u00f3kon v\u00e9gtelen megold\u00e1sok \u00e9s kombin\u00e1ci\u00f3k sorozat\u00e1ra ad lehet\u0151s\u00e9get. Az \u00fcveg kifinomult j\u00e1t\u00e9k\u00e1t\u00f3l kezdve mely minden sz\u00ednben \u00e9s kivitelben el\u00e9rhet\u0151, a karakteres tapint\u00e1s\u00fa fa \u00e9s\u00a0 lakkozott fel\u00fcleteken \u00e1t a f\u00e9mes lamin\u00e1tumokig. A v\u00e1s\u00e1rl\u00f3k szem\u00e9lyes \u00edzl\u00e9s\u00e9nek kifejez\u0151d\u00e9sm\u00f3dja \u00a0v\u00e9gtelen, am\u00edg el nem \u00e9ri a m\u0171alkot\u00e1sokhoz hasonl\u00f3 jellegzetes egyedis\u00e9g\u00e9t, amelyet az \u00fcveg \u00e1tl\u00e1tsz\u00f3s\u00e1g\u00e1ban nyilv\u00e1nul meg.<\/p>\n<p>Az Artematica konyh\u00e1t r\u00e9szletesen tanulm\u00e1nyozt\u00e1k, hogy a gesztusokat egyszer\u0171bb\u00e9 \u00e9s h\u00e9tk\u00f6znapibb\u00e1 tegy\u00e9k, a z\u00e1r\u00f3elemeket l\u00e1ggy\u00e1 tegy\u00e9k, hogy megfeleljenek a legmagasabb biztons\u00e1gi el\u0151\u00edr\u00e1soknak a sz\u00e9lek \u00e9s a profilok ment\u00e9n t\u00f6rt\u00e9n\u0151 lekerek\u00edt\u00e9s r\u00e9v\u00e9n.<\/p>\n<p><strong>K\u00c9NYELEM \u00c9S J\u00d3L\u00c9T<\/strong><\/p>\n<ul>\n<li>k\u00fcl\u00f6nleges anyagfel\u00fcletek a tapint\u00e1s \u00e9lm\u00e9ny\u00e9nek fokoz\u00e1sa \u00e9rdek\u00e9ben\u00b7<\/li>\n<li>az ajt\u00f3k \u00e9s munkalapok lekerek\u00edtett \u00e9lei a nagyobb biztons\u00e1g \u00e9s a k\u00f6nny\u0171 tiszt\u00edt\u00e1s \u00e9rdek\u00e9ben<\/li>\n<\/ul>\n<p><strong>HOSSZ\u00da \u00c9LETTARTAM<\/strong><\/p>\n<ul>\n<li>az \u00fcvegajt\u00f3k lehets\u00e9ges testreszab\u00e1sa speci\u00e1lis berak\u00e1sos technik\u00e1val<\/li>\n<li>a v\u00edznek, h\u0151nek \u00e9s a g\u0151znek rendk\u00edv\u00fcl j\u00f3l ellen\u00e1ll\u00f3 lamin\u00e1tumok<\/li>\n<li>a vil\u00e1g legk\u00f6nnyebb lakkozott fel\u00fclete a csukl\u00f3p\u00e1ntok hosszabb \u00e9lettartam\u00e1nak \u00e9rdek\u00e9ben<\/li>\n<\/ul>\n<p><strong>INNOV\u00c1CI\u00d3<\/strong><\/p>\n<ul>\n<li>A vil\u00e1g els\u0151 konyh\u00e1ja alum\u00ednium ajt\u00f3szerkezettel, amely t\u00e1mogatja a &#8222;tiszta&#8221;, nem kombin\u00e1lt anyag fel\u00fcleteket<\/li>\n<li>a vil\u00e1g els\u0151 konyh\u00e1ja r\u00e9tegelt lamin\u00e1tumra szerelt fa- \u00e9s alum\u00ednium ajt\u00f3val,<\/li>\n<li>a vil\u00e1g els\u0151 konyh\u00e1ja gum\u00edrozott ajt\u00f3val a puha z\u00e1r\u00f3d\u00e1s \u00e9rdek\u00e9ben<\/li>\n<\/ul>\n","protected":false},"featured_media":1103,"template":"","meta":[],"product_brand":[],"product_cat":[36,35],"product_tag":[],"class_list":{"0":"post-1077","1":"product","2":"type-product","3":"status-publish","4":"has-post-thumbnail","6":"product_cat-konyha","7":"product_cat-valcucine","9":"first","10":"instock","11":"shipping-taxable","12":"product-type-simple"},"yoast_head":"<!-- This site is optimized with the Yoast SEO plugin v27.3 - https:\/\/yoast.com\/product\/yoast-seo-wordpress\/ -->\n<title>Artematica<\/title>\n<meta name=\"robots\" content=\"index, follow, max-snippet:-1, max-image-preview:large, max-video-preview:-1\" \/>\n<link rel=\"canonical\" href=\"https:\/\/sani-world.com\/index.php\/termek\/artematica-konyha\/\" \/>\n<meta property=\"og:locale\" content=\"hu_HU\" \/>\n<meta property=\"og:type\" content=\"article\" \/>\n<meta property=\"og:title\" content=\"Artematica\" \/>\n<meta property=\"og:description\" content=\"Nincs hat\u00e1r a kreativit\u00e1s \u00e9s az innov\u00e1ci\u00f3, a sz\u00edn- \u00e9s anyagj\u00e1t\u00e9k m\u0171v\u00e9szete \u00e9s a tiszta anyagok matematik\u00e1ja k\u00f6z\u00f6tt.Az intu\u00edci\u00f3nk, a m\u00e1ssal nem kombin\u00e1lt, \u201etiszta\u201d anyagok felhaszn\u00e1l\u00e1s\u00e1nak lehet\u0151s\u00e9ge az alum\u00ednium ajt\u00f3kon v\u00e9gtelen megold\u00e1sok \u00e9s kombin\u00e1ci\u00f3k sorozat\u00e1ra ad lehet\u0151s\u00e9get. Az \u00fcveg kifinomult j\u00e1t\u00e9k\u00e1t\u00f3l kezdve mely minden sz\u00ednben \u00e9s kivitelben el\u00e9rhet\u0151, a karakteres tapint\u00e1s\u00fa fa \u00e9s\u00a0 lakkozott fel\u00fcleteken \u00e1t a f\u00e9mes lamin\u00e1tumokig. A v\u00e1s\u00e1rl\u00f3k szem\u00e9lyes \u00edzl\u00e9s\u00e9nek kifejez\u0151d\u00e9sm\u00f3dja \u00a0v\u00e9gtelen, am\u00edg el nem \u00e9ri a m\u0171alkot\u00e1sokhoz hasonl\u00f3 jellegzetes egyedis\u00e9g\u00e9t, amelyet az \u00fcveg \u00e1tl\u00e1tsz\u00f3s\u00e1g\u00e1ban nyilv\u00e1nul meg.  Az Artematica konyh\u00e1t r\u00e9szletesen tanulm\u00e1nyozt\u00e1k, hogy a gesztusokat egyszer\u0171bb\u00e9 \u00e9s h\u00e9tk\u00f6znapibb\u00e1 tegy\u00e9k, a z\u00e1r\u00f3elemeket l\u00e1ggy\u00e1 tegy\u00e9k, hogy megfeleljenek a legmagasabb biztons\u00e1gi el\u0151\u00edr\u00e1soknak a sz\u00e9lek \u00e9s a profilok ment\u00e9n t\u00f6rt\u00e9n\u0151 lekerek\u00edt\u00e9s r\u00e9v\u00e9n.  K\u00c9NYELEM \u00c9S J\u00d3L\u00c9T   k\u00fcl\u00f6nleges anyagfel\u00fcletek a tapint\u00e1s \u00e9lm\u00e9ny\u00e9nek fokoz\u00e1sa \u00e9rdek\u00e9ben\u00b7  az ajt\u00f3k \u00e9s munkalapok lekerek\u00edtett \u00e9lei a nagyobb biztons\u00e1g \u00e9s a k\u00f6nny\u0171 tiszt\u00edt\u00e1s \u00e9rdek\u00e9ben  HOSSZ\u00da \u00c9LETTARTAM   az \u00fcvegajt\u00f3k lehets\u00e9ges testreszab\u00e1sa speci\u00e1lis berak\u00e1sos technik\u00e1val  a v\u00edznek, h\u0151nek \u00e9s a g\u0151znek rendk\u00edv\u00fcl j\u00f3l ellen\u00e1ll\u00f3 lamin\u00e1tumok  a vil\u00e1g legk\u00f6nnyebb lakkozott fel\u00fclete a csukl\u00f3p\u00e1ntok hosszabb \u00e9lettartam\u00e1nak \u00e9rdek\u00e9ben  INNOV\u00c1CI\u00d3   A vil\u00e1g els\u0151 konyh\u00e1ja alum\u00ednium ajt\u00f3szerkezettel, amely t\u00e1mogatja a &quot;tiszta&quot;, nem kombin\u00e1lt anyag fel\u00fcleteket  a vil\u00e1g els\u0151 konyh\u00e1ja r\u00e9tegelt lamin\u00e1tumra szerelt fa- \u00e9s alum\u00ednium ajt\u00f3val,  a vil\u00e1g els\u0151 konyh\u00e1ja gum\u00edrozott ajt\u00f3val a puha z\u00e1r\u00f3d\u00e1s \u00e9rdek\u00e9ben\" \/>\n<meta property=\"og:url\" content=\"https:\/\/sani-world.com\/index.php\/termek\/artematica-konyha\/\" \/>\n<meta property=\"article:modified_time\" content=\"2021-11-05T13:39:11+00:00\" \/>\n<meta property=\"og:image\" content=\"https:\/\/sani-world.com\/wp-content\/uploads\/2021\/11\/kezdokep.jpg\" \/>\n\t<meta property=\"og:image:width\" content=\"750\" \/>\n\t<meta property=\"og:image:height\" content=\"800\" \/>\n\t<meta property=\"og:image:type\" content=\"image\/jpeg\" \/>\n<meta name=\"twitter:card\" content=\"summary_large_image\" \/>\n<script type=\"application\/ld+json\" class=\"yoast-schema-graph\">{\"@context\":\"https:\\\/\\\/schema.org\",\"@graph\":[{\"@type\":\"WebPage\",\"@id\":\"https:\\\/\\\/sani-world.com\\\/index.php\\\/termek\\\/artematica-konyha\\\/\",\"url\":\"https:\\\/\\\/sani-world.com\\\/index.php\\\/termek\\\/artematica-konyha\\\/\",\"name\":\"Artematica\",\"isPartOf\":{\"@id\":\"https:\\\/\\\/sani-world.com\\\/#website\"},\"primaryImageOfPage\":{\"@id\":\"https:\\\/\\\/sani-world.com\\\/index.php\\\/termek\\\/artematica-konyha\\\/#primaryimage\"},\"image\":{\"@id\":\"https:\\\/\\\/sani-world.com\\\/index.php\\\/termek\\\/artematica-konyha\\\/#primaryimage\"},\"thumbnailUrl\":\"https:\\\/\\\/sani-world.com\\\/wp-content\\\/uploads\\\/2021\\\/11\\\/kezdokep.jpg\",\"datePublished\":\"2021-11-03T08:45:44+00:00\",\"dateModified\":\"2021-11-05T13:39:11+00:00\",\"breadcrumb\":{\"@id\":\"https:\\\/\\\/sani-world.com\\\/index.php\\\/termek\\\/artematica-konyha\\\/#breadcrumb\"},\"inLanguage\":\"hu\",\"potentialAction\":[{\"@type\":\"ReadAction\",\"target\":[\"https:\\\/\\\/sani-world.com\\\/index.php\\\/termek\\\/artematica-konyha\\\/\"]}]},{\"@type\":\"ImageObject\",\"inLanguage\":\"hu\",\"@id\":\"https:\\\/\\\/sani-world.com\\\/index.php\\\/termek\\\/artematica-konyha\\\/#primaryimage\",\"url\":\"https:\\\/\\\/sani-world.com\\\/wp-content\\\/uploads\\\/2021\\\/11\\\/kezdokep.jpg\",\"contentUrl\":\"https:\\\/\\\/sani-world.com\\\/wp-content\\\/uploads\\\/2021\\\/11\\\/kezdokep.jpg\",\"width\":750,\"height\":800},{\"@type\":\"BreadcrumbList\",\"@id\":\"https:\\\/\\\/sani-world.com\\\/index.php\\\/termek\\\/artematica-konyha\\\/#breadcrumb\",\"itemListElement\":[{\"@type\":\"ListItem\",\"position\":1,\"name\":\"Kezd\u0151lap\",\"item\":\"https:\\\/\\\/sani-world.com\\\/\"},{\"@type\":\"ListItem\",\"position\":2,\"name\":\"term\u00e9kek\",\"item\":\"https:\\\/\\\/sani-world.com\\\/index.php\\\/termekek\\\/\"},{\"@type\":\"ListItem\",\"position\":3,\"name\":\"Artematica\"}]},{\"@type\":\"WebSite\",\"@id\":\"https:\\\/\\\/sani-world.com\\\/#website\",\"url\":\"https:\\\/\\\/sani-world.com\\\/\",\"name\":\"\",\"description\":\"\",\"publisher\":{\"@id\":\"https:\\\/\\\/sani-world.com\\\/#organization\"},\"potentialAction\":[{\"@type\":\"SearchAction\",\"target\":{\"@type\":\"EntryPoint\",\"urlTemplate\":\"https:\\\/\\\/sani-world.com\\\/?s={search_term_string}\"},\"query-input\":{\"@type\":\"PropertyValueSpecification\",\"valueRequired\":true,\"valueName\":\"search_term_string\"}}],\"inLanguage\":\"hu\"},{\"@type\":\"Organization\",\"@id\":\"https:\\\/\\\/sani-world.com\\\/#organization\",\"name\":\"sani-world\",\"url\":\"https:\\\/\\\/sani-world.com\\\/\",\"logo\":{\"@type\":\"ImageObject\",\"inLanguage\":\"hu\",\"@id\":\"https:\\\/\\\/sani-world.com\\\/#\\\/schema\\\/logo\\\/image\\\/\",\"url\":\"https:\\\/\\\/sani-world.com\\\/wp-content\\\/uploads\\\/2021\\\/09\\\/cropped-SANIWORLD_logo_black.png\",\"contentUrl\":\"https:\\\/\\\/sani-world.com\\\/wp-content\\\/uploads\\\/2021\\\/09\\\/cropped-SANIWORLD_logo_black.png\",\"width\":250,\"height\":75,\"caption\":\"sani-world\"},\"image\":{\"@id\":\"https:\\\/\\\/sani-world.com\\\/#\\\/schema\\\/logo\\\/image\\\/\"}}]}<\/script>\n<!-- \/ Yoast SEO plugin. -->","yoast_head_json":{"title":"Artematica","robots":{"index":"index","follow":"follow","max-snippet":"max-snippet:-1","max-image-preview":"max-image-preview:large","max-video-preview":"max-video-preview:-1"},"canonical":"https:\/\/sani-world.com\/index.php\/termek\/artematica-konyha\/","og_locale":"hu_HU","og_type":"article","og_title":"Artematica","og_description":"Nincs hat\u00e1r a kreativit\u00e1s \u00e9s az innov\u00e1ci\u00f3, a sz\u00edn- \u00e9s anyagj\u00e1t\u00e9k m\u0171v\u00e9szete \u00e9s a tiszta anyagok matematik\u00e1ja k\u00f6z\u00f6tt.Az intu\u00edci\u00f3nk, a m\u00e1ssal nem kombin\u00e1lt, \u201etiszta\u201d anyagok felhaszn\u00e1l\u00e1s\u00e1nak lehet\u0151s\u00e9ge az alum\u00ednium ajt\u00f3kon v\u00e9gtelen megold\u00e1sok \u00e9s kombin\u00e1ci\u00f3k sorozat\u00e1ra ad lehet\u0151s\u00e9get. Az \u00fcveg kifinomult j\u00e1t\u00e9k\u00e1t\u00f3l kezdve mely minden sz\u00ednben \u00e9s kivitelben el\u00e9rhet\u0151, a karakteres tapint\u00e1s\u00fa fa \u00e9s\u00a0 lakkozott fel\u00fcleteken \u00e1t a f\u00e9mes lamin\u00e1tumokig. A v\u00e1s\u00e1rl\u00f3k szem\u00e9lyes \u00edzl\u00e9s\u00e9nek kifejez\u0151d\u00e9sm\u00f3dja \u00a0v\u00e9gtelen, am\u00edg el nem \u00e9ri a m\u0171alkot\u00e1sokhoz hasonl\u00f3 jellegzetes egyedis\u00e9g\u00e9t, amelyet az \u00fcveg \u00e1tl\u00e1tsz\u00f3s\u00e1g\u00e1ban nyilv\u00e1nul meg.  Az Artematica konyh\u00e1t r\u00e9szletesen tanulm\u00e1nyozt\u00e1k, hogy a gesztusokat egyszer\u0171bb\u00e9 \u00e9s h\u00e9tk\u00f6znapibb\u00e1 tegy\u00e9k, a z\u00e1r\u00f3elemeket l\u00e1ggy\u00e1 tegy\u00e9k, hogy megfeleljenek a legmagasabb biztons\u00e1gi el\u0151\u00edr\u00e1soknak a sz\u00e9lek \u00e9s a profilok ment\u00e9n t\u00f6rt\u00e9n\u0151 lekerek\u00edt\u00e9s r\u00e9v\u00e9n.  K\u00c9NYELEM \u00c9S J\u00d3L\u00c9T   k\u00fcl\u00f6nleges anyagfel\u00fcletek a tapint\u00e1s \u00e9lm\u00e9ny\u00e9nek fokoz\u00e1sa \u00e9rdek\u00e9ben\u00b7  az ajt\u00f3k \u00e9s munkalapok lekerek\u00edtett \u00e9lei a nagyobb biztons\u00e1g \u00e9s a k\u00f6nny\u0171 tiszt\u00edt\u00e1s \u00e9rdek\u00e9ben  HOSSZ\u00da \u00c9LETTARTAM   az \u00fcvegajt\u00f3k lehets\u00e9ges testreszab\u00e1sa speci\u00e1lis berak\u00e1sos technik\u00e1val  a v\u00edznek, h\u0151nek \u00e9s a g\u0151znek rendk\u00edv\u00fcl j\u00f3l ellen\u00e1ll\u00f3 lamin\u00e1tumok  a vil\u00e1g legk\u00f6nnyebb lakkozott fel\u00fclete a csukl\u00f3p\u00e1ntok hosszabb \u00e9lettartam\u00e1nak \u00e9rdek\u00e9ben  INNOV\u00c1CI\u00d3   A vil\u00e1g els\u0151 konyh\u00e1ja alum\u00ednium ajt\u00f3szerkezettel, amely t\u00e1mogatja a \"tiszta\", nem kombin\u00e1lt anyag fel\u00fcleteket  a vil\u00e1g els\u0151 konyh\u00e1ja r\u00e9tegelt lamin\u00e1tumra szerelt fa- \u00e9s alum\u00ednium ajt\u00f3val,  a vil\u00e1g els\u0151 konyh\u00e1ja gum\u00edrozott ajt\u00f3val a puha z\u00e1r\u00f3d\u00e1s \u00e9rdek\u00e9ben","og_url":"https:\/\/sani-world.com\/index.php\/termek\/artematica-konyha\/","article_modified_time":"2021-11-05T13:39:11+00:00","og_image":[{"width":750,"height":800,"url":"https:\/\/sani-world.com\/wp-content\/uploads\/2021\/11\/kezdokep.jpg","type":"image\/jpeg"}],"twitter_card":"summary_large_image","schema":{"@context":"https:\/\/schema.org","@graph":[{"@type":"WebPage","@id":"https:\/\/sani-world.com\/index.php\/termek\/artematica-konyha\/","url":"https:\/\/sani-world.com\/index.php\/termek\/artematica-konyha\/","name":"Artematica","isPartOf":{"@id":"https:\/\/sani-world.com\/#website"},"primaryImageOfPage":{"@id":"https:\/\/sani-world.com\/index.php\/termek\/artematica-konyha\/#primaryimage"},"image":{"@id":"https:\/\/sani-world.com\/index.php\/termek\/artematica-konyha\/#primaryimage"},"thumbnailUrl":"https:\/\/sani-world.com\/wp-content\/uploads\/2021\/11\/kezdokep.jpg","datePublished":"2021-11-03T08:45:44+00:00","dateModified":"2021-11-05T13:39:11+00:00","breadcrumb":{"@id":"https:\/\/sani-world.com\/index.php\/termek\/artematica-konyha\/#breadcrumb"},"inLanguage":"hu","potentialAction":[{"@type":"ReadAction","target":["https:\/\/sani-world.com\/index.php\/termek\/artematica-konyha\/"]}]},{"@type":"ImageObject","inLanguage":"hu","@id":"https:\/\/sani-world.com\/index.php\/termek\/artematica-konyha\/#primaryimage","url":"https:\/\/sani-world.com\/wp-content\/uploads\/2021\/11\/kezdokep.jpg","contentUrl":"https:\/\/sani-world.com\/wp-content\/uploads\/2021\/11\/kezdokep.jpg","width":750,"height":800},{"@type":"BreadcrumbList","@id":"https:\/\/sani-world.com\/index.php\/termek\/artematica-konyha\/#breadcrumb","itemListElement":[{"@type":"ListItem","position":1,"name":"Kezd\u0151lap","item":"https:\/\/sani-world.com\/"},{"@type":"ListItem","position":2,"name":"term\u00e9kek","item":"https:\/\/sani-world.com\/index.php\/termekek\/"},{"@type":"ListItem","position":3,"name":"Artematica"}]},{"@type":"WebSite","@id":"https:\/\/sani-world.com\/#website","url":"https:\/\/sani-world.com\/","name":"","description":"","publisher":{"@id":"https:\/\/sani-world.com\/#organization"},"potentialAction":[{"@type":"SearchAction","target":{"@type":"EntryPoint","urlTemplate":"https:\/\/sani-world.com\/?s={search_term_string}"},"query-input":{"@type":"PropertyValueSpecification","valueRequired":true,"valueName":"search_term_string"}}],"inLanguage":"hu"},{"@type":"Organization","@id":"https:\/\/sani-world.com\/#organization","name":"sani-world","url":"https:\/\/sani-world.com\/","logo":{"@type":"ImageObject","inLanguage":"hu","@id":"https:\/\/sani-world.com\/#\/schema\/logo\/image\/","url":"https:\/\/sani-world.com\/wp-content\/uploads\/2021\/09\/cropped-SANIWORLD_logo_black.png","contentUrl":"https:\/\/sani-world.com\/wp-content\/uploads\/2021\/09\/cropped-SANIWORLD_logo_black.png","width":250,"height":75,"caption":"sani-world"},"image":{"@id":"https:\/\/sani-world.com\/#\/schema\/logo\/image\/"}}]}},"jetpack_sharing_enabled":true,"_links":{"self":[{"href":"https:\/\/sani-world.com\/index.php\/wp-json\/wp\/v2\/product\/1077","targetHints":{"allow":["GET"]}}],"collection":[{"href":"https:\/\/sani-world.com\/index.php\/wp-json\/wp\/v2\/product"}],"about":[{"href":"https:\/\/sani-world.com\/index.php\/wp-json\/wp\/v2\/types\/product"}],"version-history":[{"count":5,"href":"https:\/\/sani-world.com\/index.php\/wp-json\/wp\/v2\/product\/1077\/revisions"}],"predecessor-version":[{"id":1106,"href":"https:\/\/sani-world.com\/index.php\/wp-json\/wp\/v2\/product\/1077\/revisions\/1106"}],"wp:featuredmedia":[{"embeddable":true,"href":"https:\/\/sani-world.com\/index.php\/wp-json\/wp\/v2\/media\/1103"}],"wp:attachment":[{"href":"https:\/\/sani-world.com\/index.php\/wp-json\/wp\/v2\/media?parent=1077"}],"wp:term":[{"taxonomy":"product_brand","embeddable":true,"href":"https:\/\/sani-world.com\/index.php\/wp-json\/wp\/v2\/product_brand?post=1077"},{"taxonomy":"product_cat","embeddable":true,"href":"https:\/\/sani-world.com\/index.php\/wp-json\/wp\/v2\/product_cat?post=1077"},{"taxonomy":"product_tag","embeddable":true,"href":"https:\/\/sani-world.com\/index.php\/wp-json\/wp\/v2\/product_tag?post=1077"}],"curies":[{"name":"wp","href":"https:\/\/api.w.org\/{rel}","templated":true}]}}