{"id":1050,"date":"2021-07-01T09:55:06","date_gmt":"2021-07-01T09:55:06","guid":{"rendered":"https:\/\/sani-world.com\/?post_type=product&#038;p=1050"},"modified":"2021-10-01T10:10:08","modified_gmt":"2021-10-01T10:10:08","slug":"led-fenyforras-szabalyozhato","status":"publish","type":"product","link":"https:\/\/sani-world.com\/index.php\/termek\/led-fenyforras-szabalyozhato\/","title":{"rendered":"LED F\u00e9nyforr\u00e1s"},"content":{"rendered":"","protected":false},"excerpt":{"rendered":"<p>A Philips LED-f\u00e9nyforr\u00e1sok gy\u00f6ny\u00f6r\u0171, meleg feh\u00e9r f\u00e9nyt \u00e1rasztanak, r\u00e1ad\u00e1sul kiv\u00e9telesen hossz\u00fa \u00e9lettartamot \u00e9s azonnali, jelent\u0151s energiamegtakar\u00edt\u00e1st biztos\u00edtanak. Letisztult \u00e9s eleg\u00e1ns kivitel\u00fckkel a hagyom\u00e1nyos matt izz\u00f3k t\u00f6k\u00e9letes helyettes\u00edt\u0151i.<\/p>\n","protected":false},"featured_media":1051,"template":"","meta":[],"product_brand":[],"product_cat":[34],"product_tag":[],"class_list":{"0":"post-1050","1":"product","2":"type-product","3":"status-publish","4":"has-post-thumbnail","6":"product_cat-rendelheto-tartozekok","8":"first","9":"instock","10":"shipping-taxable","11":"purchasable","12":"product-type-simple"},"yoast_head":"<!-- This site is optimized with the Yoast SEO plugin v27.3 - https:\/\/yoast.com\/product\/yoast-seo-wordpress\/ -->\n<title>LED F\u00e9nyforr\u00e1s -<\/title>\n<meta name=\"robots\" content=\"index, follow, max-snippet:-1, max-image-preview:large, max-video-preview:-1\" \/>\n<link rel=\"canonical\" href=\"https:\/\/sani-world.com\/index.php\/termek\/led-fenyforras-szabalyozhato\/\" \/>\n<meta property=\"og:locale\" content=\"hu_HU\" \/>\n<meta property=\"og:type\" content=\"article\" \/>\n<meta property=\"og:title\" content=\"LED F\u00e9nyforr\u00e1s -\" \/>\n<meta property=\"og:description\" content=\"A Philips LED-f\u00e9nyforr\u00e1sok gy\u00f6ny\u00f6r\u0171, meleg feh\u00e9r f\u00e9nyt \u00e1rasztanak, r\u00e1ad\u00e1sul kiv\u00e9telesen hossz\u00fa \u00e9lettartamot \u00e9s azonnali, jelent\u0151s energiamegtakar\u00edt\u00e1st biztos\u00edtanak. Letisztult \u00e9s eleg\u00e1ns kivitel\u00fckkel a hagyom\u00e1nyos matt izz\u00f3k t\u00f6k\u00e9letes helyettes\u00edt\u0151i.\" \/>\n<meta property=\"og:url\" content=\"https:\/\/sani-world.com\/index.php\/termek\/led-fenyforras-szabalyozhato\/\" \/>\n<meta property=\"article:modified_time\" content=\"2021-10-01T10:10:08+00:00\" \/>\n<meta property=\"og:image\" content=\"https:\/\/sani-world.com\/wp-content\/uploads\/2021\/10\/5085c49cc28f4290929dad2d009075c0.png\" \/>\n\t<meta property=\"og:image:width\" content=\"494\" \/>\n\t<meta property=\"og:image:height\" content=\"435\" \/>\n\t<meta property=\"og:image:type\" content=\"image\/png\" \/>\n<meta name=\"twitter:card\" content=\"summary_large_image\" \/>\n<script type=\"application\/ld+json\" class=\"yoast-schema-graph\">{\"@context\":\"https:\\\/\\\/schema.org\",\"@graph\":[{\"@type\":\"WebPage\",\"@id\":\"https:\\\/\\\/sani-world.com\\\/index.php\\\/termek\\\/led-fenyforras-szabalyozhato\\\/\",\"url\":\"https:\\\/\\\/sani-world.com\\\/index.php\\\/termek\\\/led-fenyforras-szabalyozhato\\\/\",\"name\":\"LED F\u00e9nyforr\u00e1s -\",\"isPartOf\":{\"@id\":\"https:\\\/\\\/sani-world.com\\\/#website\"},\"primaryImageOfPage\":{\"@id\":\"https:\\\/\\\/sani-world.com\\\/index.php\\\/termek\\\/led-fenyforras-szabalyozhato\\\/#primaryimage\"},\"image\":{\"@id\":\"https:\\\/\\\/sani-world.com\\\/index.php\\\/termek\\\/led-fenyforras-szabalyozhato\\\/#primaryimage\"},\"thumbnailUrl\":\"https:\\\/\\\/sani-world.com\\\/wp-content\\\/uploads\\\/2021\\\/10\\\/5085c49cc28f4290929dad2d009075c0.png\",\"datePublished\":\"2021-07-01T09:55:06+00:00\",\"dateModified\":\"2021-10-01T10:10:08+00:00\",\"breadcrumb\":{\"@id\":\"https:\\\/\\\/sani-world.com\\\/index.php\\\/termek\\\/led-fenyforras-szabalyozhato\\\/#breadcrumb\"},\"inLanguage\":\"hu\",\"potentialAction\":[{\"@type\":\"ReadAction\",\"target\":[\"https:\\\/\\\/sani-world.com\\\/index.php\\\/termek\\\/led-fenyforras-szabalyozhato\\\/\"]}]},{\"@type\":\"ImageObject\",\"inLanguage\":\"hu\",\"@id\":\"https:\\\/\\\/sani-world.com\\\/index.php\\\/termek\\\/led-fenyforras-szabalyozhato\\\/#primaryimage\",\"url\":\"https:\\\/\\\/sani-world.com\\\/wp-content\\\/uploads\\\/2021\\\/10\\\/5085c49cc28f4290929dad2d009075c0.png\",\"contentUrl\":\"https:\\\/\\\/sani-world.com\\\/wp-content\\\/uploads\\\/2021\\\/10\\\/5085c49cc28f4290929dad2d009075c0.png\",\"width\":494,\"height\":435},{\"@type\":\"BreadcrumbList\",\"@id\":\"https:\\\/\\\/sani-world.com\\\/index.php\\\/termek\\\/led-fenyforras-szabalyozhato\\\/#breadcrumb\",\"itemListElement\":[{\"@type\":\"ListItem\",\"position\":1,\"name\":\"Kezd\u0151lap\",\"item\":\"https:\\\/\\\/sani-world.com\\\/\"},{\"@type\":\"ListItem\",\"position\":2,\"name\":\"term\u00e9kek\",\"item\":\"https:\\\/\\\/sani-world.com\\\/index.php\\\/termekek\\\/\"},{\"@type\":\"ListItem\",\"position\":3,\"name\":\"LED F\u00e9nyforr\u00e1s\"}]},{\"@type\":\"WebSite\",\"@id\":\"https:\\\/\\\/sani-world.com\\\/#website\",\"url\":\"https:\\\/\\\/sani-world.com\\\/\",\"name\":\"\",\"description\":\"\",\"publisher\":{\"@id\":\"https:\\\/\\\/sani-world.com\\\/#organization\"},\"potentialAction\":[{\"@type\":\"SearchAction\",\"target\":{\"@type\":\"EntryPoint\",\"urlTemplate\":\"https:\\\/\\\/sani-world.com\\\/?s={search_term_string}\"},\"query-input\":{\"@type\":\"PropertyValueSpecification\",\"valueRequired\":true,\"valueName\":\"search_term_string\"}}],\"inLanguage\":\"hu\"},{\"@type\":\"Organization\",\"@id\":\"https:\\\/\\\/sani-world.com\\\/#organization\",\"name\":\"sani-world\",\"url\":\"https:\\\/\\\/sani-world.com\\\/\",\"logo\":{\"@type\":\"ImageObject\",\"inLanguage\":\"hu\",\"@id\":\"https:\\\/\\\/sani-world.com\\\/#\\\/schema\\\/logo\\\/image\\\/\",\"url\":\"https:\\\/\\\/sani-world.com\\\/wp-content\\\/uploads\\\/2021\\\/09\\\/cropped-SANIWORLD_logo_black.png\",\"contentUrl\":\"https:\\\/\\\/sani-world.com\\\/wp-content\\\/uploads\\\/2021\\\/09\\\/cropped-SANIWORLD_logo_black.png\",\"width\":250,\"height\":75,\"caption\":\"sani-world\"},\"image\":{\"@id\":\"https:\\\/\\\/sani-world.com\\\/#\\\/schema\\\/logo\\\/image\\\/\"}}]}<\/script>\n<!-- \/ Yoast SEO plugin. -->","yoast_head_json":{"title":"LED F\u00e9nyforr\u00e1s -","robots":{"index":"index","follow":"follow","max-snippet":"max-snippet:-1","max-image-preview":"max-image-preview:large","max-video-preview":"max-video-preview:-1"},"canonical":"https:\/\/sani-world.com\/index.php\/termek\/led-fenyforras-szabalyozhato\/","og_locale":"hu_HU","og_type":"article","og_title":"LED F\u00e9nyforr\u00e1s -","og_description":"A Philips LED-f\u00e9nyforr\u00e1sok gy\u00f6ny\u00f6r\u0171, meleg feh\u00e9r f\u00e9nyt \u00e1rasztanak, r\u00e1ad\u00e1sul kiv\u00e9telesen hossz\u00fa \u00e9lettartamot \u00e9s azonnali, jelent\u0151s energiamegtakar\u00edt\u00e1st biztos\u00edtanak. Letisztult \u00e9s eleg\u00e1ns kivitel\u00fckkel a hagyom\u00e1nyos matt izz\u00f3k t\u00f6k\u00e9letes helyettes\u00edt\u0151i.","og_url":"https:\/\/sani-world.com\/index.php\/termek\/led-fenyforras-szabalyozhato\/","article_modified_time":"2021-10-01T10:10:08+00:00","og_image":[{"width":494,"height":435,"url":"https:\/\/sani-world.com\/wp-content\/uploads\/2021\/10\/5085c49cc28f4290929dad2d009075c0.png","type":"image\/png"}],"twitter_card":"summary_large_image","schema":{"@context":"https:\/\/schema.org","@graph":[{"@type":"WebPage","@id":"https:\/\/sani-world.com\/index.php\/termek\/led-fenyforras-szabalyozhato\/","url":"https:\/\/sani-world.com\/index.php\/termek\/led-fenyforras-szabalyozhato\/","name":"LED F\u00e9nyforr\u00e1s -","isPartOf":{"@id":"https:\/\/sani-world.com\/#website"},"primaryImageOfPage":{"@id":"https:\/\/sani-world.com\/index.php\/termek\/led-fenyforras-szabalyozhato\/#primaryimage"},"image":{"@id":"https:\/\/sani-world.com\/index.php\/termek\/led-fenyforras-szabalyozhato\/#primaryimage"},"thumbnailUrl":"https:\/\/sani-world.com\/wp-content\/uploads\/2021\/10\/5085c49cc28f4290929dad2d009075c0.png","datePublished":"2021-07-01T09:55:06+00:00","dateModified":"2021-10-01T10:10:08+00:00","breadcrumb":{"@id":"https:\/\/sani-world.com\/index.php\/termek\/led-fenyforras-szabalyozhato\/#breadcrumb"},"inLanguage":"hu","potentialAction":[{"@type":"ReadAction","target":["https:\/\/sani-world.com\/index.php\/termek\/led-fenyforras-szabalyozhato\/"]}]},{"@type":"ImageObject","inLanguage":"hu","@id":"https:\/\/sani-world.com\/index.php\/termek\/led-fenyforras-szabalyozhato\/#primaryimage","url":"https:\/\/sani-world.com\/wp-content\/uploads\/2021\/10\/5085c49cc28f4290929dad2d009075c0.png","contentUrl":"https:\/\/sani-world.com\/wp-content\/uploads\/2021\/10\/5085c49cc28f4290929dad2d009075c0.png","width":494,"height":435},{"@type":"BreadcrumbList","@id":"https:\/\/sani-world.com\/index.php\/termek\/led-fenyforras-szabalyozhato\/#breadcrumb","itemListElement":[{"@type":"ListItem","position":1,"name":"Kezd\u0151lap","item":"https:\/\/sani-world.com\/"},{"@type":"ListItem","position":2,"name":"term\u00e9kek","item":"https:\/\/sani-world.com\/index.php\/termekek\/"},{"@type":"ListItem","position":3,"name":"LED F\u00e9nyforr\u00e1s"}]},{"@type":"WebSite","@id":"https:\/\/sani-world.com\/#website","url":"https:\/\/sani-world.com\/","name":"","description":"","publisher":{"@id":"https:\/\/sani-world.com\/#organization"},"potentialAction":[{"@type":"SearchAction","target":{"@type":"EntryPoint","urlTemplate":"https:\/\/sani-world.com\/?s={search_term_string}"},"query-input":{"@type":"PropertyValueSpecification","valueRequired":true,"valueName":"search_term_string"}}],"inLanguage":"hu"},{"@type":"Organization","@id":"https:\/\/sani-world.com\/#organization","name":"sani-world","url":"https:\/\/sani-world.com\/","logo":{"@type":"ImageObject","inLanguage":"hu","@id":"https:\/\/sani-world.com\/#\/schema\/logo\/image\/","url":"https:\/\/sani-world.com\/wp-content\/uploads\/2021\/09\/cropped-SANIWORLD_logo_black.png","contentUrl":"https:\/\/sani-world.com\/wp-content\/uploads\/2021\/09\/cropped-SANIWORLD_logo_black.png","width":250,"height":75,"caption":"sani-world"},"image":{"@id":"https:\/\/sani-world.com\/#\/schema\/logo\/image\/"}}]}},"jetpack_sharing_enabled":true,"_links":{"self":[{"href":"https:\/\/sani-world.com\/index.php\/wp-json\/wp\/v2\/product\/1050","targetHints":{"allow":["GET"]}}],"collection":[{"href":"https:\/\/sani-world.com\/index.php\/wp-json\/wp\/v2\/product"}],"about":[{"href":"https:\/\/sani-world.com\/index.php\/wp-json\/wp\/v2\/types\/product"}],"version-history":[{"count":3,"href":"https:\/\/sani-world.com\/index.php\/wp-json\/wp\/v2\/product\/1050\/revisions"}],"predecessor-version":[{"id":1063,"href":"https:\/\/sani-world.com\/index.php\/wp-json\/wp\/v2\/product\/1050\/revisions\/1063"}],"wp:featuredmedia":[{"embeddable":true,"href":"https:\/\/sani-world.com\/index.php\/wp-json\/wp\/v2\/media\/1051"}],"wp:attachment":[{"href":"https:\/\/sani-world.com\/index.php\/wp-json\/wp\/v2\/media?parent=1050"}],"wp:term":[{"taxonomy":"product_brand","embeddable":true,"href":"https:\/\/sani-world.com\/index.php\/wp-json\/wp\/v2\/product_brand?post=1050"},{"taxonomy":"product_cat","embeddable":true,"href":"https:\/\/sani-world.com\/index.php\/wp-json\/wp\/v2\/product_cat?post=1050"},{"taxonomy":"product_tag","embeddable":true,"href":"https:\/\/sani-world.com\/index.php\/wp-json\/wp\/v2\/product_tag?post=1050"}],"curies":[{"name":"wp","href":"https:\/\/api.w.org\/{rel}","templated":true}]}}