{"id":738,"date":"2021-09-28T08:41:33","date_gmt":"2021-09-28T08:41:33","guid":{"rendered":"https:\/\/sani-world.com\/?page_id=738"},"modified":"2022-06-27T12:24:57","modified_gmt":"2022-06-27T12:24:57","slug":"constep","status":"publish","type":"page","link":"https:\/\/sani-world.com\/index.php\/constep\/","title":{"rendered":"Constep"},"content":{"rendered":"\t\t<div data-elementor-type=\"wp-page\" data-elementor-id=\"738\" class=\"elementor elementor-738\" data-elementor-post-type=\"page\">\n\t\t\t\t\t\t<section class=\"elementor-section elementor-top-section elementor-element elementor-element-7c4b3a64 elementor-section-content-middle elementor-section-boxed elementor-section-height-default elementor-section-height-default\" data-id=\"7c4b3a64\" data-element_type=\"section\" data-e-type=\"section\">\n\t\t\t\t\t\t<div class=\"elementor-container elementor-column-gap-no\">\n\t\t\t\t\t<div class=\"elementor-column elementor-col-50 elementor-top-column elementor-element elementor-element-2dd0b5bc\" data-id=\"2dd0b5bc\" data-element_type=\"column\" data-e-type=\"column\">\n\t\t\t<div class=\"elementor-widget-wrap elementor-element-populated\">\n\t\t\t\t\t\t<div class=\"elementor-element elementor-element-4dbee082 elementor-widget elementor-widget-image\" data-id=\"4dbee082\" data-element_type=\"widget\" data-e-type=\"widget\" data-widget_type=\"image.default\">\n\t\t\t\t<div class=\"elementor-widget-container\">\n\t\t\t\t\t\t\t\t\t\t\t\t\t\t\t<img fetchpriority=\"high\" decoding=\"async\" width=\"1000\" height=\"1270\" src=\"https:\/\/sani-world.com\/wp-content\/uploads\/2022\/06\/constep-18-scaled-e1656332473130.jpg\" class=\"attachment-full size-full wp-image-2090\" alt=\"\" srcset=\"https:\/\/sani-world.com\/wp-content\/uploads\/2022\/06\/constep-18-scaled-e1656332473130.jpg 1000w, https:\/\/sani-world.com\/wp-content\/uploads\/2022\/06\/constep-18-scaled-e1656332473130-236x300.jpg 236w, https:\/\/sani-world.com\/wp-content\/uploads\/2022\/06\/constep-18-scaled-e1656332473130-806x1024.jpg 806w, https:\/\/sani-world.com\/wp-content\/uploads\/2022\/06\/constep-18-scaled-e1656332473130-768x975.jpg 768w, https:\/\/sani-world.com\/wp-content\/uploads\/2022\/06\/constep-18-scaled-e1656332473130-600x762.jpg 600w\" sizes=\"(max-width: 1000px) 100vw, 1000px\" \/>\t\t\t\t\t\t\t\t\t\t\t\t\t\t\t<\/div>\n\t\t\t\t<\/div>\n\t\t\t\t\t<\/div>\n\t\t<\/div>\n\t\t\t\t<div class=\"elementor-column elementor-col-50 elementor-top-column elementor-element elementor-element-2ad7d55f\" data-id=\"2ad7d55f\" data-element_type=\"column\" data-e-type=\"column\">\n\t\t\t<div class=\"elementor-widget-wrap elementor-element-populated\">\n\t\t\t\t\t\t<div class=\"elementor-element elementor-element-378040ba elementor-widget elementor-widget-heading\" data-id=\"378040ba\" data-element_type=\"widget\" data-e-type=\"widget\" data-widget_type=\"heading.default\">\n\t\t\t\t<div class=\"elementor-widget-container\">\n\t\t\t\t\t<h2 class=\"elementor-heading-title elementor-size-default\">CONSTEP<\/h2>\t\t\t\t<\/div>\n\t\t\t\t<\/div>\n\t\t\t\t\t<\/div>\n\t\t<\/div>\n\t\t\t\t\t<\/div>\n\t\t<\/section>\n\t\t\t\t<section class=\"elementor-section elementor-top-section elementor-element elementor-element-6c9342e3 elementor-section-boxed elementor-section-height-default elementor-section-height-default\" data-id=\"6c9342e3\" data-element_type=\"section\" data-e-type=\"section\">\n\t\t\t\t\t\t<div class=\"elementor-container elementor-column-gap-default\">\n\t\t\t\t\t<div class=\"elementor-column elementor-col-50 elementor-top-column elementor-element elementor-element-723bbffc\" data-id=\"723bbffc\" data-element_type=\"column\" data-e-type=\"column\">\n\t\t\t<div class=\"elementor-widget-wrap elementor-element-populated\">\n\t\t\t\t\t\t<div class=\"elementor-element elementor-element-0e38222 elementor-widget elementor-widget-text-editor\" data-id=\"0e38222\" data-element_type=\"widget\" data-e-type=\"widget\" data-widget_type=\"text-editor.default\">\n\t\t\t\t<div class=\"elementor-widget-container\">\n\t\t\t\t\t\t\t\t\t<p><strong>A l\u00e9pcs\u0151 legt\u00f6bbsz\u00f6r csak egy sz\u00fcks\u00e9ges szerkezet, hogy a terek elt\u00e9r\u0151 szintjeit \u00f6sszek\u00f6sse. Mi\u00e9rt ne lehetne azonban egy l\u00e9pcs\u0151 sz\u00e9p, nemcsak funkcion\u00e1lis? <\/strong><\/p><p>K\u00fcl\u00f6nleges, egyedi l\u00e9pcs\u0151ket k\u00e9sz\u00edt\u00fcnk mindenkinek. Tervez\u00e9s, tan\u00e1csad\u00e1s, szakkivitelez\u00e9s \u2013 n\u00e1lunk mindent megtal\u00e1l, ami k\u00f6rnyezete \u00faj t\u00e9r\u00e1thidal\u00f3j\u00e1nak megval\u00f3sul\u00e1s\u00e1hoz sz\u00fcks\u00e9ges. Mi\u00e9rt \u00e9rdemes minket v\u00e1lasztani? Minden Megrendel\u0151 egyedi, l\u00e9pcs\u0151ink pedig alkalmazkodnak a k\u00fcl\u00f6nb\u00f6z\u0151 ig\u00e9nyekhez. A v\u00e1ltozatos formavil\u00e1g a sz\u00e1mtalan anyaggal kombin\u00e1lva l\u00e1tv\u00e1nyos szerkezeteket eredm\u00e9nyez. A be\u00e9p\u00edt\u00e9s helysz\u00edn\u00e9n prec\u00edz felm\u00e9r\u00e9st v\u00e9gz\u00fcnk, szaktan\u00e1csad\u00e1st is v\u00e1llalunk, komplex szolg\u00e1ltat\u00e1st ny\u00fajtunk.<\/p>\t\t\t\t\t\t\t\t<\/div>\n\t\t\t\t<\/div>\n\t\t\t\t\t<\/div>\n\t\t<\/div>\n\t\t\t\t<div class=\"elementor-column elementor-col-50 elementor-top-column elementor-element elementor-element-6bf25a8f\" data-id=\"6bf25a8f\" data-element_type=\"column\" data-e-type=\"column\">\n\t\t\t<div class=\"elementor-widget-wrap elementor-element-populated\">\n\t\t\t\t\t\t<div class=\"elementor-element elementor-element-550b94d9 elementor--h-position-center elementor--v-position-middle elementor-arrows-position-inside elementor-pagination-position-inside elementor-widget elementor-widget-slides\" data-id=\"550b94d9\" data-element_type=\"widget\" data-e-type=\"widget\" data-settings=\"{&quot;navigation&quot;:&quot;both&quot;,&quot;autoplay&quot;:&quot;yes&quot;,&quot;pause_on_hover&quot;:&quot;yes&quot;,&quot;pause_on_interaction&quot;:&quot;yes&quot;,&quot;autoplay_speed&quot;:5000,&quot;infinite&quot;:&quot;yes&quot;,&quot;transition&quot;:&quot;slide&quot;,&quot;transition_speed&quot;:500}\" data-widget_type=\"slides.default\">\n\t\t\t\t<div class=\"elementor-widget-container\">\n\t\t\t\t\t\t\t<div class=\"elementor-swiper\">\n\t\t\t<div class=\"elementor-slides-wrapper elementor-main-swiper swiper-container\" dir=\"ltr\" data-animation=\"fadeInUp\">\n\t\t\t\t<div class=\"swiper-wrapper elementor-slides\">\n\t\t\t\t\t\t\t\t\t\t<div class=\"elementor-repeater-item-f37d94d swiper-slide\"><div class=\"swiper-slide-bg\" role=\"img\"><\/div><div class=\"swiper-slide-inner\" ><div class=\"swiper-slide-contents\"><\/div><\/div><\/div>\t\t\t\t<\/div>\n\t\t\t\t\t\t\t<\/div>\n\t\t<\/div>\n\t\t\t\t\t\t<\/div>\n\t\t\t\t<\/div>\n\t\t\t\t\t<\/div>\n\t\t<\/div>\n\t\t\t\t\t<\/div>\n\t\t<\/section>\n\t\t\t\t<section class=\"elementor-section elementor-top-section elementor-element elementor-element-7ec65455 elementor-section-content-middle elementor-section-boxed elementor-section-height-default elementor-section-height-default\" data-id=\"7ec65455\" data-element_type=\"section\" data-e-type=\"section\" data-settings=\"{&quot;background_background&quot;:&quot;classic&quot;}\">\n\t\t\t\t\t\t<div class=\"elementor-container elementor-column-gap-no\">\n\t\t\t\t\t<div class=\"elementor-column elementor-col-50 elementor-top-column elementor-element elementor-element-3f2a838 elementor-hidden-mobile\" data-id=\"3f2a838\" data-element_type=\"column\" data-e-type=\"column\" data-settings=\"{&quot;background_background&quot;:&quot;classic&quot;}\">\n\t\t\t<div class=\"elementor-widget-wrap elementor-element-populated\">\n\t\t\t\t\t\t<div class=\"elementor-element elementor-element-e3b8e92 elementor-widget elementor-widget-image\" data-id=\"e3b8e92\" data-element_type=\"widget\" data-e-type=\"widget\" data-widget_type=\"image.default\">\n\t\t\t\t<div class=\"elementor-widget-container\">\n\t\t\t\t\t\t\t\t\t\t\t\t\t\t\t<img decoding=\"async\" width=\"571\" height=\"790\" src=\"https:\/\/sani-world.com\/wp-content\/uploads\/2022\/06\/constep-9.jpg\" class=\"attachment-full size-full wp-image-2092\" alt=\"\" srcset=\"https:\/\/sani-world.com\/wp-content\/uploads\/2022\/06\/constep-9.jpg 571w, https:\/\/sani-world.com\/wp-content\/uploads\/2022\/06\/constep-9-217x300.jpg 217w\" sizes=\"(max-width: 571px) 100vw, 571px\" \/>\t\t\t\t\t\t\t\t\t\t\t\t\t\t\t<\/div>\n\t\t\t\t<\/div>\n\t\t\t\t<div class=\"elementor-element elementor-element-1d1d544a elementor-button-info elementor-align-center elementor-widget elementor-widget-button\" data-id=\"1d1d544a\" data-element_type=\"widget\" data-e-type=\"widget\" data-widget_type=\"button.default\">\n\t\t\t\t<div class=\"elementor-widget-container\">\n\t\t\t\t\t\t\t\t\t<div class=\"elementor-button-wrapper\">\n\t\t\t\t\t<a class=\"elementor-button elementor-button-link elementor-size-xs\" href=\"https:\/\/xn--lpcs-bpa14d.hu\/\">\n\t\t\t\t\t\t<span class=\"elementor-button-content-wrapper\">\n\t\t\t\t\t\t\t\t\t<span class=\"elementor-button-text\">Weboldal<\/span>\n\t\t\t\t\t<\/span>\n\t\t\t\t\t<\/a>\n\t\t\t\t<\/div>\n\t\t\t\t\t\t\t\t<\/div>\n\t\t\t\t<\/div>\n\t\t\t\t\t<\/div>\n\t\t<\/div>\n\t\t\t\t<div class=\"elementor-column elementor-col-50 elementor-top-column elementor-element elementor-element-d3c2455\" data-id=\"d3c2455\" data-element_type=\"column\" data-e-type=\"column\" data-settings=\"{&quot;background_background&quot;:&quot;classic&quot;}\">\n\t\t\t<div class=\"elementor-widget-wrap elementor-element-populated\">\n\t\t\t\t\t\t<div class=\"elementor-element elementor-element-305cea29 elementor-widget elementor-widget-heading\" data-id=\"305cea29\" data-element_type=\"widget\" data-e-type=\"widget\" data-widget_type=\"heading.default\">\n\t\t\t\t<div class=\"elementor-widget-container\">\n\t\t\t\t\t<h4 class=\"elementor-heading-title elementor-size-default\">\u00c1RAJ\u00c1NLATOT K\u00c9REK<\/h4>\t\t\t\t<\/div>\n\t\t\t\t<\/div>\n\t\t\t\t<div class=\"elementor-element elementor-element-4dd775f6 elementor-button-align-stretch elementor-widget elementor-widget-form\" data-id=\"4dd775f6\" data-element_type=\"widget\" data-e-type=\"widget\" data-settings=\"{&quot;step_next_label&quot;:&quot;K\\u00f6vetkez\\u0151&quot;,&quot;step_previous_label&quot;:&quot;El\\u0151z\\u0151&quot;,&quot;button_width&quot;:&quot;100&quot;,&quot;step_type&quot;:&quot;number_text&quot;,&quot;step_icon_shape&quot;:&quot;circle&quot;}\" data-widget_type=\"form.default\">\n\t\t\t\t<div class=\"elementor-widget-container\">\n\t\t\t\t\t\t\t<form class=\"elementor-form\" method=\"post\" name=\"New Form\">\n\t\t\t<input type=\"hidden\" name=\"post_id\" value=\"738\"\/>\n\t\t\t<input type=\"hidden\" name=\"form_id\" value=\"4dd775f6\"\/>\n\t\t\t<input type=\"hidden\" name=\"referer_title\" value=\"\" \/>\n\n\t\t\t\n\t\t\t<div class=\"elementor-form-fields-wrapper elementor-labels-above\">\n\t\t\t\t\t\t\t\t<div class=\"elementor-field-type-text elementor-field-group elementor-column elementor-field-group-name elementor-col-100 elementor-field-required\">\n\t\t\t\t\t\t\t\t\t\t\t\t<label for=\"form-field-name\" class=\"elementor-field-label\">\n\t\t\t\t\t\t\t\tN\u00c9V\t\t\t\t\t\t\t<\/label>\n\t\t\t\t\t\t\t\t\t\t\t\t\t\t<input size=\"1\" type=\"text\" name=\"form_fields[name]\" id=\"form-field-name\" class=\"elementor-field elementor-size-xs  elementor-field-textual\" required=\"required\" aria-required=\"true\">\n\t\t\t\t\t\t\t\t\t\t\t<\/div>\n\t\t\t\t\t\t\t\t<div class=\"elementor-field-type-text elementor-field-group elementor-column elementor-field-group-field_2c399dc elementor-col-100\">\n\t\t\t\t\t\t\t\t\t\t\t\t<label for=\"form-field-field_2c399dc\" class=\"elementor-field-label\">\n\t\t\t\t\t\t\t\tC\u00c9GN\u00c9V\t\t\t\t\t\t\t<\/label>\n\t\t\t\t\t\t\t\t\t\t\t\t\t\t<input size=\"1\" type=\"text\" name=\"form_fields[field_2c399dc]\" id=\"form-field-field_2c399dc\" class=\"elementor-field elementor-size-xs  elementor-field-textual\">\n\t\t\t\t\t\t\t\t\t\t\t<\/div>\n\t\t\t\t\t\t\t\t<div class=\"elementor-field-type-email elementor-field-group elementor-column elementor-field-group-email elementor-col-100 elementor-field-required\">\n\t\t\t\t\t\t\t\t\t\t\t\t<label for=\"form-field-email\" class=\"elementor-field-label\">\n\t\t\t\t\t\t\t\tEMAIL\t\t\t\t\t\t\t<\/label>\n\t\t\t\t\t\t\t\t\t\t\t\t\t\t<input size=\"1\" type=\"email\" name=\"form_fields[email]\" id=\"form-field-email\" class=\"elementor-field elementor-size-xs  elementor-field-textual\" required=\"required\" aria-required=\"true\">\n\t\t\t\t\t\t\t\t\t\t\t<\/div>\n\t\t\t\t\t\t\t\t<div class=\"elementor-field-type-text elementor-field-group elementor-column elementor-field-group-field_4f728e6 elementor-col-100\">\n\t\t\t\t\t\t\t\t\t\t\t\t<label for=\"form-field-field_4f728e6\" class=\"elementor-field-label\">\n\t\t\t\t\t\t\t\t\u00dcZENET\t\t\t\t\t\t\t<\/label>\n\t\t\t\t\t\t\t\t\t\t\t\t\t\t<input size=\"1\" type=\"text\" name=\"form_fields[field_4f728e6]\" id=\"form-field-field_4f728e6\" class=\"elementor-field elementor-size-xs  elementor-field-textual\">\n\t\t\t\t\t\t\t\t\t\t\t<\/div>\n\t\t\t\t\t\t\t\t<div class=\"elementor-field-group elementor-column elementor-field-type-submit elementor-col-100 e-form__buttons\">\n\t\t\t\t\t<button type=\"submit\" class=\"elementor-button elementor-size-sm\">\n\t\t\t\t\t\t<span >\n\t\t\t\t\t\t\t\t\t\t\t\t\t\t\t<span class=\" elementor-button-icon\">\n\t\t\t\t\t\t\t\t\t\t\t\t\t\t\t\t\t\t\t\t\t\t\t\t\t\t<\/span>\n\t\t\t\t\t\t\t\t\t\t\t\t\t\t\t\t\t\t\t\t\t\t<span class=\"elementor-button-text\">Send message <\/span>\n\t\t\t\t\t\t\t\t\t\t\t\t\t<\/span>\n\t\t\t\t\t<\/button>\n\t\t\t\t<\/div>\n\t\t\t<\/div>\n\t\t<\/form>\n\t\t\t\t\t\t<\/div>\n\t\t\t\t<\/div>\n\t\t\t\t\t<\/div>\n\t\t<\/div>\n\t\t\t\t\t<\/div>\n\t\t<\/section>\n\t\t\t\t<\/div>\n\t\t","protected":false},"excerpt":{"rendered":"<p>CONSTEP A l\u00e9pcs\u0151 legt\u00f6bbsz\u00f6r csak egy sz\u00fcks\u00e9ges szerkezet, hogy a terek elt\u00e9r\u0151 szintjeit \u00f6sszek\u00f6sse. Mi\u00e9rt ne lehetne azonban egy l\u00e9pcs\u0151 sz\u00e9p, nemcsak funkcion\u00e1lis? K\u00fcl\u00f6nleges, egyedi l\u00e9pcs\u0151ket k\u00e9sz\u00edt\u00fcnk mindenkinek. Tervez\u00e9s, tan\u00e1csad\u00e1s, szakkivitelez\u00e9s \u2013 n\u00e1lunk mindent megtal\u00e1l, ami k\u00f6rnyezete \u00faj t\u00e9r\u00e1thidal\u00f3j\u00e1nak megval\u00f3sul\u00e1s\u00e1hoz sz\u00fcks\u00e9ges. Mi\u00e9rt \u00e9rdemes minket v\u00e1lasztani? Minden Megrendel\u0151 egyedi, l\u00e9pcs\u0151ink pedig alkalmazkodnak a k\u00fcl\u00f6nb\u00f6z\u0151 ig\u00e9nyekhez. A &hellip;<\/p>\n<p class=\"read-more\"> <a class=\"\" href=\"https:\/\/sani-world.com\/index.php\/constep\/\"> <span class=\"screen-reader-text\">Constep<\/span> Read More &raquo;<\/a><\/p>\n","protected":false},"author":1,"featured_media":0,"parent":0,"menu_order":0,"comment_status":"closed","ping_status":"closed","template":"","meta":{"footnotes":""},"class_list":["post-738","page","type-page","status-publish","hentry"],"yoast_head":"<!-- This site is optimized with the Yoast SEO plugin v27.3 - https:\/\/yoast.com\/product\/yoast-seo-wordpress\/ -->\n<title>Constep<\/title>\n<meta name=\"robots\" content=\"index, follow, max-snippet:-1, max-image-preview:large, max-video-preview:-1\" \/>\n<link rel=\"canonical\" href=\"https:\/\/sani-world.com\/index.php\/constep\/\" \/>\n<meta property=\"og:locale\" content=\"hu_HU\" \/>\n<meta property=\"og:type\" content=\"article\" \/>\n<meta property=\"og:title\" content=\"Constep\" \/>\n<meta property=\"og:description\" content=\"CONSTEP A l\u00e9pcs\u0151 legt\u00f6bbsz\u00f6r csak egy sz\u00fcks\u00e9ges szerkezet, hogy a terek elt\u00e9r\u0151 szintjeit \u00f6sszek\u00f6sse. Mi\u00e9rt ne lehetne azonban egy l\u00e9pcs\u0151 sz\u00e9p, nemcsak funkcion\u00e1lis? K\u00fcl\u00f6nleges, egyedi l\u00e9pcs\u0151ket k\u00e9sz\u00edt\u00fcnk mindenkinek. Tervez\u00e9s, tan\u00e1csad\u00e1s, szakkivitelez\u00e9s \u2013 n\u00e1lunk mindent megtal\u00e1l, ami k\u00f6rnyezete \u00faj t\u00e9r\u00e1thidal\u00f3j\u00e1nak megval\u00f3sul\u00e1s\u00e1hoz sz\u00fcks\u00e9ges. Mi\u00e9rt \u00e9rdemes minket v\u00e1lasztani? Minden Megrendel\u0151 egyedi, l\u00e9pcs\u0151ink pedig alkalmazkodnak a k\u00fcl\u00f6nb\u00f6z\u0151 ig\u00e9nyekhez. A &hellip; Constep Read More &raquo;\" \/>\n<meta property=\"og:url\" content=\"https:\/\/sani-world.com\/index.php\/constep\/\" \/>\n<meta property=\"article:modified_time\" content=\"2022-06-27T12:24:57+00:00\" \/>\n<meta property=\"og:image\" content=\"https:\/\/sani-world.com\/wp-content\/uploads\/2022\/06\/constep-18-scaled-e1656332473130.jpg\" \/>\n<meta name=\"twitter:card\" content=\"summary_large_image\" \/>\n<meta name=\"twitter:label1\" content=\"Becs\u00fclt olvas\u00e1si id\u0151\" \/>\n\t<meta name=\"twitter:data1\" content=\"1 perc\" \/>\n<script type=\"application\/ld+json\" class=\"yoast-schema-graph\">{\"@context\":\"https:\\\/\\\/schema.org\",\"@graph\":[{\"@type\":\"WebPage\",\"@id\":\"https:\\\/\\\/sani-world.com\\\/index.php\\\/constep\\\/\",\"url\":\"https:\\\/\\\/sani-world.com\\\/index.php\\\/constep\\\/\",\"name\":\"Constep\",\"isPartOf\":{\"@id\":\"https:\\\/\\\/sani-world.com\\\/#website\"},\"primaryImageOfPage\":{\"@id\":\"https:\\\/\\\/sani-world.com\\\/index.php\\\/constep\\\/#primaryimage\"},\"image\":{\"@id\":\"https:\\\/\\\/sani-world.com\\\/index.php\\\/constep\\\/#primaryimage\"},\"thumbnailUrl\":\"https:\\\/\\\/sani-world.com\\\/wp-content\\\/uploads\\\/2022\\\/06\\\/constep-18-scaled-e1656332473130.jpg\",\"datePublished\":\"2021-09-28T08:41:33+00:00\",\"dateModified\":\"2022-06-27T12:24:57+00:00\",\"breadcrumb\":{\"@id\":\"https:\\\/\\\/sani-world.com\\\/index.php\\\/constep\\\/#breadcrumb\"},\"inLanguage\":\"hu\",\"potentialAction\":[{\"@type\":\"ReadAction\",\"target\":[\"https:\\\/\\\/sani-world.com\\\/index.php\\\/constep\\\/\"]}]},{\"@type\":\"ImageObject\",\"inLanguage\":\"hu\",\"@id\":\"https:\\\/\\\/sani-world.com\\\/index.php\\\/constep\\\/#primaryimage\",\"url\":\"https:\\\/\\\/sani-world.com\\\/wp-content\\\/uploads\\\/2022\\\/06\\\/constep-18-scaled-e1656332473130.jpg\",\"contentUrl\":\"https:\\\/\\\/sani-world.com\\\/wp-content\\\/uploads\\\/2022\\\/06\\\/constep-18-scaled-e1656332473130.jpg\",\"width\":1000,\"height\":1270},{\"@type\":\"BreadcrumbList\",\"@id\":\"https:\\\/\\\/sani-world.com\\\/index.php\\\/constep\\\/#breadcrumb\",\"itemListElement\":[{\"@type\":\"ListItem\",\"position\":1,\"name\":\"Kezd\u0151lap\",\"item\":\"https:\\\/\\\/sani-world.com\\\/\"},{\"@type\":\"ListItem\",\"position\":2,\"name\":\"Constep\"}]},{\"@type\":\"WebSite\",\"@id\":\"https:\\\/\\\/sani-world.com\\\/#website\",\"url\":\"https:\\\/\\\/sani-world.com\\\/\",\"name\":\"\",\"description\":\"\",\"publisher\":{\"@id\":\"https:\\\/\\\/sani-world.com\\\/#organization\"},\"potentialAction\":[{\"@type\":\"SearchAction\",\"target\":{\"@type\":\"EntryPoint\",\"urlTemplate\":\"https:\\\/\\\/sani-world.com\\\/?s={search_term_string}\"},\"query-input\":{\"@type\":\"PropertyValueSpecification\",\"valueRequired\":true,\"valueName\":\"search_term_string\"}}],\"inLanguage\":\"hu\"},{\"@type\":\"Organization\",\"@id\":\"https:\\\/\\\/sani-world.com\\\/#organization\",\"name\":\"sani-world\",\"url\":\"https:\\\/\\\/sani-world.com\\\/\",\"logo\":{\"@type\":\"ImageObject\",\"inLanguage\":\"hu\",\"@id\":\"https:\\\/\\\/sani-world.com\\\/#\\\/schema\\\/logo\\\/image\\\/\",\"url\":\"https:\\\/\\\/sani-world.com\\\/wp-content\\\/uploads\\\/2021\\\/09\\\/cropped-SANIWORLD_logo_black.png\",\"contentUrl\":\"https:\\\/\\\/sani-world.com\\\/wp-content\\\/uploads\\\/2021\\\/09\\\/cropped-SANIWORLD_logo_black.png\",\"width\":250,\"height\":75,\"caption\":\"sani-world\"},\"image\":{\"@id\":\"https:\\\/\\\/sani-world.com\\\/#\\\/schema\\\/logo\\\/image\\\/\"}}]}<\/script>\n<!-- \/ Yoast SEO plugin. -->","yoast_head_json":{"title":"Constep","robots":{"index":"index","follow":"follow","max-snippet":"max-snippet:-1","max-image-preview":"max-image-preview:large","max-video-preview":"max-video-preview:-1"},"canonical":"https:\/\/sani-world.com\/index.php\/constep\/","og_locale":"hu_HU","og_type":"article","og_title":"Constep","og_description":"CONSTEP A l\u00e9pcs\u0151 legt\u00f6bbsz\u00f6r csak egy sz\u00fcks\u00e9ges szerkezet, hogy a terek elt\u00e9r\u0151 szintjeit \u00f6sszek\u00f6sse. Mi\u00e9rt ne lehetne azonban egy l\u00e9pcs\u0151 sz\u00e9p, nemcsak funkcion\u00e1lis? K\u00fcl\u00f6nleges, egyedi l\u00e9pcs\u0151ket k\u00e9sz\u00edt\u00fcnk mindenkinek. Tervez\u00e9s, tan\u00e1csad\u00e1s, szakkivitelez\u00e9s \u2013 n\u00e1lunk mindent megtal\u00e1l, ami k\u00f6rnyezete \u00faj t\u00e9r\u00e1thidal\u00f3j\u00e1nak megval\u00f3sul\u00e1s\u00e1hoz sz\u00fcks\u00e9ges. Mi\u00e9rt \u00e9rdemes minket v\u00e1lasztani? Minden Megrendel\u0151 egyedi, l\u00e9pcs\u0151ink pedig alkalmazkodnak a k\u00fcl\u00f6nb\u00f6z\u0151 ig\u00e9nyekhez. A &hellip; Constep Read More &raquo;","og_url":"https:\/\/sani-world.com\/index.php\/constep\/","article_modified_time":"2022-06-27T12:24:57+00:00","og_image":[{"url":"https:\/\/sani-world.com\/wp-content\/uploads\/2022\/06\/constep-18-scaled-e1656332473130.jpg","type":"","width":"","height":""}],"twitter_card":"summary_large_image","twitter_misc":{"Becs\u00fclt olvas\u00e1si id\u0151":"1 perc"},"schema":{"@context":"https:\/\/schema.org","@graph":[{"@type":"WebPage","@id":"https:\/\/sani-world.com\/index.php\/constep\/","url":"https:\/\/sani-world.com\/index.php\/constep\/","name":"Constep","isPartOf":{"@id":"https:\/\/sani-world.com\/#website"},"primaryImageOfPage":{"@id":"https:\/\/sani-world.com\/index.php\/constep\/#primaryimage"},"image":{"@id":"https:\/\/sani-world.com\/index.php\/constep\/#primaryimage"},"thumbnailUrl":"https:\/\/sani-world.com\/wp-content\/uploads\/2022\/06\/constep-18-scaled-e1656332473130.jpg","datePublished":"2021-09-28T08:41:33+00:00","dateModified":"2022-06-27T12:24:57+00:00","breadcrumb":{"@id":"https:\/\/sani-world.com\/index.php\/constep\/#breadcrumb"},"inLanguage":"hu","potentialAction":[{"@type":"ReadAction","target":["https:\/\/sani-world.com\/index.php\/constep\/"]}]},{"@type":"ImageObject","inLanguage":"hu","@id":"https:\/\/sani-world.com\/index.php\/constep\/#primaryimage","url":"https:\/\/sani-world.com\/wp-content\/uploads\/2022\/06\/constep-18-scaled-e1656332473130.jpg","contentUrl":"https:\/\/sani-world.com\/wp-content\/uploads\/2022\/06\/constep-18-scaled-e1656332473130.jpg","width":1000,"height":1270},{"@type":"BreadcrumbList","@id":"https:\/\/sani-world.com\/index.php\/constep\/#breadcrumb","itemListElement":[{"@type":"ListItem","position":1,"name":"Kezd\u0151lap","item":"https:\/\/sani-world.com\/"},{"@type":"ListItem","position":2,"name":"Constep"}]},{"@type":"WebSite","@id":"https:\/\/sani-world.com\/#website","url":"https:\/\/sani-world.com\/","name":"","description":"","publisher":{"@id":"https:\/\/sani-world.com\/#organization"},"potentialAction":[{"@type":"SearchAction","target":{"@type":"EntryPoint","urlTemplate":"https:\/\/sani-world.com\/?s={search_term_string}"},"query-input":{"@type":"PropertyValueSpecification","valueRequired":true,"valueName":"search_term_string"}}],"inLanguage":"hu"},{"@type":"Organization","@id":"https:\/\/sani-world.com\/#organization","name":"sani-world","url":"https:\/\/sani-world.com\/","logo":{"@type":"ImageObject","inLanguage":"hu","@id":"https:\/\/sani-world.com\/#\/schema\/logo\/image\/","url":"https:\/\/sani-world.com\/wp-content\/uploads\/2021\/09\/cropped-SANIWORLD_logo_black.png","contentUrl":"https:\/\/sani-world.com\/wp-content\/uploads\/2021\/09\/cropped-SANIWORLD_logo_black.png","width":250,"height":75,"caption":"sani-world"},"image":{"@id":"https:\/\/sani-world.com\/#\/schema\/logo\/image\/"}}]}},"jetpack_sharing_enabled":true,"_links":{"self":[{"href":"https:\/\/sani-world.com\/index.php\/wp-json\/wp\/v2\/pages\/738","targetHints":{"allow":["GET"]}}],"collection":[{"href":"https:\/\/sani-world.com\/index.php\/wp-json\/wp\/v2\/pages"}],"about":[{"href":"https:\/\/sani-world.com\/index.php\/wp-json\/wp\/v2\/types\/page"}],"author":[{"embeddable":true,"href":"https:\/\/sani-world.com\/index.php\/wp-json\/wp\/v2\/users\/1"}],"replies":[{"embeddable":true,"href":"https:\/\/sani-world.com\/index.php\/wp-json\/wp\/v2\/comments?post=738"}],"version-history":[{"count":47,"href":"https:\/\/sani-world.com\/index.php\/wp-json\/wp\/v2\/pages\/738\/revisions"}],"predecessor-version":[{"id":2104,"href":"https:\/\/sani-world.com\/index.php\/wp-json\/wp\/v2\/pages\/738\/revisions\/2104"}],"wp:attachment":[{"href":"https:\/\/sani-world.com\/index.php\/wp-json\/wp\/v2\/media?parent=738"}],"curies":[{"name":"wp","href":"https:\/\/api.w.org\/{rel}","templated":true}]}}