{"id":2171,"date":"2022-06-27T13:20:09","date_gmt":"2022-06-27T13:20:09","guid":{"rendered":"https:\/\/sani-world.com\/?page_id=2171"},"modified":"2022-06-27T13:30:15","modified_gmt":"2022-06-27T13:30:15","slug":"valpaint","status":"publish","type":"page","link":"https:\/\/sani-world.com\/index.php\/valpaint\/","title":{"rendered":"VALPAINT"},"content":{"rendered":"\t\t<div data-elementor-type=\"wp-page\" data-elementor-id=\"2171\" class=\"elementor elementor-2171\" data-elementor-post-type=\"page\">\n\t\t\t\t\t\t<section class=\"elementor-section elementor-top-section elementor-element elementor-element-5a8331c5 elementor-section-content-middle elementor-section-boxed elementor-section-height-default elementor-section-height-default\" data-id=\"5a8331c5\" data-element_type=\"section\" data-e-type=\"section\">\n\t\t\t\t\t\t<div class=\"elementor-container elementor-column-gap-no\">\n\t\t\t\t\t<div class=\"elementor-column elementor-col-50 elementor-top-column elementor-element elementor-element-1cf316fb\" data-id=\"1cf316fb\" data-element_type=\"column\" data-e-type=\"column\">\n\t\t\t<div class=\"elementor-widget-wrap elementor-element-populated\">\n\t\t\t\t\t\t<div class=\"elementor-element elementor-element-3d743740 elementor-widget elementor-widget-image\" data-id=\"3d743740\" data-element_type=\"widget\" data-e-type=\"widget\" data-widget_type=\"image.default\">\n\t\t\t\t<div class=\"elementor-widget-container\">\n\t\t\t\t\t\t\t\t\t\t\t\t\t\t\t<img fetchpriority=\"high\" decoding=\"async\" width=\"900\" height=\"642\" src=\"https:\/\/sani-world.com\/wp-content\/uploads\/2022\/06\/Rococo_02_stucco_veneziano.jpg\" class=\"attachment-full size-full wp-image-2184\" alt=\"\" srcset=\"https:\/\/sani-world.com\/wp-content\/uploads\/2022\/06\/Rococo_02_stucco_veneziano.jpg 900w, https:\/\/sani-world.com\/wp-content\/uploads\/2022\/06\/Rococo_02_stucco_veneziano-300x214.jpg 300w, https:\/\/sani-world.com\/wp-content\/uploads\/2022\/06\/Rococo_02_stucco_veneziano-768x548.jpg 768w, https:\/\/sani-world.com\/wp-content\/uploads\/2022\/06\/Rococo_02_stucco_veneziano-600x428.jpg 600w\" sizes=\"(max-width: 900px) 100vw, 900px\" \/>\t\t\t\t\t\t\t\t\t\t\t\t\t\t\t<\/div>\n\t\t\t\t<\/div>\n\t\t\t\t\t<\/div>\n\t\t<\/div>\n\t\t\t\t<div class=\"elementor-column elementor-col-50 elementor-top-column elementor-element elementor-element-aab0f83\" data-id=\"aab0f83\" data-element_type=\"column\" data-e-type=\"column\">\n\t\t\t<div class=\"elementor-widget-wrap elementor-element-populated\">\n\t\t\t\t\t\t<div class=\"elementor-element elementor-element-1db3f8b6 elementor-widget elementor-widget-heading\" data-id=\"1db3f8b6\" data-element_type=\"widget\" data-e-type=\"widget\" data-widget_type=\"heading.default\">\n\t\t\t\t<div class=\"elementor-widget-container\">\n\t\t\t\t\t<h2 class=\"elementor-heading-title elementor-size-default\">VALPAINT<\/h2>\t\t\t\t<\/div>\n\t\t\t\t<\/div>\n\t\t\t\t\t<\/div>\n\t\t<\/div>\n\t\t\t\t\t<\/div>\n\t\t<\/section>\n\t\t\t\t<section class=\"elementor-section elementor-top-section elementor-element elementor-element-5ebdc2ce elementor-section-boxed elementor-section-height-default elementor-section-height-default\" data-id=\"5ebdc2ce\" data-element_type=\"section\" data-e-type=\"section\">\n\t\t\t\t\t\t<div class=\"elementor-container elementor-column-gap-default\">\n\t\t\t\t\t<div class=\"elementor-column elementor-col-50 elementor-top-column elementor-element elementor-element-1a949a43\" data-id=\"1a949a43\" data-element_type=\"column\" data-e-type=\"column\">\n\t\t\t<div class=\"elementor-widget-wrap elementor-element-populated\">\n\t\t\t\t\t\t<div class=\"elementor-element elementor-element-526c1c4a elementor-widget elementor-widget-heading\" data-id=\"526c1c4a\" data-element_type=\"widget\" data-e-type=\"widget\" data-widget_type=\"heading.default\">\n\t\t\t\t<div class=\"elementor-widget-container\">\n\t\t\t\t\t<h2 class=\"elementor-heading-title elementor-size-default\">KATAL\u00d3GUSOK<\/h2>\t\t\t\t<\/div>\n\t\t\t\t<\/div>\n\t\t\t\t<div class=\"elementor-element elementor-element-20ca0d15 elementor-align-center elementor-widget elementor-widget-button\" data-id=\"20ca0d15\" data-element_type=\"widget\" data-e-type=\"widget\" data-widget_type=\"button.default\">\n\t\t\t\t<div class=\"elementor-widget-container\">\n\t\t\t\t\t\t\t\t\t<div class=\"elementor-button-wrapper\">\n\t\t\t\t\t<a class=\"elementor-button elementor-size-sm\" role=\"button\">\n\t\t\t\t\t\t<span class=\"elementor-button-content-wrapper\">\n\t\t\t\t\t\t\t\t\t<span class=\"elementor-button-text\">katalogus<\/span>\n\t\t\t\t\t<\/span>\n\t\t\t\t\t<\/a>\n\t\t\t\t<\/div>\n\t\t\t\t\t\t\t\t<\/div>\n\t\t\t\t<\/div>\n\t\t\t\t\t<\/div>\n\t\t<\/div>\n\t\t\t\t<div class=\"elementor-column elementor-col-50 elementor-top-column elementor-element elementor-element-74100fa5\" data-id=\"74100fa5\" data-element_type=\"column\" data-e-type=\"column\">\n\t\t\t<div class=\"elementor-widget-wrap elementor-element-populated\">\n\t\t\t\t\t\t<div class=\"elementor-element elementor-element-1157f3ee elementor--h-position-center elementor--v-position-middle elementor-arrows-position-inside elementor-pagination-position-inside elementor-widget elementor-widget-slides\" data-id=\"1157f3ee\" data-element_type=\"widget\" data-e-type=\"widget\" data-settings=\"{&quot;navigation&quot;:&quot;both&quot;,&quot;autoplay&quot;:&quot;yes&quot;,&quot;pause_on_hover&quot;:&quot;yes&quot;,&quot;pause_on_interaction&quot;:&quot;yes&quot;,&quot;autoplay_speed&quot;:5000,&quot;infinite&quot;:&quot;yes&quot;,&quot;transition&quot;:&quot;slide&quot;,&quot;transition_speed&quot;:500}\" data-widget_type=\"slides.default\">\n\t\t\t\t<div class=\"elementor-widget-container\">\n\t\t\t\t\t\t\t<div class=\"elementor-swiper\">\n\t\t\t<div class=\"elementor-slides-wrapper elementor-main-swiper swiper-container\" dir=\"ltr\" data-animation=\"fadeInUp\">\n\t\t\t\t<div class=\"swiper-wrapper elementor-slides\">\n\t\t\t\t\t\t\t\t\t\t<div class=\"elementor-repeater-item-f37d94d swiper-slide\"><div class=\"swiper-slide-bg\" role=\"img\"><\/div><div class=\"swiper-slide-inner\" ><div class=\"swiper-slide-contents\"><\/div><\/div><\/div>\t\t\t\t<\/div>\n\t\t\t\t\t\t\t<\/div>\n\t\t<\/div>\n\t\t\t\t\t\t<\/div>\n\t\t\t\t<\/div>\n\t\t\t\t\t<\/div>\n\t\t<\/div>\n\t\t\t\t\t<\/div>\n\t\t<\/section>\n\t\t\t\t<section class=\"elementor-section elementor-top-section elementor-element elementor-element-4a3c0521 elementor-section-content-middle elementor-section-boxed elementor-section-height-default elementor-section-height-default\" data-id=\"4a3c0521\" data-element_type=\"section\" data-e-type=\"section\" data-settings=\"{&quot;background_background&quot;:&quot;classic&quot;}\">\n\t\t\t\t\t\t<div class=\"elementor-container elementor-column-gap-no\">\n\t\t\t\t\t<div class=\"elementor-column elementor-col-50 elementor-top-column elementor-element elementor-element-2f0dcfb3 elementor-hidden-mobile\" data-id=\"2f0dcfb3\" data-element_type=\"column\" data-e-type=\"column\" data-settings=\"{&quot;background_background&quot;:&quot;classic&quot;}\">\n\t\t\t<div class=\"elementor-widget-wrap elementor-element-populated\">\n\t\t\t\t\t\t<div class=\"elementor-element elementor-element-609ef6b6 elementor-widget elementor-widget-image\" data-id=\"609ef6b6\" data-element_type=\"widget\" data-e-type=\"widget\" data-widget_type=\"image.default\">\n\t\t\t\t<div class=\"elementor-widget-container\">\n\t\t\t\t\t\t\t\t\t\t\t\t\t\t\t<img decoding=\"async\" width=\"999\" height=\"707\" src=\"https:\/\/sani-world.com\/wp-content\/uploads\/2022\/06\/20220326_Valpaint.jpg\" class=\"attachment-full size-full wp-image-2189\" alt=\"\" srcset=\"https:\/\/sani-world.com\/wp-content\/uploads\/2022\/06\/20220326_Valpaint.jpg 999w, https:\/\/sani-world.com\/wp-content\/uploads\/2022\/06\/20220326_Valpaint-300x212.jpg 300w, https:\/\/sani-world.com\/wp-content\/uploads\/2022\/06\/20220326_Valpaint-768x544.jpg 768w, https:\/\/sani-world.com\/wp-content\/uploads\/2022\/06\/20220326_Valpaint-600x425.jpg 600w\" sizes=\"(max-width: 999px) 100vw, 999px\" \/>\t\t\t\t\t\t\t\t\t\t\t\t\t\t\t<\/div>\n\t\t\t\t<\/div>\n\t\t\t\t<div class=\"elementor-element elementor-element-212b2d95 elementor-button-info elementor-align-center elementor-widget elementor-widget-button\" data-id=\"212b2d95\" data-element_type=\"widget\" data-e-type=\"widget\" data-widget_type=\"button.default\">\n\t\t\t\t<div class=\"elementor-widget-container\">\n\t\t\t\t\t\t\t\t\t<div class=\"elementor-button-wrapper\">\n\t\t\t\t\t<a class=\"elementor-button elementor-button-link elementor-size-xs\" href=\"https:\/\/www.valpaint.it\/en\/\">\n\t\t\t\t\t\t<span class=\"elementor-button-content-wrapper\">\n\t\t\t\t\t\t\t\t\t<span class=\"elementor-button-text\">Weboldal<\/span>\n\t\t\t\t\t<\/span>\n\t\t\t\t\t<\/a>\n\t\t\t\t<\/div>\n\t\t\t\t\t\t\t\t<\/div>\n\t\t\t\t<\/div>\n\t\t\t\t\t<\/div>\n\t\t<\/div>\n\t\t\t\t<div class=\"elementor-column elementor-col-50 elementor-top-column elementor-element elementor-element-3121a596\" data-id=\"3121a596\" data-element_type=\"column\" data-e-type=\"column\" data-settings=\"{&quot;background_background&quot;:&quot;classic&quot;}\">\n\t\t\t<div class=\"elementor-widget-wrap elementor-element-populated\">\n\t\t\t\t\t\t<div class=\"elementor-element elementor-element-7e16b22f elementor-widget elementor-widget-heading\" data-id=\"7e16b22f\" data-element_type=\"widget\" data-e-type=\"widget\" data-widget_type=\"heading.default\">\n\t\t\t\t<div class=\"elementor-widget-container\">\n\t\t\t\t\t<h4 class=\"elementor-heading-title elementor-size-default\">\u00c1RAJ\u00c1NLATOT K\u00c9REK<\/h4>\t\t\t\t<\/div>\n\t\t\t\t<\/div>\n\t\t\t\t<div class=\"elementor-element elementor-element-48e24c83 elementor-button-align-stretch elementor-widget elementor-widget-form\" data-id=\"48e24c83\" data-element_type=\"widget\" data-e-type=\"widget\" data-settings=\"{&quot;step_next_label&quot;:&quot;K\\u00f6vetkez\\u0151&quot;,&quot;step_previous_label&quot;:&quot;El\\u0151z\\u0151&quot;,&quot;button_width&quot;:&quot;100&quot;,&quot;step_type&quot;:&quot;number_text&quot;,&quot;step_icon_shape&quot;:&quot;circle&quot;}\" data-widget_type=\"form.default\">\n\t\t\t\t<div class=\"elementor-widget-container\">\n\t\t\t\t\t\t\t<form class=\"elementor-form\" method=\"post\" name=\"New Form\">\n\t\t\t<input type=\"hidden\" name=\"post_id\" value=\"2171\"\/>\n\t\t\t<input type=\"hidden\" name=\"form_id\" value=\"48e24c83\"\/>\n\t\t\t<input type=\"hidden\" name=\"referer_title\" value=\"\" \/>\n\n\t\t\t\n\t\t\t<div class=\"elementor-form-fields-wrapper elementor-labels-above\">\n\t\t\t\t\t\t\t\t<div class=\"elementor-field-type-text elementor-field-group elementor-column elementor-field-group-name elementor-col-100 elementor-field-required\">\n\t\t\t\t\t\t\t\t\t\t\t\t<label for=\"form-field-name\" class=\"elementor-field-label\">\n\t\t\t\t\t\t\t\tN\u00c9V\t\t\t\t\t\t\t<\/label>\n\t\t\t\t\t\t\t\t\t\t\t\t\t\t<input size=\"1\" type=\"text\" name=\"form_fields[name]\" id=\"form-field-name\" class=\"elementor-field elementor-size-xs  elementor-field-textual\" required=\"required\" aria-required=\"true\">\n\t\t\t\t\t\t\t\t\t\t\t<\/div>\n\t\t\t\t\t\t\t\t<div class=\"elementor-field-type-text elementor-field-group elementor-column elementor-field-group-field_2c399dc elementor-col-100\">\n\t\t\t\t\t\t\t\t\t\t\t\t<label for=\"form-field-field_2c399dc\" class=\"elementor-field-label\">\n\t\t\t\t\t\t\t\tC\u00c9GN\u00c9V\t\t\t\t\t\t\t<\/label>\n\t\t\t\t\t\t\t\t\t\t\t\t\t\t<input size=\"1\" type=\"text\" name=\"form_fields[field_2c399dc]\" id=\"form-field-field_2c399dc\" class=\"elementor-field elementor-size-xs  elementor-field-textual\">\n\t\t\t\t\t\t\t\t\t\t\t<\/div>\n\t\t\t\t\t\t\t\t<div class=\"elementor-field-type-email elementor-field-group elementor-column elementor-field-group-email elementor-col-100 elementor-field-required\">\n\t\t\t\t\t\t\t\t\t\t\t\t<label for=\"form-field-email\" class=\"elementor-field-label\">\n\t\t\t\t\t\t\t\tEMAIL\t\t\t\t\t\t\t<\/label>\n\t\t\t\t\t\t\t\t\t\t\t\t\t\t<input size=\"1\" type=\"email\" name=\"form_fields[email]\" id=\"form-field-email\" class=\"elementor-field elementor-size-xs  elementor-field-textual\" required=\"required\" aria-required=\"true\">\n\t\t\t\t\t\t\t\t\t\t\t<\/div>\n\t\t\t\t\t\t\t\t<div class=\"elementor-field-type-text elementor-field-group elementor-column elementor-field-group-field_4f728e6 elementor-col-100\">\n\t\t\t\t\t\t\t\t\t\t\t\t<label for=\"form-field-field_4f728e6\" class=\"elementor-field-label\">\n\t\t\t\t\t\t\t\t\u00dcZENET\t\t\t\t\t\t\t<\/label>\n\t\t\t\t\t\t\t\t\t\t\t\t\t\t<input size=\"1\" type=\"text\" name=\"form_fields[field_4f728e6]\" id=\"form-field-field_4f728e6\" class=\"elementor-field elementor-size-xs  elementor-field-textual\">\n\t\t\t\t\t\t\t\t\t\t\t<\/div>\n\t\t\t\t\t\t\t\t<div class=\"elementor-field-group elementor-column elementor-field-type-submit elementor-col-100 e-form__buttons\">\n\t\t\t\t\t<button type=\"submit\" class=\"elementor-button elementor-size-sm\">\n\t\t\t\t\t\t<span >\n\t\t\t\t\t\t\t\t\t\t\t\t\t\t\t<span class=\" elementor-button-icon\">\n\t\t\t\t\t\t\t\t\t\t\t\t\t\t\t\t\t\t\t\t\t\t\t\t\t\t<\/span>\n\t\t\t\t\t\t\t\t\t\t\t\t\t\t\t\t\t\t\t\t\t\t<span class=\"elementor-button-text\">Send message <\/span>\n\t\t\t\t\t\t\t\t\t\t\t\t\t<\/span>\n\t\t\t\t\t<\/button>\n\t\t\t\t<\/div>\n\t\t\t<\/div>\n\t\t<\/form>\n\t\t\t\t\t\t<\/div>\n\t\t\t\t<\/div>\n\t\t\t\t\t<\/div>\n\t\t<\/div>\n\t\t\t\t\t<\/div>\n\t\t<\/section>\n\t\t\t\t<\/div>\n\t\t","protected":false},"excerpt":{"rendered":"<p>VALPAINT KATAL\u00d3GUSOK katalogus Weboldal \u00c1RAJ\u00c1NLATOT K\u00c9REK<\/p>\n","protected":false},"author":1,"featured_media":0,"parent":0,"menu_order":0,"comment_status":"closed","ping_status":"closed","template":"","meta":{"footnotes":""},"class_list":["post-2171","page","type-page","status-publish","hentry"],"yoast_head":"<!-- This site is optimized with the Yoast SEO plugin v27.4 - https:\/\/yoast.com\/product\/yoast-seo-wordpress\/ -->\n<title>VALPAINT -<\/title>\n<meta name=\"robots\" content=\"index, follow, max-snippet:-1, max-image-preview:large, max-video-preview:-1\" \/>\n<link rel=\"canonical\" href=\"https:\/\/sani-world.com\/index.php\/valpaint\/\" \/>\n<meta property=\"og:locale\" content=\"hu_HU\" \/>\n<meta property=\"og:type\" content=\"article\" \/>\n<meta property=\"og:title\" content=\"VALPAINT -\" \/>\n<meta property=\"og:description\" content=\"VALPAINT KATAL\u00d3GUSOK katalogus Weboldal \u00c1RAJ\u00c1NLATOT K\u00c9REK\" \/>\n<meta property=\"og:url\" content=\"https:\/\/sani-world.com\/index.php\/valpaint\/\" \/>\n<meta property=\"article:modified_time\" content=\"2022-06-27T13:30:15+00:00\" \/>\n<meta property=\"og:image\" content=\"https:\/\/sani-world.com\/wp-content\/uploads\/2022\/06\/Rococo_02_stucco_veneziano.jpg\" \/>\n<meta name=\"twitter:card\" content=\"summary_large_image\" \/>\n<meta name=\"twitter:label1\" content=\"Becs\u00fclt olvas\u00e1si id\u0151\" \/>\n\t<meta name=\"twitter:data1\" content=\"1 perc\" \/>\n<script type=\"application\/ld+json\" class=\"yoast-schema-graph\">{\"@context\":\"https:\\\/\\\/schema.org\",\"@graph\":[{\"@type\":\"WebPage\",\"@id\":\"https:\\\/\\\/sani-world.com\\\/index.php\\\/valpaint\\\/\",\"url\":\"https:\\\/\\\/sani-world.com\\\/index.php\\\/valpaint\\\/\",\"name\":\"VALPAINT -\",\"isPartOf\":{\"@id\":\"https:\\\/\\\/sani-world.com\\\/#website\"},\"primaryImageOfPage\":{\"@id\":\"https:\\\/\\\/sani-world.com\\\/index.php\\\/valpaint\\\/#primaryimage\"},\"image\":{\"@id\":\"https:\\\/\\\/sani-world.com\\\/index.php\\\/valpaint\\\/#primaryimage\"},\"thumbnailUrl\":\"https:\\\/\\\/sani-world.com\\\/wp-content\\\/uploads\\\/2022\\\/06\\\/Rococo_02_stucco_veneziano.jpg\",\"datePublished\":\"2022-06-27T13:20:09+00:00\",\"dateModified\":\"2022-06-27T13:30:15+00:00\",\"breadcrumb\":{\"@id\":\"https:\\\/\\\/sani-world.com\\\/index.php\\\/valpaint\\\/#breadcrumb\"},\"inLanguage\":\"hu\",\"potentialAction\":[{\"@type\":\"ReadAction\",\"target\":[\"https:\\\/\\\/sani-world.com\\\/index.php\\\/valpaint\\\/\"]}]},{\"@type\":\"ImageObject\",\"inLanguage\":\"hu\",\"@id\":\"https:\\\/\\\/sani-world.com\\\/index.php\\\/valpaint\\\/#primaryimage\",\"url\":\"https:\\\/\\\/sani-world.com\\\/wp-content\\\/uploads\\\/2022\\\/06\\\/Rococo_02_stucco_veneziano.jpg\",\"contentUrl\":\"https:\\\/\\\/sani-world.com\\\/wp-content\\\/uploads\\\/2022\\\/06\\\/Rococo_02_stucco_veneziano.jpg\",\"width\":900,\"height\":642},{\"@type\":\"BreadcrumbList\",\"@id\":\"https:\\\/\\\/sani-world.com\\\/index.php\\\/valpaint\\\/#breadcrumb\",\"itemListElement\":[{\"@type\":\"ListItem\",\"position\":1,\"name\":\"Kezd\u0151lap\",\"item\":\"https:\\\/\\\/sani-world.com\\\/\"},{\"@type\":\"ListItem\",\"position\":2,\"name\":\"VALPAINT\"}]},{\"@type\":\"WebSite\",\"@id\":\"https:\\\/\\\/sani-world.com\\\/#website\",\"url\":\"https:\\\/\\\/sani-world.com\\\/\",\"name\":\"\",\"description\":\"\",\"publisher\":{\"@id\":\"https:\\\/\\\/sani-world.com\\\/#organization\"},\"potentialAction\":[{\"@type\":\"SearchAction\",\"target\":{\"@type\":\"EntryPoint\",\"urlTemplate\":\"https:\\\/\\\/sani-world.com\\\/?s={search_term_string}\"},\"query-input\":{\"@type\":\"PropertyValueSpecification\",\"valueRequired\":true,\"valueName\":\"search_term_string\"}}],\"inLanguage\":\"hu\"},{\"@type\":\"Organization\",\"@id\":\"https:\\\/\\\/sani-world.com\\\/#organization\",\"name\":\"sani-world\",\"url\":\"https:\\\/\\\/sani-world.com\\\/\",\"logo\":{\"@type\":\"ImageObject\",\"inLanguage\":\"hu\",\"@id\":\"https:\\\/\\\/sani-world.com\\\/#\\\/schema\\\/logo\\\/image\\\/\",\"url\":\"https:\\\/\\\/sani-world.com\\\/wp-content\\\/uploads\\\/2021\\\/09\\\/cropped-SANIWORLD_logo_black.png\",\"contentUrl\":\"https:\\\/\\\/sani-world.com\\\/wp-content\\\/uploads\\\/2021\\\/09\\\/cropped-SANIWORLD_logo_black.png\",\"width\":250,\"height\":75,\"caption\":\"sani-world\"},\"image\":{\"@id\":\"https:\\\/\\\/sani-world.com\\\/#\\\/schema\\\/logo\\\/image\\\/\"}}]}<\/script>\n<!-- \/ Yoast SEO plugin. -->","yoast_head_json":{"title":"VALPAINT -","robots":{"index":"index","follow":"follow","max-snippet":"max-snippet:-1","max-image-preview":"max-image-preview:large","max-video-preview":"max-video-preview:-1"},"canonical":"https:\/\/sani-world.com\/index.php\/valpaint\/","og_locale":"hu_HU","og_type":"article","og_title":"VALPAINT -","og_description":"VALPAINT KATAL\u00d3GUSOK katalogus Weboldal \u00c1RAJ\u00c1NLATOT K\u00c9REK","og_url":"https:\/\/sani-world.com\/index.php\/valpaint\/","article_modified_time":"2022-06-27T13:30:15+00:00","og_image":[{"url":"https:\/\/sani-world.com\/wp-content\/uploads\/2022\/06\/Rococo_02_stucco_veneziano.jpg","type":"","width":"","height":""}],"twitter_card":"summary_large_image","twitter_misc":{"Becs\u00fclt olvas\u00e1si id\u0151":"1 perc"},"schema":{"@context":"https:\/\/schema.org","@graph":[{"@type":"WebPage","@id":"https:\/\/sani-world.com\/index.php\/valpaint\/","url":"https:\/\/sani-world.com\/index.php\/valpaint\/","name":"VALPAINT -","isPartOf":{"@id":"https:\/\/sani-world.com\/#website"},"primaryImageOfPage":{"@id":"https:\/\/sani-world.com\/index.php\/valpaint\/#primaryimage"},"image":{"@id":"https:\/\/sani-world.com\/index.php\/valpaint\/#primaryimage"},"thumbnailUrl":"https:\/\/sani-world.com\/wp-content\/uploads\/2022\/06\/Rococo_02_stucco_veneziano.jpg","datePublished":"2022-06-27T13:20:09+00:00","dateModified":"2022-06-27T13:30:15+00:00","breadcrumb":{"@id":"https:\/\/sani-world.com\/index.php\/valpaint\/#breadcrumb"},"inLanguage":"hu","potentialAction":[{"@type":"ReadAction","target":["https:\/\/sani-world.com\/index.php\/valpaint\/"]}]},{"@type":"ImageObject","inLanguage":"hu","@id":"https:\/\/sani-world.com\/index.php\/valpaint\/#primaryimage","url":"https:\/\/sani-world.com\/wp-content\/uploads\/2022\/06\/Rococo_02_stucco_veneziano.jpg","contentUrl":"https:\/\/sani-world.com\/wp-content\/uploads\/2022\/06\/Rococo_02_stucco_veneziano.jpg","width":900,"height":642},{"@type":"BreadcrumbList","@id":"https:\/\/sani-world.com\/index.php\/valpaint\/#breadcrumb","itemListElement":[{"@type":"ListItem","position":1,"name":"Kezd\u0151lap","item":"https:\/\/sani-world.com\/"},{"@type":"ListItem","position":2,"name":"VALPAINT"}]},{"@type":"WebSite","@id":"https:\/\/sani-world.com\/#website","url":"https:\/\/sani-world.com\/","name":"","description":"","publisher":{"@id":"https:\/\/sani-world.com\/#organization"},"potentialAction":[{"@type":"SearchAction","target":{"@type":"EntryPoint","urlTemplate":"https:\/\/sani-world.com\/?s={search_term_string}"},"query-input":{"@type":"PropertyValueSpecification","valueRequired":true,"valueName":"search_term_string"}}],"inLanguage":"hu"},{"@type":"Organization","@id":"https:\/\/sani-world.com\/#organization","name":"sani-world","url":"https:\/\/sani-world.com\/","logo":{"@type":"ImageObject","inLanguage":"hu","@id":"https:\/\/sani-world.com\/#\/schema\/logo\/image\/","url":"https:\/\/sani-world.com\/wp-content\/uploads\/2021\/09\/cropped-SANIWORLD_logo_black.png","contentUrl":"https:\/\/sani-world.com\/wp-content\/uploads\/2021\/09\/cropped-SANIWORLD_logo_black.png","width":250,"height":75,"caption":"sani-world"},"image":{"@id":"https:\/\/sani-world.com\/#\/schema\/logo\/image\/"}}]}},"jetpack_sharing_enabled":true,"_links":{"self":[{"href":"https:\/\/sani-world.com\/index.php\/wp-json\/wp\/v2\/pages\/2171","targetHints":{"allow":["GET"]}}],"collection":[{"href":"https:\/\/sani-world.com\/index.php\/wp-json\/wp\/v2\/pages"}],"about":[{"href":"https:\/\/sani-world.com\/index.php\/wp-json\/wp\/v2\/types\/page"}],"author":[{"embeddable":true,"href":"https:\/\/sani-world.com\/index.php\/wp-json\/wp\/v2\/users\/1"}],"replies":[{"embeddable":true,"href":"https:\/\/sani-world.com\/index.php\/wp-json\/wp\/v2\/comments?post=2171"}],"version-history":[{"count":16,"href":"https:\/\/sani-world.com\/index.php\/wp-json\/wp\/v2\/pages\/2171\/revisions"}],"predecessor-version":[{"id":2198,"href":"https:\/\/sani-world.com\/index.php\/wp-json\/wp\/v2\/pages\/2171\/revisions\/2198"}],"wp:attachment":[{"href":"https:\/\/sani-world.com\/index.php\/wp-json\/wp\/v2\/media?parent=2171"}],"curies":[{"name":"wp","href":"https:\/\/api.w.org\/{rel}","templated":true}]}}