{"id":2115,"date":"2022-06-27T12:36:00","date_gmt":"2022-06-27T12:36:00","guid":{"rendered":"https:\/\/sani-world.com\/?page_id=2115"},"modified":"2022-06-27T13:14:18","modified_gmt":"2022-06-27T13:14:18","slug":"arte-brotto","status":"publish","type":"page","link":"https:\/\/sani-world.com\/index.php\/arte-brotto\/","title":{"rendered":"ARTE BROTTO"},"content":{"rendered":"\t\t<div data-elementor-type=\"wp-page\" data-elementor-id=\"2115\" class=\"elementor elementor-2115\" data-elementor-post-type=\"page\">\n\t\t\t\t\t\t<section class=\"elementor-section elementor-top-section elementor-element elementor-element-3be8d97c elementor-section-content-middle elementor-section-boxed elementor-section-height-default elementor-section-height-default\" data-id=\"3be8d97c\" data-element_type=\"section\" data-e-type=\"section\">\n\t\t\t\t\t\t<div class=\"elementor-container elementor-column-gap-no\">\n\t\t\t\t\t<div class=\"elementor-column elementor-col-50 elementor-top-column elementor-element elementor-element-40e1c24b\" data-id=\"40e1c24b\" data-element_type=\"column\" data-e-type=\"column\">\n\t\t\t<div class=\"elementor-widget-wrap elementor-element-populated\">\n\t\t\t\t\t\t<div class=\"elementor-element elementor-element-483c65f3 elementor-widget elementor-widget-image\" data-id=\"483c65f3\" data-element_type=\"widget\" data-e-type=\"widget\" data-widget_type=\"image.default\">\n\t\t\t\t<div class=\"elementor-widget-container\">\n\t\t\t\t\t\t\t\t\t\t\t\t\t\t\t<img fetchpriority=\"high\" decoding=\"async\" width=\"1030\" height=\"623\" src=\"https:\/\/sani-world.com\/wp-content\/uploads\/2022\/06\/02_testiera-per-letto-in-noce-massello-1030x623-1.jpg\" class=\"attachment-full size-full wp-image-2131\" alt=\"\" srcset=\"https:\/\/sani-world.com\/wp-content\/uploads\/2022\/06\/02_testiera-per-letto-in-noce-massello-1030x623-1.jpg 1030w, https:\/\/sani-world.com\/wp-content\/uploads\/2022\/06\/02_testiera-per-letto-in-noce-massello-1030x623-1-300x181.jpg 300w, https:\/\/sani-world.com\/wp-content\/uploads\/2022\/06\/02_testiera-per-letto-in-noce-massello-1030x623-1-1024x619.jpg 1024w, https:\/\/sani-world.com\/wp-content\/uploads\/2022\/06\/02_testiera-per-letto-in-noce-massello-1030x623-1-768x465.jpg 768w, https:\/\/sani-world.com\/wp-content\/uploads\/2022\/06\/02_testiera-per-letto-in-noce-massello-1030x623-1-600x363.jpg 600w\" sizes=\"(max-width: 1030px) 100vw, 1030px\" \/>\t\t\t\t\t\t\t\t\t\t\t\t\t\t\t<\/div>\n\t\t\t\t<\/div>\n\t\t\t\t\t<\/div>\n\t\t<\/div>\n\t\t\t\t<div class=\"elementor-column elementor-col-50 elementor-top-column elementor-element elementor-element-46d8e4a3\" data-id=\"46d8e4a3\" data-element_type=\"column\" data-e-type=\"column\">\n\t\t\t<div class=\"elementor-widget-wrap elementor-element-populated\">\n\t\t\t\t\t\t<div class=\"elementor-element elementor-element-d365e76 elementor-widget elementor-widget-heading\" data-id=\"d365e76\" data-element_type=\"widget\" data-e-type=\"widget\" data-widget_type=\"heading.default\">\n\t\t\t\t<div class=\"elementor-widget-container\">\n\t\t\t\t\t<h2 class=\"elementor-heading-title elementor-size-default\">ARTE BROTTO<\/h2>\t\t\t\t<\/div>\n\t\t\t\t<\/div>\n\t\t\t\t\t<\/div>\n\t\t<\/div>\n\t\t\t\t\t<\/div>\n\t\t<\/section>\n\t\t\t\t<section class=\"elementor-section elementor-top-section elementor-element elementor-element-566d69b1 elementor-section-boxed elementor-section-height-default elementor-section-height-default\" data-id=\"566d69b1\" data-element_type=\"section\" data-e-type=\"section\">\n\t\t\t\t\t\t<div class=\"elementor-container elementor-column-gap-default\">\n\t\t\t\t\t<div class=\"elementor-column elementor-col-50 elementor-top-column elementor-element elementor-element-12a370d\" data-id=\"12a370d\" data-element_type=\"column\" data-e-type=\"column\">\n\t\t\t<div class=\"elementor-widget-wrap elementor-element-populated\">\n\t\t\t\t\t\t<div class=\"elementor-element elementor-element-3b2f13d5 elementor-widget elementor-widget-heading\" data-id=\"3b2f13d5\" data-element_type=\"widget\" data-e-type=\"widget\" data-widget_type=\"heading.default\">\n\t\t\t\t<div class=\"elementor-widget-container\">\n\t\t\t\t\t<h2 class=\"elementor-heading-title elementor-size-default\">KATAL\u00d3GUSOK<\/h2>\t\t\t\t<\/div>\n\t\t\t\t<\/div>\n\t\t\t\t<div class=\"elementor-element elementor-element-72e02bae elementor-align-center elementor-widget elementor-widget-button\" data-id=\"72e02bae\" data-element_type=\"widget\" data-e-type=\"widget\" data-widget_type=\"button.default\">\n\t\t\t\t<div class=\"elementor-widget-container\">\n\t\t\t\t\t\t\t\t\t<div class=\"elementor-button-wrapper\">\n\t\t\t\t\t<a class=\"elementor-button elementor-button-link elementor-size-sm\" href=\"https:\/\/sani-world.com\/wp-content\/uploads\/2022\/06\/2021_Arte_Brotto_catalog_-Contemporary-Segreti.pdf\">\n\t\t\t\t\t\t<span class=\"elementor-button-content-wrapper\">\n\t\t\t\t\t\t\t\t\t<span class=\"elementor-button-text\">CONTEMPORARY_CATALOUGE<\/span>\n\t\t\t\t\t<\/span>\n\t\t\t\t\t<\/a>\n\t\t\t\t<\/div>\n\t\t\t\t\t\t\t\t<\/div>\n\t\t\t\t<\/div>\n\t\t\t\t<div class=\"elementor-element elementor-element-dd9c766 elementor-align-center elementor-widget elementor-widget-button\" data-id=\"dd9c766\" data-element_type=\"widget\" data-e-type=\"widget\" data-widget_type=\"button.default\">\n\t\t\t\t<div class=\"elementor-widget-container\">\n\t\t\t\t\t\t\t\t\t<div class=\"elementor-button-wrapper\">\n\t\t\t\t\t<a class=\"elementor-button elementor-button-link elementor-size-sm\" href=\"https:\/\/sani-world.com\/wp-content\/uploads\/2022\/06\/2021_Arte_Brotto_catalog_-Projects-Life.pdf\">\n\t\t\t\t\t\t<span class=\"elementor-button-content-wrapper\">\n\t\t\t\t\t\t\t\t\t<span class=\"elementor-button-text\">LIFE_CATALOUGE<\/span>\n\t\t\t\t\t<\/span>\n\t\t\t\t\t<\/a>\n\t\t\t\t<\/div>\n\t\t\t\t\t\t\t\t<\/div>\n\t\t\t\t<\/div>\n\t\t\t\t\t<\/div>\n\t\t<\/div>\n\t\t\t\t<div class=\"elementor-column elementor-col-50 elementor-top-column elementor-element elementor-element-27dad91d\" data-id=\"27dad91d\" data-element_type=\"column\" data-e-type=\"column\">\n\t\t\t<div class=\"elementor-widget-wrap elementor-element-populated\">\n\t\t\t\t\t\t<div class=\"elementor-element elementor-element-179fa47b elementor--h-position-center elementor--v-position-middle elementor-arrows-position-inside elementor-pagination-position-inside elementor-widget elementor-widget-slides\" data-id=\"179fa47b\" data-element_type=\"widget\" data-e-type=\"widget\" data-settings=\"{&quot;navigation&quot;:&quot;both&quot;,&quot;autoplay&quot;:&quot;yes&quot;,&quot;pause_on_hover&quot;:&quot;yes&quot;,&quot;pause_on_interaction&quot;:&quot;yes&quot;,&quot;autoplay_speed&quot;:5000,&quot;infinite&quot;:&quot;yes&quot;,&quot;transition&quot;:&quot;slide&quot;,&quot;transition_speed&quot;:500}\" data-widget_type=\"slides.default\">\n\t\t\t\t<div class=\"elementor-widget-container\">\n\t\t\t\t\t\t\t<div class=\"elementor-swiper\">\n\t\t\t<div class=\"elementor-slides-wrapper elementor-main-swiper swiper-container\" dir=\"ltr\" data-animation=\"fadeInUp\">\n\t\t\t\t<div class=\"swiper-wrapper elementor-slides\">\n\t\t\t\t\t\t\t\t\t\t<div class=\"elementor-repeater-item-f37d94d swiper-slide\"><div class=\"swiper-slide-bg\" role=\"img\"><\/div><div class=\"swiper-slide-inner\" ><div class=\"swiper-slide-contents\"><\/div><\/div><\/div>\t\t\t\t<\/div>\n\t\t\t\t\t\t\t<\/div>\n\t\t<\/div>\n\t\t\t\t\t\t<\/div>\n\t\t\t\t<\/div>\n\t\t\t\t\t<\/div>\n\t\t<\/div>\n\t\t\t\t\t<\/div>\n\t\t<\/section>\n\t\t\t\t<section class=\"elementor-section elementor-top-section elementor-element elementor-element-259b919c elementor-section-content-middle elementor-section-boxed elementor-section-height-default elementor-section-height-default\" data-id=\"259b919c\" data-element_type=\"section\" data-e-type=\"section\" data-settings=\"{&quot;background_background&quot;:&quot;classic&quot;}\">\n\t\t\t\t\t\t<div class=\"elementor-container elementor-column-gap-no\">\n\t\t\t\t\t<div class=\"elementor-column elementor-col-50 elementor-top-column elementor-element elementor-element-70dfeb54 elementor-hidden-mobile\" data-id=\"70dfeb54\" data-element_type=\"column\" data-e-type=\"column\" data-settings=\"{&quot;background_background&quot;:&quot;classic&quot;}\">\n\t\t\t<div class=\"elementor-widget-wrap elementor-element-populated\">\n\t\t\t\t\t\t<div class=\"elementor-element elementor-element-4b81f292 elementor-widget elementor-widget-image\" data-id=\"4b81f292\" data-element_type=\"widget\" data-e-type=\"widget\" data-widget_type=\"image.default\">\n\t\t\t\t<div class=\"elementor-widget-container\">\n\t\t\t\t\t\t\t\t\t\t\t\t\t\t\t<img decoding=\"async\" width=\"999\" height=\"707\" src=\"https:\/\/sani-world.com\/wp-content\/uploads\/2022\/06\/20220326_artebrotto.jpg\" class=\"attachment-full size-full wp-image-2126\" alt=\"\" srcset=\"https:\/\/sani-world.com\/wp-content\/uploads\/2022\/06\/20220326_artebrotto.jpg 999w, https:\/\/sani-world.com\/wp-content\/uploads\/2022\/06\/20220326_artebrotto-300x212.jpg 300w, https:\/\/sani-world.com\/wp-content\/uploads\/2022\/06\/20220326_artebrotto-768x544.jpg 768w, https:\/\/sani-world.com\/wp-content\/uploads\/2022\/06\/20220326_artebrotto-600x425.jpg 600w\" sizes=\"(max-width: 999px) 100vw, 999px\" \/>\t\t\t\t\t\t\t\t\t\t\t\t\t\t\t<\/div>\n\t\t\t\t<\/div>\n\t\t\t\t<div class=\"elementor-element elementor-element-405ab44a elementor-button-info elementor-align-center elementor-widget elementor-widget-button\" data-id=\"405ab44a\" data-element_type=\"widget\" data-e-type=\"widget\" data-widget_type=\"button.default\">\n\t\t\t\t<div class=\"elementor-widget-container\">\n\t\t\t\t\t\t\t\t\t<div class=\"elementor-button-wrapper\">\n\t\t\t\t\t<a class=\"elementor-button elementor-button-link elementor-size-xs\" href=\"https:\/\/www.artebrotto.it\/en\/\">\n\t\t\t\t\t\t<span class=\"elementor-button-content-wrapper\">\n\t\t\t\t\t\t\t\t\t<span class=\"elementor-button-text\">Weboldal<\/span>\n\t\t\t\t\t<\/span>\n\t\t\t\t\t<\/a>\n\t\t\t\t<\/div>\n\t\t\t\t\t\t\t\t<\/div>\n\t\t\t\t<\/div>\n\t\t\t\t\t<\/div>\n\t\t<\/div>\n\t\t\t\t<div class=\"elementor-column elementor-col-50 elementor-top-column elementor-element elementor-element-4c5ea7e6\" data-id=\"4c5ea7e6\" data-element_type=\"column\" data-e-type=\"column\" data-settings=\"{&quot;background_background&quot;:&quot;classic&quot;}\">\n\t\t\t<div class=\"elementor-widget-wrap elementor-element-populated\">\n\t\t\t\t\t\t<div class=\"elementor-element elementor-element-30a65054 elementor-widget elementor-widget-heading\" data-id=\"30a65054\" data-element_type=\"widget\" data-e-type=\"widget\" data-widget_type=\"heading.default\">\n\t\t\t\t<div class=\"elementor-widget-container\">\n\t\t\t\t\t<h4 class=\"elementor-heading-title elementor-size-default\">\u00c1RAJ\u00c1NLATOT K\u00c9REK<\/h4>\t\t\t\t<\/div>\n\t\t\t\t<\/div>\n\t\t\t\t<div class=\"elementor-element elementor-element-5392a8df elementor-button-align-stretch elementor-widget elementor-widget-form\" data-id=\"5392a8df\" data-element_type=\"widget\" data-e-type=\"widget\" data-settings=\"{&quot;step_next_label&quot;:&quot;K\\u00f6vetkez\\u0151&quot;,&quot;step_previous_label&quot;:&quot;El\\u0151z\\u0151&quot;,&quot;button_width&quot;:&quot;100&quot;,&quot;step_type&quot;:&quot;number_text&quot;,&quot;step_icon_shape&quot;:&quot;circle&quot;}\" data-widget_type=\"form.default\">\n\t\t\t\t<div class=\"elementor-widget-container\">\n\t\t\t\t\t\t\t<form class=\"elementor-form\" method=\"post\" name=\"New Form\">\n\t\t\t<input type=\"hidden\" name=\"post_id\" value=\"2115\"\/>\n\t\t\t<input type=\"hidden\" name=\"form_id\" value=\"5392a8df\"\/>\n\t\t\t<input type=\"hidden\" name=\"referer_title\" value=\"\" \/>\n\n\t\t\t\n\t\t\t<div class=\"elementor-form-fields-wrapper elementor-labels-above\">\n\t\t\t\t\t\t\t\t<div class=\"elementor-field-type-text elementor-field-group elementor-column elementor-field-group-name elementor-col-100 elementor-field-required\">\n\t\t\t\t\t\t\t\t\t\t\t\t<label for=\"form-field-name\" class=\"elementor-field-label\">\n\t\t\t\t\t\t\t\tN\u00c9V\t\t\t\t\t\t\t<\/label>\n\t\t\t\t\t\t\t\t\t\t\t\t\t\t<input size=\"1\" type=\"text\" name=\"form_fields[name]\" id=\"form-field-name\" class=\"elementor-field elementor-size-xs  elementor-field-textual\" required=\"required\" aria-required=\"true\">\n\t\t\t\t\t\t\t\t\t\t\t<\/div>\n\t\t\t\t\t\t\t\t<div class=\"elementor-field-type-text elementor-field-group elementor-column elementor-field-group-field_2c399dc elementor-col-100\">\n\t\t\t\t\t\t\t\t\t\t\t\t<label for=\"form-field-field_2c399dc\" class=\"elementor-field-label\">\n\t\t\t\t\t\t\t\tC\u00c9GN\u00c9V\t\t\t\t\t\t\t<\/label>\n\t\t\t\t\t\t\t\t\t\t\t\t\t\t<input size=\"1\" type=\"text\" name=\"form_fields[field_2c399dc]\" id=\"form-field-field_2c399dc\" class=\"elementor-field elementor-size-xs  elementor-field-textual\">\n\t\t\t\t\t\t\t\t\t\t\t<\/div>\n\t\t\t\t\t\t\t\t<div class=\"elementor-field-type-email elementor-field-group elementor-column elementor-field-group-email elementor-col-100 elementor-field-required\">\n\t\t\t\t\t\t\t\t\t\t\t\t<label for=\"form-field-email\" class=\"elementor-field-label\">\n\t\t\t\t\t\t\t\tEMAIL\t\t\t\t\t\t\t<\/label>\n\t\t\t\t\t\t\t\t\t\t\t\t\t\t<input size=\"1\" type=\"email\" name=\"form_fields[email]\" id=\"form-field-email\" class=\"elementor-field elementor-size-xs  elementor-field-textual\" required=\"required\" aria-required=\"true\">\n\t\t\t\t\t\t\t\t\t\t\t<\/div>\n\t\t\t\t\t\t\t\t<div class=\"elementor-field-type-text elementor-field-group elementor-column elementor-field-group-field_4f728e6 elementor-col-100\">\n\t\t\t\t\t\t\t\t\t\t\t\t<label for=\"form-field-field_4f728e6\" class=\"elementor-field-label\">\n\t\t\t\t\t\t\t\t\u00dcZENET\t\t\t\t\t\t\t<\/label>\n\t\t\t\t\t\t\t\t\t\t\t\t\t\t<input size=\"1\" type=\"text\" name=\"form_fields[field_4f728e6]\" id=\"form-field-field_4f728e6\" class=\"elementor-field elementor-size-xs  elementor-field-textual\">\n\t\t\t\t\t\t\t\t\t\t\t<\/div>\n\t\t\t\t\t\t\t\t<div class=\"elementor-field-group elementor-column elementor-field-type-submit elementor-col-100 e-form__buttons\">\n\t\t\t\t\t<button type=\"submit\" class=\"elementor-button elementor-size-sm\">\n\t\t\t\t\t\t<span >\n\t\t\t\t\t\t\t\t\t\t\t\t\t\t\t<span class=\" elementor-button-icon\">\n\t\t\t\t\t\t\t\t\t\t\t\t\t\t\t\t\t\t\t\t\t\t\t\t\t\t<\/span>\n\t\t\t\t\t\t\t\t\t\t\t\t\t\t\t\t\t\t\t\t\t\t<span class=\"elementor-button-text\">Send message <\/span>\n\t\t\t\t\t\t\t\t\t\t\t\t\t<\/span>\n\t\t\t\t\t<\/button>\n\t\t\t\t<\/div>\n\t\t\t<\/div>\n\t\t<\/form>\n\t\t\t\t\t\t<\/div>\n\t\t\t\t<\/div>\n\t\t\t\t\t<\/div>\n\t\t<\/div>\n\t\t\t\t\t<\/div>\n\t\t<\/section>\n\t\t\t\t<\/div>\n\t\t","protected":false},"excerpt":{"rendered":"<p>ARTE BROTTO KATAL\u00d3GUSOK CONTEMPORARY_CATALOUGE LIFE_CATALOUGE Weboldal \u00c1RAJ\u00c1NLATOT K\u00c9REK<\/p>\n","protected":false},"author":1,"featured_media":0,"parent":0,"menu_order":0,"comment_status":"closed","ping_status":"closed","template":"","meta":{"footnotes":""},"class_list":["post-2115","page","type-page","status-publish","hentry"],"yoast_head":"<!-- This site is optimized with the Yoast SEO plugin v27.4 - https:\/\/yoast.com\/product\/yoast-seo-wordpress\/ -->\n<title>ARTE BROTTO -<\/title>\n<meta name=\"robots\" content=\"index, follow, max-snippet:-1, max-image-preview:large, max-video-preview:-1\" \/>\n<link rel=\"canonical\" href=\"https:\/\/sani-world.com\/index.php\/arte-brotto\/\" \/>\n<meta property=\"og:locale\" content=\"hu_HU\" \/>\n<meta property=\"og:type\" content=\"article\" \/>\n<meta property=\"og:title\" content=\"ARTE BROTTO -\" \/>\n<meta property=\"og:description\" content=\"ARTE BROTTO KATAL\u00d3GUSOK CONTEMPORARY_CATALOUGE LIFE_CATALOUGE Weboldal \u00c1RAJ\u00c1NLATOT K\u00c9REK\" \/>\n<meta property=\"og:url\" content=\"https:\/\/sani-world.com\/index.php\/arte-brotto\/\" \/>\n<meta property=\"article:modified_time\" content=\"2022-06-27T13:14:18+00:00\" \/>\n<meta property=\"og:image\" content=\"https:\/\/sani-world.com\/wp-content\/uploads\/2022\/06\/02_testiera-per-letto-in-noce-massello-1030x623-1.jpg\" \/>\n<meta name=\"twitter:card\" content=\"summary_large_image\" \/>\n<meta name=\"twitter:label1\" content=\"Becs\u00fclt olvas\u00e1si id\u0151\" \/>\n\t<meta name=\"twitter:data1\" content=\"1 perc\" \/>\n<script type=\"application\/ld+json\" class=\"yoast-schema-graph\">{\"@context\":\"https:\\\/\\\/schema.org\",\"@graph\":[{\"@type\":\"WebPage\",\"@id\":\"https:\\\/\\\/sani-world.com\\\/index.php\\\/arte-brotto\\\/\",\"url\":\"https:\\\/\\\/sani-world.com\\\/index.php\\\/arte-brotto\\\/\",\"name\":\"ARTE BROTTO -\",\"isPartOf\":{\"@id\":\"https:\\\/\\\/sani-world.com\\\/#website\"},\"primaryImageOfPage\":{\"@id\":\"https:\\\/\\\/sani-world.com\\\/index.php\\\/arte-brotto\\\/#primaryimage\"},\"image\":{\"@id\":\"https:\\\/\\\/sani-world.com\\\/index.php\\\/arte-brotto\\\/#primaryimage\"},\"thumbnailUrl\":\"https:\\\/\\\/sani-world.com\\\/wp-content\\\/uploads\\\/2022\\\/06\\\/02_testiera-per-letto-in-noce-massello-1030x623-1.jpg\",\"datePublished\":\"2022-06-27T12:36:00+00:00\",\"dateModified\":\"2022-06-27T13:14:18+00:00\",\"breadcrumb\":{\"@id\":\"https:\\\/\\\/sani-world.com\\\/index.php\\\/arte-brotto\\\/#breadcrumb\"},\"inLanguage\":\"hu\",\"potentialAction\":[{\"@type\":\"ReadAction\",\"target\":[\"https:\\\/\\\/sani-world.com\\\/index.php\\\/arte-brotto\\\/\"]}]},{\"@type\":\"ImageObject\",\"inLanguage\":\"hu\",\"@id\":\"https:\\\/\\\/sani-world.com\\\/index.php\\\/arte-brotto\\\/#primaryimage\",\"url\":\"https:\\\/\\\/sani-world.com\\\/wp-content\\\/uploads\\\/2022\\\/06\\\/02_testiera-per-letto-in-noce-massello-1030x623-1.jpg\",\"contentUrl\":\"https:\\\/\\\/sani-world.com\\\/wp-content\\\/uploads\\\/2022\\\/06\\\/02_testiera-per-letto-in-noce-massello-1030x623-1.jpg\",\"width\":1030,\"height\":623},{\"@type\":\"BreadcrumbList\",\"@id\":\"https:\\\/\\\/sani-world.com\\\/index.php\\\/arte-brotto\\\/#breadcrumb\",\"itemListElement\":[{\"@type\":\"ListItem\",\"position\":1,\"name\":\"Kezd\u0151lap\",\"item\":\"https:\\\/\\\/sani-world.com\\\/\"},{\"@type\":\"ListItem\",\"position\":2,\"name\":\"ARTE BROTTO\"}]},{\"@type\":\"WebSite\",\"@id\":\"https:\\\/\\\/sani-world.com\\\/#website\",\"url\":\"https:\\\/\\\/sani-world.com\\\/\",\"name\":\"\",\"description\":\"\",\"publisher\":{\"@id\":\"https:\\\/\\\/sani-world.com\\\/#organization\"},\"potentialAction\":[{\"@type\":\"SearchAction\",\"target\":{\"@type\":\"EntryPoint\",\"urlTemplate\":\"https:\\\/\\\/sani-world.com\\\/?s={search_term_string}\"},\"query-input\":{\"@type\":\"PropertyValueSpecification\",\"valueRequired\":true,\"valueName\":\"search_term_string\"}}],\"inLanguage\":\"hu\"},{\"@type\":\"Organization\",\"@id\":\"https:\\\/\\\/sani-world.com\\\/#organization\",\"name\":\"sani-world\",\"url\":\"https:\\\/\\\/sani-world.com\\\/\",\"logo\":{\"@type\":\"ImageObject\",\"inLanguage\":\"hu\",\"@id\":\"https:\\\/\\\/sani-world.com\\\/#\\\/schema\\\/logo\\\/image\\\/\",\"url\":\"https:\\\/\\\/sani-world.com\\\/wp-content\\\/uploads\\\/2021\\\/09\\\/cropped-SANIWORLD_logo_black.png\",\"contentUrl\":\"https:\\\/\\\/sani-world.com\\\/wp-content\\\/uploads\\\/2021\\\/09\\\/cropped-SANIWORLD_logo_black.png\",\"width\":250,\"height\":75,\"caption\":\"sani-world\"},\"image\":{\"@id\":\"https:\\\/\\\/sani-world.com\\\/#\\\/schema\\\/logo\\\/image\\\/\"}}]}<\/script>\n<!-- \/ Yoast SEO plugin. -->","yoast_head_json":{"title":"ARTE BROTTO -","robots":{"index":"index","follow":"follow","max-snippet":"max-snippet:-1","max-image-preview":"max-image-preview:large","max-video-preview":"max-video-preview:-1"},"canonical":"https:\/\/sani-world.com\/index.php\/arte-brotto\/","og_locale":"hu_HU","og_type":"article","og_title":"ARTE BROTTO -","og_description":"ARTE BROTTO KATAL\u00d3GUSOK CONTEMPORARY_CATALOUGE LIFE_CATALOUGE Weboldal \u00c1RAJ\u00c1NLATOT K\u00c9REK","og_url":"https:\/\/sani-world.com\/index.php\/arte-brotto\/","article_modified_time":"2022-06-27T13:14:18+00:00","og_image":[{"url":"https:\/\/sani-world.com\/wp-content\/uploads\/2022\/06\/02_testiera-per-letto-in-noce-massello-1030x623-1.jpg","type":"","width":"","height":""}],"twitter_card":"summary_large_image","twitter_misc":{"Becs\u00fclt olvas\u00e1si id\u0151":"1 perc"},"schema":{"@context":"https:\/\/schema.org","@graph":[{"@type":"WebPage","@id":"https:\/\/sani-world.com\/index.php\/arte-brotto\/","url":"https:\/\/sani-world.com\/index.php\/arte-brotto\/","name":"ARTE BROTTO -","isPartOf":{"@id":"https:\/\/sani-world.com\/#website"},"primaryImageOfPage":{"@id":"https:\/\/sani-world.com\/index.php\/arte-brotto\/#primaryimage"},"image":{"@id":"https:\/\/sani-world.com\/index.php\/arte-brotto\/#primaryimage"},"thumbnailUrl":"https:\/\/sani-world.com\/wp-content\/uploads\/2022\/06\/02_testiera-per-letto-in-noce-massello-1030x623-1.jpg","datePublished":"2022-06-27T12:36:00+00:00","dateModified":"2022-06-27T13:14:18+00:00","breadcrumb":{"@id":"https:\/\/sani-world.com\/index.php\/arte-brotto\/#breadcrumb"},"inLanguage":"hu","potentialAction":[{"@type":"ReadAction","target":["https:\/\/sani-world.com\/index.php\/arte-brotto\/"]}]},{"@type":"ImageObject","inLanguage":"hu","@id":"https:\/\/sani-world.com\/index.php\/arte-brotto\/#primaryimage","url":"https:\/\/sani-world.com\/wp-content\/uploads\/2022\/06\/02_testiera-per-letto-in-noce-massello-1030x623-1.jpg","contentUrl":"https:\/\/sani-world.com\/wp-content\/uploads\/2022\/06\/02_testiera-per-letto-in-noce-massello-1030x623-1.jpg","width":1030,"height":623},{"@type":"BreadcrumbList","@id":"https:\/\/sani-world.com\/index.php\/arte-brotto\/#breadcrumb","itemListElement":[{"@type":"ListItem","position":1,"name":"Kezd\u0151lap","item":"https:\/\/sani-world.com\/"},{"@type":"ListItem","position":2,"name":"ARTE BROTTO"}]},{"@type":"WebSite","@id":"https:\/\/sani-world.com\/#website","url":"https:\/\/sani-world.com\/","name":"","description":"","publisher":{"@id":"https:\/\/sani-world.com\/#organization"},"potentialAction":[{"@type":"SearchAction","target":{"@type":"EntryPoint","urlTemplate":"https:\/\/sani-world.com\/?s={search_term_string}"},"query-input":{"@type":"PropertyValueSpecification","valueRequired":true,"valueName":"search_term_string"}}],"inLanguage":"hu"},{"@type":"Organization","@id":"https:\/\/sani-world.com\/#organization","name":"sani-world","url":"https:\/\/sani-world.com\/","logo":{"@type":"ImageObject","inLanguage":"hu","@id":"https:\/\/sani-world.com\/#\/schema\/logo\/image\/","url":"https:\/\/sani-world.com\/wp-content\/uploads\/2021\/09\/cropped-SANIWORLD_logo_black.png","contentUrl":"https:\/\/sani-world.com\/wp-content\/uploads\/2021\/09\/cropped-SANIWORLD_logo_black.png","width":250,"height":75,"caption":"sani-world"},"image":{"@id":"https:\/\/sani-world.com\/#\/schema\/logo\/image\/"}}]}},"jetpack_sharing_enabled":true,"_links":{"self":[{"href":"https:\/\/sani-world.com\/index.php\/wp-json\/wp\/v2\/pages\/2115","targetHints":{"allow":["GET"]}}],"collection":[{"href":"https:\/\/sani-world.com\/index.php\/wp-json\/wp\/v2\/pages"}],"about":[{"href":"https:\/\/sani-world.com\/index.php\/wp-json\/wp\/v2\/types\/page"}],"author":[{"embeddable":true,"href":"https:\/\/sani-world.com\/index.php\/wp-json\/wp\/v2\/users\/1"}],"replies":[{"embeddable":true,"href":"https:\/\/sani-world.com\/index.php\/wp-json\/wp\/v2\/comments?post=2115"}],"version-history":[{"count":40,"href":"https:\/\/sani-world.com\/index.php\/wp-json\/wp\/v2\/pages\/2115\/revisions"}],"predecessor-version":[{"id":2167,"href":"https:\/\/sani-world.com\/index.php\/wp-json\/wp\/v2\/pages\/2115\/revisions\/2167"}],"wp:attachment":[{"href":"https:\/\/sani-world.com\/index.php\/wp-json\/wp\/v2\/media?parent=2115"}],"curies":[{"name":"wp","href":"https:\/\/api.w.org\/{rel}","templated":true}]}}