{"id":1318,"date":"2021-12-03T10:11:43","date_gmt":"2021-12-03T10:11:43","guid":{"rendered":"https:\/\/sani-world.com\/?page_id=1318"},"modified":"2022-07-18T13:35:04","modified_gmt":"2022-07-18T13:35:04","slug":"besana","status":"publish","type":"page","link":"https:\/\/sani-world.com\/index.php\/besana\/","title":{"rendered":"Besana"},"content":{"rendered":"\t\t<div data-elementor-type=\"wp-page\" data-elementor-id=\"1318\" class=\"elementor elementor-1318\" data-elementor-post-type=\"page\">\n\t\t\t\t\t\t<section class=\"elementor-section elementor-top-section elementor-element elementor-element-38234259 elementor-section-content-middle elementor-section-boxed elementor-section-height-default elementor-section-height-default\" data-id=\"38234259\" data-element_type=\"section\" data-e-type=\"section\">\n\t\t\t\t\t\t<div class=\"elementor-container elementor-column-gap-no\">\n\t\t\t\t\t<div class=\"elementor-column elementor-col-50 elementor-top-column elementor-element elementor-element-58166e16\" data-id=\"58166e16\" data-element_type=\"column\" data-e-type=\"column\">\n\t\t\t<div class=\"elementor-widget-wrap elementor-element-populated\">\n\t\t\t\t\t\t<div class=\"elementor-element elementor-element-47677daf elementor-widget elementor-widget-image\" data-id=\"47677daf\" data-element_type=\"widget\" data-e-type=\"widget\" data-widget_type=\"image.default\">\n\t\t\t\t<div class=\"elementor-widget-container\">\n\t\t\t\t\t\t\t\t\t\t\t\t\t\t\t<img fetchpriority=\"high\" decoding=\"async\" width=\"1062\" height=\"720\" src=\"https:\/\/sani-world.com\/wp-content\/uploads\/2022\/07\/Kepernyokep-2022-03-26-112040.jpg\" class=\"attachment-full size-full wp-image-2224\" alt=\"\" srcset=\"https:\/\/sani-world.com\/wp-content\/uploads\/2022\/07\/Kepernyokep-2022-03-26-112040.jpg 1062w, https:\/\/sani-world.com\/wp-content\/uploads\/2022\/07\/Kepernyokep-2022-03-26-112040-300x203.jpg 300w, https:\/\/sani-world.com\/wp-content\/uploads\/2022\/07\/Kepernyokep-2022-03-26-112040-1024x694.jpg 1024w, https:\/\/sani-world.com\/wp-content\/uploads\/2022\/07\/Kepernyokep-2022-03-26-112040-768x521.jpg 768w, https:\/\/sani-world.com\/wp-content\/uploads\/2022\/07\/Kepernyokep-2022-03-26-112040-600x407.jpg 600w\" sizes=\"(max-width: 1062px) 100vw, 1062px\" \/>\t\t\t\t\t\t\t\t\t\t\t\t\t\t\t<\/div>\n\t\t\t\t<\/div>\n\t\t\t\t\t<\/div>\n\t\t<\/div>\n\t\t\t\t<div class=\"elementor-column elementor-col-50 elementor-top-column elementor-element elementor-element-67fd4ae2\" data-id=\"67fd4ae2\" data-element_type=\"column\" data-e-type=\"column\">\n\t\t\t<div class=\"elementor-widget-wrap elementor-element-populated\">\n\t\t\t\t\t\t<div class=\"elementor-element elementor-element-53bb7b33 elementor-widget elementor-widget-heading\" data-id=\"53bb7b33\" data-element_type=\"widget\" data-e-type=\"widget\" data-widget_type=\"heading.default\">\n\t\t\t\t<div class=\"elementor-widget-container\">\n\t\t\t\t\t<h2 class=\"elementor-heading-title elementor-size-default\">BESANA<\/h2>\t\t\t\t<\/div>\n\t\t\t\t<\/div>\n\t\t\t\t\t<\/div>\n\t\t<\/div>\n\t\t\t\t\t<\/div>\n\t\t<\/section>\n\t\t\t\t<section class=\"elementor-section elementor-top-section elementor-element elementor-element-4532bcc9 elementor-section-boxed elementor-section-height-default elementor-section-height-default\" data-id=\"4532bcc9\" data-element_type=\"section\" data-e-type=\"section\">\n\t\t\t\t\t\t<div class=\"elementor-container elementor-column-gap-default\">\n\t\t\t\t\t<div class=\"elementor-column elementor-col-50 elementor-top-column elementor-element elementor-element-5dddab0a\" data-id=\"5dddab0a\" data-element_type=\"column\" data-e-type=\"column\">\n\t\t\t<div class=\"elementor-widget-wrap elementor-element-populated\">\n\t\t\t\t\t\t<div class=\"elementor-element elementor-element-2f33c9f7 elementor-widget elementor-widget-heading\" data-id=\"2f33c9f7\" data-element_type=\"widget\" data-e-type=\"widget\" data-widget_type=\"heading.default\">\n\t\t\t\t<div class=\"elementor-widget-container\">\n\t\t\t\t\t<h2 class=\"elementor-heading-title elementor-size-default\">KATAL\u00d3GUSOK<\/h2>\t\t\t\t<\/div>\n\t\t\t\t<\/div>\n\t\t\t\t<div class=\"elementor-element elementor-element-2a9e9ca2 elementor-align-center elementor-widget elementor-widget-button\" data-id=\"2a9e9ca2\" data-element_type=\"widget\" data-e-type=\"widget\" data-widget_type=\"button.default\">\n\t\t\t\t<div class=\"elementor-widget-container\">\n\t\t\t\t\t\t\t\t\t<div class=\"elementor-button-wrapper\">\n\t\t\t\t\t<a class=\"elementor-button elementor-size-sm\" role=\"button\">\n\t\t\t\t\t\t<span class=\"elementor-button-content-wrapper\">\n\t\t\t\t\t\t\t\t\t<span class=\"elementor-button-text\">katal\u00f3gus<\/span>\n\t\t\t\t\t<\/span>\n\t\t\t\t\t<\/a>\n\t\t\t\t<\/div>\n\t\t\t\t\t\t\t\t<\/div>\n\t\t\t\t<\/div>\n\t\t\t\t\t<\/div>\n\t\t<\/div>\n\t\t\t\t<div class=\"elementor-column elementor-col-50 elementor-top-column elementor-element elementor-element-72382793\" data-id=\"72382793\" data-element_type=\"column\" data-e-type=\"column\">\n\t\t\t<div class=\"elementor-widget-wrap elementor-element-populated\">\n\t\t\t\t\t\t<div class=\"elementor-element elementor-element-49c5c505 elementor--h-position-center elementor--v-position-middle elementor-arrows-position-inside elementor-pagination-position-inside elementor-widget elementor-widget-slides\" data-id=\"49c5c505\" data-element_type=\"widget\" data-e-type=\"widget\" data-settings=\"{&quot;navigation&quot;:&quot;both&quot;,&quot;autoplay&quot;:&quot;yes&quot;,&quot;pause_on_hover&quot;:&quot;yes&quot;,&quot;pause_on_interaction&quot;:&quot;yes&quot;,&quot;autoplay_speed&quot;:5000,&quot;infinite&quot;:&quot;yes&quot;,&quot;transition&quot;:&quot;slide&quot;,&quot;transition_speed&quot;:500}\" data-widget_type=\"slides.default\">\n\t\t\t\t<div class=\"elementor-widget-container\">\n\t\t\t\t\t\t\t<div class=\"elementor-swiper\">\n\t\t\t<div class=\"elementor-slides-wrapper elementor-main-swiper swiper-container\" dir=\"ltr\" data-animation=\"fadeInUp\">\n\t\t\t\t<div class=\"swiper-wrapper elementor-slides\">\n\t\t\t\t\t\t\t\t\t\t<div class=\"elementor-repeater-item-7670eba swiper-slide\"><div class=\"swiper-slide-bg\" role=\"img\"><\/div><div class=\"swiper-slide-inner\" ><div class=\"swiper-slide-contents\"><\/div><\/div><\/div>\t\t\t\t<\/div>\n\t\t\t\t\t\t\t<\/div>\n\t\t<\/div>\n\t\t\t\t\t\t<\/div>\n\t\t\t\t<\/div>\n\t\t\t\t\t<\/div>\n\t\t<\/div>\n\t\t\t\t\t<\/div>\n\t\t<\/section>\n\t\t\t\t<section class=\"elementor-section elementor-top-section elementor-element elementor-element-101328c5 elementor-section-content-middle elementor-section-boxed elementor-section-height-default elementor-section-height-default\" data-id=\"101328c5\" data-element_type=\"section\" data-e-type=\"section\" data-settings=\"{&quot;background_background&quot;:&quot;classic&quot;}\">\n\t\t\t\t\t\t<div class=\"elementor-container elementor-column-gap-no\">\n\t\t\t\t\t<div class=\"elementor-column elementor-col-50 elementor-top-column elementor-element elementor-element-74d347de elementor-hidden-mobile\" data-id=\"74d347de\" data-element_type=\"column\" data-e-type=\"column\" data-settings=\"{&quot;background_background&quot;:&quot;classic&quot;}\">\n\t\t\t<div class=\"elementor-widget-wrap elementor-element-populated\">\n\t\t\t\t\t\t<div class=\"elementor-element elementor-element-66ade7db elementor-widget elementor-widget-image\" data-id=\"66ade7db\" data-element_type=\"widget\" data-e-type=\"widget\" data-widget_type=\"image.default\">\n\t\t\t\t<div class=\"elementor-widget-container\">\n\t\t\t\t\t\t\t\t\t\t\t\t\t\t\t<img decoding=\"async\" width=\"2560\" height=\"1810\" src=\"https:\/\/sani-world.com\/wp-content\/uploads\/2022\/07\/20220326_besana-scaled.jpg\" class=\"attachment-full size-full wp-image-2226\" alt=\"\" srcset=\"https:\/\/sani-world.com\/wp-content\/uploads\/2022\/07\/20220326_besana-scaled.jpg 2560w, https:\/\/sani-world.com\/wp-content\/uploads\/2022\/07\/20220326_besana-300x212.jpg 300w, https:\/\/sani-world.com\/wp-content\/uploads\/2022\/07\/20220326_besana-1024x724.jpg 1024w, https:\/\/sani-world.com\/wp-content\/uploads\/2022\/07\/20220326_besana-768x543.jpg 768w, https:\/\/sani-world.com\/wp-content\/uploads\/2022\/07\/20220326_besana-1536x1086.jpg 1536w, https:\/\/sani-world.com\/wp-content\/uploads\/2022\/07\/20220326_besana-2048x1448.jpg 2048w, https:\/\/sani-world.com\/wp-content\/uploads\/2022\/07\/20220326_besana-600x424.jpg 600w\" sizes=\"(max-width: 2560px) 100vw, 2560px\" \/>\t\t\t\t\t\t\t\t\t\t\t\t\t\t\t<\/div>\n\t\t\t\t<\/div>\n\t\t\t\t<div class=\"elementor-element elementor-element-1a0249b6 elementor-button-info elementor-align-center elementor-widget elementor-widget-button\" data-id=\"1a0249b6\" data-element_type=\"widget\" data-e-type=\"widget\" data-widget_type=\"button.default\">\n\t\t\t\t<div class=\"elementor-widget-container\">\n\t\t\t\t\t\t\t\t\t<div class=\"elementor-button-wrapper\">\n\t\t\t\t\t<a class=\"elementor-button elementor-button-link elementor-size-xs\" href=\"https:\/\/besanamoquette.com\/\">\n\t\t\t\t\t\t<span class=\"elementor-button-content-wrapper\">\n\t\t\t\t\t\t\t\t\t<span class=\"elementor-button-text\">Weboldal<\/span>\n\t\t\t\t\t<\/span>\n\t\t\t\t\t<\/a>\n\t\t\t\t<\/div>\n\t\t\t\t\t\t\t\t<\/div>\n\t\t\t\t<\/div>\n\t\t\t\t\t<\/div>\n\t\t<\/div>\n\t\t\t\t<div class=\"elementor-column elementor-col-50 elementor-top-column elementor-element elementor-element-46d5a95e\" data-id=\"46d5a95e\" data-element_type=\"column\" data-e-type=\"column\" data-settings=\"{&quot;background_background&quot;:&quot;classic&quot;}\">\n\t\t\t<div class=\"elementor-widget-wrap elementor-element-populated\">\n\t\t\t\t\t\t<div class=\"elementor-element elementor-element-4921151b elementor-widget elementor-widget-heading\" data-id=\"4921151b\" data-element_type=\"widget\" data-e-type=\"widget\" data-widget_type=\"heading.default\">\n\t\t\t\t<div class=\"elementor-widget-container\">\n\t\t\t\t\t<h4 class=\"elementor-heading-title elementor-size-default\">\u00c1RAJ\u00c1NLATOT K\u00c9REK<\/h4>\t\t\t\t<\/div>\n\t\t\t\t<\/div>\n\t\t\t\t<div class=\"elementor-element elementor-element-24a669e5 elementor-button-align-stretch elementor-widget elementor-widget-form\" data-id=\"24a669e5\" data-element_type=\"widget\" data-e-type=\"widget\" data-settings=\"{&quot;step_next_label&quot;:&quot;K\\u00f6vetkez\\u0151&quot;,&quot;step_previous_label&quot;:&quot;El\\u0151z\\u0151&quot;,&quot;button_width&quot;:&quot;100&quot;,&quot;step_type&quot;:&quot;number_text&quot;,&quot;step_icon_shape&quot;:&quot;circle&quot;}\" data-widget_type=\"form.default\">\n\t\t\t\t<div class=\"elementor-widget-container\">\n\t\t\t\t\t\t\t<form class=\"elementor-form\" method=\"post\" name=\"New Form\">\n\t\t\t<input type=\"hidden\" name=\"post_id\" value=\"1318\"\/>\n\t\t\t<input type=\"hidden\" name=\"form_id\" value=\"24a669e5\"\/>\n\t\t\t<input type=\"hidden\" name=\"referer_title\" value=\"\" \/>\n\n\t\t\t\n\t\t\t<div class=\"elementor-form-fields-wrapper elementor-labels-above\">\n\t\t\t\t\t\t\t\t<div class=\"elementor-field-type-text elementor-field-group elementor-column elementor-field-group-name elementor-col-100 elementor-field-required\">\n\t\t\t\t\t\t\t\t\t\t\t\t<label for=\"form-field-name\" class=\"elementor-field-label\">\n\t\t\t\t\t\t\t\tN\u00c9V\t\t\t\t\t\t\t<\/label>\n\t\t\t\t\t\t\t\t\t\t\t\t\t\t<input size=\"1\" type=\"text\" name=\"form_fields[name]\" id=\"form-field-name\" class=\"elementor-field elementor-size-xs  elementor-field-textual\" required=\"required\" aria-required=\"true\">\n\t\t\t\t\t\t\t\t\t\t\t<\/div>\n\t\t\t\t\t\t\t\t<div class=\"elementor-field-type-text elementor-field-group elementor-column elementor-field-group-field_2c399dc elementor-col-100\">\n\t\t\t\t\t\t\t\t\t\t\t\t<label for=\"form-field-field_2c399dc\" class=\"elementor-field-label\">\n\t\t\t\t\t\t\t\tC\u00c9GN\u00c9V\t\t\t\t\t\t\t<\/label>\n\t\t\t\t\t\t\t\t\t\t\t\t\t\t<input size=\"1\" type=\"text\" name=\"form_fields[field_2c399dc]\" id=\"form-field-field_2c399dc\" class=\"elementor-field elementor-size-xs  elementor-field-textual\">\n\t\t\t\t\t\t\t\t\t\t\t<\/div>\n\t\t\t\t\t\t\t\t<div class=\"elementor-field-type-email elementor-field-group elementor-column elementor-field-group-email elementor-col-100 elementor-field-required\">\n\t\t\t\t\t\t\t\t\t\t\t\t<label for=\"form-field-email\" class=\"elementor-field-label\">\n\t\t\t\t\t\t\t\tEMAIL\t\t\t\t\t\t\t<\/label>\n\t\t\t\t\t\t\t\t\t\t\t\t\t\t<input size=\"1\" type=\"email\" name=\"form_fields[email]\" id=\"form-field-email\" class=\"elementor-field elementor-size-xs  elementor-field-textual\" required=\"required\" aria-required=\"true\">\n\t\t\t\t\t\t\t\t\t\t\t<\/div>\n\t\t\t\t\t\t\t\t<div class=\"elementor-field-type-text elementor-field-group elementor-column elementor-field-group-field_4f728e6 elementor-col-100\">\n\t\t\t\t\t\t\t\t\t\t\t\t<label for=\"form-field-field_4f728e6\" class=\"elementor-field-label\">\n\t\t\t\t\t\t\t\t\u00dcZENET\t\t\t\t\t\t\t<\/label>\n\t\t\t\t\t\t\t\t\t\t\t\t\t\t<input size=\"1\" type=\"text\" name=\"form_fields[field_4f728e6]\" id=\"form-field-field_4f728e6\" class=\"elementor-field elementor-size-xs  elementor-field-textual\">\n\t\t\t\t\t\t\t\t\t\t\t<\/div>\n\t\t\t\t\t\t\t\t<div class=\"elementor-field-group elementor-column elementor-field-type-submit elementor-col-100 e-form__buttons\">\n\t\t\t\t\t<button type=\"submit\" class=\"elementor-button elementor-size-sm\">\n\t\t\t\t\t\t<span >\n\t\t\t\t\t\t\t\t\t\t\t\t\t\t\t<span class=\" elementor-button-icon\">\n\t\t\t\t\t\t\t\t\t\t\t\t\t\t\t\t\t\t\t\t\t\t\t\t\t\t<\/span>\n\t\t\t\t\t\t\t\t\t\t\t\t\t\t\t\t\t\t\t\t\t\t<span class=\"elementor-button-text\">Send message <\/span>\n\t\t\t\t\t\t\t\t\t\t\t\t\t<\/span>\n\t\t\t\t\t<\/button>\n\t\t\t\t<\/div>\n\t\t\t<\/div>\n\t\t<\/form>\n\t\t\t\t\t\t<\/div>\n\t\t\t\t<\/div>\n\t\t\t\t\t<\/div>\n\t\t<\/div>\n\t\t\t\t\t<\/div>\n\t\t<\/section>\n\t\t\t\t<\/div>\n\t\t","protected":false},"excerpt":{"rendered":"<p>BESANA KATAL\u00d3GUSOK katal\u00f3gus Weboldal \u00c1RAJ\u00c1NLATOT K\u00c9REK<\/p>\n","protected":false},"author":1,"featured_media":0,"parent":0,"menu_order":0,"comment_status":"closed","ping_status":"closed","template":"","meta":{"footnotes":""},"class_list":["post-1318","page","type-page","status-publish","hentry"],"yoast_head":"<!-- This site is optimized with the Yoast SEO plugin v27.3 - https:\/\/yoast.com\/product\/yoast-seo-wordpress\/ -->\n<title>Besana -<\/title>\n<meta name=\"robots\" content=\"index, follow, max-snippet:-1, max-image-preview:large, max-video-preview:-1\" \/>\n<link rel=\"canonical\" href=\"https:\/\/sani-world.com\/index.php\/besana\/\" \/>\n<meta property=\"og:locale\" content=\"hu_HU\" \/>\n<meta property=\"og:type\" content=\"article\" \/>\n<meta property=\"og:title\" content=\"Besana -\" \/>\n<meta property=\"og:description\" content=\"BESANA KATAL\u00d3GUSOK katal\u00f3gus Weboldal \u00c1RAJ\u00c1NLATOT K\u00c9REK\" \/>\n<meta property=\"og:url\" content=\"https:\/\/sani-world.com\/index.php\/besana\/\" \/>\n<meta property=\"article:modified_time\" content=\"2022-07-18T13:35:04+00:00\" \/>\n<meta property=\"og:image\" content=\"https:\/\/sani-world.com\/wp-content\/uploads\/2022\/07\/Kepernyokep-2022-03-26-112040.jpg\" \/>\n<meta name=\"twitter:card\" content=\"summary_large_image\" \/>\n<meta name=\"twitter:label1\" content=\"Becs\u00fclt olvas\u00e1si id\u0151\" \/>\n\t<meta name=\"twitter:data1\" content=\"1 perc\" \/>\n<script type=\"application\/ld+json\" class=\"yoast-schema-graph\">{\"@context\":\"https:\\\/\\\/schema.org\",\"@graph\":[{\"@type\":\"WebPage\",\"@id\":\"https:\\\/\\\/sani-world.com\\\/index.php\\\/besana\\\/\",\"url\":\"https:\\\/\\\/sani-world.com\\\/index.php\\\/besana\\\/\",\"name\":\"Besana -\",\"isPartOf\":{\"@id\":\"https:\\\/\\\/sani-world.com\\\/#website\"},\"primaryImageOfPage\":{\"@id\":\"https:\\\/\\\/sani-world.com\\\/index.php\\\/besana\\\/#primaryimage\"},\"image\":{\"@id\":\"https:\\\/\\\/sani-world.com\\\/index.php\\\/besana\\\/#primaryimage\"},\"thumbnailUrl\":\"https:\\\/\\\/sani-world.com\\\/wp-content\\\/uploads\\\/2022\\\/07\\\/Kepernyokep-2022-03-26-112040.jpg\",\"datePublished\":\"2021-12-03T10:11:43+00:00\",\"dateModified\":\"2022-07-18T13:35:04+00:00\",\"breadcrumb\":{\"@id\":\"https:\\\/\\\/sani-world.com\\\/index.php\\\/besana\\\/#breadcrumb\"},\"inLanguage\":\"hu\",\"potentialAction\":[{\"@type\":\"ReadAction\",\"target\":[\"https:\\\/\\\/sani-world.com\\\/index.php\\\/besana\\\/\"]}]},{\"@type\":\"ImageObject\",\"inLanguage\":\"hu\",\"@id\":\"https:\\\/\\\/sani-world.com\\\/index.php\\\/besana\\\/#primaryimage\",\"url\":\"https:\\\/\\\/sani-world.com\\\/wp-content\\\/uploads\\\/2022\\\/07\\\/Kepernyokep-2022-03-26-112040.jpg\",\"contentUrl\":\"https:\\\/\\\/sani-world.com\\\/wp-content\\\/uploads\\\/2022\\\/07\\\/Kepernyokep-2022-03-26-112040.jpg\",\"width\":1062,\"height\":720},{\"@type\":\"BreadcrumbList\",\"@id\":\"https:\\\/\\\/sani-world.com\\\/index.php\\\/besana\\\/#breadcrumb\",\"itemListElement\":[{\"@type\":\"ListItem\",\"position\":1,\"name\":\"Kezd\u0151lap\",\"item\":\"https:\\\/\\\/sani-world.com\\\/\"},{\"@type\":\"ListItem\",\"position\":2,\"name\":\"Besana\"}]},{\"@type\":\"WebSite\",\"@id\":\"https:\\\/\\\/sani-world.com\\\/#website\",\"url\":\"https:\\\/\\\/sani-world.com\\\/\",\"name\":\"\",\"description\":\"\",\"publisher\":{\"@id\":\"https:\\\/\\\/sani-world.com\\\/#organization\"},\"potentialAction\":[{\"@type\":\"SearchAction\",\"target\":{\"@type\":\"EntryPoint\",\"urlTemplate\":\"https:\\\/\\\/sani-world.com\\\/?s={search_term_string}\"},\"query-input\":{\"@type\":\"PropertyValueSpecification\",\"valueRequired\":true,\"valueName\":\"search_term_string\"}}],\"inLanguage\":\"hu\"},{\"@type\":\"Organization\",\"@id\":\"https:\\\/\\\/sani-world.com\\\/#organization\",\"name\":\"sani-world\",\"url\":\"https:\\\/\\\/sani-world.com\\\/\",\"logo\":{\"@type\":\"ImageObject\",\"inLanguage\":\"hu\",\"@id\":\"https:\\\/\\\/sani-world.com\\\/#\\\/schema\\\/logo\\\/image\\\/\",\"url\":\"https:\\\/\\\/sani-world.com\\\/wp-content\\\/uploads\\\/2021\\\/09\\\/cropped-SANIWORLD_logo_black.png\",\"contentUrl\":\"https:\\\/\\\/sani-world.com\\\/wp-content\\\/uploads\\\/2021\\\/09\\\/cropped-SANIWORLD_logo_black.png\",\"width\":250,\"height\":75,\"caption\":\"sani-world\"},\"image\":{\"@id\":\"https:\\\/\\\/sani-world.com\\\/#\\\/schema\\\/logo\\\/image\\\/\"}}]}<\/script>\n<!-- \/ Yoast SEO plugin. -->","yoast_head_json":{"title":"Besana -","robots":{"index":"index","follow":"follow","max-snippet":"max-snippet:-1","max-image-preview":"max-image-preview:large","max-video-preview":"max-video-preview:-1"},"canonical":"https:\/\/sani-world.com\/index.php\/besana\/","og_locale":"hu_HU","og_type":"article","og_title":"Besana -","og_description":"BESANA KATAL\u00d3GUSOK katal\u00f3gus Weboldal \u00c1RAJ\u00c1NLATOT K\u00c9REK","og_url":"https:\/\/sani-world.com\/index.php\/besana\/","article_modified_time":"2022-07-18T13:35:04+00:00","og_image":[{"url":"https:\/\/sani-world.com\/wp-content\/uploads\/2022\/07\/Kepernyokep-2022-03-26-112040.jpg","type":"","width":"","height":""}],"twitter_card":"summary_large_image","twitter_misc":{"Becs\u00fclt olvas\u00e1si id\u0151":"1 perc"},"schema":{"@context":"https:\/\/schema.org","@graph":[{"@type":"WebPage","@id":"https:\/\/sani-world.com\/index.php\/besana\/","url":"https:\/\/sani-world.com\/index.php\/besana\/","name":"Besana -","isPartOf":{"@id":"https:\/\/sani-world.com\/#website"},"primaryImageOfPage":{"@id":"https:\/\/sani-world.com\/index.php\/besana\/#primaryimage"},"image":{"@id":"https:\/\/sani-world.com\/index.php\/besana\/#primaryimage"},"thumbnailUrl":"https:\/\/sani-world.com\/wp-content\/uploads\/2022\/07\/Kepernyokep-2022-03-26-112040.jpg","datePublished":"2021-12-03T10:11:43+00:00","dateModified":"2022-07-18T13:35:04+00:00","breadcrumb":{"@id":"https:\/\/sani-world.com\/index.php\/besana\/#breadcrumb"},"inLanguage":"hu","potentialAction":[{"@type":"ReadAction","target":["https:\/\/sani-world.com\/index.php\/besana\/"]}]},{"@type":"ImageObject","inLanguage":"hu","@id":"https:\/\/sani-world.com\/index.php\/besana\/#primaryimage","url":"https:\/\/sani-world.com\/wp-content\/uploads\/2022\/07\/Kepernyokep-2022-03-26-112040.jpg","contentUrl":"https:\/\/sani-world.com\/wp-content\/uploads\/2022\/07\/Kepernyokep-2022-03-26-112040.jpg","width":1062,"height":720},{"@type":"BreadcrumbList","@id":"https:\/\/sani-world.com\/index.php\/besana\/#breadcrumb","itemListElement":[{"@type":"ListItem","position":1,"name":"Kezd\u0151lap","item":"https:\/\/sani-world.com\/"},{"@type":"ListItem","position":2,"name":"Besana"}]},{"@type":"WebSite","@id":"https:\/\/sani-world.com\/#website","url":"https:\/\/sani-world.com\/","name":"","description":"","publisher":{"@id":"https:\/\/sani-world.com\/#organization"},"potentialAction":[{"@type":"SearchAction","target":{"@type":"EntryPoint","urlTemplate":"https:\/\/sani-world.com\/?s={search_term_string}"},"query-input":{"@type":"PropertyValueSpecification","valueRequired":true,"valueName":"search_term_string"}}],"inLanguage":"hu"},{"@type":"Organization","@id":"https:\/\/sani-world.com\/#organization","name":"sani-world","url":"https:\/\/sani-world.com\/","logo":{"@type":"ImageObject","inLanguage":"hu","@id":"https:\/\/sani-world.com\/#\/schema\/logo\/image\/","url":"https:\/\/sani-world.com\/wp-content\/uploads\/2021\/09\/cropped-SANIWORLD_logo_black.png","contentUrl":"https:\/\/sani-world.com\/wp-content\/uploads\/2021\/09\/cropped-SANIWORLD_logo_black.png","width":250,"height":75,"caption":"sani-world"},"image":{"@id":"https:\/\/sani-world.com\/#\/schema\/logo\/image\/"}}]}},"jetpack_sharing_enabled":true,"_links":{"self":[{"href":"https:\/\/sani-world.com\/index.php\/wp-json\/wp\/v2\/pages\/1318","targetHints":{"allow":["GET"]}}],"collection":[{"href":"https:\/\/sani-world.com\/index.php\/wp-json\/wp\/v2\/pages"}],"about":[{"href":"https:\/\/sani-world.com\/index.php\/wp-json\/wp\/v2\/types\/page"}],"author":[{"embeddable":true,"href":"https:\/\/sani-world.com\/index.php\/wp-json\/wp\/v2\/users\/1"}],"replies":[{"embeddable":true,"href":"https:\/\/sani-world.com\/index.php\/wp-json\/wp\/v2\/comments?post=1318"}],"version-history":[{"count":26,"href":"https:\/\/sani-world.com\/index.php\/wp-json\/wp\/v2\/pages\/1318\/revisions"}],"predecessor-version":[{"id":2246,"href":"https:\/\/sani-world.com\/index.php\/wp-json\/wp\/v2\/pages\/1318\/revisions\/2246"}],"wp:attachment":[{"href":"https:\/\/sani-world.com\/index.php\/wp-json\/wp\/v2\/media?parent=1318"}],"curies":[{"name":"wp","href":"https:\/\/api.w.org\/{rel}","templated":true}]}}