{"id":1297,"date":"2021-12-03T09:54:56","date_gmt":"2021-12-03T09:54:56","guid":{"rendered":"https:\/\/sani-world.com\/?page_id=1297"},"modified":"2022-06-27T11:56:28","modified_gmt":"2022-06-27T11:56:28","slug":"frattini","status":"publish","type":"page","link":"https:\/\/sani-world.com\/index.php\/frattini\/","title":{"rendered":"F.lli Frattini"},"content":{"rendered":"\t\t<div data-elementor-type=\"wp-page\" data-elementor-id=\"1297\" class=\"elementor elementor-1297\" data-elementor-post-type=\"page\">\n\t\t\t\t\t\t<section class=\"elementor-section elementor-top-section elementor-element elementor-element-5592633f elementor-section-content-middle elementor-section-boxed elementor-section-height-default elementor-section-height-default\" data-id=\"5592633f\" data-element_type=\"section\" data-e-type=\"section\">\n\t\t\t\t\t\t<div class=\"elementor-container elementor-column-gap-no\">\n\t\t\t\t\t<div class=\"elementor-column elementor-col-50 elementor-top-column elementor-element elementor-element-5fb49f68\" data-id=\"5fb49f68\" data-element_type=\"column\" data-e-type=\"column\">\n\t\t\t<div class=\"elementor-widget-wrap elementor-element-populated\">\n\t\t\t\t\t\t<div class=\"elementor-element elementor-element-6f7dc791 elementor-widget elementor-widget-image\" data-id=\"6f7dc791\" data-element_type=\"widget\" data-e-type=\"widget\" data-widget_type=\"image.default\">\n\t\t\t\t<div class=\"elementor-widget-container\">\n\t\t\t\t\t\t\t\t\t\t\t\t\t\t\t<img fetchpriority=\"high\" decoding=\"async\" width=\"800\" height=\"600\" src=\"https:\/\/sani-world.com\/wp-content\/uploads\/2022\/04\/img-box-2.jpg\" class=\"attachment-full size-full wp-image-1555\" alt=\"\" srcset=\"https:\/\/sani-world.com\/wp-content\/uploads\/2022\/04\/img-box-2.jpg 800w, https:\/\/sani-world.com\/wp-content\/uploads\/2022\/04\/img-box-2-300x225.jpg 300w, https:\/\/sani-world.com\/wp-content\/uploads\/2022\/04\/img-box-2-768x576.jpg 768w, https:\/\/sani-world.com\/wp-content\/uploads\/2022\/04\/img-box-2-600x450.jpg 600w\" sizes=\"(max-width: 800px) 100vw, 800px\" \/>\t\t\t\t\t\t\t\t\t\t\t\t\t\t\t<\/div>\n\t\t\t\t<\/div>\n\t\t\t\t\t<\/div>\n\t\t<\/div>\n\t\t\t\t<div class=\"elementor-column elementor-col-50 elementor-top-column elementor-element elementor-element-6583f920\" data-id=\"6583f920\" data-element_type=\"column\" data-e-type=\"column\">\n\t\t\t<div class=\"elementor-widget-wrap elementor-element-populated\">\n\t\t\t\t\t\t<div class=\"elementor-element elementor-element-289c8cbf elementor-widget elementor-widget-heading\" data-id=\"289c8cbf\" data-element_type=\"widget\" data-e-type=\"widget\" data-widget_type=\"heading.default\">\n\t\t\t\t<div class=\"elementor-widget-container\">\n\t\t\t\t\t<h2 class=\"elementor-heading-title elementor-size-default\">F.LI FRATTINI<\/h2>\t\t\t\t<\/div>\n\t\t\t\t<\/div>\n\t\t\t\t\t<\/div>\n\t\t<\/div>\n\t\t\t\t\t<\/div>\n\t\t<\/section>\n\t\t\t\t<section class=\"elementor-section elementor-top-section elementor-element elementor-element-374698a5 elementor-section-boxed elementor-section-height-default elementor-section-height-default\" data-id=\"374698a5\" data-element_type=\"section\" data-e-type=\"section\">\n\t\t\t\t\t\t<div class=\"elementor-container elementor-column-gap-default\">\n\t\t\t\t\t<div class=\"elementor-column elementor-col-50 elementor-top-column elementor-element elementor-element-630e1058\" data-id=\"630e1058\" data-element_type=\"column\" data-e-type=\"column\">\n\t\t\t<div class=\"elementor-widget-wrap elementor-element-populated\">\n\t\t\t\t\t\t<div class=\"elementor-element elementor-element-67c34602 elementor-widget elementor-widget-heading\" data-id=\"67c34602\" data-element_type=\"widget\" data-e-type=\"widget\" data-widget_type=\"heading.default\">\n\t\t\t\t<div class=\"elementor-widget-container\">\n\t\t\t\t\t<h2 class=\"elementor-heading-title elementor-size-default\">KATAL\u00d3GUSOK<\/h2>\t\t\t\t<\/div>\n\t\t\t\t<\/div>\n\t\t\t\t<div class=\"elementor-element elementor-element-29283853 elementor-align-center elementor-widget elementor-widget-button\" data-id=\"29283853\" data-element_type=\"widget\" data-e-type=\"widget\" data-widget_type=\"button.default\">\n\t\t\t\t<div class=\"elementor-widget-container\">\n\t\t\t\t\t\t\t\t\t<div class=\"elementor-button-wrapper\">\n\t\t\t\t\t<a class=\"elementor-button elementor-button-link elementor-size-sm\" href=\"https:\/\/sani-world.com\/wp-content\/uploads\/2022\/04\/202202_ARCHIBOOK-F.lli-Frattini-1.pdf\">\n\t\t\t\t\t\t<span class=\"elementor-button-content-wrapper\">\n\t\t\t\t\t\t\t\t\t<span class=\"elementor-button-text\">f.li frattini-archibook<\/span>\n\t\t\t\t\t<\/span>\n\t\t\t\t\t<\/a>\n\t\t\t\t<\/div>\n\t\t\t\t\t\t\t\t<\/div>\n\t\t\t\t<\/div>\n\t\t\t\t\t<\/div>\n\t\t<\/div>\n\t\t\t\t<div class=\"elementor-column elementor-col-50 elementor-top-column elementor-element elementor-element-6d30aa48\" data-id=\"6d30aa48\" data-element_type=\"column\" data-e-type=\"column\">\n\t\t\t<div class=\"elementor-widget-wrap elementor-element-populated\">\n\t\t\t\t\t\t<div class=\"elementor-element elementor-element-7e4130ab elementor--h-position-center elementor--v-position-middle elementor-arrows-position-inside elementor-pagination-position-inside elementor-widget elementor-widget-slides\" data-id=\"7e4130ab\" data-element_type=\"widget\" data-e-type=\"widget\" data-settings=\"{&quot;navigation&quot;:&quot;both&quot;,&quot;autoplay&quot;:&quot;yes&quot;,&quot;pause_on_hover&quot;:&quot;yes&quot;,&quot;pause_on_interaction&quot;:&quot;yes&quot;,&quot;autoplay_speed&quot;:5000,&quot;infinite&quot;:&quot;yes&quot;,&quot;transition&quot;:&quot;slide&quot;,&quot;transition_speed&quot;:500}\" data-widget_type=\"slides.default\">\n\t\t\t\t<div class=\"elementor-widget-container\">\n\t\t\t\t\t\t\t<div class=\"elementor-swiper\">\n\t\t\t<div class=\"elementor-slides-wrapper elementor-main-swiper swiper-container\" dir=\"ltr\" data-animation=\"fadeInUp\">\n\t\t\t\t<div class=\"swiper-wrapper elementor-slides\">\n\t\t\t\t\t\t\t\t\t\t<div class=\"elementor-repeater-item-f37d94d swiper-slide\"><div class=\"swiper-slide-bg\" role=\"img\"><\/div><div class=\"swiper-slide-inner\" ><div class=\"swiper-slide-contents\"><\/div><\/div><\/div><div class=\"elementor-repeater-item-841d7b2 swiper-slide\"><div class=\"swiper-slide-bg\" role=\"img\"><\/div><div class=\"swiper-slide-inner\" ><div class=\"swiper-slide-contents\"><\/div><\/div><\/div><div class=\"elementor-repeater-item-0a83f4a swiper-slide\"><div class=\"swiper-slide-bg\" role=\"img\"><\/div><div class=\"swiper-slide-inner\" ><div class=\"swiper-slide-contents\"><\/div><\/div><\/div><div class=\"elementor-repeater-item-cc799c4 swiper-slide\"><div class=\"swiper-slide-bg\" role=\"img\"><\/div><div class=\"swiper-slide-inner\" ><div class=\"swiper-slide-contents\"><\/div><\/div><\/div>\t\t\t\t<\/div>\n\t\t\t\t\t\t\t\t\t\t\t\t\t\t\t<div class=\"swiper-pagination\"><\/div>\n\t\t\t\t\t\t\t\t\t\t\t\t\t\t\t\t<div class=\"elementor-swiper-button elementor-swiper-button-prev\" role=\"button\" tabindex=\"0\">\n\t\t\t\t\t\t\t<i aria-hidden=\"true\" class=\"eicon-chevron-left\"><\/i>\t\t\t\t\t\t\t<span class=\"elementor-screen-only\">Previous slide<\/span>\n\t\t\t\t\t\t<\/div>\n\t\t\t\t\t\t<div class=\"elementor-swiper-button elementor-swiper-button-next\" role=\"button\" tabindex=\"0\">\n\t\t\t\t\t\t\t<i aria-hidden=\"true\" class=\"eicon-chevron-right\"><\/i>\t\t\t\t\t\t\t<span class=\"elementor-screen-only\">Next slide<\/span>\n\t\t\t\t\t\t<\/div>\n\t\t\t\t\t\t\t\t\t\t\t\t<\/div>\n\t\t<\/div>\n\t\t\t\t\t\t<\/div>\n\t\t\t\t<\/div>\n\t\t\t\t\t<\/div>\n\t\t<\/div>\n\t\t\t\t\t<\/div>\n\t\t<\/section>\n\t\t\t\t<section class=\"elementor-section elementor-top-section elementor-element elementor-element-44b6229 elementor-section-content-middle elementor-section-boxed elementor-section-height-default elementor-section-height-default\" data-id=\"44b6229\" data-element_type=\"section\" data-e-type=\"section\" data-settings=\"{&quot;background_background&quot;:&quot;classic&quot;}\">\n\t\t\t\t\t\t<div class=\"elementor-container elementor-column-gap-no\">\n\t\t\t\t\t<div class=\"elementor-column elementor-col-50 elementor-top-column elementor-element elementor-element-557218d3 elementor-hidden-mobile\" data-id=\"557218d3\" data-element_type=\"column\" data-e-type=\"column\" data-settings=\"{&quot;background_background&quot;:&quot;classic&quot;}\">\n\t\t\t<div class=\"elementor-widget-wrap elementor-element-populated\">\n\t\t\t\t\t\t<div class=\"elementor-element elementor-element-b4da3c6 elementor-widget elementor-widget-image\" data-id=\"b4da3c6\" data-element_type=\"widget\" data-e-type=\"widget\" data-widget_type=\"image.default\">\n\t\t\t\t<div class=\"elementor-widget-container\">\n\t\t\t\t\t\t\t\t\t\t\t\t\t\t\t<img decoding=\"async\" width=\"1000\" height=\"707\" src=\"https:\/\/sani-world.com\/wp-content\/uploads\/2022\/04\/20220302_f.llifrattini.jpg\" class=\"attachment-full size-full wp-image-1637\" alt=\"\" srcset=\"https:\/\/sani-world.com\/wp-content\/uploads\/2022\/04\/20220302_f.llifrattini.jpg 1000w, https:\/\/sani-world.com\/wp-content\/uploads\/2022\/04\/20220302_f.llifrattini-300x212.jpg 300w, https:\/\/sani-world.com\/wp-content\/uploads\/2022\/04\/20220302_f.llifrattini-768x543.jpg 768w, https:\/\/sani-world.com\/wp-content\/uploads\/2022\/04\/20220302_f.llifrattini-600x424.jpg 600w\" sizes=\"(max-width: 1000px) 100vw, 1000px\" \/>\t\t\t\t\t\t\t\t\t\t\t\t\t\t\t<\/div>\n\t\t\t\t<\/div>\n\t\t\t\t<div class=\"elementor-element elementor-element-588f993b elementor-button-info elementor-align-center elementor-widget elementor-widget-button\" data-id=\"588f993b\" data-element_type=\"widget\" data-e-type=\"widget\" data-widget_type=\"button.default\">\n\t\t\t\t<div class=\"elementor-widget-container\">\n\t\t\t\t\t\t\t\t\t<div class=\"elementor-button-wrapper\">\n\t\t\t\t\t<a class=\"elementor-button elementor-button-link elementor-size-xs\" href=\"https:\/\/www.kreoo.com\/it\/\">\n\t\t\t\t\t\t<span class=\"elementor-button-content-wrapper\">\n\t\t\t\t\t\t\t\t\t<span class=\"elementor-button-text\">Weboldal<\/span>\n\t\t\t\t\t<\/span>\n\t\t\t\t\t<\/a>\n\t\t\t\t<\/div>\n\t\t\t\t\t\t\t\t<\/div>\n\t\t\t\t<\/div>\n\t\t\t\t\t<\/div>\n\t\t<\/div>\n\t\t\t\t<div class=\"elementor-column elementor-col-50 elementor-top-column elementor-element elementor-element-28931b9\" data-id=\"28931b9\" data-element_type=\"column\" data-e-type=\"column\" data-settings=\"{&quot;background_background&quot;:&quot;classic&quot;}\">\n\t\t\t<div class=\"elementor-widget-wrap elementor-element-populated\">\n\t\t\t\t\t\t<div class=\"elementor-element elementor-element-b1164fd elementor-widget elementor-widget-heading\" data-id=\"b1164fd\" data-element_type=\"widget\" data-e-type=\"widget\" data-widget_type=\"heading.default\">\n\t\t\t\t<div class=\"elementor-widget-container\">\n\t\t\t\t\t<h4 class=\"elementor-heading-title elementor-size-default\">\u00c1RAJ\u00c1NLATOT K\u00c9REK<\/h4>\t\t\t\t<\/div>\n\t\t\t\t<\/div>\n\t\t\t\t<div class=\"elementor-element elementor-element-85919e3 elementor-button-align-stretch elementor-widget elementor-widget-form\" data-id=\"85919e3\" data-element_type=\"widget\" data-e-type=\"widget\" data-settings=\"{&quot;step_next_label&quot;:&quot;K\\u00f6vetkez\\u0151&quot;,&quot;step_previous_label&quot;:&quot;El\\u0151z\\u0151&quot;,&quot;button_width&quot;:&quot;100&quot;,&quot;step_type&quot;:&quot;number_text&quot;,&quot;step_icon_shape&quot;:&quot;circle&quot;}\" data-widget_type=\"form.default\">\n\t\t\t\t<div class=\"elementor-widget-container\">\n\t\t\t\t\t\t\t<form class=\"elementor-form\" method=\"post\" name=\"New Form\">\n\t\t\t<input type=\"hidden\" name=\"post_id\" value=\"1297\"\/>\n\t\t\t<input type=\"hidden\" name=\"form_id\" value=\"85919e3\"\/>\n\t\t\t<input type=\"hidden\" name=\"referer_title\" value=\"\" \/>\n\n\t\t\t\n\t\t\t<div class=\"elementor-form-fields-wrapper elementor-labels-above\">\n\t\t\t\t\t\t\t\t<div class=\"elementor-field-type-text elementor-field-group elementor-column elementor-field-group-name elementor-col-100 elementor-field-required\">\n\t\t\t\t\t\t\t\t\t\t\t\t<label for=\"form-field-name\" class=\"elementor-field-label\">\n\t\t\t\t\t\t\t\tN\u00c9V\t\t\t\t\t\t\t<\/label>\n\t\t\t\t\t\t\t\t\t\t\t\t\t\t<input size=\"1\" type=\"text\" name=\"form_fields[name]\" id=\"form-field-name\" class=\"elementor-field elementor-size-xs  elementor-field-textual\" required=\"required\" aria-required=\"true\">\n\t\t\t\t\t\t\t\t\t\t\t<\/div>\n\t\t\t\t\t\t\t\t<div class=\"elementor-field-type-text elementor-field-group elementor-column elementor-field-group-field_2c399dc elementor-col-100\">\n\t\t\t\t\t\t\t\t\t\t\t\t<label for=\"form-field-field_2c399dc\" class=\"elementor-field-label\">\n\t\t\t\t\t\t\t\tC\u00c9GN\u00c9V\t\t\t\t\t\t\t<\/label>\n\t\t\t\t\t\t\t\t\t\t\t\t\t\t<input size=\"1\" type=\"text\" name=\"form_fields[field_2c399dc]\" id=\"form-field-field_2c399dc\" class=\"elementor-field elementor-size-xs  elementor-field-textual\">\n\t\t\t\t\t\t\t\t\t\t\t<\/div>\n\t\t\t\t\t\t\t\t<div class=\"elementor-field-type-email elementor-field-group elementor-column elementor-field-group-email elementor-col-100 elementor-field-required\">\n\t\t\t\t\t\t\t\t\t\t\t\t<label for=\"form-field-email\" class=\"elementor-field-label\">\n\t\t\t\t\t\t\t\tEMAIL\t\t\t\t\t\t\t<\/label>\n\t\t\t\t\t\t\t\t\t\t\t\t\t\t<input size=\"1\" type=\"email\" name=\"form_fields[email]\" id=\"form-field-email\" class=\"elementor-field elementor-size-xs  elementor-field-textual\" required=\"required\" aria-required=\"true\">\n\t\t\t\t\t\t\t\t\t\t\t<\/div>\n\t\t\t\t\t\t\t\t<div class=\"elementor-field-type-text elementor-field-group elementor-column elementor-field-group-field_4f728e6 elementor-col-100\">\n\t\t\t\t\t\t\t\t\t\t\t\t<label for=\"form-field-field_4f728e6\" class=\"elementor-field-label\">\n\t\t\t\t\t\t\t\t\u00dcZENET\t\t\t\t\t\t\t<\/label>\n\t\t\t\t\t\t\t\t\t\t\t\t\t\t<input size=\"1\" type=\"text\" name=\"form_fields[field_4f728e6]\" id=\"form-field-field_4f728e6\" class=\"elementor-field elementor-size-xs  elementor-field-textual\">\n\t\t\t\t\t\t\t\t\t\t\t<\/div>\n\t\t\t\t\t\t\t\t<div class=\"elementor-field-group elementor-column elementor-field-type-submit elementor-col-100 e-form__buttons\">\n\t\t\t\t\t<button type=\"submit\" class=\"elementor-button elementor-size-sm\">\n\t\t\t\t\t\t<span >\n\t\t\t\t\t\t\t\t\t\t\t\t\t\t\t<span class=\" elementor-button-icon\">\n\t\t\t\t\t\t\t\t\t\t\t\t\t\t\t\t\t\t\t\t\t\t\t\t\t\t<\/span>\n\t\t\t\t\t\t\t\t\t\t\t\t\t\t\t\t\t\t\t\t\t\t<span class=\"elementor-button-text\">Send message <\/span>\n\t\t\t\t\t\t\t\t\t\t\t\t\t<\/span>\n\t\t\t\t\t<\/button>\n\t\t\t\t<\/div>\n\t\t\t<\/div>\n\t\t<\/form>\n\t\t\t\t\t\t<\/div>\n\t\t\t\t<\/div>\n\t\t\t\t\t<\/div>\n\t\t<\/div>\n\t\t\t\t\t<\/div>\n\t\t<\/section>\n\t\t\t\t<\/div>\n\t\t","protected":false},"excerpt":{"rendered":"<p>F.LI FRATTINI KATAL\u00d3GUSOK f.li frattini-archibook El\u0151z\u0151 K\u00f6vetkez\u0151 Weboldal \u00c1RAJ\u00c1NLATOT K\u00c9REK<\/p>\n","protected":false},"author":1,"featured_media":1555,"parent":0,"menu_order":0,"comment_status":"closed","ping_status":"closed","template":"","meta":{"footnotes":""},"class_list":["post-1297","page","type-page","status-publish","has-post-thumbnail","hentry"],"yoast_head":"<!-- This site is optimized with the Yoast SEO plugin v27.4 - https:\/\/yoast.com\/product\/yoast-seo-wordpress\/ -->\n<title>F.lli Frattini<\/title>\n<meta name=\"robots\" content=\"index, follow, max-snippet:-1, max-image-preview:large, max-video-preview:-1\" \/>\n<link rel=\"canonical\" href=\"https:\/\/sani-world.com\/index.php\/frattini\/\" \/>\n<meta property=\"og:locale\" content=\"hu_HU\" \/>\n<meta property=\"og:type\" content=\"article\" \/>\n<meta property=\"og:title\" content=\"F.lli Frattini\" \/>\n<meta property=\"og:description\" content=\"F.LI FRATTINI KATAL\u00d3GUSOK f.li frattini-archibook El\u0151z\u0151 K\u00f6vetkez\u0151 Weboldal \u00c1RAJ\u00c1NLATOT K\u00c9REK\" \/>\n<meta property=\"og:url\" content=\"https:\/\/sani-world.com\/index.php\/frattini\/\" \/>\n<meta property=\"article:modified_time\" content=\"2022-06-27T11:56:28+00:00\" \/>\n<meta property=\"og:image\" content=\"https:\/\/sani-world.com\/wp-content\/uploads\/2022\/04\/img-box-2.jpg\" \/>\n\t<meta property=\"og:image:width\" content=\"800\" \/>\n\t<meta property=\"og:image:height\" content=\"600\" \/>\n\t<meta property=\"og:image:type\" content=\"image\/jpeg\" \/>\n<meta name=\"twitter:card\" content=\"summary_large_image\" \/>\n<meta name=\"twitter:label1\" content=\"Becs\u00fclt olvas\u00e1si id\u0151\" \/>\n\t<meta name=\"twitter:data1\" content=\"1 perc\" \/>\n<script type=\"application\/ld+json\" class=\"yoast-schema-graph\">{\"@context\":\"https:\\\/\\\/schema.org\",\"@graph\":[{\"@type\":\"WebPage\",\"@id\":\"https:\\\/\\\/sani-world.com\\\/index.php\\\/frattini\\\/\",\"url\":\"https:\\\/\\\/sani-world.com\\\/index.php\\\/frattini\\\/\",\"name\":\"F.lli Frattini\",\"isPartOf\":{\"@id\":\"https:\\\/\\\/sani-world.com\\\/#website\"},\"primaryImageOfPage\":{\"@id\":\"https:\\\/\\\/sani-world.com\\\/index.php\\\/frattini\\\/#primaryimage\"},\"image\":{\"@id\":\"https:\\\/\\\/sani-world.com\\\/index.php\\\/frattini\\\/#primaryimage\"},\"thumbnailUrl\":\"https:\\\/\\\/sani-world.com\\\/wp-content\\\/uploads\\\/2022\\\/04\\\/img-box-2.jpg\",\"datePublished\":\"2021-12-03T09:54:56+00:00\",\"dateModified\":\"2022-06-27T11:56:28+00:00\",\"breadcrumb\":{\"@id\":\"https:\\\/\\\/sani-world.com\\\/index.php\\\/frattini\\\/#breadcrumb\"},\"inLanguage\":\"hu\",\"potentialAction\":[{\"@type\":\"ReadAction\",\"target\":[\"https:\\\/\\\/sani-world.com\\\/index.php\\\/frattini\\\/\"]}]},{\"@type\":\"ImageObject\",\"inLanguage\":\"hu\",\"@id\":\"https:\\\/\\\/sani-world.com\\\/index.php\\\/frattini\\\/#primaryimage\",\"url\":\"https:\\\/\\\/sani-world.com\\\/wp-content\\\/uploads\\\/2022\\\/04\\\/img-box-2.jpg\",\"contentUrl\":\"https:\\\/\\\/sani-world.com\\\/wp-content\\\/uploads\\\/2022\\\/04\\\/img-box-2.jpg\",\"width\":800,\"height\":600},{\"@type\":\"BreadcrumbList\",\"@id\":\"https:\\\/\\\/sani-world.com\\\/index.php\\\/frattini\\\/#breadcrumb\",\"itemListElement\":[{\"@type\":\"ListItem\",\"position\":1,\"name\":\"Kezd\u0151lap\",\"item\":\"https:\\\/\\\/sani-world.com\\\/\"},{\"@type\":\"ListItem\",\"position\":2,\"name\":\"F.lli Frattini\"}]},{\"@type\":\"WebSite\",\"@id\":\"https:\\\/\\\/sani-world.com\\\/#website\",\"url\":\"https:\\\/\\\/sani-world.com\\\/\",\"name\":\"\",\"description\":\"\",\"publisher\":{\"@id\":\"https:\\\/\\\/sani-world.com\\\/#organization\"},\"potentialAction\":[{\"@type\":\"SearchAction\",\"target\":{\"@type\":\"EntryPoint\",\"urlTemplate\":\"https:\\\/\\\/sani-world.com\\\/?s={search_term_string}\"},\"query-input\":{\"@type\":\"PropertyValueSpecification\",\"valueRequired\":true,\"valueName\":\"search_term_string\"}}],\"inLanguage\":\"hu\"},{\"@type\":\"Organization\",\"@id\":\"https:\\\/\\\/sani-world.com\\\/#organization\",\"name\":\"sani-world\",\"url\":\"https:\\\/\\\/sani-world.com\\\/\",\"logo\":{\"@type\":\"ImageObject\",\"inLanguage\":\"hu\",\"@id\":\"https:\\\/\\\/sani-world.com\\\/#\\\/schema\\\/logo\\\/image\\\/\",\"url\":\"https:\\\/\\\/sani-world.com\\\/wp-content\\\/uploads\\\/2021\\\/09\\\/cropped-SANIWORLD_logo_black.png\",\"contentUrl\":\"https:\\\/\\\/sani-world.com\\\/wp-content\\\/uploads\\\/2021\\\/09\\\/cropped-SANIWORLD_logo_black.png\",\"width\":250,\"height\":75,\"caption\":\"sani-world\"},\"image\":{\"@id\":\"https:\\\/\\\/sani-world.com\\\/#\\\/schema\\\/logo\\\/image\\\/\"}}]}<\/script>\n<!-- \/ Yoast SEO plugin. -->","yoast_head_json":{"title":"F.lli Frattini","robots":{"index":"index","follow":"follow","max-snippet":"max-snippet:-1","max-image-preview":"max-image-preview:large","max-video-preview":"max-video-preview:-1"},"canonical":"https:\/\/sani-world.com\/index.php\/frattini\/","og_locale":"hu_HU","og_type":"article","og_title":"F.lli Frattini","og_description":"F.LI FRATTINI KATAL\u00d3GUSOK f.li frattini-archibook El\u0151z\u0151 K\u00f6vetkez\u0151 Weboldal \u00c1RAJ\u00c1NLATOT K\u00c9REK","og_url":"https:\/\/sani-world.com\/index.php\/frattini\/","article_modified_time":"2022-06-27T11:56:28+00:00","og_image":[{"width":800,"height":600,"url":"https:\/\/sani-world.com\/wp-content\/uploads\/2022\/04\/img-box-2.jpg","type":"image\/jpeg"}],"twitter_card":"summary_large_image","twitter_misc":{"Becs\u00fclt olvas\u00e1si id\u0151":"1 perc"},"schema":{"@context":"https:\/\/schema.org","@graph":[{"@type":"WebPage","@id":"https:\/\/sani-world.com\/index.php\/frattini\/","url":"https:\/\/sani-world.com\/index.php\/frattini\/","name":"F.lli Frattini","isPartOf":{"@id":"https:\/\/sani-world.com\/#website"},"primaryImageOfPage":{"@id":"https:\/\/sani-world.com\/index.php\/frattini\/#primaryimage"},"image":{"@id":"https:\/\/sani-world.com\/index.php\/frattini\/#primaryimage"},"thumbnailUrl":"https:\/\/sani-world.com\/wp-content\/uploads\/2022\/04\/img-box-2.jpg","datePublished":"2021-12-03T09:54:56+00:00","dateModified":"2022-06-27T11:56:28+00:00","breadcrumb":{"@id":"https:\/\/sani-world.com\/index.php\/frattini\/#breadcrumb"},"inLanguage":"hu","potentialAction":[{"@type":"ReadAction","target":["https:\/\/sani-world.com\/index.php\/frattini\/"]}]},{"@type":"ImageObject","inLanguage":"hu","@id":"https:\/\/sani-world.com\/index.php\/frattini\/#primaryimage","url":"https:\/\/sani-world.com\/wp-content\/uploads\/2022\/04\/img-box-2.jpg","contentUrl":"https:\/\/sani-world.com\/wp-content\/uploads\/2022\/04\/img-box-2.jpg","width":800,"height":600},{"@type":"BreadcrumbList","@id":"https:\/\/sani-world.com\/index.php\/frattini\/#breadcrumb","itemListElement":[{"@type":"ListItem","position":1,"name":"Kezd\u0151lap","item":"https:\/\/sani-world.com\/"},{"@type":"ListItem","position":2,"name":"F.lli Frattini"}]},{"@type":"WebSite","@id":"https:\/\/sani-world.com\/#website","url":"https:\/\/sani-world.com\/","name":"","description":"","publisher":{"@id":"https:\/\/sani-world.com\/#organization"},"potentialAction":[{"@type":"SearchAction","target":{"@type":"EntryPoint","urlTemplate":"https:\/\/sani-world.com\/?s={search_term_string}"},"query-input":{"@type":"PropertyValueSpecification","valueRequired":true,"valueName":"search_term_string"}}],"inLanguage":"hu"},{"@type":"Organization","@id":"https:\/\/sani-world.com\/#organization","name":"sani-world","url":"https:\/\/sani-world.com\/","logo":{"@type":"ImageObject","inLanguage":"hu","@id":"https:\/\/sani-world.com\/#\/schema\/logo\/image\/","url":"https:\/\/sani-world.com\/wp-content\/uploads\/2021\/09\/cropped-SANIWORLD_logo_black.png","contentUrl":"https:\/\/sani-world.com\/wp-content\/uploads\/2021\/09\/cropped-SANIWORLD_logo_black.png","width":250,"height":75,"caption":"sani-world"},"image":{"@id":"https:\/\/sani-world.com\/#\/schema\/logo\/image\/"}}]}},"jetpack_sharing_enabled":true,"_links":{"self":[{"href":"https:\/\/sani-world.com\/index.php\/wp-json\/wp\/v2\/pages\/1297","targetHints":{"allow":["GET"]}}],"collection":[{"href":"https:\/\/sani-world.com\/index.php\/wp-json\/wp\/v2\/pages"}],"about":[{"href":"https:\/\/sani-world.com\/index.php\/wp-json\/wp\/v2\/types\/page"}],"author":[{"embeddable":true,"href":"https:\/\/sani-world.com\/index.php\/wp-json\/wp\/v2\/users\/1"}],"replies":[{"embeddable":true,"href":"https:\/\/sani-world.com\/index.php\/wp-json\/wp\/v2\/comments?post=1297"}],"version-history":[{"count":119,"href":"https:\/\/sani-world.com\/index.php\/wp-json\/wp\/v2\/pages\/1297\/revisions"}],"predecessor-version":[{"id":2074,"href":"https:\/\/sani-world.com\/index.php\/wp-json\/wp\/v2\/pages\/1297\/revisions\/2074"}],"wp:featuredmedia":[{"embeddable":true,"href":"https:\/\/sani-world.com\/index.php\/wp-json\/wp\/v2\/media\/1555"}],"wp:attachment":[{"href":"https:\/\/sani-world.com\/index.php\/wp-json\/wp\/v2\/media?parent=1297"}],"curies":[{"name":"wp","href":"https:\/\/api.w.org\/{rel}","templated":true}]}}